{"id":674867,"date":"2026-02-19T16:22:09","date_gmt":"2026-02-19T15:22:09","guid":{"rendered":"https:\/\/selleetools.com\/?post_type=product&#038;p=674867"},"modified":"2026-04-08T16:35:52","modified_gmt":"2026-04-08T14:35:52","slug":"doniczka-okragla-mika-40-cm-z-wkladem-antracyt","status":"publish","type":"product","link":"https:\/\/selleetools.com\/pl\/product\/doniczka-okragla-mika-40-cm-z-wkladem-antracyt\/","title":{"rendered":"Doniczka okr\u0105g\u0142a Mika 40 cm z wk\u0142adem | Antracyt"},"content":{"rendered":"<p>Doniczka okr\u0105g\u0142a Mika 40 cm. z wk\u0142adem, Antracyt. Doniczka du\u017ca, niska, okr\u0105g\u0142a Mika, w kolorze antracytowym, z do\u0142\u0105czonym wk\u0142adem, o pr\u0105\u017ckowanej fakturze pionowych \u017c\u0142obie\u0144. Doniczka lekko zw\u0119\u017cana ku do\u0142owi. Pi\u0119kny, nowoczesny wz\u00f3r nada wn\u0119trzu elegancji i przyci\u0105gnie wzrok go\u015bci, szczeg\u00f3lnie w po\u0142\u0105czeniu z ro\u015blin\u0105 zielon\u0105. Doniczka Mika jest wytrzyma\u0142a na uszkodzenia. Donica odporna na dzia\u0142anie warunk\u00f3w atmosferycznych: promieniowanie UV, niskie temperatury, mr\u00f3z. Dzi\u0119ki swojej wytrzyma\u0142o\u015bci idealnie nada si\u0119 na zewn\u0105trz m.in. do ogrodu, na taras. Wspaniale wsp\u00f3\u0142gra z nowoczesnymi, ozdobnymi trawami. Do 80% stworzona z recyklingu. Produkt marki Fashion Pots, o pojemno\u015bci wk\u0142adu 13,7 l. Nadaje si\u0119 do recyklingu w 100%. Dane techniczne: Wysoko\u015b\u0107: 42 cm. \u015arednica: 38,5 cm. Pojemno\u015b\u0107: 36 l. Producent: Form-Plastic.<\/p>\n<p>Doniczka okr\u0105g\u0142a Mika 40 cm. z wk\u0142adem, Antracyt. Doniczka du\u017ca, niska, okr\u0105g\u0142a Mika, w kolorze antracytowym, z do\u0142\u0105czonym wk\u0142adem, o pr\u0105\u017ckowanej fakturze pionowych \u017c\u0142obie\u0144. Doniczka lekko zw\u0119\u017cana ku do\u0142owi. Pi\u0119kny, nowoczesny wz\u00f3r nada wn\u0119trzu elegancji i przyci\u0105gnie wzrok go\u015bci, szczeg\u00f3lnie w po\u0142\u0105czeniu z ro\u015blin\u0105 zielon\u0105. Doniczka Mika jest wytrzyma\u0142a na uszkodzenia. Donica odporna na dzia\u0142anie warunk\u00f3w atmosferycznych: promieniowanie UV, niskie temperatury, mr\u00f3z. Dzi\u0119ki swojej wytrzyma\u0142o\u015bci idealnie nada si\u0119 na zewn\u0105trz m.in. do ogrodu, na taras. Wspaniale wsp\u00f3\u0142gra z nowoczesnymi, ozdobnymi trawami. Do 80% stworzona z recyklingu. Produkt marki Fashion Pots, o pojemno\u015bci wk\u0142adu 13,7 l. Nadaje si\u0119 do recyklingu w 100%. Dane techniczne: Wysoko\u015b\u0107: 42 cm. \u015arednica: 38,5 cm. Pojemno\u015b\u0107: 36 l. Producent: Form-Plastic.<\/p>\n","protected":false},"excerpt":{"rendered":"<p>Doniczka okr\u0105g\u0142a Mika 40 cm. z wk\u0142adem, Antracyt. Doniczka du\u017ca, niska, okr\u0105g\u0142a Mika, w kolorze antracytowym, z do\u0142\u0105czonym wk\u0142adem, o pr\u0105\u017ckowanej fakturze pionowych \u017c\u0142obie\u0144. Doniczka lekko zw\u0119\u017cana ku do\u0142owi. Pi\u0119kny, nowoczesny wz\u00f3r nada wn\u0119trzu elegancji i przyci\u0105gnie wzrok go\u015bci, szczeg\u00f3lnie w po\u0142\u0105czeniu z ro\u015blin\u0105 zielon\u0105. Doniczka Mika jest wytrzyma\u0142a na uszkodzenia. Donica odporna na dzia\u0142anie &#8230; <a title=\"Doniczka okr\u0105g\u0142a Mika 40 cm z wk\u0142adem | Antracyt\" class=\"read-more\" href=\"https:\/\/selleetools.com\/pl\/product\/doniczka-okragla-mika-40-cm-z-wkladem-antracyt\/\">Read more<span class=\"screen-reader-text\">Doniczka okr\u0105g\u0142a Mika 40 cm z wk\u0142adem | Antracyt<\/span><\/a><\/p>\n","protected":false},"featured_media":674853,"comment_status":"open","ping_status":"closed","template":"","meta":{"_links_to":"","_links_to_target":""},"yoast_head":"<!-- This site is optimized with the Yoast SEO plugin v19.4 - https:\/\/yoast.com\/wordpress\/plugins\/seo\/ -->\n<title>Doniczka okr\u0105g\u0142a Mika 40 cm z wk\u0142adem | Antracyt - Selleetools.com<\/title>\n<meta name=\"robots\" content=\"index, follow, max-snippet:-1, max-image-preview:large, max-video-preview:-1\" \/>\n<link rel=\"canonical\" href=\"https:\/\/admincentral.selleetools.com\/product\/doniczka-okragla-mika-40-cm-z-wkladem-antracyt\/\" \/>\n<meta property=\"og:locale\" content=\"pl_PL\" \/>\n<meta property=\"og:type\" content=\"article\" \/>\n<meta property=\"og:title\" content=\"Doniczka okr\u0105g\u0142a Mika 40 cm z wk\u0142adem | Antracyt - Selleetools.com\" \/>\n<meta property=\"og:description\" content=\"Doniczka okr\u0105g\u0142a Mika 40 cm. z wk\u0142adem, Antracyt. Doniczka du\u017ca, niska, okr\u0105g\u0142a Mika, w kolorze antracytowym, z do\u0142\u0105czonym wk\u0142adem, o pr\u0105\u017ckowanej fakturze pionowych \u017c\u0142obie\u0144. Doniczka lekko zw\u0119\u017cana ku do\u0142owi. Pi\u0119kny, nowoczesny wz\u00f3r nada wn\u0119trzu elegancji i przyci\u0105gnie wzrok go\u015bci, szczeg\u00f3lnie w po\u0142\u0105czeniu z ro\u015blin\u0105 zielon\u0105. Doniczka Mika jest wytrzyma\u0142a na uszkodzenia. Donica odporna na dzia\u0142anie ... Read moreDoniczka okr\u0105g\u0142a Mika 40 cm z wk\u0142adem | Antracyt\" \/>\n<meta property=\"og:url\" content=\"https:\/\/admincentral.selleetools.com\/product\/doniczka-okragla-mika-40-cm-z-wkladem-antracyt\/\" \/>\n<meta property=\"og:site_name\" content=\"Selleetools.com\" \/>\n<meta property=\"article:modified_time\" content=\"2026-04-08T14:35:52+00:00\" \/>\n<meta property=\"og:image\" content=\"https:\/\/selleetools.com\/wp-content\/uploads\/2026\/02\/0605779035a1f4b4ccd33d14f928b3d6-scaled.jpg\" \/>\n\t<meta property=\"og:image:width\" content=\"1712\" \/>\n\t<meta property=\"og:image:height\" content=\"2560\" \/>\n\t<meta property=\"og:image:type\" content=\"image\/jpeg\" \/>\n<meta name=\"twitter:card\" content=\"summary_large_image\" \/>\n<meta name=\"twitter:label1\" content=\"Est. reading time\" \/>\n\t<meta name=\"twitter:data1\" content=\"1 minuta\" \/>\n<!-- \/ Yoast SEO plugin. -->","yoast_head_json":{"title":"Doniczka okr\u0105g\u0142a Mika 40 cm z wk\u0142adem | Antracyt - Selleetools.com","robots":{"index":"index","follow":"follow","max-snippet":"max-snippet:-1","max-image-preview":"max-image-preview:large","max-video-preview":"max-video-preview:-1"},"canonical":"https:\/\/admincentral.selleetools.com\/product\/doniczka-okragla-mika-40-cm-z-wkladem-antracyt\/","og_locale":"pl_PL","og_type":"article","og_title":"Doniczka okr\u0105g\u0142a Mika 40 cm z wk\u0142adem | Antracyt - Selleetools.com","og_description":"Doniczka okr\u0105g\u0142a Mika 40 cm. z wk\u0142adem, Antracyt. Doniczka du\u017ca, niska, okr\u0105g\u0142a Mika, w kolorze antracytowym, z do\u0142\u0105czonym wk\u0142adem, o pr\u0105\u017ckowanej fakturze pionowych \u017c\u0142obie\u0144. Doniczka lekko zw\u0119\u017cana ku do\u0142owi. Pi\u0119kny, nowoczesny wz\u00f3r nada wn\u0119trzu elegancji i przyci\u0105gnie wzrok go\u015bci, szczeg\u00f3lnie w po\u0142\u0105czeniu z ro\u015blin\u0105 zielon\u0105. Doniczka Mika jest wytrzyma\u0142a na uszkodzenia. Donica odporna na dzia\u0142anie ... Read moreDoniczka okr\u0105g\u0142a Mika 40 cm z wk\u0142adem | Antracyt","og_url":"https:\/\/admincentral.selleetools.com\/product\/doniczka-okragla-mika-40-cm-z-wkladem-antracyt\/","og_site_name":"Selleetools.com","article_modified_time":"2026-04-08T14:35:52+00:00","og_image":[{"width":1712,"height":2560,"url":"https:\/\/selleetools.com\/wp-content\/uploads\/2026\/02\/0605779035a1f4b4ccd33d14f928b3d6-scaled.jpg","type":"image\/jpeg"}],"twitter_card":"summary_large_image","twitter_misc":{"Est. reading time":"1 minuta"},"schema":{"@context":"https:\/\/schema.org","@graph":[{"@type":"Organization","@id":"https:\/\/selleetools.com\/#organization","name":"Selleetools","url":"https:\/\/selleetools.com\/","sameAs":[],"logo":{"@type":"ImageObject","inLanguage":"pl-PL","@id":"https:\/\/selleetools.com\/#\/schema\/logo\/image\/","url":"https:\/\/selleetools.com\/wp-content\/uploads\/2021\/10\/logo-dark.png","contentUrl":"https:\/\/selleetools.com\/wp-content\/uploads\/2021\/10\/logo-dark.png","width":320,"height":76,"caption":"Selleetools"},"image":{"@id":"https:\/\/selleetools.com\/#\/schema\/logo\/image\/"}},{"@type":"WebSite","@id":"https:\/\/selleetools.com\/#website","url":"https:\/\/selleetools.com\/","name":"Selleetools.com","description":"","publisher":{"@id":"https:\/\/selleetools.com\/#organization"},"potentialAction":[{"@type":"SearchAction","target":{"@type":"EntryPoint","urlTemplate":"https:\/\/selleetools.com\/?s={search_term_string}"},"query-input":"required name=search_term_string"}],"inLanguage":"pl-PL"},{"@type":"WebPage","@id":"https:\/\/admincentral.selleetools.com\/product\/doniczka-okragla-mika-40-cm-z-wkladem-antracyt\/","url":"https:\/\/admincentral.selleetools.com\/product\/doniczka-okragla-mika-40-cm-z-wkladem-antracyt\/","name":"Doniczka okr\u0105g\u0142a Mika 40 cm z wk\u0142adem | Antracyt - Selleetools.com","isPartOf":{"@id":"https:\/\/selleetools.com\/#website"},"datePublished":"2026-02-19T15:22:09+00:00","dateModified":"2026-04-08T14:35:52+00:00","breadcrumb":{"@id":"https:\/\/admincentral.selleetools.com\/product\/doniczka-okragla-mika-40-cm-z-wkladem-antracyt\/#breadcrumb"},"inLanguage":"pl-PL","potentialAction":[{"@type":"ReadAction","target":["https:\/\/admincentral.selleetools.com\/product\/doniczka-okragla-mika-40-cm-z-wkladem-antracyt\/"]}]},{"@type":"BreadcrumbList","@id":"https:\/\/admincentral.selleetools.com\/product\/doniczka-okragla-mika-40-cm-z-wkladem-antracyt\/#breadcrumb","itemListElement":[{"@type":"ListItem","position":1,"name":"Home","item":"https:\/\/selleetools.com\/pl\/"},{"@type":"ListItem","position":2,"name":"Katalog","item":"https:\/\/selleetools.com\/pl\/katalog\/"},{"@type":"ListItem","position":3,"name":"Doniczka okr\u0105g\u0142a Mika 40 cm z wk\u0142adem | Antracyt"}]}]}},"_links":{"self":[{"href":"https:\/\/selleetools.com\/pl\/wp-json\/wp\/v2\/product\/674867"}],"collection":[{"href":"https:\/\/selleetools.com\/pl\/wp-json\/wp\/v2\/product"}],"about":[{"href":"https:\/\/selleetools.com\/pl\/wp-json\/wp\/v2\/types\/product"}],"replies":[{"embeddable":true,"href":"https:\/\/selleetools.com\/pl\/wp-json\/wp\/v2\/comments?post=674867"}],"wp:featuredmedia":[{"embeddable":true,"href":"https:\/\/selleetools.com\/pl\/wp-json\/wp\/v2\/media\/674853"}],"wp:attachment":[{"href":"https:\/\/selleetools.com\/pl\/wp-json\/wp\/v2\/media?parent=674867"}],"curies":[{"name":"wp","href":"https:\/\/api.w.org\/{rel}","templated":true}]}}