{"id":674837,"date":"2026-02-19T16:21:53","date_gmt":"2026-02-19T15:21:53","guid":{"rendered":"https:\/\/selleetools.com\/?post_type=product&#038;p=674837"},"modified":"2026-04-08T16:35:52","modified_gmt":"2026-04-08T14:35:52","slug":"doniczka-okragla-tubo-p-beton-effect-240e-z-podstawka-antracyt","status":"publish","type":"product","link":"https:\/\/selleetools.com\/pl\/product\/doniczka-okragla-tubo-p-beton-effect-240e-z-podstawka-antracyt\/","title":{"rendered":"Doniczka okr\u0105g\u0142a Tubo P Beton Effect 240E z podstawk\u0105 | Antracyt"},"content":{"rendered":"<p>Doniczka okr\u0105g\u0142a Tubo P Beton Effect 240E, Antracyt. Okr\u0105g\u0142a, prosta i efektywna doniczka Tubo firmy Prosperplast, w kszta\u0142cie cylindra z faktur\u0105 imituj\u0105c\u0105 efekt betonu, w kolorze antracytowym. Doniczka w zestawie z podstawk\u0105, kt\u00f3r\u0105 mo\u017cna \u0142atwo zdemontowa\u0107, w celu usuni\u0119cia nadmiaru wody. Wykonana z mocnej mieszanki tworzyw sztucznych. Odporna na uszkodzenia mechaniczne, na dzia\u0142anie warunk\u00f3w atmosferycznych oraz zwi\u0105zk\u00f3w chemicznych zawartych w nawozach. Idealna na zewn\u0105trz jak i do \u015brodka. Nowoczesno\u015b\u0107 wykonania doda akcentu wielu aran\u017cacjom i pi\u0119knie wyeksponuje posadzone ro\u015bliny. Dzi\u0119ki minimalistyczno\u015bci doniczki i jej uniwersalno\u015bci mo\u017cna j\u0105 umie\u015bci\u0107 w ka\u017cdym pomieszczeniu w domu lub na tarasie. \u0141atwa w czyszczeniu &#8211; wystarczy przetrze\u0107 wilgotn\u0105 szmatk\u0105.<br \/>\nDane techniczne:<br \/>\nWysoko\u015b\u0107: 23,1 cm<br \/>\n\u015arednica: 23,9 cm<br \/>\nPojemno\u015b\u0107: 8 l<br \/>\nWaga: 0,576 kg<br \/>\nProducent: Prosperplast<\/p>\n<p>Doniczka okr\u0105g\u0142a Tubo P Beton Effect 240E, Antracyt. Okr\u0105g\u0142a, prosta i efektywna doniczka Tubo firmy Prosperplast, w kszta\u0142cie cylindra z faktur\u0105 imituj\u0105c\u0105 efekt betonu, w kolorze antracytowym. Doniczka w zestawie z podstawk\u0105, kt\u00f3r\u0105 mo\u017cna \u0142atwo zdemontowa\u0107, w celu usuni\u0119cia nadmiaru wody. Wykonana z mocnej mieszanki tworzyw sztucznych. Odporna na uszkodzenia mechaniczne, na dzia\u0142anie warunk\u00f3w atmosferycznych oraz zwi\u0105zk\u00f3w chemicznych zawartych w nawozach. Idealna na zewn\u0105trz jak i do \u015brodka. Nowoczesno\u015b\u0107 wykonania doda akcentu wielu aran\u017cacjom i pi\u0119knie wyeksponuje posadzone ro\u015bliny. Dzi\u0119ki minimalistyczno\u015bci doniczki i jej uniwersalno\u015bci mo\u017cna j\u0105 umie\u015bci\u0107 w ka\u017cdym pomieszczeniu w domu lub na tarasie. \u0141atwa w czyszczeniu &#8211; wystarczy przetrze\u0107 wilgotn\u0105 szmatk\u0105.<br \/>\nDane techniczne:<br \/>\nWysoko\u015b\u0107: 23,1 cm<br \/>\n\u015arednica: 23,9 cm<br \/>\nPojemno\u015b\u0107: 8 l<br \/>\nWaga: 0,576 kg<br \/>\nProducent: Prosperplast<\/p>\n<p>Doniczka okr\u0105g\u0142a Tubo P Beton Effect 240E, Antracyt. Okr\u0105g\u0142a, prosta doniczka Tubo z podstawk\u0105, w kszta\u0142cie cylindra, z faktur\u0105 imituj\u0105c\u0105 efekt betonu.<br \/>\nParametry:<br \/>\nWysoko\u015b\u0107: 23,1 cm<br \/>\n\u015arednica: 23,9 cm<br \/>\nPojemno\u015b\u0107: 8 l<br \/>\nWaga: 0,576kg<br \/>\nProducent: Prosperplast<\/p>\n","protected":false},"excerpt":{"rendered":"<p>Doniczka okr\u0105g\u0142a Tubo P Beton Effect 240E, Antracyt. Okr\u0105g\u0142a, prosta i efektywna doniczka Tubo firmy Prosperplast, w kszta\u0142cie cylindra z faktur\u0105 imituj\u0105c\u0105 efekt betonu, w kolorze antracytowym. Doniczka w zestawie z podstawk\u0105, kt\u00f3r\u0105 mo\u017cna \u0142atwo zdemontowa\u0107, w celu usuni\u0119cia nadmiaru wody. Wykonana z mocnej mieszanki tworzyw sztucznych. Odporna na uszkodzenia mechaniczne, na dzia\u0142anie warunk\u00f3w atmosferycznych &#8230; <a title=\"Doniczka okr\u0105g\u0142a Tubo P Beton Effect 240E z podstawk\u0105 | Antracyt\" class=\"read-more\" href=\"https:\/\/selleetools.com\/pl\/product\/doniczka-okragla-tubo-p-beton-effect-240e-z-podstawka-antracyt\/\">Read more<span class=\"screen-reader-text\">Doniczka okr\u0105g\u0142a Tubo P Beton Effect 240E z podstawk\u0105 | Antracyt<\/span><\/a><\/p>\n","protected":false},"featured_media":674831,"comment_status":"open","ping_status":"closed","template":"","meta":{"_links_to":"","_links_to_target":""},"yoast_head":"<!-- This site is optimized with the Yoast SEO plugin v19.4 - https:\/\/yoast.com\/wordpress\/plugins\/seo\/ -->\n<title>Doniczka okr\u0105g\u0142a Tubo P Beton Effect 240E z podstawk\u0105 | Antracyt - Selleetools.com<\/title>\n<meta name=\"robots\" content=\"index, follow, max-snippet:-1, max-image-preview:large, max-video-preview:-1\" \/>\n<link rel=\"canonical\" href=\"https:\/\/selleetools.com\/pl\/product\/doniczka-okragla-tubo-p-beton-effect-240e-z-podstawka-antracyt\/\" \/>\n<meta property=\"og:locale\" content=\"pl_PL\" \/>\n<meta property=\"og:type\" content=\"article\" \/>\n<meta property=\"og:title\" content=\"Doniczka okr\u0105g\u0142a Tubo P Beton Effect 240E z podstawk\u0105 | Antracyt - Selleetools.com\" \/>\n<meta property=\"og:description\" content=\"Doniczka okr\u0105g\u0142a Tubo P Beton Effect 240E, Antracyt. Okr\u0105g\u0142a, prosta i efektywna doniczka Tubo firmy Prosperplast, w kszta\u0142cie cylindra z faktur\u0105 imituj\u0105c\u0105 efekt betonu, w kolorze antracytowym. Doniczka w zestawie z podstawk\u0105, kt\u00f3r\u0105 mo\u017cna \u0142atwo zdemontowa\u0107, w celu usuni\u0119cia nadmiaru wody. Wykonana z mocnej mieszanki tworzyw sztucznych. Odporna na uszkodzenia mechaniczne, na dzia\u0142anie warunk\u00f3w atmosferycznych ... Read moreDoniczka okr\u0105g\u0142a Tubo P Beton Effect 240E z podstawk\u0105 | Antracyt\" \/>\n<meta property=\"og:url\" content=\"https:\/\/selleetools.com\/pl\/product\/doniczka-okragla-tubo-p-beton-effect-240e-z-podstawka-antracyt\/\" \/>\n<meta property=\"og:site_name\" content=\"Selleetools.com\" \/>\n<meta property=\"article:modified_time\" content=\"2026-04-08T14:35:52+00:00\" \/>\n<meta property=\"og:image\" content=\"https:\/\/selleetools.com\/wp-content\/uploads\/2026\/02\/95f12be119f1b03dc65305ff2a09516c.jpg\" \/>\n\t<meta property=\"og:image:width\" content=\"825\" \/>\n\t<meta property=\"og:image:height\" content=\"1000\" \/>\n\t<meta property=\"og:image:type\" content=\"image\/jpeg\" \/>\n<meta name=\"twitter:card\" content=\"summary_large_image\" \/>\n<meta name=\"twitter:label1\" content=\"Est. reading time\" \/>\n\t<meta name=\"twitter:data1\" content=\"2 minuty\" \/>\n<!-- \/ Yoast SEO plugin. -->","yoast_head_json":{"title":"Doniczka okr\u0105g\u0142a Tubo P Beton Effect 240E z podstawk\u0105 | Antracyt - Selleetools.com","robots":{"index":"index","follow":"follow","max-snippet":"max-snippet:-1","max-image-preview":"max-image-preview:large","max-video-preview":"max-video-preview:-1"},"canonical":"https:\/\/selleetools.com\/pl\/product\/doniczka-okragla-tubo-p-beton-effect-240e-z-podstawka-antracyt\/","og_locale":"pl_PL","og_type":"article","og_title":"Doniczka okr\u0105g\u0142a Tubo P Beton Effect 240E z podstawk\u0105 | Antracyt - Selleetools.com","og_description":"Doniczka okr\u0105g\u0142a Tubo P Beton Effect 240E, Antracyt. Okr\u0105g\u0142a, prosta i efektywna doniczka Tubo firmy Prosperplast, w kszta\u0142cie cylindra z faktur\u0105 imituj\u0105c\u0105 efekt betonu, w kolorze antracytowym. Doniczka w zestawie z podstawk\u0105, kt\u00f3r\u0105 mo\u017cna \u0142atwo zdemontowa\u0107, w celu usuni\u0119cia nadmiaru wody. Wykonana z mocnej mieszanki tworzyw sztucznych. Odporna na uszkodzenia mechaniczne, na dzia\u0142anie warunk\u00f3w atmosferycznych ... Read moreDoniczka okr\u0105g\u0142a Tubo P Beton Effect 240E z podstawk\u0105 | Antracyt","og_url":"https:\/\/selleetools.com\/pl\/product\/doniczka-okragla-tubo-p-beton-effect-240e-z-podstawka-antracyt\/","og_site_name":"Selleetools.com","article_modified_time":"2026-04-08T14:35:52+00:00","og_image":[{"width":825,"height":1000,"url":"https:\/\/selleetools.com\/wp-content\/uploads\/2026\/02\/95f12be119f1b03dc65305ff2a09516c.jpg","type":"image\/jpeg"}],"twitter_card":"summary_large_image","twitter_misc":{"Est. reading time":"2 minuty"},"schema":{"@context":"https:\/\/schema.org","@graph":[{"@type":"Organization","@id":"https:\/\/selleetools.com\/#organization","name":"Selleetools","url":"https:\/\/selleetools.com\/","sameAs":[],"logo":{"@type":"ImageObject","inLanguage":"pl-PL","@id":"https:\/\/selleetools.com\/#\/schema\/logo\/image\/","url":"https:\/\/selleetools.com\/wp-content\/uploads\/2021\/10\/logo-dark.png","contentUrl":"https:\/\/selleetools.com\/wp-content\/uploads\/2021\/10\/logo-dark.png","width":320,"height":76,"caption":"Selleetools"},"image":{"@id":"https:\/\/selleetools.com\/#\/schema\/logo\/image\/"}},{"@type":"WebSite","@id":"https:\/\/selleetools.com\/#website","url":"https:\/\/selleetools.com\/","name":"Selleetools.com","description":"","publisher":{"@id":"https:\/\/selleetools.com\/#organization"},"potentialAction":[{"@type":"SearchAction","target":{"@type":"EntryPoint","urlTemplate":"https:\/\/selleetools.com\/?s={search_term_string}"},"query-input":"required name=search_term_string"}],"inLanguage":"pl-PL"},{"@type":"WebPage","@id":"https:\/\/selleetools.com\/pl\/product\/doniczka-okragla-tubo-p-beton-effect-240e-z-podstawka-antracyt\/","url":"https:\/\/selleetools.com\/pl\/product\/doniczka-okragla-tubo-p-beton-effect-240e-z-podstawka-antracyt\/","name":"Doniczka okr\u0105g\u0142a Tubo P Beton Effect 240E z podstawk\u0105 | Antracyt - Selleetools.com","isPartOf":{"@id":"https:\/\/selleetools.com\/#website"},"datePublished":"2026-02-19T15:21:53+00:00","dateModified":"2026-04-08T14:35:52+00:00","breadcrumb":{"@id":"https:\/\/selleetools.com\/pl\/product\/doniczka-okragla-tubo-p-beton-effect-240e-z-podstawka-antracyt\/#breadcrumb"},"inLanguage":"pl-PL","potentialAction":[{"@type":"ReadAction","target":["https:\/\/selleetools.com\/pl\/product\/doniczka-okragla-tubo-p-beton-effect-240e-z-podstawka-antracyt\/"]}]},{"@type":"BreadcrumbList","@id":"https:\/\/selleetools.com\/pl\/product\/doniczka-okragla-tubo-p-beton-effect-240e-z-podstawka-antracyt\/#breadcrumb","itemListElement":[{"@type":"ListItem","position":1,"name":"Home","item":"https:\/\/selleetools.com\/pl\/"},{"@type":"ListItem","position":2,"name":"Katalog","item":"https:\/\/selleetools.com\/pl\/katalog\/"},{"@type":"ListItem","position":3,"name":"Doniczka okr\u0105g\u0142a Tubo P Beton Effect 240E z podstawk\u0105 | Antracyt"}]}]}},"_links":{"self":[{"href":"https:\/\/selleetools.com\/pl\/wp-json\/wp\/v2\/product\/674837"}],"collection":[{"href":"https:\/\/selleetools.com\/pl\/wp-json\/wp\/v2\/product"}],"about":[{"href":"https:\/\/selleetools.com\/pl\/wp-json\/wp\/v2\/types\/product"}],"replies":[{"embeddable":true,"href":"https:\/\/selleetools.com\/pl\/wp-json\/wp\/v2\/comments?post=674837"}],"wp:featuredmedia":[{"embeddable":true,"href":"https:\/\/selleetools.com\/pl\/wp-json\/wp\/v2\/media\/674831"}],"wp:attachment":[{"href":"https:\/\/selleetools.com\/pl\/wp-json\/wp\/v2\/media?parent=674837"}],"curies":[{"name":"wp","href":"https:\/\/api.w.org\/{rel}","templated":true}]}}