{"id":674748,"date":"2026-02-19T16:20:38","date_gmt":"2026-02-19T15:20:38","guid":{"rendered":"https:\/\/selleetools.com\/?post_type=product&#038;p=674748"},"modified":"2026-04-08T16:35:52","modified_gmt":"2026-04-08T14:35:52","slug":"doniczka-okragla-keli-mika-30-na-nozce-bialy","status":"publish","type":"product","link":"https:\/\/selleetools.com\/pl\/product\/doniczka-okragla-keli-mika-30-na-nozce-bialy\/","title":{"rendered":"Doniczka okr\u0105g\u0142a Keli Mika 30 na n\u00f3\u017cce | Bia\u0142y"},"content":{"rendered":"<section class=\"section\">\n<div class=\"item item-6\">\n<section class=\"text-item\">\n<h1>Doniczka okr\u0105g\u0142a Keli Mika 30 na n\u00f3\u017cce &#8211; Bia\u0142y<\/h1>\n<p><b>Okr\u0105g\u0142a donica na n\u00f3\u017cce\u00a0<\/b>pozwoli Ci na stworzenie spektakularnego kwietnika. Dzi\u0119ki zastosowaniu wysokiej jako\u015bci tworzywa sztucznego sprawdzi si\u0119 nie tylko wewn\u0105trz domu, ale tak\u017ce na zewn\u0105trz \u2013 w ogrodzie lub na balkonie.\u00a0<\/p>\n<p>\u00a0<\/p>\n<p><b>\u2794 Postaw na doniczk\u0119 na n\u00f3\u017cce i o\u017cyw swoj\u0105 przestrze\u0144 efektownymi ro\u015blinami!<\/b><\/p>\n<\/p>\n<\/section><\/div>\n<div class=\"item item-6\">\n<section class=\"image-item\">\n            <img src=\"https:\/\/upload.cdn.baselinker.com\/products\/3028621\/1cf5ecb5581de97b9be1d0e8088a3375.jpg\" \/><br \/>\n        <\/section>\n<\/p><\/div>\n<\/section>\n<section class=\"section\">\n<div class=\"item item-6\">\n<section class=\"text-item\">\n<p><b>Specyfikacja<\/b>:<\/p>\n<ul>\n<li>\u015arednica:\u00a0<b>29 cm<\/b><\/li>\n<li>Wysoko\u015b\u0107:\u00a0<b>43 cm<\/b><\/li>\n<li>Pojemno\u015b\u0107 donicy:\u00a0<b>18,7 l<\/b><\/li>\n<li>Pojemno\u015b\u0107 wk\u0142adu:<b>\u00a05,5 l<\/b><\/li>\n<li>Materia\u0142:\u00a0<b>tworzywo sztuczne<\/b><\/li>\n<li>Kolor: <b>bia\u0142y<\/b><\/li>\n<li>Informacje dodatkowe:<b>\u00a0nie posiada otwor\u00f3w w dnie \/ nie posiada podstawki<\/b><\/li>\n<\/ul>\n<\/section><\/div>\n<div class=\"item item-6\">\n<section class=\"image-item\">\n            <img src=\"https:\/\/upload.cdn.baselinker.com\/products\/3028621\/0af99bc3b683d85adcf3b36b12aba3f4.jpg\" \/><br \/>\n        <\/section>\n<\/p><\/div>\n<\/section>\n<section class=\"section\">\n<div class=\"item item-6\">\n<section class=\"text-item\">\n<p><b>Doniczka posiada dodatkowo wk\u0142ad o pojemno\u015bci 5,5 l<\/b><\/p>\n<p>Wk\u0142ad wyposa\u017cony w\u00a0<b>uchwyty<\/b>, dzi\u0119ki kt\u00f3rym \u0142atwo wyci\u0105gniesz go z doniczki.<\/p>\n<\/p>\n<\/section><\/div>\n<div class=\"item item-6\">\n<section class=\"image-item\">\n            <img src=\"https:\/\/upload.cdn.baselinker.com\/products\/3028621\/2b8aca8246566e8524e245d77712abd6.jpg\" \/><br \/>\n        <\/section>\n<\/p><\/div>\n<\/section>\n<section class=\"section\">\n<div class=\"item item-6\">\n<section class=\"text-item\">\n<p><b>Doniczka na n\u00f3\u017cce \u2013 najwa\u017cniejsze cechy:<\/b><\/p>\n<p><b>\u00a0<\/b><\/p>\n<p>\u27a1\ufe0f Atrakcyjny design i neutralna kolorystyka sprawiaj\u0105, \u017ce doniczka\u00a0<b>sprawdzi si\u0119 w ka\u017cdym miejscu<\/b>\u00a0(bez wzgl\u0119du na styl aran\u017cacji).<\/p>\n<p>\u00a0<\/p>\n<p>\u27a1\ufe0f Zastosowanie materia\u0142\u00f3w najwy\u017cszej jako\u015bci przek\u0142ada si\u0119 na\u00a0<b>wytrzyma\u0142o\u015b\u0107, trwa\u0142o\u015b\u0107 i \u017cywotno\u015b\u0107<\/b>.<\/p>\n<p>\u00a0<\/p>\n<p>\u27a1\ufe0f Dzi\u0119ki optymalnej wysoko\u015bci (43 cm z n\u00f3\u017ck\u0105) wspaniale\u00a0<b>eksponuje zasadzone w niej ro\u015bliny<\/b>.<\/p>\n<\/p>\n<\/section><\/div>\n<div class=\"item item-6\">\n<section class=\"image-item\">\n            <img src=\"https:\/\/upload.cdn.baselinker.com\/products\/3028621\/340d33e331a2daf4a70f5a1cc5c494d9.jpg\" \/><br \/>\n        <\/section>\n<\/p><\/div>\n<\/section>\n<section class=\"section\">\n<div class=\"item item-6\">\n<section class=\"text-item\">\n<p><b>Idealnie sprawdza si\u0119 jako ozdoba:<\/b><\/p>\n<ul>\n<li>domu,<\/li>\n<li>tarasu,<\/li>\n<li>balkonu,<\/li>\n<li>altany,<\/li>\n<li>ogrodu,<\/li>\n<\/ul>\n<\/section><\/div>\n<div class=\"item item-6\">\n<section class=\"image-item\">\n            <img src=\"https:\/\/upload.cdn.baselinker.com\/products\/3028621\/d0b5be57b7ac703d23a92b7acd3adfb5.jpg\" \/><br \/>\n        <\/section>\n<\/p><\/div>\n<\/section>\n<section class=\"section\">\n<div class=\"item item-6\">\n<section class=\"text-item\">\n<p><b>Idealnie sprawdza si\u0119 jako ozdoba:<\/b><\/p>\n<ul>\n<li>domu,<\/li>\n<li>tarasu,<\/li>\n<li>balkonu,<\/li>\n<li>altany,<\/li>\n<li>ogrodu,<\/li>\n<\/ul>\n<\/section><\/div>\n<div class=\"item item-6\">\n<section class=\"image-item\">\n            <img src=\"https:\/\/upload.cdn.baselinker.com\/products\/3028621\/92899872c1eaac2a49f871e72193bd1e.jpg\" \/><br \/>\n        <\/section>\n<\/p><\/div>\n<\/section>\n<section class=\"section\">\n<div class=\"item item-6\">\n<section class=\"text-item\">\n<p><b>Zastanawiasz si\u0119, jakie ro\u015bliny warto zasadzi\u0107 w wysokiej doniczce? Oto kilka inspiracji:<\/b><\/p>\n<p><b>\u00a0<\/b><\/p>\n<p>\u2705 Sukulenty<\/p>\n<p>\u2705 Monstery<\/p>\n<p>\u2705 Storczyki<\/p>\n<p>\u2705 Paprocie<\/p>\n<p>\u2705 Zio\u0142a (np. bazylia, mi\u0119ta)<\/p>\n<p>\u2705 Bratki<\/p>\n<p>\u2705 Aksamitki<\/p>\n<p>\u2705 Lawenda<\/p>\n<p>\u2705 Nemezje<\/p>\n<\/p>\n<\/section><\/div>\n<div class=\"item item-6\">\n<section class=\"image-item\">\n            <img src=\"https:\/\/upload.cdn.baselinker.com\/products\/3028621\/2905f263cc81a00e9112f66c21074e80.jpg\" \/><br \/>\n        <\/section>\n<\/p><\/div>\n<\/section>\n<p>Doniczka okr\u0105g\u0142a Keli Mika 30, Bia\u0142y. Du\u017ca, okr\u0105g\u0142a doniczka o pr\u0105\u017ckowanej fakturze pionowych \u017c\u0142obie\u0144, z poszerzan\u0105 ku do\u0142owi, g\u0142adk\u0105 n\u00f3\u017ck\u0105. Doniczka w kolorze bia\u0142ym z czarnym wk\u0142adem. Pi\u0119kny, nowoczesny wz\u00f3r nada wn\u0119trzu elegancji i przyci\u0105gnie wzrok go\u015bci, szczeg\u00f3lnie w po\u0142\u0105czeniu z ro\u015blin\u0105 zielon\u0105 o du\u017cych li\u015bciach. Donica odporna na promieniowanie UV i niskie temperatury, mrozoodporna. Idealna na zewn\u0105trz m.in. do ogrodu, na taras. Wspaniale wsp\u00f3\u0142gra z nowoczesnymi, ozdobnymi trawami. Do 80% stworzona z recyklingu. Doniczka o pojemno\u015bci wk\u0142adu 5,5 litra. Produkt sygnowany mark\u0105 Fashion Pots. Nadaje si\u0119 do recyklingu w 100%.<br \/>\nDane techniczne:<br \/>\nWysoko\u015b\u0107: 43cm<br \/>\n\u015arednica: 29cm<br \/>\nPojemno\u015b\u0107 donicy: 18,7 l.<br \/>\nPojemno\u015b\u0107 wk\u0142adu: 5,5 l<br \/>\nProducent: Form-Plastic.<\/p>\n","protected":false},"excerpt":{"rendered":"<p>Doniczka okr\u0105g\u0142a Keli Mika 30 na n\u00f3\u017cce &#8211; Bia\u0142y Okr\u0105g\u0142a donica na n\u00f3\u017cce\u00a0pozwoli Ci na stworzenie spektakularnego kwietnika. Dzi\u0119ki zastosowaniu wysokiej jako\u015bci tworzywa sztucznego sprawdzi si\u0119 nie tylko wewn\u0105trz domu, ale tak\u017ce na zewn\u0105trz \u2013 w ogrodzie lub na balkonie.\u00a0 \u00a0 \u2794 Postaw na doniczk\u0119 na n\u00f3\u017cce i o\u017cyw swoj\u0105 przestrze\u0144 efektownymi ro\u015blinami! Specyfikacja: \u015arednica:\u00a029 &#8230; <a title=\"Doniczka okr\u0105g\u0142a Keli Mika 30 na n\u00f3\u017cce | Bia\u0142y\" class=\"read-more\" href=\"https:\/\/selleetools.com\/pl\/product\/doniczka-okragla-keli-mika-30-na-nozce-bialy\/\">Read more<span class=\"screen-reader-text\">Doniczka okr\u0105g\u0142a Keli Mika 30 na n\u00f3\u017cce | Bia\u0142y<\/span><\/a><\/p>\n","protected":false},"featured_media":674734,"comment_status":"open","ping_status":"closed","template":"","meta":{"_links_to":"","_links_to_target":""},"yoast_head":"<!-- This site is optimized with the Yoast SEO plugin v19.4 - https:\/\/yoast.com\/wordpress\/plugins\/seo\/ -->\n<title>Doniczka okr\u0105g\u0142a Keli Mika 30 na n\u00f3\u017cce | Bia\u0142y - Selleetools.com<\/title>\n<meta name=\"robots\" content=\"index, follow, max-snippet:-1, max-image-preview:large, max-video-preview:-1\" \/>\n<link rel=\"canonical\" href=\"https:\/\/admincentral.selleetools.com\/product\/doniczka-okragla-keli-mika-30-na-nozce-bialy\/\" \/>\n<meta property=\"og:locale\" content=\"pl_PL\" \/>\n<meta property=\"og:type\" content=\"article\" \/>\n<meta property=\"og:title\" content=\"Doniczka okr\u0105g\u0142a Keli Mika 30 na n\u00f3\u017cce | Bia\u0142y - Selleetools.com\" \/>\n<meta property=\"og:description\" content=\"Doniczka okr\u0105g\u0142a Keli Mika 30 na n\u00f3\u017cce &#8211; Bia\u0142y Okr\u0105g\u0142a donica na n\u00f3\u017cce\u00a0pozwoli Ci na stworzenie spektakularnego kwietnika. Dzi\u0119ki zastosowaniu wysokiej jako\u015bci tworzywa sztucznego sprawdzi si\u0119 nie tylko wewn\u0105trz domu, ale tak\u017ce na zewn\u0105trz \u2013 w ogrodzie lub na balkonie.\u00a0 \u00a0 \u2794 Postaw na doniczk\u0119 na n\u00f3\u017cce i o\u017cyw swoj\u0105 przestrze\u0144 efektownymi ro\u015blinami! Specyfikacja: \u015arednica:\u00a029 ... Read moreDoniczka okr\u0105g\u0142a Keli Mika 30 na n\u00f3\u017cce | Bia\u0142y\" \/>\n<meta property=\"og:url\" content=\"https:\/\/admincentral.selleetools.com\/product\/doniczka-okragla-keli-mika-30-na-nozce-bialy\/\" \/>\n<meta property=\"og:site_name\" content=\"Selleetools.com\" \/>\n<meta property=\"article:modified_time\" content=\"2026-04-08T14:35:52+00:00\" \/>\n<meta property=\"og:image\" content=\"https:\/\/selleetools.com\/wp-content\/uploads\/2026\/02\/1cf5ecb5581de97b9be1d0e8088a3375.jpg\" \/>\n\t<meta property=\"og:image:width\" content=\"2500\" \/>\n\t<meta property=\"og:image:height\" content=\"2500\" \/>\n\t<meta property=\"og:image:type\" content=\"image\/jpeg\" \/>\n<meta name=\"twitter:card\" content=\"summary_large_image\" \/>\n<meta name=\"twitter:label1\" content=\"Est. reading time\" \/>\n\t<meta name=\"twitter:data1\" content=\"2 minuty\" \/>\n<!-- \/ Yoast SEO plugin. -->","yoast_head_json":{"title":"Doniczka okr\u0105g\u0142a Keli Mika 30 na n\u00f3\u017cce | Bia\u0142y - Selleetools.com","robots":{"index":"index","follow":"follow","max-snippet":"max-snippet:-1","max-image-preview":"max-image-preview:large","max-video-preview":"max-video-preview:-1"},"canonical":"https:\/\/admincentral.selleetools.com\/product\/doniczka-okragla-keli-mika-30-na-nozce-bialy\/","og_locale":"pl_PL","og_type":"article","og_title":"Doniczka okr\u0105g\u0142a Keli Mika 30 na n\u00f3\u017cce | Bia\u0142y - Selleetools.com","og_description":"Doniczka okr\u0105g\u0142a Keli Mika 30 na n\u00f3\u017cce &#8211; Bia\u0142y Okr\u0105g\u0142a donica na n\u00f3\u017cce\u00a0pozwoli Ci na stworzenie spektakularnego kwietnika. Dzi\u0119ki zastosowaniu wysokiej jako\u015bci tworzywa sztucznego sprawdzi si\u0119 nie tylko wewn\u0105trz domu, ale tak\u017ce na zewn\u0105trz \u2013 w ogrodzie lub na balkonie.\u00a0 \u00a0 \u2794 Postaw na doniczk\u0119 na n\u00f3\u017cce i o\u017cyw swoj\u0105 przestrze\u0144 efektownymi ro\u015blinami! Specyfikacja: \u015arednica:\u00a029 ... Read moreDoniczka okr\u0105g\u0142a Keli Mika 30 na n\u00f3\u017cce | Bia\u0142y","og_url":"https:\/\/admincentral.selleetools.com\/product\/doniczka-okragla-keli-mika-30-na-nozce-bialy\/","og_site_name":"Selleetools.com","article_modified_time":"2026-04-08T14:35:52+00:00","og_image":[{"width":2500,"height":2500,"url":"https:\/\/selleetools.com\/wp-content\/uploads\/2026\/02\/1cf5ecb5581de97b9be1d0e8088a3375.jpg","type":"image\/jpeg"}],"twitter_card":"summary_large_image","twitter_misc":{"Est. reading time":"2 minuty"},"schema":{"@context":"https:\/\/schema.org","@graph":[{"@type":"Organization","@id":"https:\/\/selleetools.com\/#organization","name":"Selleetools","url":"https:\/\/selleetools.com\/","sameAs":[],"logo":{"@type":"ImageObject","inLanguage":"pl-PL","@id":"https:\/\/selleetools.com\/#\/schema\/logo\/image\/","url":"https:\/\/selleetools.com\/wp-content\/uploads\/2021\/10\/logo-dark.png","contentUrl":"https:\/\/selleetools.com\/wp-content\/uploads\/2021\/10\/logo-dark.png","width":320,"height":76,"caption":"Selleetools"},"image":{"@id":"https:\/\/selleetools.com\/#\/schema\/logo\/image\/"}},{"@type":"WebSite","@id":"https:\/\/selleetools.com\/#website","url":"https:\/\/selleetools.com\/","name":"Selleetools.com","description":"","publisher":{"@id":"https:\/\/selleetools.com\/#organization"},"potentialAction":[{"@type":"SearchAction","target":{"@type":"EntryPoint","urlTemplate":"https:\/\/selleetools.com\/?s={search_term_string}"},"query-input":"required name=search_term_string"}],"inLanguage":"pl-PL"},{"@type":"WebPage","@id":"https:\/\/admincentral.selleetools.com\/product\/doniczka-okragla-keli-mika-30-na-nozce-bialy\/","url":"https:\/\/admincentral.selleetools.com\/product\/doniczka-okragla-keli-mika-30-na-nozce-bialy\/","name":"Doniczka okr\u0105g\u0142a Keli Mika 30 na n\u00f3\u017cce | Bia\u0142y - Selleetools.com","isPartOf":{"@id":"https:\/\/selleetools.com\/#website"},"datePublished":"2026-02-19T15:20:38+00:00","dateModified":"2026-04-08T14:35:52+00:00","breadcrumb":{"@id":"https:\/\/admincentral.selleetools.com\/product\/doniczka-okragla-keli-mika-30-na-nozce-bialy\/#breadcrumb"},"inLanguage":"pl-PL","potentialAction":[{"@type":"ReadAction","target":["https:\/\/admincentral.selleetools.com\/product\/doniczka-okragla-keli-mika-30-na-nozce-bialy\/"]}]},{"@type":"BreadcrumbList","@id":"https:\/\/admincentral.selleetools.com\/product\/doniczka-okragla-keli-mika-30-na-nozce-bialy\/#breadcrumb","itemListElement":[{"@type":"ListItem","position":1,"name":"Home","item":"https:\/\/selleetools.com\/pl\/"},{"@type":"ListItem","position":2,"name":"Katalog","item":"https:\/\/selleetools.com\/pl\/katalog\/"},{"@type":"ListItem","position":3,"name":"Doniczka okr\u0105g\u0142a Keli Mika 30 na n\u00f3\u017cce | Bia\u0142y"}]}]}},"_links":{"self":[{"href":"https:\/\/selleetools.com\/pl\/wp-json\/wp\/v2\/product\/674748"}],"collection":[{"href":"https:\/\/selleetools.com\/pl\/wp-json\/wp\/v2\/product"}],"about":[{"href":"https:\/\/selleetools.com\/pl\/wp-json\/wp\/v2\/types\/product"}],"replies":[{"embeddable":true,"href":"https:\/\/selleetools.com\/pl\/wp-json\/wp\/v2\/comments?post=674748"}],"wp:featuredmedia":[{"embeddable":true,"href":"https:\/\/selleetools.com\/pl\/wp-json\/wp\/v2\/media\/674734"}],"wp:attachment":[{"href":"https:\/\/selleetools.com\/pl\/wp-json\/wp\/v2\/media?parent=674748"}],"curies":[{"name":"wp","href":"https:\/\/api.w.org\/{rel}","templated":true}]}}