{"id":674733,"date":"2026-02-19T16:20:25","date_gmt":"2026-02-19T15:20:25","guid":{"rendered":"https:\/\/selleetools.com\/?post_type=product&#038;p=674733"},"modified":"2026-04-18T15:47:17","modified_gmt":"2026-04-18T13:47:17","slug":"kwietnik-wiszacy-na-sciane-showy-hanger-polkole-38cm","status":"publish","type":"product","link":"https:\/\/selleetools.com\/pl\/product\/kwietnik-wiszacy-na-sciane-showy-hanger-polkole-38cm\/","title":{"rendered":"Kwietnik wisz\u0105cy na \u015bcian\u0119 Showy Hanger-P\u00f3\u0142kole 38cm"},"content":{"rendered":"<p>Kwietnik wisz\u0105cy Showy Hanger-P\u00f3\u0142kole 38cm, Antracyt. Kwietnik wisz\u0105cy w kolorze antracytowym, metalowy w kszta\u0142cie p\u00f3\u0142kola, firmy Prosperplast. Kwietnik montowany do \u015bciany z wyodr\u0119bnionym miejscem na doniczk\u0119. Zalecany rozmiar doniczki mie\u015bci si\u0119 w przedziale od 18 do 22cm, w zale\u017cno\u015bci od jej stylu. W 100% poddane recyklingowi.<br \/>\nDane techniczne:<br \/>\nWysoko\u015b\u0107: 40,6cm<br \/>\nSzeroko\u015b\u0107: 38,6cm<br \/>\nG\u0142\u0119boko\u015b\u0107: 21,5cm<br \/>\nProducent: Prosperplast.<\/p>\n<p>Kwietnik wisz\u0105cy Showy Hanger-P\u00f3\u0142kole 38cm, Antracyt. Kwietnik wisz\u0105cy w kolorze antracytowym, metalowy w kszta\u0142cie p\u00f3\u0142kola, firmy Prosperplast. Kwietnik montowany do \u015bciany z wyodr\u0119bnionym miejscem na doniczk\u0119. Zalecany rozmiar doniczki mie\u015bci si\u0119 w przedziale od 18 do 22cm, w zale\u017cno\u015bci od jej stylu. W 100% poddane recyklingowi.<br \/>\nDane techniczne:<br \/>\nWysoko\u015b\u0107: 40,6cm<br \/>\nSzeroko\u015b\u0107: 38,6cm<br \/>\nG\u0142\u0119boko\u015b\u0107: 21,5cm<br \/>\nProducent: Prosperplast.<\/p>\n","protected":false},"excerpt":{"rendered":"<p>Kwietnik wisz\u0105cy Showy Hanger-P\u00f3\u0142kole 38cm, Antracyt. Kwietnik wisz\u0105cy w kolorze antracytowym, metalowy w kszta\u0142cie p\u00f3\u0142kola, firmy Prosperplast. Kwietnik montowany do \u015bciany z wyodr\u0119bnionym miejscem na doniczk\u0119. Zalecany rozmiar doniczki mie\u015bci si\u0119 w przedziale od 18 do 22cm, w zale\u017cno\u015bci od jej stylu. W 100% poddane recyklingowi. Dane techniczne: Wysoko\u015b\u0107: 40,6cm Szeroko\u015b\u0107: 38,6cm G\u0142\u0119boko\u015b\u0107: 21,5cm Producent: &#8230; <a title=\"Kwietnik wisz\u0105cy na \u015bcian\u0119 Showy Hanger-P\u00f3\u0142kole 38cm\" class=\"read-more\" href=\"https:\/\/selleetools.com\/pl\/product\/kwietnik-wiszacy-na-sciane-showy-hanger-polkole-38cm\/\">Read more<span class=\"screen-reader-text\">Kwietnik wisz\u0105cy na \u015bcian\u0119 Showy Hanger-P\u00f3\u0142kole 38cm<\/span><\/a><\/p>\n","protected":false},"featured_media":674729,"comment_status":"open","ping_status":"closed","template":"","meta":{"_links_to":"","_links_to_target":""},"yoast_head":"<!-- This site is optimized with the Yoast SEO plugin v19.4 - https:\/\/yoast.com\/wordpress\/plugins\/seo\/ -->\n<title>Kwietnik wisz\u0105cy na \u015bcian\u0119 Showy Hanger-P\u00f3\u0142kole 38cm - Selleetools.com<\/title>\n<meta name=\"robots\" content=\"index, follow, max-snippet:-1, max-image-preview:large, max-video-preview:-1\" \/>\n<link rel=\"canonical\" href=\"https:\/\/selleetools.com\/pl\/product\/kwietnik-wiszacy-na-sciane-showy-hanger-polkole-38cm\/\" \/>\n<meta property=\"og:locale\" content=\"pl_PL\" \/>\n<meta property=\"og:type\" content=\"article\" \/>\n<meta property=\"og:title\" content=\"Kwietnik wisz\u0105cy na \u015bcian\u0119 Showy Hanger-P\u00f3\u0142kole 38cm - Selleetools.com\" \/>\n<meta property=\"og:description\" content=\"Kwietnik wisz\u0105cy Showy Hanger-P\u00f3\u0142kole 38cm, Antracyt. Kwietnik wisz\u0105cy w kolorze antracytowym, metalowy w kszta\u0142cie p\u00f3\u0142kola, firmy Prosperplast. Kwietnik montowany do \u015bciany z wyodr\u0119bnionym miejscem na doniczk\u0119. Zalecany rozmiar doniczki mie\u015bci si\u0119 w przedziale od 18 do 22cm, w zale\u017cno\u015bci od jej stylu. W 100% poddane recyklingowi. Dane techniczne: Wysoko\u015b\u0107: 40,6cm Szeroko\u015b\u0107: 38,6cm G\u0142\u0119boko\u015b\u0107: 21,5cm Producent: ... Read moreKwietnik wisz\u0105cy na \u015bcian\u0119 Showy Hanger-P\u00f3\u0142kole 38cm\" \/>\n<meta property=\"og:url\" content=\"https:\/\/selleetools.com\/pl\/product\/kwietnik-wiszacy-na-sciane-showy-hanger-polkole-38cm\/\" \/>\n<meta property=\"og:site_name\" content=\"Selleetools.com\" \/>\n<meta property=\"article:modified_time\" content=\"2026-04-18T13:47:17+00:00\" \/>\n<meta property=\"og:image\" content=\"https:\/\/selleetools.com\/wp-content\/uploads\/2026\/02\/97adf6bce127a75a6ba090c9cb131583.jpg\" \/>\n\t<meta property=\"og:image:width\" content=\"622\" \/>\n\t<meta property=\"og:image:height\" content=\"1000\" \/>\n\t<meta property=\"og:image:type\" content=\"image\/jpeg\" \/>\n<meta name=\"twitter:card\" content=\"summary_large_image\" \/>\n<meta name=\"twitter:label1\" content=\"Est. reading time\" \/>\n\t<meta name=\"twitter:data1\" content=\"1 minuta\" \/>\n<!-- \/ Yoast SEO plugin. -->","yoast_head_json":{"title":"Kwietnik wisz\u0105cy na \u015bcian\u0119 Showy Hanger-P\u00f3\u0142kole 38cm - Selleetools.com","robots":{"index":"index","follow":"follow","max-snippet":"max-snippet:-1","max-image-preview":"max-image-preview:large","max-video-preview":"max-video-preview:-1"},"canonical":"https:\/\/selleetools.com\/pl\/product\/kwietnik-wiszacy-na-sciane-showy-hanger-polkole-38cm\/","og_locale":"pl_PL","og_type":"article","og_title":"Kwietnik wisz\u0105cy na \u015bcian\u0119 Showy Hanger-P\u00f3\u0142kole 38cm - Selleetools.com","og_description":"Kwietnik wisz\u0105cy Showy Hanger-P\u00f3\u0142kole 38cm, Antracyt. Kwietnik wisz\u0105cy w kolorze antracytowym, metalowy w kszta\u0142cie p\u00f3\u0142kola, firmy Prosperplast. Kwietnik montowany do \u015bciany z wyodr\u0119bnionym miejscem na doniczk\u0119. Zalecany rozmiar doniczki mie\u015bci si\u0119 w przedziale od 18 do 22cm, w zale\u017cno\u015bci od jej stylu. W 100% poddane recyklingowi. Dane techniczne: Wysoko\u015b\u0107: 40,6cm Szeroko\u015b\u0107: 38,6cm G\u0142\u0119boko\u015b\u0107: 21,5cm Producent: ... Read moreKwietnik wisz\u0105cy na \u015bcian\u0119 Showy Hanger-P\u00f3\u0142kole 38cm","og_url":"https:\/\/selleetools.com\/pl\/product\/kwietnik-wiszacy-na-sciane-showy-hanger-polkole-38cm\/","og_site_name":"Selleetools.com","article_modified_time":"2026-04-18T13:47:17+00:00","og_image":[{"width":622,"height":1000,"url":"https:\/\/selleetools.com\/wp-content\/uploads\/2026\/02\/97adf6bce127a75a6ba090c9cb131583.jpg","type":"image\/jpeg"}],"twitter_card":"summary_large_image","twitter_misc":{"Est. reading time":"1 minuta"},"schema":{"@context":"https:\/\/schema.org","@graph":[{"@type":"Organization","@id":"https:\/\/selleetools.com\/#organization","name":"Selleetools","url":"https:\/\/selleetools.com\/","sameAs":[],"logo":{"@type":"ImageObject","inLanguage":"pl-PL","@id":"https:\/\/selleetools.com\/#\/schema\/logo\/image\/","url":"https:\/\/selleetools.com\/wp-content\/uploads\/2021\/10\/logo-dark.png","contentUrl":"https:\/\/selleetools.com\/wp-content\/uploads\/2021\/10\/logo-dark.png","width":320,"height":76,"caption":"Selleetools"},"image":{"@id":"https:\/\/selleetools.com\/#\/schema\/logo\/image\/"}},{"@type":"WebSite","@id":"https:\/\/selleetools.com\/#website","url":"https:\/\/selleetools.com\/","name":"Selleetools.com","description":"","publisher":{"@id":"https:\/\/selleetools.com\/#organization"},"potentialAction":[{"@type":"SearchAction","target":{"@type":"EntryPoint","urlTemplate":"https:\/\/selleetools.com\/?s={search_term_string}"},"query-input":"required name=search_term_string"}],"inLanguage":"pl-PL"},{"@type":"WebPage","@id":"https:\/\/selleetools.com\/pl\/product\/kwietnik-wiszacy-na-sciane-showy-hanger-polkole-38cm\/","url":"https:\/\/selleetools.com\/pl\/product\/kwietnik-wiszacy-na-sciane-showy-hanger-polkole-38cm\/","name":"Kwietnik wisz\u0105cy na \u015bcian\u0119 Showy Hanger-P\u00f3\u0142kole 38cm - Selleetools.com","isPartOf":{"@id":"https:\/\/selleetools.com\/#website"},"datePublished":"2026-02-19T15:20:25+00:00","dateModified":"2026-04-18T13:47:17+00:00","breadcrumb":{"@id":"https:\/\/selleetools.com\/pl\/product\/kwietnik-wiszacy-na-sciane-showy-hanger-polkole-38cm\/#breadcrumb"},"inLanguage":"pl-PL","potentialAction":[{"@type":"ReadAction","target":["https:\/\/selleetools.com\/pl\/product\/kwietnik-wiszacy-na-sciane-showy-hanger-polkole-38cm\/"]}]},{"@type":"BreadcrumbList","@id":"https:\/\/selleetools.com\/pl\/product\/kwietnik-wiszacy-na-sciane-showy-hanger-polkole-38cm\/#breadcrumb","itemListElement":[{"@type":"ListItem","position":1,"name":"Home","item":"https:\/\/selleetools.com\/pl\/"},{"@type":"ListItem","position":2,"name":"Katalog","item":"https:\/\/selleetools.com\/pl\/katalog\/"},{"@type":"ListItem","position":3,"name":"Kwietnik wisz\u0105cy na \u015bcian\u0119 Showy Hanger-P\u00f3\u0142kole 38cm"}]}]}},"_links":{"self":[{"href":"https:\/\/selleetools.com\/pl\/wp-json\/wp\/v2\/product\/674733"}],"collection":[{"href":"https:\/\/selleetools.com\/pl\/wp-json\/wp\/v2\/product"}],"about":[{"href":"https:\/\/selleetools.com\/pl\/wp-json\/wp\/v2\/types\/product"}],"replies":[{"embeddable":true,"href":"https:\/\/selleetools.com\/pl\/wp-json\/wp\/v2\/comments?post=674733"}],"wp:featuredmedia":[{"embeddable":true,"href":"https:\/\/selleetools.com\/pl\/wp-json\/wp\/v2\/media\/674729"}],"wp:attachment":[{"href":"https:\/\/selleetools.com\/pl\/wp-json\/wp\/v2\/media?parent=674733"}],"curies":[{"name":"wp","href":"https:\/\/api.w.org\/{rel}","templated":true}]}}