{"id":674673,"date":"2026-02-19T16:19:46","date_gmt":"2026-02-19T15:19:46","guid":{"rendered":"https:\/\/selleetools.com\/?post_type=product&#038;p=674673"},"modified":"2026-04-09T18:07:15","modified_gmt":"2026-04-09T16:07:15","slug":"doniczka-wysoka-urbi-case-t-duc800t-z-wkladem-bialy","status":"publish","type":"product","link":"https:\/\/selleetools.com\/pl\/product\/doniczka-wysoka-urbi-case-t-duc800t-z-wkladem-bialy\/","title":{"rendered":"Doniczka wysoka Urbi Case T DUC800T z wk\u0142adem | Bia\u0142y"},"content":{"rendered":"<p>Doniczka wysoka Urbi Case T DUC800T<\/p>\n<p>Zestaw zawiera:<\/p>\n<p>    Doniczk\u0119 (os\u0142onk\u0119)<br \/>\n    Wk\u0142ad wewn\u0119trzny<br \/>\n    Gumowy korek do zatkania odp\u0142ywu wody<\/p>\n<p>Informacj\u0119 dodatkowe:<\/p>\n<p>    doniczka nie posiada podstawki<br \/>\n    doniczka nie posiada otwor\u00f3w w dnie<\/p>\n<p>Mo\u017cemy j\u0105 umie\u015bci\u0107:<\/p>\n<p>    w domu<br \/>\n    przestronnym wn\u0119trzu<br \/>\n    na tarasie<br \/>\n    na balkonie<br \/>\n    w ogrodzie<\/p>\n<p>Doniczka na spodzie posiada wyznaczone przez producenta miejsca w kt\u00f3rych mo\u017cna wywierci\u0107 otwory do odp\u0142ywu nadmiaru wody.<\/p>\n<p>Specyfikacja:<\/p>\n<p>    d\u0142ugo\u015b\u0107 g\u00f3ry &#8211; 77cm<br \/>\n    szeroko\u015b\u0107 g\u00f3ry &#8211; 23,5cm<br \/>\n    wysoko\u015b\u0107 &#8211; 68,6cm<br \/>\n    materia\u0142 &#8211; tworzywo sztuczne<\/p>\n<p>Doniczka wysoka Urbi Case T DUC800T<\/p>\n<p>Zestaw zawiera:<\/p>\n<p>    Doniczk\u0119 (os\u0142onk\u0119)<br \/>\n    Wk\u0142ad wewn\u0119trzny<br \/>\n    Gumowy korek do zatkania odp\u0142ywu wody<\/p>\n<p>Informacj\u0119 dodatkowe:<\/p>\n<p>    doniczka nie posiada podstawki<br \/>\n    doniczka nie posiada otwor\u00f3w w dnie<\/p>\n<p>Mo\u017cemy j\u0105 umie\u015bci\u0107:<\/p>\n<p>    w domu<br \/>\n    przestronnym wn\u0119trzu<br \/>\n    na tarasie<br \/>\n    na balkonie<br \/>\n    w ogrodzie<\/p>\n<p>Doniczka na spodzie posiada wyznaczone przez producenta miejsca w kt\u00f3rych mo\u017cna wywierci\u0107 otwory do odp\u0142ywu nadmiaru wody.<\/p>\n<p>Specyfikacja:<\/p>\n<p>    d\u0142ugo\u015b\u0107 g\u00f3ry &#8211; 77cm<br \/>\n    szeroko\u015b\u0107 g\u00f3ry &#8211; 23,5cm<br \/>\n    wysoko\u015b\u0107 &#8211; 68,6cm<br \/>\n    materia\u0142 &#8211; tworzywo sztuczne<\/p>\n","protected":false},"excerpt":{"rendered":"<p>Doniczka wysoka Urbi Case T DUC800T Zestaw zawiera: Doniczk\u0119 (os\u0142onk\u0119) Wk\u0142ad wewn\u0119trzny Gumowy korek do zatkania odp\u0142ywu wody Informacj\u0119 dodatkowe: doniczka nie posiada podstawki doniczka nie posiada otwor\u00f3w w dnie Mo\u017cemy j\u0105 umie\u015bci\u0107: w domu przestronnym wn\u0119trzu na tarasie na balkonie w ogrodzie Doniczka na spodzie posiada wyznaczone przez producenta miejsca w kt\u00f3rych mo\u017cna wywierci\u0107 &#8230; <a title=\"Doniczka wysoka Urbi Case T DUC800T z wk\u0142adem | Bia\u0142y\" class=\"read-more\" href=\"https:\/\/selleetools.com\/pl\/product\/doniczka-wysoka-urbi-case-t-duc800t-z-wkladem-bialy\/\">Read more<span class=\"screen-reader-text\">Doniczka wysoka Urbi Case T DUC800T z wk\u0142adem | Bia\u0142y<\/span><\/a><\/p>\n","protected":false},"featured_media":674665,"comment_status":"open","ping_status":"closed","template":"","meta":{"_links_to":"","_links_to_target":""},"yoast_head":"<!-- This site is optimized with the Yoast SEO plugin v19.4 - https:\/\/yoast.com\/wordpress\/plugins\/seo\/ -->\n<title>Doniczka wysoka Urbi Case T DUC800T z wk\u0142adem | Bia\u0142y - Selleetools.com<\/title>\n<meta name=\"robots\" content=\"index, follow, max-snippet:-1, max-image-preview:large, max-video-preview:-1\" \/>\n<link rel=\"canonical\" href=\"https:\/\/admincentral.selleetools.com\/pl\/product\/doniczka-wysoka-urbi-case-t-duc800t-z-wkladem-bialy\/\" \/>\n<meta property=\"og:locale\" content=\"pl_PL\" \/>\n<meta property=\"og:type\" content=\"article\" \/>\n<meta property=\"og:title\" content=\"Doniczka wysoka Urbi Case T DUC800T z wk\u0142adem | Bia\u0142y - Selleetools.com\" \/>\n<meta property=\"og:description\" content=\"Doniczka wysoka Urbi Case T DUC800T Zestaw zawiera: Doniczk\u0119 (os\u0142onk\u0119) Wk\u0142ad wewn\u0119trzny Gumowy korek do zatkania odp\u0142ywu wody Informacj\u0119 dodatkowe: doniczka nie posiada podstawki doniczka nie posiada otwor\u00f3w w dnie Mo\u017cemy j\u0105 umie\u015bci\u0107: w domu przestronnym wn\u0119trzu na tarasie na balkonie w ogrodzie Doniczka na spodzie posiada wyznaczone przez producenta miejsca w kt\u00f3rych mo\u017cna wywierci\u0107 ... Read moreDoniczka wysoka Urbi Case T DUC800T z wk\u0142adem | Bia\u0142y\" \/>\n<meta property=\"og:url\" content=\"https:\/\/admincentral.selleetools.com\/pl\/product\/doniczka-wysoka-urbi-case-t-duc800t-z-wkladem-bialy\/\" \/>\n<meta property=\"og:site_name\" content=\"Selleetools.com\" \/>\n<meta property=\"article:modified_time\" content=\"2026-04-09T16:07:15+00:00\" \/>\n<meta property=\"og:image\" content=\"https:\/\/selleetools.com\/wp-content\/uploads\/2026\/02\/cf62a212ce1bee0031c4157795ca724c.jpg\" \/>\n\t<meta property=\"og:image:width\" content=\"1000\" \/>\n\t<meta property=\"og:image:height\" content=\"981\" \/>\n\t<meta property=\"og:image:type\" content=\"image\/jpeg\" \/>\n<meta name=\"twitter:card\" content=\"summary_large_image\" \/>\n<meta name=\"twitter:label1\" content=\"Est. reading time\" \/>\n\t<meta name=\"twitter:data1\" content=\"1 minuta\" \/>\n<!-- \/ Yoast SEO plugin. -->","yoast_head_json":{"title":"Doniczka wysoka Urbi Case T DUC800T z wk\u0142adem | Bia\u0142y - Selleetools.com","robots":{"index":"index","follow":"follow","max-snippet":"max-snippet:-1","max-image-preview":"max-image-preview:large","max-video-preview":"max-video-preview:-1"},"canonical":"https:\/\/admincentral.selleetools.com\/pl\/product\/doniczka-wysoka-urbi-case-t-duc800t-z-wkladem-bialy\/","og_locale":"pl_PL","og_type":"article","og_title":"Doniczka wysoka Urbi Case T DUC800T z wk\u0142adem | Bia\u0142y - Selleetools.com","og_description":"Doniczka wysoka Urbi Case T DUC800T Zestaw zawiera: Doniczk\u0119 (os\u0142onk\u0119) Wk\u0142ad wewn\u0119trzny Gumowy korek do zatkania odp\u0142ywu wody Informacj\u0119 dodatkowe: doniczka nie posiada podstawki doniczka nie posiada otwor\u00f3w w dnie Mo\u017cemy j\u0105 umie\u015bci\u0107: w domu przestronnym wn\u0119trzu na tarasie na balkonie w ogrodzie Doniczka na spodzie posiada wyznaczone przez producenta miejsca w kt\u00f3rych mo\u017cna wywierci\u0107 ... Read moreDoniczka wysoka Urbi Case T DUC800T z wk\u0142adem | Bia\u0142y","og_url":"https:\/\/admincentral.selleetools.com\/pl\/product\/doniczka-wysoka-urbi-case-t-duc800t-z-wkladem-bialy\/","og_site_name":"Selleetools.com","article_modified_time":"2026-04-09T16:07:15+00:00","og_image":[{"width":1000,"height":981,"url":"https:\/\/selleetools.com\/wp-content\/uploads\/2026\/02\/cf62a212ce1bee0031c4157795ca724c.jpg","type":"image\/jpeg"}],"twitter_card":"summary_large_image","twitter_misc":{"Est. reading time":"1 minuta"},"schema":{"@context":"https:\/\/schema.org","@graph":[{"@type":"Organization","@id":"https:\/\/selleetools.com\/#organization","name":"Selleetools","url":"https:\/\/selleetools.com\/","sameAs":[],"logo":{"@type":"ImageObject","inLanguage":"pl-PL","@id":"https:\/\/selleetools.com\/#\/schema\/logo\/image\/","url":"https:\/\/selleetools.com\/wp-content\/uploads\/2021\/10\/logo-dark.png","contentUrl":"https:\/\/selleetools.com\/wp-content\/uploads\/2021\/10\/logo-dark.png","width":320,"height":76,"caption":"Selleetools"},"image":{"@id":"https:\/\/selleetools.com\/#\/schema\/logo\/image\/"}},{"@type":"WebSite","@id":"https:\/\/selleetools.com\/#website","url":"https:\/\/selleetools.com\/","name":"Selleetools.com","description":"","publisher":{"@id":"https:\/\/selleetools.com\/#organization"},"potentialAction":[{"@type":"SearchAction","target":{"@type":"EntryPoint","urlTemplate":"https:\/\/selleetools.com\/?s={search_term_string}"},"query-input":"required name=search_term_string"}],"inLanguage":"pl-PL"},{"@type":"WebPage","@id":"https:\/\/admincentral.selleetools.com\/pl\/product\/doniczka-wysoka-urbi-case-t-duc800t-z-wkladem-bialy\/","url":"https:\/\/admincentral.selleetools.com\/pl\/product\/doniczka-wysoka-urbi-case-t-duc800t-z-wkladem-bialy\/","name":"Doniczka wysoka Urbi Case T DUC800T z wk\u0142adem | Bia\u0142y - Selleetools.com","isPartOf":{"@id":"https:\/\/selleetools.com\/#website"},"datePublished":"2026-02-19T15:19:46+00:00","dateModified":"2026-04-09T16:07:15+00:00","breadcrumb":{"@id":"https:\/\/admincentral.selleetools.com\/pl\/product\/doniczka-wysoka-urbi-case-t-duc800t-z-wkladem-bialy\/#breadcrumb"},"inLanguage":"pl-PL","potentialAction":[{"@type":"ReadAction","target":["https:\/\/admincentral.selleetools.com\/pl\/product\/doniczka-wysoka-urbi-case-t-duc800t-z-wkladem-bialy\/"]}]},{"@type":"BreadcrumbList","@id":"https:\/\/admincentral.selleetools.com\/pl\/product\/doniczka-wysoka-urbi-case-t-duc800t-z-wkladem-bialy\/#breadcrumb","itemListElement":[{"@type":"ListItem","position":1,"name":"Home","item":"https:\/\/selleetools.com\/pl\/"},{"@type":"ListItem","position":2,"name":"Katalog","item":"https:\/\/selleetools.com\/pl\/katalog\/"},{"@type":"ListItem","position":3,"name":"Doniczka wysoka Urbi Case T DUC800T z wk\u0142adem | Bia\u0142y"}]}]}},"_links":{"self":[{"href":"https:\/\/selleetools.com\/pl\/wp-json\/wp\/v2\/product\/674673"}],"collection":[{"href":"https:\/\/selleetools.com\/pl\/wp-json\/wp\/v2\/product"}],"about":[{"href":"https:\/\/selleetools.com\/pl\/wp-json\/wp\/v2\/types\/product"}],"replies":[{"embeddable":true,"href":"https:\/\/selleetools.com\/pl\/wp-json\/wp\/v2\/comments?post=674673"}],"wp:featuredmedia":[{"embeddable":true,"href":"https:\/\/selleetools.com\/pl\/wp-json\/wp\/v2\/media\/674665"}],"wp:attachment":[{"href":"https:\/\/selleetools.com\/pl\/wp-json\/wp\/v2\/media?parent=674673"}],"curies":[{"name":"wp","href":"https:\/\/api.w.org\/{rel}","templated":true}]}}