{"id":674600,"date":"2026-02-19T16:18:48","date_gmt":"2026-02-19T15:18:48","guid":{"rendered":"https:\/\/selleetools.com\/?post_type=product&#038;p=674600"},"modified":"2026-04-09T18:05:46","modified_gmt":"2026-04-09T16:05:46","slug":"beczka-plastikowa-do-kiszenia-kapusty-30l","status":"publish","type":"product","link":"https:\/\/selleetools.com\/pl\/product\/beczka-plastikowa-do-kiszenia-kapusty-30l\/","title":{"rendered":"Beczka plastikowa do kiszenia kapusty, 30l"},"content":{"rendered":"<p>Beczka plastikowa beczka przeznaczona jest do kiszenia kapusty i og\u00f3rk\u00f3w, a tak\u017ce doskona\u0142a do przeprowadzania procesu fermentacji. Produkt znajduje zastosowanie w ka\u017cdym ogrodzie i na dzia\u0142ce do cel\u00f3w gospodarczych.<br \/>\nZalety produktu:<\/p>\n<p>    Wysokiej jako\u015bci, bardzo szczelny<br \/>\n    Beczki posiadaj\u0105 zamykanie,dekiel<br \/>\n    Wykonana z grubego tworzywa sztucznego<br \/>\n    Charakteryzuje si\u0119 du\u017c\u0105 szczelno\u015bci\u0105<br \/>\n    Niezast\u0105piona podczas kiszenia kapusty i og\u00f3rk\u00f3w<br \/>\n    Doskona\u0142a do przeprowadzania procesu fermentacji<br \/>\n    Znajduj\u0105 r\u00f3wnie\u017c zastosowanie w ogrodzie i na dzia\u0142ce do cel\u00f3w gospodarczych<br \/>\n    Posiada atest dopuszczaj\u0105cy beczk\u0119 do kontaktu z \u017cywno\u015bci\u0105 (atest PZH H\u017b)<\/p>\n<p>Beczka zosta\u0142a wykonana z wysokiej jako\u015bci tworzywa sztucznego, charakteryzuj\u0105cego si\u0119 du\u017c\u0105 wytrzyma\u0142o\u015bci\u0105 i odporno\u015bci\u0105 na uszkodzenia mechaniczne. Dodatkowo posiada 2 por\u0119czne uchwyty,dzi\u0119ki kt\u00f3rym \u0142atwiej beczk\u0119 przestawia\u0107, unie\u015b\u0107 oraz transportowa\u0107.<\/p>\n<p>Parametry:<\/p>\n<p>    Pojemno\u015b\u0107: 30 l<br \/>\n    Wysoko\u015b\u0107: 49 cm<br \/>\n    \u015arednica: 39 cm<br \/>\n    \u015arednica otworu: 20 cm<br \/>\n    Dekiel: zakr\u0119cany, czerwony<br \/>\n    Kolor: niebieski<br \/>\n    Ilo\u015b\u0107 uchwyt\u00f3w: 2 szt.<br \/>\n    Mo\u017cliwo\u015b\u0107 za\u0142o\u017cenia plomby: Tak<\/p>\n<p>Beczka plastikowa beczka przeznaczona jest do kiszenia kapusty i og\u00f3rk\u00f3w, a tak\u017ce doskona\u0142a do przeprowadzania procesu fermentacji. Produkt znajduje zastosowanie w ka\u017cdym ogrodzie i na dzia\u0142ce do cel\u00f3w gospodarczych.<br \/>\nZalety produktu:<\/p>\n<p>    Wysokiej jako\u015bci, bardzo szczelny<br \/>\n    Beczki posiadaj\u0105 zamykanie,dekiel<br \/>\n    Wykonana z grubego tworzywa sztucznego<br \/>\n    Charakteryzuje si\u0119 du\u017c\u0105 szczelno\u015bci\u0105<br \/>\n    Niezast\u0105piona podczas kiszenia kapusty i og\u00f3rk\u00f3w<br \/>\n    Doskona\u0142a do przeprowadzania procesu fermentacji<br \/>\n    Znajduj\u0105 r\u00f3wnie\u017c zastosowanie w ogrodzie i na dzia\u0142ce do cel\u00f3w gospodarczych<br \/>\n    Posiada atest dopuszczaj\u0105cy beczk\u0119 do kontaktu z \u017cywno\u015bci\u0105 (atest PZH H\u017b)<\/p>\n<p>Beczka zosta\u0142a wykonana z wysokiej jako\u015bci tworzywa sztucznego, charakteryzuj\u0105cego si\u0119 du\u017c\u0105 wytrzyma\u0142o\u015bci\u0105 i odporno\u015bci\u0105 na uszkodzenia mechaniczne. Dodatkowo posiada 2 por\u0119czne uchwyty,dzi\u0119ki kt\u00f3rym \u0142atwiej beczk\u0119 przestawia\u0107, unie\u015b\u0107 oraz transportowa\u0107.<\/p>\n<p>Parametry:<\/p>\n<p>    Pojemno\u015b\u0107: 30 l<br \/>\n    Wysoko\u015b\u0107: 49 cm<br \/>\n    \u015arednica: 39 cm<br \/>\n    \u015arednica otworu: 20 cm<br \/>\n    Dekiel: zakr\u0119cany, czerwony<br \/>\n    Kolor: niebieski<br \/>\n    Ilo\u015b\u0107 uchwyt\u00f3w: 2 szt.<br \/>\n    Mo\u017cliwo\u015b\u0107 za\u0142o\u017cenia plomby: Tak<\/p>\n","protected":false},"excerpt":{"rendered":"<p>Beczka plastikowa beczka przeznaczona jest do kiszenia kapusty i og\u00f3rk\u00f3w, a tak\u017ce doskona\u0142a do przeprowadzania procesu fermentacji. Produkt znajduje zastosowanie w ka\u017cdym ogrodzie i na dzia\u0142ce do cel\u00f3w gospodarczych. Zalety produktu: Wysokiej jako\u015bci, bardzo szczelny Beczki posiadaj\u0105 zamykanie,dekiel Wykonana z grubego tworzywa sztucznego Charakteryzuje si\u0119 du\u017c\u0105 szczelno\u015bci\u0105 Niezast\u0105piona podczas kiszenia kapusty i og\u00f3rk\u00f3w Doskona\u0142a do &#8230; <a title=\"Beczka plastikowa do kiszenia kapusty, 30l\" class=\"read-more\" href=\"https:\/\/selleetools.com\/pl\/product\/beczka-plastikowa-do-kiszenia-kapusty-30l\/\">Read more<span class=\"screen-reader-text\">Beczka plastikowa do kiszenia kapusty, 30l<\/span><\/a><\/p>\n","protected":false},"featured_media":674592,"comment_status":"open","ping_status":"closed","template":"","meta":{"_links_to":"","_links_to_target":""},"yoast_head":"<!-- This site is optimized with the Yoast SEO plugin v19.4 - https:\/\/yoast.com\/wordpress\/plugins\/seo\/ -->\n<title>Beczka plastikowa do kiszenia kapusty, 30l - Selleetools.com<\/title>\n<meta name=\"robots\" content=\"index, follow, max-snippet:-1, max-image-preview:large, max-video-preview:-1\" \/>\n<link rel=\"canonical\" href=\"https:\/\/admincentral.selleetools.com\/product\/beczka-plastikowa-do-kiszenia-kapusty-30l\/\" \/>\n<meta property=\"og:locale\" content=\"pl_PL\" \/>\n<meta property=\"og:type\" content=\"article\" \/>\n<meta property=\"og:title\" content=\"Beczka plastikowa do kiszenia kapusty, 30l - Selleetools.com\" \/>\n<meta property=\"og:description\" content=\"Beczka plastikowa beczka przeznaczona jest do kiszenia kapusty i og\u00f3rk\u00f3w, a tak\u017ce doskona\u0142a do przeprowadzania procesu fermentacji. Produkt znajduje zastosowanie w ka\u017cdym ogrodzie i na dzia\u0142ce do cel\u00f3w gospodarczych. Zalety produktu: Wysokiej jako\u015bci, bardzo szczelny Beczki posiadaj\u0105 zamykanie,dekiel Wykonana z grubego tworzywa sztucznego Charakteryzuje si\u0119 du\u017c\u0105 szczelno\u015bci\u0105 Niezast\u0105piona podczas kiszenia kapusty i og\u00f3rk\u00f3w Doskona\u0142a do ... Read moreBeczka plastikowa do kiszenia kapusty, 30l\" \/>\n<meta property=\"og:url\" content=\"https:\/\/admincentral.selleetools.com\/product\/beczka-plastikowa-do-kiszenia-kapusty-30l\/\" \/>\n<meta property=\"og:site_name\" content=\"Selleetools.com\" \/>\n<meta property=\"article:modified_time\" content=\"2026-04-09T16:05:46+00:00\" \/>\n<meta property=\"og:image\" content=\"https:\/\/selleetools.com\/wp-content\/uploads\/2026\/02\/2786da975e7279bab85cca83f7e62ad8.jpg\" \/>\n\t<meta property=\"og:image:width\" content=\"550\" \/>\n\t<meta property=\"og:image:height\" content=\"550\" \/>\n\t<meta property=\"og:image:type\" content=\"image\/jpeg\" \/>\n<meta name=\"twitter:card\" content=\"summary_large_image\" \/>\n<meta name=\"twitter:label1\" content=\"Est. reading time\" \/>\n\t<meta name=\"twitter:data1\" content=\"2 minuty\" \/>\n<!-- \/ Yoast SEO plugin. -->","yoast_head_json":{"title":"Beczka plastikowa do kiszenia kapusty, 30l - Selleetools.com","robots":{"index":"index","follow":"follow","max-snippet":"max-snippet:-1","max-image-preview":"max-image-preview:large","max-video-preview":"max-video-preview:-1"},"canonical":"https:\/\/admincentral.selleetools.com\/product\/beczka-plastikowa-do-kiszenia-kapusty-30l\/","og_locale":"pl_PL","og_type":"article","og_title":"Beczka plastikowa do kiszenia kapusty, 30l - Selleetools.com","og_description":"Beczka plastikowa beczka przeznaczona jest do kiszenia kapusty i og\u00f3rk\u00f3w, a tak\u017ce doskona\u0142a do przeprowadzania procesu fermentacji. Produkt znajduje zastosowanie w ka\u017cdym ogrodzie i na dzia\u0142ce do cel\u00f3w gospodarczych. Zalety produktu: Wysokiej jako\u015bci, bardzo szczelny Beczki posiadaj\u0105 zamykanie,dekiel Wykonana z grubego tworzywa sztucznego Charakteryzuje si\u0119 du\u017c\u0105 szczelno\u015bci\u0105 Niezast\u0105piona podczas kiszenia kapusty i og\u00f3rk\u00f3w Doskona\u0142a do ... Read moreBeczka plastikowa do kiszenia kapusty, 30l","og_url":"https:\/\/admincentral.selleetools.com\/product\/beczka-plastikowa-do-kiszenia-kapusty-30l\/","og_site_name":"Selleetools.com","article_modified_time":"2026-04-09T16:05:46+00:00","og_image":[{"width":550,"height":550,"url":"https:\/\/selleetools.com\/wp-content\/uploads\/2026\/02\/2786da975e7279bab85cca83f7e62ad8.jpg","type":"image\/jpeg"}],"twitter_card":"summary_large_image","twitter_misc":{"Est. reading time":"2 minuty"},"schema":{"@context":"https:\/\/schema.org","@graph":[{"@type":"Organization","@id":"https:\/\/selleetools.com\/#organization","name":"Selleetools","url":"https:\/\/selleetools.com\/","sameAs":[],"logo":{"@type":"ImageObject","inLanguage":"pl-PL","@id":"https:\/\/selleetools.com\/#\/schema\/logo\/image\/","url":"https:\/\/selleetools.com\/wp-content\/uploads\/2021\/10\/logo-dark.png","contentUrl":"https:\/\/selleetools.com\/wp-content\/uploads\/2021\/10\/logo-dark.png","width":320,"height":76,"caption":"Selleetools"},"image":{"@id":"https:\/\/selleetools.com\/#\/schema\/logo\/image\/"}},{"@type":"WebSite","@id":"https:\/\/selleetools.com\/#website","url":"https:\/\/selleetools.com\/","name":"Selleetools.com","description":"","publisher":{"@id":"https:\/\/selleetools.com\/#organization"},"potentialAction":[{"@type":"SearchAction","target":{"@type":"EntryPoint","urlTemplate":"https:\/\/selleetools.com\/?s={search_term_string}"},"query-input":"required name=search_term_string"}],"inLanguage":"pl-PL"},{"@type":"WebPage","@id":"https:\/\/admincentral.selleetools.com\/product\/beczka-plastikowa-do-kiszenia-kapusty-30l\/","url":"https:\/\/admincentral.selleetools.com\/product\/beczka-plastikowa-do-kiszenia-kapusty-30l\/","name":"Beczka plastikowa do kiszenia kapusty, 30l - Selleetools.com","isPartOf":{"@id":"https:\/\/selleetools.com\/#website"},"datePublished":"2026-02-19T15:18:48+00:00","dateModified":"2026-04-09T16:05:46+00:00","breadcrumb":{"@id":"https:\/\/admincentral.selleetools.com\/product\/beczka-plastikowa-do-kiszenia-kapusty-30l\/#breadcrumb"},"inLanguage":"pl-PL","potentialAction":[{"@type":"ReadAction","target":["https:\/\/admincentral.selleetools.com\/product\/beczka-plastikowa-do-kiszenia-kapusty-30l\/"]}]},{"@type":"BreadcrumbList","@id":"https:\/\/admincentral.selleetools.com\/product\/beczka-plastikowa-do-kiszenia-kapusty-30l\/#breadcrumb","itemListElement":[{"@type":"ListItem","position":1,"name":"Home","item":"https:\/\/selleetools.com\/pl\/"},{"@type":"ListItem","position":2,"name":"Katalog","item":"https:\/\/selleetools.com\/pl\/katalog\/"},{"@type":"ListItem","position":3,"name":"Beczka plastikowa do kiszenia kapusty, 30l"}]}]}},"_links":{"self":[{"href":"https:\/\/selleetools.com\/pl\/wp-json\/wp\/v2\/product\/674600"}],"collection":[{"href":"https:\/\/selleetools.com\/pl\/wp-json\/wp\/v2\/product"}],"about":[{"href":"https:\/\/selleetools.com\/pl\/wp-json\/wp\/v2\/types\/product"}],"replies":[{"embeddable":true,"href":"https:\/\/selleetools.com\/pl\/wp-json\/wp\/v2\/comments?post=674600"}],"wp:featuredmedia":[{"embeddable":true,"href":"https:\/\/selleetools.com\/pl\/wp-json\/wp\/v2\/media\/674592"}],"wp:attachment":[{"href":"https:\/\/selleetools.com\/pl\/wp-json\/wp\/v2\/media?parent=674600"}],"curies":[{"name":"wp","href":"https:\/\/api.w.org\/{rel}","templated":true}]}}