{"id":674591,"date":"2026-02-19T16:18:42","date_gmt":"2026-02-19T15:18:42","guid":{"rendered":"https:\/\/selleetools.com\/?post_type=product&#038;p=674591"},"modified":"2026-04-09T11:27:28","modified_gmt":"2026-04-09T09:27:28","slug":"nasiona-bazylia-wlasciwa-zielone-05g","status":"publish","type":"product","link":"https:\/\/selleetools.com\/pl\/product\/nasiona-bazylia-wlasciwa-zielone-05g\/","title":{"rendered":"Nasiona Bazylia w\u0142a\u015bciwa &#8211; zielone 0,5g"},"content":{"rendered":"<p>Nasiona Bazylia w\u0142a\u015bciwa &#8211; zielone 0,5g. Bazylia w\u0142a\u015bciwa to bardzo popularna ro\u015blina jednoroczna wykorzystywana g\u0142\u00f3wnie w celach kulinarnych i zio\u0142olecznictwie. Aromatyczne li\u015bcie zbiera si\u0119 przed kwitnieniem ro\u015blin, wykorzystuj\u0105c je w postaci \u015bwie\u017cej lub suszonej. \u015awie\u017ce mo\u017cna dodawa\u0107 do kiszenia og\u00f3rk\u00f3w, da\u0144 z pomidor\u00f3w, suszone za\u015b do twarogu, sa\u0142atek, sos\u00f3w, zapiekanek, pieczonych mi\u0119s i ryb. S\u0105 szeroko stosowane w kuchni \u015br\u00f3dziemnomorskiej. Picie naparu z li\u015bci bazylii \u0142agodzi kaszel, u\u0142atwia trawienie, zalecane jest tak\u017ce przy zapaleniu dr\u00f3g moczowych. Ro\u015blina dorasta do 50 cm wysoko\u015bci, nadaje si\u0119 do uprawy w donicach, pojemnikach, ogr\u00f3dkach zio\u0142owych. Nasiona nale\u017cy wysiewa\u0107 od kwietnia do maja do skrzynek lub w maju wprost na miejsce sta\u0142e. W temp. 20-25 \u00b0C wschody trwaj\u0105 7-14 dni. Rozsad\u0119 wysadza\u0107 w drugiej po\u0142owie maja (gdy minie obawa przymrozk\u00f3w) &#8211; w rz\u0119dy co 30 cm. Lubi stanowisko os\u0142oni\u0119te, s\u0142oneczne. Specyfikacja: Termin wysiewu wprost do gruntu: V. Wysoko\u015b\u0107: 50 cm. Waga: 0,005 kg. Producent: W. Legutko.<\/p>\n<p>Nasiona Bazylia w\u0142a\u015bciwa &#8211; zielone 0,5g. Bazylia w\u0142a\u015bciwa to bardzo popularna ro\u015blina jednoroczna wykorzystywana g\u0142\u00f3wnie w celach kulinarnych i zio\u0142olecznictwie. Aromatyczne li\u015bcie zbiera si\u0119 przed kwitnieniem ro\u015blin, wykorzystuj\u0105c je w postaci \u015bwie\u017cej lub suszonej. \u015awie\u017ce mo\u017cna dodawa\u0107 do kiszenia og\u00f3rk\u00f3w, da\u0144 z pomidor\u00f3w, suszone za\u015b do twarogu, sa\u0142atek, sos\u00f3w, zapiekanek, pieczonych mi\u0119s i ryb. S\u0105 szeroko stosowane w kuchni \u015br\u00f3dziemnomorskiej. Picie naparu z li\u015bci bazylii \u0142agodzi kaszel, u\u0142atwia trawienie, zalecane jest tak\u017ce przy zapaleniu dr\u00f3g moczowych. Ro\u015blina dorasta do 50 cm wysoko\u015bci, nadaje si\u0119 do uprawy w donicach, pojemnikach, ogr\u00f3dkach zio\u0142owych. Nasiona nale\u017cy wysiewa\u0107 od kwietnia do maja do skrzynek lub w maju wprost na miejsce sta\u0142e. W temp. 20-25 \u00b0C wschody trwaj\u0105 7-14 dni. Rozsad\u0119 wysadza\u0107 w drugiej po\u0142owie maja (gdy minie obawa przymrozk\u00f3w) &#8211; w rz\u0119dy co 30 cm. Lubi stanowisko os\u0142oni\u0119te, s\u0142oneczne. Specyfikacja: Termin wysiewu wprost do gruntu: V. Wysoko\u015b\u0107: 50 cm. Waga: 0,005 kg. Producent: W. Legutko.<\/p>\n","protected":false},"excerpt":{"rendered":"<p>Nasiona Bazylia w\u0142a\u015bciwa &#8211; zielone 0,5g. Bazylia w\u0142a\u015bciwa to bardzo popularna ro\u015blina jednoroczna wykorzystywana g\u0142\u00f3wnie w celach kulinarnych i zio\u0142olecznictwie. Aromatyczne li\u015bcie zbiera si\u0119 przed kwitnieniem ro\u015blin, wykorzystuj\u0105c je w postaci \u015bwie\u017cej lub suszonej. \u015awie\u017ce mo\u017cna dodawa\u0107 do kiszenia og\u00f3rk\u00f3w, da\u0144 z pomidor\u00f3w, suszone za\u015b do twarogu, sa\u0142atek, sos\u00f3w, zapiekanek, pieczonych mi\u0119s i ryb. S\u0105 &#8230; <a title=\"Nasiona Bazylia w\u0142a\u015bciwa &#8211; zielone 0,5g\" class=\"read-more\" href=\"https:\/\/selleetools.com\/pl\/product\/nasiona-bazylia-wlasciwa-zielone-05g\/\">Read more<span class=\"screen-reader-text\">Nasiona Bazylia w\u0142a\u015bciwa &#8211; zielone 0,5g<\/span><\/a><\/p>\n","protected":false},"featured_media":674587,"comment_status":"open","ping_status":"closed","template":"","meta":{"_links_to":"","_links_to_target":""},"yoast_head":"<!-- This site is optimized with the Yoast SEO plugin v19.4 - https:\/\/yoast.com\/wordpress\/plugins\/seo\/ -->\n<title>Nasiona Bazylia w\u0142a\u015bciwa - zielone 0,5g - Selleetools.com<\/title>\n<meta name=\"robots\" content=\"index, follow, max-snippet:-1, max-image-preview:large, max-video-preview:-1\" \/>\n<link rel=\"canonical\" href=\"https:\/\/admincentral.selleetools.com\/pl\/product\/nasiona-bazylia-wlasciwa-zielone-05g\/\" \/>\n<meta property=\"og:locale\" content=\"pl_PL\" \/>\n<meta property=\"og:type\" content=\"article\" \/>\n<meta property=\"og:title\" content=\"Nasiona Bazylia w\u0142a\u015bciwa - zielone 0,5g - Selleetools.com\" \/>\n<meta property=\"og:description\" content=\"Nasiona Bazylia w\u0142a\u015bciwa &#8211; zielone 0,5g. Bazylia w\u0142a\u015bciwa to bardzo popularna ro\u015blina jednoroczna wykorzystywana g\u0142\u00f3wnie w celach kulinarnych i zio\u0142olecznictwie. Aromatyczne li\u015bcie zbiera si\u0119 przed kwitnieniem ro\u015blin, wykorzystuj\u0105c je w postaci \u015bwie\u017cej lub suszonej. \u015awie\u017ce mo\u017cna dodawa\u0107 do kiszenia og\u00f3rk\u00f3w, da\u0144 z pomidor\u00f3w, suszone za\u015b do twarogu, sa\u0142atek, sos\u00f3w, zapiekanek, pieczonych mi\u0119s i ryb. S\u0105 ... Read moreNasiona Bazylia w\u0142a\u015bciwa &#8211; zielone 0,5g\" \/>\n<meta property=\"og:url\" content=\"https:\/\/admincentral.selleetools.com\/pl\/product\/nasiona-bazylia-wlasciwa-zielone-05g\/\" \/>\n<meta property=\"og:site_name\" content=\"Selleetools.com\" \/>\n<meta property=\"article:modified_time\" content=\"2026-04-09T09:27:28+00:00\" \/>\n<meta property=\"og:image\" content=\"https:\/\/selleetools.com\/wp-content\/uploads\/2026\/02\/c83b9cd315db418ac85e7d386e1d11a4.jpg\" \/>\n\t<meta property=\"og:image:width\" content=\"640\" \/>\n\t<meta property=\"og:image:height\" content=\"640\" \/>\n\t<meta property=\"og:image:type\" content=\"image\/jpeg\" \/>\n<meta name=\"twitter:card\" content=\"summary_large_image\" \/>\n<meta name=\"twitter:label1\" content=\"Est. reading time\" \/>\n\t<meta name=\"twitter:data1\" content=\"2 minuty\" \/>\n<!-- \/ Yoast SEO plugin. -->","yoast_head_json":{"title":"Nasiona Bazylia w\u0142a\u015bciwa - zielone 0,5g - Selleetools.com","robots":{"index":"index","follow":"follow","max-snippet":"max-snippet:-1","max-image-preview":"max-image-preview:large","max-video-preview":"max-video-preview:-1"},"canonical":"https:\/\/admincentral.selleetools.com\/pl\/product\/nasiona-bazylia-wlasciwa-zielone-05g\/","og_locale":"pl_PL","og_type":"article","og_title":"Nasiona Bazylia w\u0142a\u015bciwa - zielone 0,5g - Selleetools.com","og_description":"Nasiona Bazylia w\u0142a\u015bciwa &#8211; zielone 0,5g. Bazylia w\u0142a\u015bciwa to bardzo popularna ro\u015blina jednoroczna wykorzystywana g\u0142\u00f3wnie w celach kulinarnych i zio\u0142olecznictwie. Aromatyczne li\u015bcie zbiera si\u0119 przed kwitnieniem ro\u015blin, wykorzystuj\u0105c je w postaci \u015bwie\u017cej lub suszonej. \u015awie\u017ce mo\u017cna dodawa\u0107 do kiszenia og\u00f3rk\u00f3w, da\u0144 z pomidor\u00f3w, suszone za\u015b do twarogu, sa\u0142atek, sos\u00f3w, zapiekanek, pieczonych mi\u0119s i ryb. S\u0105 ... Read moreNasiona Bazylia w\u0142a\u015bciwa &#8211; zielone 0,5g","og_url":"https:\/\/admincentral.selleetools.com\/pl\/product\/nasiona-bazylia-wlasciwa-zielone-05g\/","og_site_name":"Selleetools.com","article_modified_time":"2026-04-09T09:27:28+00:00","og_image":[{"width":640,"height":640,"url":"https:\/\/selleetools.com\/wp-content\/uploads\/2026\/02\/c83b9cd315db418ac85e7d386e1d11a4.jpg","type":"image\/jpeg"}],"twitter_card":"summary_large_image","twitter_misc":{"Est. reading time":"2 minuty"},"schema":{"@context":"https:\/\/schema.org","@graph":[{"@type":"Organization","@id":"https:\/\/selleetools.com\/#organization","name":"Selleetools","url":"https:\/\/selleetools.com\/","sameAs":[],"logo":{"@type":"ImageObject","inLanguage":"pl-PL","@id":"https:\/\/selleetools.com\/#\/schema\/logo\/image\/","url":"https:\/\/selleetools.com\/wp-content\/uploads\/2021\/10\/logo-dark.png","contentUrl":"https:\/\/selleetools.com\/wp-content\/uploads\/2021\/10\/logo-dark.png","width":320,"height":76,"caption":"Selleetools"},"image":{"@id":"https:\/\/selleetools.com\/#\/schema\/logo\/image\/"}},{"@type":"WebSite","@id":"https:\/\/selleetools.com\/#website","url":"https:\/\/selleetools.com\/","name":"Selleetools.com","description":"","publisher":{"@id":"https:\/\/selleetools.com\/#organization"},"potentialAction":[{"@type":"SearchAction","target":{"@type":"EntryPoint","urlTemplate":"https:\/\/selleetools.com\/?s={search_term_string}"},"query-input":"required name=search_term_string"}],"inLanguage":"pl-PL"},{"@type":"WebPage","@id":"https:\/\/admincentral.selleetools.com\/pl\/product\/nasiona-bazylia-wlasciwa-zielone-05g\/","url":"https:\/\/admincentral.selleetools.com\/pl\/product\/nasiona-bazylia-wlasciwa-zielone-05g\/","name":"Nasiona Bazylia w\u0142a\u015bciwa - zielone 0,5g - Selleetools.com","isPartOf":{"@id":"https:\/\/selleetools.com\/#website"},"datePublished":"2026-02-19T15:18:42+00:00","dateModified":"2026-04-09T09:27:28+00:00","breadcrumb":{"@id":"https:\/\/admincentral.selleetools.com\/pl\/product\/nasiona-bazylia-wlasciwa-zielone-05g\/#breadcrumb"},"inLanguage":"pl-PL","potentialAction":[{"@type":"ReadAction","target":["https:\/\/admincentral.selleetools.com\/pl\/product\/nasiona-bazylia-wlasciwa-zielone-05g\/"]}]},{"@type":"BreadcrumbList","@id":"https:\/\/admincentral.selleetools.com\/pl\/product\/nasiona-bazylia-wlasciwa-zielone-05g\/#breadcrumb","itemListElement":[{"@type":"ListItem","position":1,"name":"Home","item":"https:\/\/selleetools.com\/pl\/"},{"@type":"ListItem","position":2,"name":"Katalog","item":"https:\/\/selleetools.com\/pl\/katalog\/"},{"@type":"ListItem","position":3,"name":"Nasiona Bazylia w\u0142a\u015bciwa &#8211; zielone 0,5g"}]}]}},"_links":{"self":[{"href":"https:\/\/selleetools.com\/pl\/wp-json\/wp\/v2\/product\/674591"}],"collection":[{"href":"https:\/\/selleetools.com\/pl\/wp-json\/wp\/v2\/product"}],"about":[{"href":"https:\/\/selleetools.com\/pl\/wp-json\/wp\/v2\/types\/product"}],"replies":[{"embeddable":true,"href":"https:\/\/selleetools.com\/pl\/wp-json\/wp\/v2\/comments?post=674591"}],"wp:featuredmedia":[{"embeddable":true,"href":"https:\/\/selleetools.com\/pl\/wp-json\/wp\/v2\/media\/674587"}],"wp:attachment":[{"href":"https:\/\/selleetools.com\/pl\/wp-json\/wp\/v2\/media?parent=674591"}],"curies":[{"name":"wp","href":"https:\/\/api.w.org\/{rel}","templated":true}]}}