{"id":674581,"date":"2026-02-19T16:18:36","date_gmt":"2026-02-19T15:18:36","guid":{"rendered":"https:\/\/selleetools.com\/?post_type=product&#038;p=674581"},"modified":"2026-04-09T11:27:27","modified_gmt":"2026-04-09T09:27:27","slug":"nasiona-bomby-kwietne-mieszanka-balkonowa-5-szt","status":"publish","type":"product","link":"https:\/\/selleetools.com\/pl\/product\/nasiona-bomby-kwietne-mieszanka-balkonowa-5-szt\/","title":{"rendered":"Nasiona Bomby Kwietne &#8211; Mieszanka balkonowa, 5 szt."},"content":{"rendered":"<p>Nasiona Bomby Kwietne &#8211; Mieszanka balkonowa 5 szt. Nasiona Bomby Kwietne to specjalna mieszanka nasion jednorocznych ro\u015blin ozdobnych wymieszanych z pod\u0142o\u017cem. Nasiona w kszta\u0142cie ma\u0142ych kul &#8211; 5 sztuk w zestawie. Po rozwini\u0119ciu kul uzyskamy kolorow\u0105, r\u00f3\u017cnorodn\u0105, przyjazn\u0105 owadom kompozycj\u0119 kwietn\u0105. Bomby idealnie nadaj\u0105 si\u0119 do pojemnik\u00f3w, pustych miejsc w ogrodzie lub przestrzeni miejskich. Zalety: bardzo \u0142atwe w u\u017cyciu, wymagaj\u0105 podlewania tylko w pocz\u0105tkowej fazie wzrostu, wybrane gatunki odporne na niesprzyjaj\u0105ce warunki atmosferyczne.<br \/>\nNajlepsze stanowisko dla kul, to miejsce s\u0142oneczne i wilgotne. Wcze\u015bniejsze przygotowanie ziemi (przekopanie, usuni\u0119cie korzeni i innych cz\u0119\u015bci ro\u015blin) zapewni lepszy wzrost ro\u015blin.<br \/>\nMo\u017cna je zasadzi\u0107 na dwa spopsoby.<br \/>\n1.Spos\u00f3b: Umie\u015b\u0107 kule w ziemi na g\u0142\u0119boko\u015b\u0107 ok. 2 cm, podlej. W miar\u0119 mo\u017cliwo\u015bci utrzymuj sta\u0142\u0105 wilgotno\u015b\u0107 gleby przez oko\u0142o miesi\u0105c od wysiewu. Jest to bardziej pewna metoda ze wzgl\u0119du na mo\u017cliwo\u015b\u0107 kontroli wilgotno\u015bci pod\u0142o\u017ca.<br \/>\n2.Spos\u00f3b: Namocz kule i w deszczow\u0105, wilgotn\u0105 pogod\u0119 rzu\u0107 w wybrane przez Ciebie miejsce. Alternatywny spos\u00f3b pozwalaj\u0105cy naturze zadecydowa\u0107 o terminie i ilo\u015bci wykie\u0142kowanych nasion.<br \/>\nSpecyfikacja: 1 bomba = 0,5 m\u00b2. Odpowiedni termin wysiewu: III-V. Termin kwitnienia: V-IX. Wysoko\u015b\u0107 ro\u015blin: 20 &#8211; 60cm. Producent: W. Legutko.<\/p>\n<p>Nasiona Bomby Kwietne &#8211; Mieszanka balkonowa 5 szt. Nasiona Bomby Kwietne to specjalna mieszanka nasion jednorocznych ro\u015blin ozdobnych wymieszanych z pod\u0142o\u017cem. Nasiona w kszta\u0142cie ma\u0142ych kul &#8211; 5 sztuk w zestawie. Po rozwini\u0119ciu kul uzyskamy kolorow\u0105, r\u00f3\u017cnorodn\u0105, przyjazn\u0105 owadom kompozycj\u0119 kwietn\u0105. Bomby idealnie nadaj\u0105 si\u0119 do pojemnik\u00f3w, pustych miejsc w ogrodzie lub przestrzeni miejskich. Zalety: bardzo \u0142atwe w u\u017cyciu, wymagaj\u0105 podlewania tylko w pocz\u0105tkowej fazie wzrostu, wybrane gatunki odporne na niesprzyjaj\u0105ce warunki atmosferyczne.<br \/>\nNajlepsze stanowisko dla kul, to miejsce s\u0142oneczne i wilgotne. Wcze\u015bniejsze przygotowanie ziemi (przekopanie, usuni\u0119cie korzeni i innych cz\u0119\u015bci ro\u015blin) zapewni lepszy wzrost ro\u015blin.<br \/>\nMo\u017cna je zasadzi\u0107 na dwa spopsoby.<br \/>\n1.Spos\u00f3b: Umie\u015b\u0107 kule w ziemi na g\u0142\u0119boko\u015b\u0107 ok. 2 cm, podlej. W miar\u0119 mo\u017cliwo\u015bci utrzymuj sta\u0142\u0105 wilgotno\u015b\u0107 gleby przez oko\u0142o miesi\u0105c od wysiewu. Jest to bardziej pewna metoda ze wzgl\u0119du na mo\u017cliwo\u015b\u0107 kontroli wilgotno\u015bci pod\u0142o\u017ca.<br \/>\n2.Spos\u00f3b: Namocz kule i w deszczow\u0105, wilgotn\u0105 pogod\u0119 rzu\u0107 w wybrane przez Ciebie miejsce. Alternatywny spos\u00f3b pozwalaj\u0105cy naturze zadecydowa\u0107 o terminie i ilo\u015bci wykie\u0142kowanych nasion.<br \/>\nSpecyfikacja: 1 bomba = 0,5 m\u00b2. Odpowiedni termin wysiewu: III-V. Termin kwitnienia: V-IX. Wysoko\u015b\u0107 ro\u015blin: 20 &#8211; 60cm. Producent: W. Legutko.<\/p>\n","protected":false},"excerpt":{"rendered":"<p>Nasiona Bomby Kwietne &#8211; Mieszanka balkonowa 5 szt. Nasiona Bomby Kwietne to specjalna mieszanka nasion jednorocznych ro\u015blin ozdobnych wymieszanych z pod\u0142o\u017cem. Nasiona w kszta\u0142cie ma\u0142ych kul &#8211; 5 sztuk w zestawie. Po rozwini\u0119ciu kul uzyskamy kolorow\u0105, r\u00f3\u017cnorodn\u0105, przyjazn\u0105 owadom kompozycj\u0119 kwietn\u0105. Bomby idealnie nadaj\u0105 si\u0119 do pojemnik\u00f3w, pustych miejsc w ogrodzie lub przestrzeni miejskich. Zalety: &#8230; <a title=\"Nasiona Bomby Kwietne &#8211; Mieszanka balkonowa, 5 szt.\" class=\"read-more\" href=\"https:\/\/selleetools.com\/pl\/product\/nasiona-bomby-kwietne-mieszanka-balkonowa-5-szt\/\">Read more<span class=\"screen-reader-text\">Nasiona Bomby Kwietne &#8211; Mieszanka balkonowa, 5 szt.<\/span><\/a><\/p>\n","protected":false},"featured_media":674577,"comment_status":"open","ping_status":"closed","template":"","meta":{"_links_to":"","_links_to_target":""},"yoast_head":"<!-- This site is optimized with the Yoast SEO plugin v19.4 - https:\/\/yoast.com\/wordpress\/plugins\/seo\/ -->\n<title>Nasiona Bomby Kwietne - Mieszanka balkonowa, 5 szt. - Selleetools.com<\/title>\n<meta name=\"robots\" content=\"index, follow, max-snippet:-1, max-image-preview:large, max-video-preview:-1\" \/>\n<link rel=\"canonical\" href=\"https:\/\/admincentral.selleetools.com\/pl\/product\/nasiona-bomby-kwietne-mieszanka-balkonowa-5-szt\/\" \/>\n<meta property=\"og:locale\" content=\"pl_PL\" \/>\n<meta property=\"og:type\" content=\"article\" \/>\n<meta property=\"og:title\" content=\"Nasiona Bomby Kwietne - Mieszanka balkonowa, 5 szt. - Selleetools.com\" \/>\n<meta property=\"og:description\" content=\"Nasiona Bomby Kwietne &#8211; Mieszanka balkonowa 5 szt. Nasiona Bomby Kwietne to specjalna mieszanka nasion jednorocznych ro\u015blin ozdobnych wymieszanych z pod\u0142o\u017cem. Nasiona w kszta\u0142cie ma\u0142ych kul &#8211; 5 sztuk w zestawie. Po rozwini\u0119ciu kul uzyskamy kolorow\u0105, r\u00f3\u017cnorodn\u0105, przyjazn\u0105 owadom kompozycj\u0119 kwietn\u0105. Bomby idealnie nadaj\u0105 si\u0119 do pojemnik\u00f3w, pustych miejsc w ogrodzie lub przestrzeni miejskich. Zalety: ... Read moreNasiona Bomby Kwietne &#8211; Mieszanka balkonowa, 5 szt.\" \/>\n<meta property=\"og:url\" content=\"https:\/\/admincentral.selleetools.com\/pl\/product\/nasiona-bomby-kwietne-mieszanka-balkonowa-5-szt\/\" \/>\n<meta property=\"og:site_name\" content=\"Selleetools.com\" \/>\n<meta property=\"article:modified_time\" content=\"2026-04-09T09:27:27+00:00\" \/>\n<meta property=\"og:image\" content=\"https:\/\/selleetools.com\/wp-content\/uploads\/2026\/02\/620b46e0aaeb1deeee1514bf7f34c5e2.jpg\" \/>\n\t<meta property=\"og:image:width\" content=\"640\" \/>\n\t<meta property=\"og:image:height\" content=\"640\" \/>\n\t<meta property=\"og:image:type\" content=\"image\/jpeg\" \/>\n<meta name=\"twitter:card\" content=\"summary_large_image\" \/>\n<meta name=\"twitter:label1\" content=\"Est. reading time\" \/>\n\t<meta name=\"twitter:data1\" content=\"2 minuty\" \/>\n<!-- \/ Yoast SEO plugin. -->","yoast_head_json":{"title":"Nasiona Bomby Kwietne - Mieszanka balkonowa, 5 szt. - Selleetools.com","robots":{"index":"index","follow":"follow","max-snippet":"max-snippet:-1","max-image-preview":"max-image-preview:large","max-video-preview":"max-video-preview:-1"},"canonical":"https:\/\/admincentral.selleetools.com\/pl\/product\/nasiona-bomby-kwietne-mieszanka-balkonowa-5-szt\/","og_locale":"pl_PL","og_type":"article","og_title":"Nasiona Bomby Kwietne - Mieszanka balkonowa, 5 szt. - Selleetools.com","og_description":"Nasiona Bomby Kwietne &#8211; Mieszanka balkonowa 5 szt. Nasiona Bomby Kwietne to specjalna mieszanka nasion jednorocznych ro\u015blin ozdobnych wymieszanych z pod\u0142o\u017cem. Nasiona w kszta\u0142cie ma\u0142ych kul &#8211; 5 sztuk w zestawie. Po rozwini\u0119ciu kul uzyskamy kolorow\u0105, r\u00f3\u017cnorodn\u0105, przyjazn\u0105 owadom kompozycj\u0119 kwietn\u0105. Bomby idealnie nadaj\u0105 si\u0119 do pojemnik\u00f3w, pustych miejsc w ogrodzie lub przestrzeni miejskich. Zalety: ... Read moreNasiona Bomby Kwietne &#8211; Mieszanka balkonowa, 5 szt.","og_url":"https:\/\/admincentral.selleetools.com\/pl\/product\/nasiona-bomby-kwietne-mieszanka-balkonowa-5-szt\/","og_site_name":"Selleetools.com","article_modified_time":"2026-04-09T09:27:27+00:00","og_image":[{"width":640,"height":640,"url":"https:\/\/selleetools.com\/wp-content\/uploads\/2026\/02\/620b46e0aaeb1deeee1514bf7f34c5e2.jpg","type":"image\/jpeg"}],"twitter_card":"summary_large_image","twitter_misc":{"Est. reading time":"2 minuty"},"schema":{"@context":"https:\/\/schema.org","@graph":[{"@type":"Organization","@id":"https:\/\/selleetools.com\/#organization","name":"Selleetools","url":"https:\/\/selleetools.com\/","sameAs":[],"logo":{"@type":"ImageObject","inLanguage":"pl-PL","@id":"https:\/\/selleetools.com\/#\/schema\/logo\/image\/","url":"https:\/\/selleetools.com\/wp-content\/uploads\/2021\/10\/logo-dark.png","contentUrl":"https:\/\/selleetools.com\/wp-content\/uploads\/2021\/10\/logo-dark.png","width":320,"height":76,"caption":"Selleetools"},"image":{"@id":"https:\/\/selleetools.com\/#\/schema\/logo\/image\/"}},{"@type":"WebSite","@id":"https:\/\/selleetools.com\/#website","url":"https:\/\/selleetools.com\/","name":"Selleetools.com","description":"","publisher":{"@id":"https:\/\/selleetools.com\/#organization"},"potentialAction":[{"@type":"SearchAction","target":{"@type":"EntryPoint","urlTemplate":"https:\/\/selleetools.com\/?s={search_term_string}"},"query-input":"required name=search_term_string"}],"inLanguage":"pl-PL"},{"@type":"WebPage","@id":"https:\/\/admincentral.selleetools.com\/pl\/product\/nasiona-bomby-kwietne-mieszanka-balkonowa-5-szt\/","url":"https:\/\/admincentral.selleetools.com\/pl\/product\/nasiona-bomby-kwietne-mieszanka-balkonowa-5-szt\/","name":"Nasiona Bomby Kwietne - Mieszanka balkonowa, 5 szt. - Selleetools.com","isPartOf":{"@id":"https:\/\/selleetools.com\/#website"},"datePublished":"2026-02-19T15:18:36+00:00","dateModified":"2026-04-09T09:27:27+00:00","breadcrumb":{"@id":"https:\/\/admincentral.selleetools.com\/pl\/product\/nasiona-bomby-kwietne-mieszanka-balkonowa-5-szt\/#breadcrumb"},"inLanguage":"pl-PL","potentialAction":[{"@type":"ReadAction","target":["https:\/\/admincentral.selleetools.com\/pl\/product\/nasiona-bomby-kwietne-mieszanka-balkonowa-5-szt\/"]}]},{"@type":"BreadcrumbList","@id":"https:\/\/admincentral.selleetools.com\/pl\/product\/nasiona-bomby-kwietne-mieszanka-balkonowa-5-szt\/#breadcrumb","itemListElement":[{"@type":"ListItem","position":1,"name":"Home","item":"https:\/\/selleetools.com\/pl\/"},{"@type":"ListItem","position":2,"name":"Katalog","item":"https:\/\/selleetools.com\/pl\/katalog\/"},{"@type":"ListItem","position":3,"name":"Nasiona Bomby Kwietne &#8211; Mieszanka balkonowa, 5 szt."}]}]}},"_links":{"self":[{"href":"https:\/\/selleetools.com\/pl\/wp-json\/wp\/v2\/product\/674581"}],"collection":[{"href":"https:\/\/selleetools.com\/pl\/wp-json\/wp\/v2\/product"}],"about":[{"href":"https:\/\/selleetools.com\/pl\/wp-json\/wp\/v2\/types\/product"}],"replies":[{"embeddable":true,"href":"https:\/\/selleetools.com\/pl\/wp-json\/wp\/v2\/comments?post=674581"}],"wp:featuredmedia":[{"embeddable":true,"href":"https:\/\/selleetools.com\/pl\/wp-json\/wp\/v2\/media\/674577"}],"wp:attachment":[{"href":"https:\/\/selleetools.com\/pl\/wp-json\/wp\/v2\/media?parent=674581"}],"curies":[{"name":"wp","href":"https:\/\/api.w.org\/{rel}","templated":true}]}}