{"id":674573,"date":"2026-02-19T16:18:30","date_gmt":"2026-02-19T15:18:30","guid":{"rendered":"https:\/\/selleetools.com\/?post_type=product&#038;p=674573"},"modified":"2026-04-09T11:27:26","modified_gmt":"2026-04-09T09:27:26","slug":"nasiona-bio-kukurydza-cukrowa-golden-bantam-10g","status":"publish","type":"product","link":"https:\/\/selleetools.com\/pl\/product\/nasiona-bio-kukurydza-cukrowa-golden-bantam-10g\/","title":{"rendered":"Nasiona BIO, Kukurydza cukrowa Golden Bantam 10g"},"content":{"rendered":"<p>Nasiona BIO &#8211; Kukurydza cukrowa Golden Bantam 10g. Nasiona pochodz\u0105ce z upraw ekologicznych. Kukurydza cukrowa Golden Bantam to ro\u015blina jednoroczna. Odmiana \u015brednio wczesna o \u017c\u00f3\u0142topomara\u0144czowych, bardzo s\u0142odkich nasionach. Polecana do bezpo\u015bredniego spo\u017cycia lub na przetwory. Wymaga stanowiska s\u0142onecznego. Wysiew pod os\u0142ony (tunele foliowe, szklarnie) w kwietniu natomiast wysiew wprost do gruntu w maju. Kupuj\u0105c nasiona ekologiczne dbasz o \u015brodowisko, zdrowie i przysz\u0142o\u015b\u0107 naszej planety. Wyprodukowano je bez u\u017cycia \u015brodk\u00f3w chemicznych i nawoz\u00f3w sztucznych, zgodnie z normami UE. Produkt naturalny &#8211; nie zawiera nasion GMO. Nasiona przeznaczone tylko do uprawy amatorskiej. Dane techniczne: Waga: 0,010 kg. Producent: W. Legutko.<\/p>\n<p>Nasiona BIO &#8211; Kukurydza cukrowa Golden Bantam 10g. Nasiona pochodz\u0105ce z upraw ekologicznych. Kukurydza cukrowa Golden Bantam to ro\u015blina jednoroczna. Odmiana \u015brednio wczesna o \u017c\u00f3\u0142topomara\u0144czowych, bardzo s\u0142odkich nasionach. Polecana do bezpo\u015bredniego spo\u017cycia lub na przetwory. Wymaga stanowiska s\u0142onecznego. Wysiew pod os\u0142ony (tunele foliowe, szklarnie) w kwietniu natomiast wysiew wprost do gruntu w maju. Kupuj\u0105c nasiona ekologiczne dbasz o \u015brodowisko, zdrowie i przysz\u0142o\u015b\u0107 naszej planety. Wyprodukowano je bez u\u017cycia \u015brodk\u00f3w chemicznych i nawoz\u00f3w sztucznych, zgodnie z normami UE. Produkt naturalny &#8211; nie zawiera nasion GMO. Nasiona przeznaczone tylko do uprawy amatorskiej. Dane techniczne: Waga: 0,010 kg. Producent: W. Legutko.<\/p>\n","protected":false},"excerpt":{"rendered":"<p>Nasiona BIO &#8211; Kukurydza cukrowa Golden Bantam 10g. Nasiona pochodz\u0105ce z upraw ekologicznych. Kukurydza cukrowa Golden Bantam to ro\u015blina jednoroczna. Odmiana \u015brednio wczesna o \u017c\u00f3\u0142topomara\u0144czowych, bardzo s\u0142odkich nasionach. Polecana do bezpo\u015bredniego spo\u017cycia lub na przetwory. Wymaga stanowiska s\u0142onecznego. Wysiew pod os\u0142ony (tunele foliowe, szklarnie) w kwietniu natomiast wysiew wprost do gruntu w maju. Kupuj\u0105c nasiona &#8230; <a title=\"Nasiona BIO, Kukurydza cukrowa Golden Bantam 10g\" class=\"read-more\" href=\"https:\/\/selleetools.com\/pl\/product\/nasiona-bio-kukurydza-cukrowa-golden-bantam-10g\/\">Read more<span class=\"screen-reader-text\">Nasiona BIO, Kukurydza cukrowa Golden Bantam 10g<\/span><\/a><\/p>\n","protected":false},"featured_media":674571,"comment_status":"open","ping_status":"closed","template":"","meta":{"_links_to":"","_links_to_target":""},"yoast_head":"<!-- This site is optimized with the Yoast SEO plugin v19.4 - https:\/\/yoast.com\/wordpress\/plugins\/seo\/ -->\n<title>Nasiona BIO, Kukurydza cukrowa Golden Bantam 10g - Selleetools.com<\/title>\n<meta name=\"robots\" content=\"index, follow, max-snippet:-1, max-image-preview:large, max-video-preview:-1\" \/>\n<link rel=\"canonical\" href=\"https:\/\/admincentral.selleetools.com\/product\/nasiona-bio-kukurydza-cukrowa-golden-bantam-10g\/\" \/>\n<meta property=\"og:locale\" content=\"pl_PL\" \/>\n<meta property=\"og:type\" content=\"article\" \/>\n<meta property=\"og:title\" content=\"Nasiona BIO, Kukurydza cukrowa Golden Bantam 10g - Selleetools.com\" \/>\n<meta property=\"og:description\" content=\"Nasiona BIO &#8211; Kukurydza cukrowa Golden Bantam 10g. Nasiona pochodz\u0105ce z upraw ekologicznych. Kukurydza cukrowa Golden Bantam to ro\u015blina jednoroczna. Odmiana \u015brednio wczesna o \u017c\u00f3\u0142topomara\u0144czowych, bardzo s\u0142odkich nasionach. Polecana do bezpo\u015bredniego spo\u017cycia lub na przetwory. Wymaga stanowiska s\u0142onecznego. Wysiew pod os\u0142ony (tunele foliowe, szklarnie) w kwietniu natomiast wysiew wprost do gruntu w maju. Kupuj\u0105c nasiona ... Read moreNasiona BIO, Kukurydza cukrowa Golden Bantam 10g\" \/>\n<meta property=\"og:url\" content=\"https:\/\/admincentral.selleetools.com\/product\/nasiona-bio-kukurydza-cukrowa-golden-bantam-10g\/\" \/>\n<meta property=\"og:site_name\" content=\"Selleetools.com\" \/>\n<meta property=\"article:modified_time\" content=\"2026-04-09T09:27:26+00:00\" \/>\n<meta property=\"og:image\" content=\"https:\/\/selleetools.com\/wp-content\/uploads\/2026\/02\/569d89b4cbfcad7ba2e453217989f4c0.jpg\" \/>\n\t<meta property=\"og:image:width\" content=\"640\" \/>\n\t<meta property=\"og:image:height\" content=\"640\" \/>\n\t<meta property=\"og:image:type\" content=\"image\/jpeg\" \/>\n<meta name=\"twitter:card\" content=\"summary_large_image\" \/>\n<meta name=\"twitter:label1\" content=\"Est. reading time\" \/>\n\t<meta name=\"twitter:data1\" content=\"1 minuta\" \/>\n<!-- \/ Yoast SEO plugin. -->","yoast_head_json":{"title":"Nasiona BIO, Kukurydza cukrowa Golden Bantam 10g - Selleetools.com","robots":{"index":"index","follow":"follow","max-snippet":"max-snippet:-1","max-image-preview":"max-image-preview:large","max-video-preview":"max-video-preview:-1"},"canonical":"https:\/\/admincentral.selleetools.com\/product\/nasiona-bio-kukurydza-cukrowa-golden-bantam-10g\/","og_locale":"pl_PL","og_type":"article","og_title":"Nasiona BIO, Kukurydza cukrowa Golden Bantam 10g - Selleetools.com","og_description":"Nasiona BIO &#8211; Kukurydza cukrowa Golden Bantam 10g. Nasiona pochodz\u0105ce z upraw ekologicznych. Kukurydza cukrowa Golden Bantam to ro\u015blina jednoroczna. Odmiana \u015brednio wczesna o \u017c\u00f3\u0142topomara\u0144czowych, bardzo s\u0142odkich nasionach. Polecana do bezpo\u015bredniego spo\u017cycia lub na przetwory. Wymaga stanowiska s\u0142onecznego. Wysiew pod os\u0142ony (tunele foliowe, szklarnie) w kwietniu natomiast wysiew wprost do gruntu w maju. Kupuj\u0105c nasiona ... Read moreNasiona BIO, Kukurydza cukrowa Golden Bantam 10g","og_url":"https:\/\/admincentral.selleetools.com\/product\/nasiona-bio-kukurydza-cukrowa-golden-bantam-10g\/","og_site_name":"Selleetools.com","article_modified_time":"2026-04-09T09:27:26+00:00","og_image":[{"width":640,"height":640,"url":"https:\/\/selleetools.com\/wp-content\/uploads\/2026\/02\/569d89b4cbfcad7ba2e453217989f4c0.jpg","type":"image\/jpeg"}],"twitter_card":"summary_large_image","twitter_misc":{"Est. reading time":"1 minuta"},"schema":{"@context":"https:\/\/schema.org","@graph":[{"@type":"Organization","@id":"https:\/\/selleetools.com\/#organization","name":"Selleetools","url":"https:\/\/selleetools.com\/","sameAs":[],"logo":{"@type":"ImageObject","inLanguage":"pl-PL","@id":"https:\/\/selleetools.com\/#\/schema\/logo\/image\/","url":"https:\/\/selleetools.com\/wp-content\/uploads\/2021\/10\/logo-dark.png","contentUrl":"https:\/\/selleetools.com\/wp-content\/uploads\/2021\/10\/logo-dark.png","width":320,"height":76,"caption":"Selleetools"},"image":{"@id":"https:\/\/selleetools.com\/#\/schema\/logo\/image\/"}},{"@type":"WebSite","@id":"https:\/\/selleetools.com\/#website","url":"https:\/\/selleetools.com\/","name":"Selleetools.com","description":"","publisher":{"@id":"https:\/\/selleetools.com\/#organization"},"potentialAction":[{"@type":"SearchAction","target":{"@type":"EntryPoint","urlTemplate":"https:\/\/selleetools.com\/?s={search_term_string}"},"query-input":"required name=search_term_string"}],"inLanguage":"pl-PL"},{"@type":"WebPage","@id":"https:\/\/admincentral.selleetools.com\/product\/nasiona-bio-kukurydza-cukrowa-golden-bantam-10g\/","url":"https:\/\/admincentral.selleetools.com\/product\/nasiona-bio-kukurydza-cukrowa-golden-bantam-10g\/","name":"Nasiona BIO, Kukurydza cukrowa Golden Bantam 10g - Selleetools.com","isPartOf":{"@id":"https:\/\/selleetools.com\/#website"},"datePublished":"2026-02-19T15:18:30+00:00","dateModified":"2026-04-09T09:27:26+00:00","breadcrumb":{"@id":"https:\/\/admincentral.selleetools.com\/product\/nasiona-bio-kukurydza-cukrowa-golden-bantam-10g\/#breadcrumb"},"inLanguage":"pl-PL","potentialAction":[{"@type":"ReadAction","target":["https:\/\/admincentral.selleetools.com\/product\/nasiona-bio-kukurydza-cukrowa-golden-bantam-10g\/"]}]},{"@type":"BreadcrumbList","@id":"https:\/\/admincentral.selleetools.com\/product\/nasiona-bio-kukurydza-cukrowa-golden-bantam-10g\/#breadcrumb","itemListElement":[{"@type":"ListItem","position":1,"name":"Home","item":"https:\/\/selleetools.com\/pl\/"},{"@type":"ListItem","position":2,"name":"Katalog","item":"https:\/\/selleetools.com\/pl\/katalog\/"},{"@type":"ListItem","position":3,"name":"Nasiona BIO, Kukurydza cukrowa Golden Bantam 10g"}]}]}},"_links":{"self":[{"href":"https:\/\/selleetools.com\/pl\/wp-json\/wp\/v2\/product\/674573"}],"collection":[{"href":"https:\/\/selleetools.com\/pl\/wp-json\/wp\/v2\/product"}],"about":[{"href":"https:\/\/selleetools.com\/pl\/wp-json\/wp\/v2\/types\/product"}],"replies":[{"embeddable":true,"href":"https:\/\/selleetools.com\/pl\/wp-json\/wp\/v2\/comments?post=674573"}],"wp:featuredmedia":[{"embeddable":true,"href":"https:\/\/selleetools.com\/pl\/wp-json\/wp\/v2\/media\/674571"}],"wp:attachment":[{"href":"https:\/\/selleetools.com\/pl\/wp-json\/wp\/v2\/media?parent=674573"}],"curies":[{"name":"wp","href":"https:\/\/api.w.org\/{rel}","templated":true}]}}