{"id":674570,"date":"2026-02-19T16:18:28","date_gmt":"2026-02-19T15:18:28","guid":{"rendered":"https:\/\/selleetools.com\/?post_type=product&#038;p=674570"},"modified":"2026-04-09T11:27:25","modified_gmt":"2026-04-09T09:27:25","slug":"nasiona-bio-onetek-kosmos-sensation-mieszanka-1g","status":"publish","type":"product","link":"https:\/\/selleetools.com\/pl\/product\/nasiona-bio-onetek-kosmos-sensation-mieszanka-1g\/","title":{"rendered":"Nasiona BIO, On\u0119tek Kosmos Sensation mieszanka 1g"},"content":{"rendered":"<p>Nasiona BIO &#8211; On\u0119tek Kosmos Sensation mieszanka 1g. Nasiona pochodz\u0105ce z upraw ekologicznych. On\u0119tek Kosmos to ro\u015blina jednoroczna o licznych w odcieniach r\u00f3\u017cowych, karminowych, czerwonych i bia\u0142ych kwiatach. Idealna na wysokie kwietniki, kwiat ci\u0119ty i jako ro\u015blina os\u0142onowa. Kupuj\u0105c nasiona ekologiczne dbasz o \u015brodowisko, zdrowie i przysz\u0142o\u015b\u0107 naszej planety. Wyprodukowano je bez u\u017cycia \u015brodk\u00f3w chemicznych i nawoz\u00f3w sztucznych, zgodnie z normami UE. Produkt naturalny &#8211; nie zawiera nasion GMO. Nasiona przeznaczone tylko do uprawy amatorskiej. Dane techniczne: Waga: 0,001 kg. Producent: W. Legutko.<\/p>\n<p>Nasiona BIO &#8211; On\u0119tek Kosmos Sensation mieszanka 1g. Nasiona pochodz\u0105ce z upraw ekologicznych. On\u0119tek Kosmos to ro\u015blina jednoroczna o licznych w odcieniach r\u00f3\u017cowych, karminowych, czerwonych i bia\u0142ych kwiatach. Idealna na wysokie kwietniki, kwiat ci\u0119ty i jako ro\u015blina os\u0142onowa. Kupuj\u0105c nasiona ekologiczne dbasz o \u015brodowisko, zdrowie i przysz\u0142o\u015b\u0107 naszej planety. Wyprodukowano je bez u\u017cycia \u015brodk\u00f3w chemicznych i nawoz\u00f3w sztucznych, zgodnie z normami UE. Produkt naturalny &#8211; nie zawiera nasion GMO. Nasiona przeznaczone tylko do uprawy amatorskiej. Dane techniczne: Waga: 0,001 kg. Producent: W. Legutko.<\/p>\n","protected":false},"excerpt":{"rendered":"<p>Nasiona BIO &#8211; On\u0119tek Kosmos Sensation mieszanka 1g. Nasiona pochodz\u0105ce z upraw ekologicznych. On\u0119tek Kosmos to ro\u015blina jednoroczna o licznych w odcieniach r\u00f3\u017cowych, karminowych, czerwonych i bia\u0142ych kwiatach. Idealna na wysokie kwietniki, kwiat ci\u0119ty i jako ro\u015blina os\u0142onowa. Kupuj\u0105c nasiona ekologiczne dbasz o \u015brodowisko, zdrowie i przysz\u0142o\u015b\u0107 naszej planety. Wyprodukowano je bez u\u017cycia \u015brodk\u00f3w chemicznych &#8230; <a title=\"Nasiona BIO, On\u0119tek Kosmos Sensation mieszanka 1g\" class=\"read-more\" href=\"https:\/\/selleetools.com\/pl\/product\/nasiona-bio-onetek-kosmos-sensation-mieszanka-1g\/\">Read more<span class=\"screen-reader-text\">Nasiona BIO, On\u0119tek Kosmos Sensation mieszanka 1g<\/span><\/a><\/p>\n","protected":false},"featured_media":674568,"comment_status":"open","ping_status":"closed","template":"","meta":{"_links_to":"","_links_to_target":""},"yoast_head":"<!-- This site is optimized with the Yoast SEO plugin v19.4 - https:\/\/yoast.com\/wordpress\/plugins\/seo\/ -->\n<title>Nasiona BIO, On\u0119tek Kosmos Sensation mieszanka 1g - Selleetools.com<\/title>\n<meta name=\"robots\" content=\"index, follow, max-snippet:-1, max-image-preview:large, max-video-preview:-1\" \/>\n<link rel=\"canonical\" href=\"https:\/\/selleetools.com\/pl\/product\/nasiona-bio-onetek-kosmos-sensation-mieszanka-1g\/\" \/>\n<meta property=\"og:locale\" content=\"pl_PL\" \/>\n<meta property=\"og:type\" content=\"article\" \/>\n<meta property=\"og:title\" content=\"Nasiona BIO, On\u0119tek Kosmos Sensation mieszanka 1g - Selleetools.com\" \/>\n<meta property=\"og:description\" content=\"Nasiona BIO &#8211; On\u0119tek Kosmos Sensation mieszanka 1g. Nasiona pochodz\u0105ce z upraw ekologicznych. On\u0119tek Kosmos to ro\u015blina jednoroczna o licznych w odcieniach r\u00f3\u017cowych, karminowych, czerwonych i bia\u0142ych kwiatach. Idealna na wysokie kwietniki, kwiat ci\u0119ty i jako ro\u015blina os\u0142onowa. Kupuj\u0105c nasiona ekologiczne dbasz o \u015brodowisko, zdrowie i przysz\u0142o\u015b\u0107 naszej planety. Wyprodukowano je bez u\u017cycia \u015brodk\u00f3w chemicznych ... Read moreNasiona BIO, On\u0119tek Kosmos Sensation mieszanka 1g\" \/>\n<meta property=\"og:url\" content=\"https:\/\/selleetools.com\/pl\/product\/nasiona-bio-onetek-kosmos-sensation-mieszanka-1g\/\" \/>\n<meta property=\"og:site_name\" content=\"Selleetools.com\" \/>\n<meta property=\"article:modified_time\" content=\"2026-04-09T09:27:25+00:00\" \/>\n<meta property=\"og:image\" content=\"https:\/\/selleetools.com\/wp-content\/uploads\/2026\/02\/b1d901aa9da6c7aac762652e99d203d5.jpg\" \/>\n\t<meta property=\"og:image:width\" content=\"640\" \/>\n\t<meta property=\"og:image:height\" content=\"640\" \/>\n\t<meta property=\"og:image:type\" content=\"image\/jpeg\" \/>\n<meta name=\"twitter:card\" content=\"summary_large_image\" \/>\n<meta name=\"twitter:label1\" content=\"Est. reading time\" \/>\n\t<meta name=\"twitter:data1\" content=\"1 minuta\" \/>\n<!-- \/ Yoast SEO plugin. -->","yoast_head_json":{"title":"Nasiona BIO, On\u0119tek Kosmos Sensation mieszanka 1g - Selleetools.com","robots":{"index":"index","follow":"follow","max-snippet":"max-snippet:-1","max-image-preview":"max-image-preview:large","max-video-preview":"max-video-preview:-1"},"canonical":"https:\/\/selleetools.com\/pl\/product\/nasiona-bio-onetek-kosmos-sensation-mieszanka-1g\/","og_locale":"pl_PL","og_type":"article","og_title":"Nasiona BIO, On\u0119tek Kosmos Sensation mieszanka 1g - Selleetools.com","og_description":"Nasiona BIO &#8211; On\u0119tek Kosmos Sensation mieszanka 1g. Nasiona pochodz\u0105ce z upraw ekologicznych. On\u0119tek Kosmos to ro\u015blina jednoroczna o licznych w odcieniach r\u00f3\u017cowych, karminowych, czerwonych i bia\u0142ych kwiatach. Idealna na wysokie kwietniki, kwiat ci\u0119ty i jako ro\u015blina os\u0142onowa. Kupuj\u0105c nasiona ekologiczne dbasz o \u015brodowisko, zdrowie i przysz\u0142o\u015b\u0107 naszej planety. Wyprodukowano je bez u\u017cycia \u015brodk\u00f3w chemicznych ... Read moreNasiona BIO, On\u0119tek Kosmos Sensation mieszanka 1g","og_url":"https:\/\/selleetools.com\/pl\/product\/nasiona-bio-onetek-kosmos-sensation-mieszanka-1g\/","og_site_name":"Selleetools.com","article_modified_time":"2026-04-09T09:27:25+00:00","og_image":[{"width":640,"height":640,"url":"https:\/\/selleetools.com\/wp-content\/uploads\/2026\/02\/b1d901aa9da6c7aac762652e99d203d5.jpg","type":"image\/jpeg"}],"twitter_card":"summary_large_image","twitter_misc":{"Est. reading time":"1 minuta"},"schema":{"@context":"https:\/\/schema.org","@graph":[{"@type":"Organization","@id":"https:\/\/selleetools.com\/#organization","name":"Selleetools","url":"https:\/\/selleetools.com\/","sameAs":[],"logo":{"@type":"ImageObject","inLanguage":"pl-PL","@id":"https:\/\/selleetools.com\/#\/schema\/logo\/image\/","url":"https:\/\/selleetools.com\/wp-content\/uploads\/2021\/10\/logo-dark.png","contentUrl":"https:\/\/selleetools.com\/wp-content\/uploads\/2021\/10\/logo-dark.png","width":320,"height":76,"caption":"Selleetools"},"image":{"@id":"https:\/\/selleetools.com\/#\/schema\/logo\/image\/"}},{"@type":"WebSite","@id":"https:\/\/selleetools.com\/#website","url":"https:\/\/selleetools.com\/","name":"Selleetools.com","description":"","publisher":{"@id":"https:\/\/selleetools.com\/#organization"},"potentialAction":[{"@type":"SearchAction","target":{"@type":"EntryPoint","urlTemplate":"https:\/\/selleetools.com\/?s={search_term_string}"},"query-input":"required name=search_term_string"}],"inLanguage":"pl-PL"},{"@type":"WebPage","@id":"https:\/\/selleetools.com\/pl\/product\/nasiona-bio-onetek-kosmos-sensation-mieszanka-1g\/","url":"https:\/\/selleetools.com\/pl\/product\/nasiona-bio-onetek-kosmos-sensation-mieszanka-1g\/","name":"Nasiona BIO, On\u0119tek Kosmos Sensation mieszanka 1g - Selleetools.com","isPartOf":{"@id":"https:\/\/selleetools.com\/#website"},"datePublished":"2026-02-19T15:18:28+00:00","dateModified":"2026-04-09T09:27:25+00:00","breadcrumb":{"@id":"https:\/\/selleetools.com\/pl\/product\/nasiona-bio-onetek-kosmos-sensation-mieszanka-1g\/#breadcrumb"},"inLanguage":"pl-PL","potentialAction":[{"@type":"ReadAction","target":["https:\/\/selleetools.com\/pl\/product\/nasiona-bio-onetek-kosmos-sensation-mieszanka-1g\/"]}]},{"@type":"BreadcrumbList","@id":"https:\/\/selleetools.com\/pl\/product\/nasiona-bio-onetek-kosmos-sensation-mieszanka-1g\/#breadcrumb","itemListElement":[{"@type":"ListItem","position":1,"name":"Home","item":"https:\/\/selleetools.com\/pl\/"},{"@type":"ListItem","position":2,"name":"Katalog","item":"https:\/\/selleetools.com\/pl\/katalog\/"},{"@type":"ListItem","position":3,"name":"Nasiona BIO, On\u0119tek Kosmos Sensation mieszanka 1g"}]}]}},"_links":{"self":[{"href":"https:\/\/selleetools.com\/pl\/wp-json\/wp\/v2\/product\/674570"}],"collection":[{"href":"https:\/\/selleetools.com\/pl\/wp-json\/wp\/v2\/product"}],"about":[{"href":"https:\/\/selleetools.com\/pl\/wp-json\/wp\/v2\/types\/product"}],"replies":[{"embeddable":true,"href":"https:\/\/selleetools.com\/pl\/wp-json\/wp\/v2\/comments?post=674570"}],"wp:featuredmedia":[{"embeddable":true,"href":"https:\/\/selleetools.com\/pl\/wp-json\/wp\/v2\/media\/674568"}],"wp:attachment":[{"href":"https:\/\/selleetools.com\/pl\/wp-json\/wp\/v2\/media?parent=674570"}],"curies":[{"name":"wp","href":"https:\/\/api.w.org\/{rel}","templated":true}]}}