{"id":674567,"date":"2026-02-19T16:18:25","date_gmt":"2026-02-19T15:18:25","guid":{"rendered":"https:\/\/selleetools.com\/?post_type=product&#038;p=674567"},"modified":"2026-04-09T11:27:25","modified_gmt":"2026-04-09T09:27:25","slug":"nasiona-prawdziwe-nasiona-ziemniaka","status":"publish","type":"product","link":"https:\/\/selleetools.com\/pl\/product\/nasiona-prawdziwe-nasiona-ziemniaka\/","title":{"rendered":"Nasiona, Prawdziwe nasiona ziemniaka"},"content":{"rendered":"<p>Prawdziwe nasiona ziermniaka. Nasiona ziemniaka to nietypowa propozycja uzyskania ziemniak\u00f3w. Nasiona daj\u0105 plony w pierwszym roku. Uzyskane bulwy maj\u0105 owalno-pod\u0142u\u017cnym kszta\u0142t, g\u0142adk\u0105 sk\u00f3rk\u0119 oraz lekko m\u0105czny i smaczny mi\u0105\u017csz. Ziemniak wyr\u00f3\u017cnia si\u0119 wysokimi walorami smakowymi oraz du\u017c\u0105 odporno\u015bci\u0105 na choroby.<br \/>\nNasiona nale\u017cy wysiewa\u0107 od ko\u0144ca kwietnia do po\u0142owy maja &#8211; do palet wysiewnych znajduj\u0105cych si\u0119 w szklarni lub w ogrzewanych tunelach foliowych, umieszczaj\u0105c po 1 nasionie na \u015brodku ka\u017cdej komory paletki. Do przygotowania rozsad zaleca si\u0119 u\u017cywa\u0107 ziemi lub substratu torfowego. Konieczne jest utrzymywanie sta\u0142ej wilgotno\u015bci pod\u0142o\u017ca, aby nie doprowadzi\u0107 do jego wyschni\u0119cia. Optymalna temperatura kie\u0142kowania wynosi od 16-22\u00b0C. Po ok. 4-5 tygodniach uzyska si\u0119 odpowiednio rozwini\u0119te sadzonki nadaj\u0105ce si\u0119 do wysadzenia do gruntu. Siewki ziemniaka uprawia &#8211; si\u0119 w radlinie (niewysokim wale ziemi), w rozstawie 75cm szeroko\u015bci. Wa\u017cne jest \u017ceby sadzonki wysadza\u0107 dopiero po przy mrozkach oraz umieszcza\u0107 je g\u0142\u0119boko w ziemi (70-80% ro\u015bliny powinno by\u0107 pod ziemi\u0105). Po wysadzeniu wszystkich sadzonek nale\u017cy je podla\u0107, natomiast w czasie wzrostu obsypywa\u0107 (radli\u0107) ro\u015bliny. Po 3-4 miesi\u0105cach rozpocznie si\u0119 okres plonowania. Producent: W. Legutko.<\/p>\n<p>Prawdziwe nasiona ziermniaka. Nasiona ziemniaka to nietypowa propozycja uzyskania ziemniak\u00f3w. Nasiona daj\u0105 plony w pierwszym roku. Uzyskane bulwy maj\u0105 owalno-pod\u0142u\u017cnym kszta\u0142t, g\u0142adk\u0105 sk\u00f3rk\u0119 oraz lekko m\u0105czny i smaczny mi\u0105\u017csz. Ziemniak wyr\u00f3\u017cnia si\u0119 wysokimi walorami smakowymi oraz du\u017c\u0105 odporno\u015bci\u0105 na choroby.<br \/>\nNasiona nale\u017cy wysiewa\u0107 od ko\u0144ca kwietnia do po\u0142owy maja &#8211; do palet wysiewnych znajduj\u0105cych si\u0119 w szklarni lub w ogrzewanych tunelach foliowych, umieszczaj\u0105c po 1 nasionie na \u015brodku ka\u017cdej komory paletki. Do przygotowania rozsad zaleca si\u0119 u\u017cywa\u0107 ziemi lub substratu torfowego. Konieczne jest utrzymywanie sta\u0142ej wilgotno\u015bci pod\u0142o\u017ca, aby nie doprowadzi\u0107 do jego wyschni\u0119cia. Optymalna temperatura kie\u0142kowania wynosi od 16-22\u00b0C. Po ok. 4-5 tygodniach uzyska si\u0119 odpowiednio rozwini\u0119te sadzonki nadaj\u0105ce si\u0119 do wysadzenia do gruntu. Siewki ziemniaka uprawia &#8211; si\u0119 w radlinie (niewysokim wale ziemi), w rozstawie 75cm szeroko\u015bci. Wa\u017cne jest \u017ceby sadzonki wysadza\u0107 dopiero po przy mrozkach oraz umieszcza\u0107 je g\u0142\u0119boko w ziemi (70-80% ro\u015bliny powinno by\u0107 pod ziemi\u0105). Po wysadzeniu wszystkich sadzonek nale\u017cy je podla\u0107, natomiast w czasie wzrostu obsypywa\u0107 (radli\u0107) ro\u015bliny. Po 3-4 miesi\u0105cach rozpocznie si\u0119 okres plonowania. Producent: W. Legutko.<\/p>\n","protected":false},"excerpt":{"rendered":"<p>Prawdziwe nasiona ziermniaka. Nasiona ziemniaka to nietypowa propozycja uzyskania ziemniak\u00f3w. Nasiona daj\u0105 plony w pierwszym roku. Uzyskane bulwy maj\u0105 owalno-pod\u0142u\u017cnym kszta\u0142t, g\u0142adk\u0105 sk\u00f3rk\u0119 oraz lekko m\u0105czny i smaczny mi\u0105\u017csz. Ziemniak wyr\u00f3\u017cnia si\u0119 wysokimi walorami smakowymi oraz du\u017c\u0105 odporno\u015bci\u0105 na choroby. Nasiona nale\u017cy wysiewa\u0107 od ko\u0144ca kwietnia do po\u0142owy maja &#8211; do palet wysiewnych znajduj\u0105cych si\u0119 &#8230; <a title=\"Nasiona, Prawdziwe nasiona ziemniaka\" class=\"read-more\" href=\"https:\/\/selleetools.com\/pl\/product\/nasiona-prawdziwe-nasiona-ziemniaka\/\">Read more<span class=\"screen-reader-text\">Nasiona, Prawdziwe nasiona ziemniaka<\/span><\/a><\/p>\n","protected":false},"featured_media":674563,"comment_status":"open","ping_status":"closed","template":"","meta":{"_links_to":"","_links_to_target":""},"yoast_head":"<!-- This site is optimized with the Yoast SEO plugin v19.4 - https:\/\/yoast.com\/wordpress\/plugins\/seo\/ -->\n<title>Nasiona, Prawdziwe nasiona ziemniaka - Selleetools.com<\/title>\n<meta name=\"robots\" content=\"index, follow, max-snippet:-1, max-image-preview:large, max-video-preview:-1\" \/>\n<link rel=\"canonical\" href=\"https:\/\/selleetools.com\/product\/nasiona-prawdziwe-nasiona-ziemniaka\/\" \/>\n<meta property=\"og:locale\" content=\"pl_PL\" \/>\n<meta property=\"og:type\" content=\"article\" \/>\n<meta property=\"og:title\" content=\"Nasiona, Prawdziwe nasiona ziemniaka - Selleetools.com\" \/>\n<meta property=\"og:description\" content=\"Prawdziwe nasiona ziermniaka. Nasiona ziemniaka to nietypowa propozycja uzyskania ziemniak\u00f3w. Nasiona daj\u0105 plony w pierwszym roku. Uzyskane bulwy maj\u0105 owalno-pod\u0142u\u017cnym kszta\u0142t, g\u0142adk\u0105 sk\u00f3rk\u0119 oraz lekko m\u0105czny i smaczny mi\u0105\u017csz. Ziemniak wyr\u00f3\u017cnia si\u0119 wysokimi walorami smakowymi oraz du\u017c\u0105 odporno\u015bci\u0105 na choroby. Nasiona nale\u017cy wysiewa\u0107 od ko\u0144ca kwietnia do po\u0142owy maja &#8211; do palet wysiewnych znajduj\u0105cych si\u0119 ... Read moreNasiona, Prawdziwe nasiona ziemniaka\" \/>\n<meta property=\"og:url\" content=\"https:\/\/selleetools.com\/product\/nasiona-prawdziwe-nasiona-ziemniaka\/\" \/>\n<meta property=\"og:site_name\" content=\"Selleetools.com\" \/>\n<meta property=\"article:modified_time\" content=\"2026-04-09T09:27:25+00:00\" \/>\n<meta property=\"og:image\" content=\"https:\/\/selleetools.com\/wp-content\/uploads\/2026\/02\/c2851e507f9f24f7e355aaf50ec647cc.jpg\" \/>\n\t<meta property=\"og:image:width\" content=\"640\" \/>\n\t<meta property=\"og:image:height\" content=\"640\" \/>\n\t<meta property=\"og:image:type\" content=\"image\/jpeg\" \/>\n<meta name=\"twitter:card\" content=\"summary_large_image\" \/>\n<meta name=\"twitter:label1\" content=\"Est. reading time\" \/>\n\t<meta name=\"twitter:data1\" content=\"2 minuty\" \/>\n<!-- \/ Yoast SEO plugin. -->","yoast_head_json":{"title":"Nasiona, Prawdziwe nasiona ziemniaka - Selleetools.com","robots":{"index":"index","follow":"follow","max-snippet":"max-snippet:-1","max-image-preview":"max-image-preview:large","max-video-preview":"max-video-preview:-1"},"canonical":"https:\/\/selleetools.com\/product\/nasiona-prawdziwe-nasiona-ziemniaka\/","og_locale":"pl_PL","og_type":"article","og_title":"Nasiona, Prawdziwe nasiona ziemniaka - Selleetools.com","og_description":"Prawdziwe nasiona ziermniaka. Nasiona ziemniaka to nietypowa propozycja uzyskania ziemniak\u00f3w. Nasiona daj\u0105 plony w pierwszym roku. Uzyskane bulwy maj\u0105 owalno-pod\u0142u\u017cnym kszta\u0142t, g\u0142adk\u0105 sk\u00f3rk\u0119 oraz lekko m\u0105czny i smaczny mi\u0105\u017csz. Ziemniak wyr\u00f3\u017cnia si\u0119 wysokimi walorami smakowymi oraz du\u017c\u0105 odporno\u015bci\u0105 na choroby. Nasiona nale\u017cy wysiewa\u0107 od ko\u0144ca kwietnia do po\u0142owy maja &#8211; do palet wysiewnych znajduj\u0105cych si\u0119 ... Read moreNasiona, Prawdziwe nasiona ziemniaka","og_url":"https:\/\/selleetools.com\/product\/nasiona-prawdziwe-nasiona-ziemniaka\/","og_site_name":"Selleetools.com","article_modified_time":"2026-04-09T09:27:25+00:00","og_image":[{"width":640,"height":640,"url":"https:\/\/selleetools.com\/wp-content\/uploads\/2026\/02\/c2851e507f9f24f7e355aaf50ec647cc.jpg","type":"image\/jpeg"}],"twitter_card":"summary_large_image","twitter_misc":{"Est. reading time":"2 minuty"},"schema":{"@context":"https:\/\/schema.org","@graph":[{"@type":"Organization","@id":"https:\/\/selleetools.com\/#organization","name":"Selleetools","url":"https:\/\/selleetools.com\/","sameAs":[],"logo":{"@type":"ImageObject","inLanguage":"pl-PL","@id":"https:\/\/selleetools.com\/#\/schema\/logo\/image\/","url":"https:\/\/selleetools.com\/wp-content\/uploads\/2021\/10\/logo-dark.png","contentUrl":"https:\/\/selleetools.com\/wp-content\/uploads\/2021\/10\/logo-dark.png","width":320,"height":76,"caption":"Selleetools"},"image":{"@id":"https:\/\/selleetools.com\/#\/schema\/logo\/image\/"}},{"@type":"WebSite","@id":"https:\/\/selleetools.com\/#website","url":"https:\/\/selleetools.com\/","name":"Selleetools.com","description":"","publisher":{"@id":"https:\/\/selleetools.com\/#organization"},"potentialAction":[{"@type":"SearchAction","target":{"@type":"EntryPoint","urlTemplate":"https:\/\/selleetools.com\/?s={search_term_string}"},"query-input":"required name=search_term_string"}],"inLanguage":"pl-PL"},{"@type":"WebPage","@id":"https:\/\/selleetools.com\/product\/nasiona-prawdziwe-nasiona-ziemniaka\/","url":"https:\/\/selleetools.com\/product\/nasiona-prawdziwe-nasiona-ziemniaka\/","name":"Nasiona, Prawdziwe nasiona ziemniaka - Selleetools.com","isPartOf":{"@id":"https:\/\/selleetools.com\/#website"},"datePublished":"2026-02-19T15:18:25+00:00","dateModified":"2026-04-09T09:27:25+00:00","breadcrumb":{"@id":"https:\/\/selleetools.com\/product\/nasiona-prawdziwe-nasiona-ziemniaka\/#breadcrumb"},"inLanguage":"pl-PL","potentialAction":[{"@type":"ReadAction","target":["https:\/\/selleetools.com\/product\/nasiona-prawdziwe-nasiona-ziemniaka\/"]}]},{"@type":"BreadcrumbList","@id":"https:\/\/selleetools.com\/product\/nasiona-prawdziwe-nasiona-ziemniaka\/#breadcrumb","itemListElement":[{"@type":"ListItem","position":1,"name":"Home","item":"https:\/\/selleetools.com\/pl\/"},{"@type":"ListItem","position":2,"name":"Katalog","item":"https:\/\/selleetools.com\/pl\/katalog\/"},{"@type":"ListItem","position":3,"name":"Nasiona, Prawdziwe nasiona ziemniaka"}]}]}},"_links":{"self":[{"href":"https:\/\/selleetools.com\/pl\/wp-json\/wp\/v2\/product\/674567"}],"collection":[{"href":"https:\/\/selleetools.com\/pl\/wp-json\/wp\/v2\/product"}],"about":[{"href":"https:\/\/selleetools.com\/pl\/wp-json\/wp\/v2\/types\/product"}],"replies":[{"embeddable":true,"href":"https:\/\/selleetools.com\/pl\/wp-json\/wp\/v2\/comments?post=674567"}],"wp:featuredmedia":[{"embeddable":true,"href":"https:\/\/selleetools.com\/pl\/wp-json\/wp\/v2\/media\/674563"}],"wp:attachment":[{"href":"https:\/\/selleetools.com\/pl\/wp-json\/wp\/v2\/media?parent=674567"}],"curies":[{"name":"wp","href":"https:\/\/api.w.org\/{rel}","templated":true}]}}