{"id":674562,"date":"2026-02-19T16:18:22","date_gmt":"2026-02-19T15:18:22","guid":{"rendered":"https:\/\/selleetools.com\/?post_type=product&#038;p=674562"},"modified":"2026-04-09T18:05:08","modified_gmt":"2026-04-09T16:05:08","slug":"swieca-zapachowa-sn72s-winter-star","status":"publish","type":"product","link":"https:\/\/selleetools.com\/pl\/product\/swieca-zapachowa-sn72s-winter-star\/","title":{"rendered":"\u015awieca zapachowa SN72S, Winter Star"},"content":{"rendered":"<p>\u015awieca zapachowa SN72S, Winter Star. \u015awieca okr\u0105g\u0142a, zapachowa z graficznymi wzorami w prostym szkle. \u015awieca o czasie palenia do 22 godzin. Wyj\u0105tkowa gra \u015bwiat\u0142a i cienia oraz specjalnie dobrany zapach nut wanilii i bobu tonka tworz\u0105 idealn\u0105 ca\u0142o\u015b\u0107. Dane techniczne: Wysoko\u015b\u0107: 7,8 cm. \u015arednica: 7,2 cm. Waga: 0,1 kg. Czas palenia: do 22 godzin.<\/p>\n<p>\u015awieca zapachowa SN72S, Winter Star. \u015awieca okr\u0105g\u0142a, zapachowa z graficznymi wzorami w prostym szkle. \u015awieca o czasie palenia do 22 godzin. Wyj\u0105tkowa gra \u015bwiat\u0142a i cienia oraz specjalnie dobrany zapach nut wanilii i bobu tonka tworz\u0105 idealn\u0105 ca\u0142o\u015b\u0107. Dane techniczne: Wysoko\u015b\u0107: 7,8 cm. \u015arednica: 7,2 cm. Waga: 0,1 kg. Czas palenia: do 22 godzin.<\/p>\n","protected":false},"excerpt":{"rendered":"<p>\u015awieca zapachowa SN72S, Winter Star. \u015awieca okr\u0105g\u0142a, zapachowa z graficznymi wzorami w prostym szkle. \u015awieca o czasie palenia do 22 godzin. Wyj\u0105tkowa gra \u015bwiat\u0142a i cienia oraz specjalnie dobrany zapach nut wanilii i bobu tonka tworz\u0105 idealn\u0105 ca\u0142o\u015b\u0107. Dane techniczne: Wysoko\u015b\u0107: 7,8 cm. \u015arednica: 7,2 cm. Waga: 0,1 kg. Czas palenia: do 22 godzin. \u015awieca &#8230; <a title=\"\u015awieca zapachowa SN72S, Winter Star\" class=\"read-more\" href=\"https:\/\/selleetools.com\/pl\/product\/swieca-zapachowa-sn72s-winter-star\/\">Read more<span class=\"screen-reader-text\">\u015awieca zapachowa SN72S, Winter Star<\/span><\/a><\/p>\n","protected":false},"featured_media":674548,"comment_status":"open","ping_status":"closed","template":"","meta":{"_links_to":"","_links_to_target":""},"yoast_head":"<!-- This site is optimized with the Yoast SEO plugin v19.4 - https:\/\/yoast.com\/wordpress\/plugins\/seo\/ -->\n<title>\u015awieca zapachowa SN72S, Winter Star - Selleetools.com<\/title>\n<meta name=\"robots\" content=\"index, follow, max-snippet:-1, max-image-preview:large, max-video-preview:-1\" \/>\n<link rel=\"canonical\" href=\"https:\/\/admincentral.selleetools.com\/product\/swieca-zapachowa-sn72s-winter-star\/\" \/>\n<meta property=\"og:locale\" content=\"pl_PL\" \/>\n<meta property=\"og:type\" content=\"article\" \/>\n<meta property=\"og:title\" content=\"\u015awieca zapachowa SN72S, Winter Star - Selleetools.com\" \/>\n<meta property=\"og:description\" content=\"\u015awieca zapachowa SN72S, Winter Star. \u015awieca okr\u0105g\u0142a, zapachowa z graficznymi wzorami w prostym szkle. \u015awieca o czasie palenia do 22 godzin. Wyj\u0105tkowa gra \u015bwiat\u0142a i cienia oraz specjalnie dobrany zapach nut wanilii i bobu tonka tworz\u0105 idealn\u0105 ca\u0142o\u015b\u0107. Dane techniczne: Wysoko\u015b\u0107: 7,8 cm. \u015arednica: 7,2 cm. Waga: 0,1 kg. Czas palenia: do 22 godzin. \u015awieca ... Read more\u015awieca zapachowa SN72S, Winter Star\" \/>\n<meta property=\"og:url\" content=\"https:\/\/admincentral.selleetools.com\/product\/swieca-zapachowa-sn72s-winter-star\/\" \/>\n<meta property=\"og:site_name\" content=\"Selleetools.com\" \/>\n<meta property=\"article:modified_time\" content=\"2026-04-09T16:05:08+00:00\" \/>\n<meta property=\"og:image\" content=\"https:\/\/selleetools.com\/wp-content\/uploads\/2026\/02\/18c8d0aa18a1cf362be7fd3b5beee514.jpg\" \/>\n\t<meta property=\"og:image:width\" content=\"635\" \/>\n\t<meta property=\"og:image:height\" content=\"900\" \/>\n\t<meta property=\"og:image:type\" content=\"image\/jpeg\" \/>\n<meta name=\"twitter:card\" content=\"summary_large_image\" \/>\n<meta name=\"twitter:label1\" content=\"Est. reading time\" \/>\n\t<meta name=\"twitter:data1\" content=\"1 minuta\" \/>\n<!-- \/ Yoast SEO plugin. -->","yoast_head_json":{"title":"\u015awieca zapachowa SN72S, Winter Star - Selleetools.com","robots":{"index":"index","follow":"follow","max-snippet":"max-snippet:-1","max-image-preview":"max-image-preview:large","max-video-preview":"max-video-preview:-1"},"canonical":"https:\/\/admincentral.selleetools.com\/product\/swieca-zapachowa-sn72s-winter-star\/","og_locale":"pl_PL","og_type":"article","og_title":"\u015awieca zapachowa SN72S, Winter Star - Selleetools.com","og_description":"\u015awieca zapachowa SN72S, Winter Star. \u015awieca okr\u0105g\u0142a, zapachowa z graficznymi wzorami w prostym szkle. \u015awieca o czasie palenia do 22 godzin. Wyj\u0105tkowa gra \u015bwiat\u0142a i cienia oraz specjalnie dobrany zapach nut wanilii i bobu tonka tworz\u0105 idealn\u0105 ca\u0142o\u015b\u0107. Dane techniczne: Wysoko\u015b\u0107: 7,8 cm. \u015arednica: 7,2 cm. Waga: 0,1 kg. Czas palenia: do 22 godzin. \u015awieca ... Read more\u015awieca zapachowa SN72S, Winter Star","og_url":"https:\/\/admincentral.selleetools.com\/product\/swieca-zapachowa-sn72s-winter-star\/","og_site_name":"Selleetools.com","article_modified_time":"2026-04-09T16:05:08+00:00","og_image":[{"width":635,"height":900,"url":"https:\/\/selleetools.com\/wp-content\/uploads\/2026\/02\/18c8d0aa18a1cf362be7fd3b5beee514.jpg","type":"image\/jpeg"}],"twitter_card":"summary_large_image","twitter_misc":{"Est. reading time":"1 minuta"},"schema":{"@context":"https:\/\/schema.org","@graph":[{"@type":"Organization","@id":"https:\/\/selleetools.com\/#organization","name":"Selleetools","url":"https:\/\/selleetools.com\/","sameAs":[],"logo":{"@type":"ImageObject","inLanguage":"pl-PL","@id":"https:\/\/selleetools.com\/#\/schema\/logo\/image\/","url":"https:\/\/selleetools.com\/wp-content\/uploads\/2021\/10\/logo-dark.png","contentUrl":"https:\/\/selleetools.com\/wp-content\/uploads\/2021\/10\/logo-dark.png","width":320,"height":76,"caption":"Selleetools"},"image":{"@id":"https:\/\/selleetools.com\/#\/schema\/logo\/image\/"}},{"@type":"WebSite","@id":"https:\/\/selleetools.com\/#website","url":"https:\/\/selleetools.com\/","name":"Selleetools.com","description":"","publisher":{"@id":"https:\/\/selleetools.com\/#organization"},"potentialAction":[{"@type":"SearchAction","target":{"@type":"EntryPoint","urlTemplate":"https:\/\/selleetools.com\/?s={search_term_string}"},"query-input":"required name=search_term_string"}],"inLanguage":"pl-PL"},{"@type":"WebPage","@id":"https:\/\/admincentral.selleetools.com\/product\/swieca-zapachowa-sn72s-winter-star\/","url":"https:\/\/admincentral.selleetools.com\/product\/swieca-zapachowa-sn72s-winter-star\/","name":"\u015awieca zapachowa SN72S, Winter Star - Selleetools.com","isPartOf":{"@id":"https:\/\/selleetools.com\/#website"},"datePublished":"2026-02-19T15:18:22+00:00","dateModified":"2026-04-09T16:05:08+00:00","breadcrumb":{"@id":"https:\/\/admincentral.selleetools.com\/product\/swieca-zapachowa-sn72s-winter-star\/#breadcrumb"},"inLanguage":"pl-PL","potentialAction":[{"@type":"ReadAction","target":["https:\/\/admincentral.selleetools.com\/product\/swieca-zapachowa-sn72s-winter-star\/"]}]},{"@type":"BreadcrumbList","@id":"https:\/\/admincentral.selleetools.com\/product\/swieca-zapachowa-sn72s-winter-star\/#breadcrumb","itemListElement":[{"@type":"ListItem","position":1,"name":"Home","item":"https:\/\/selleetools.com\/pl\/"},{"@type":"ListItem","position":2,"name":"Katalog","item":"https:\/\/selleetools.com\/pl\/katalog\/"},{"@type":"ListItem","position":3,"name":"\u015awieca zapachowa SN72S, Winter Star"}]}]}},"_links":{"self":[{"href":"https:\/\/selleetools.com\/pl\/wp-json\/wp\/v2\/product\/674562"}],"collection":[{"href":"https:\/\/selleetools.com\/pl\/wp-json\/wp\/v2\/product"}],"about":[{"href":"https:\/\/selleetools.com\/pl\/wp-json\/wp\/v2\/types\/product"}],"replies":[{"embeddable":true,"href":"https:\/\/selleetools.com\/pl\/wp-json\/wp\/v2\/comments?post=674562"}],"wp:featuredmedia":[{"embeddable":true,"href":"https:\/\/selleetools.com\/pl\/wp-json\/wp\/v2\/media\/674548"}],"wp:attachment":[{"href":"https:\/\/selleetools.com\/pl\/wp-json\/wp\/v2\/media?parent=674562"}],"curies":[{"name":"wp","href":"https:\/\/api.w.org\/{rel}","templated":true}]}}