{"id":674426,"date":"2026-02-19T16:17:22","date_gmt":"2026-02-19T15:17:22","guid":{"rendered":"https:\/\/selleetools.com\/?post_type=product&#038;p=674426"},"modified":"2026-04-09T17:49:58","modified_gmt":"2026-04-09T15:49:58","slug":"doniczka-kwadratowa-niska-urbi-durs240le-marengo","status":"publish","type":"product","link":"https:\/\/selleetools.com\/pl\/product\/doniczka-kwadratowa-niska-urbi-durs240le-marengo\/","title":{"rendered":"Doniczka kwadratowa niska URBI DURS240LE | Marengo"},"content":{"rendered":"<p>Klasyczna kwadratowa forma wzbogacona wsp\u00f3\u0142czesnym wyko\u0144czeniem z efektem betonu. Dost\u0119pna w wersji niskiej i wysokiej, aby dopasowa\u0107 si\u0119 do indywidualnych potrzeb u\u017cytkownik\u00f3w. Doniczka jest wyposa\u017cona we wk\u0142adk\u0119 chroni\u0105c\u0105 przed wysypywaniem si\u0119 ziemi.<br \/>\nWysoko\u015b\u0107: 23,5 cm<br \/>\nD\u0142ugo\u015b\u0107: 24 cm<br \/>\nSzeroko\u015b\u0107: 24 cm<br \/>\nPojemno\u015b\u0107: 10 l<br \/>\nWaga: 0,729 kg<br \/>\nKszta\u0142t: Kwadratowy<br \/>\nKolor: Marengo<br \/>\nProducent: Prosperplast<br \/>\nMateria\u0142: Tworzywo sztuczne<\/p>\n<p>Klasyczna kwadratowa forma wzbogacona wsp\u00f3\u0142czesnym wyko\u0144czeniem z efektem betonu. Dost\u0119pna w wersji niskiej i wysokiej, aby dopasowa\u0107 si\u0119 do indywidualnych potrzeb u\u017cytkownik\u00f3w. Doniczka jest wyposa\u017cona we wk\u0142adk\u0119 chroni\u0105c\u0105 przed wysypywaniem si\u0119 ziemi.<br \/>\nWysoko\u015b\u0107: 23,5 cm<br \/>\nD\u0142ugo\u015b\u0107: 24 cm<br \/>\nSzeroko\u015b\u0107: 24 cm<br \/>\nPojemno\u015b\u0107: 10 l<br \/>\nWaga: 0,729 kg<br \/>\nKszta\u0142t: Kwadratowy<br \/>\nKolor: Marengo<br \/>\nProducent: Prosperplast<br \/>\nMateria\u0142: Tworzywo sztuczne<\/p>\n","protected":false},"excerpt":{"rendered":"<p>Klasyczna kwadratowa forma wzbogacona wsp\u00f3\u0142czesnym wyko\u0144czeniem z efektem betonu. Dost\u0119pna w wersji niskiej i wysokiej, aby dopasowa\u0107 si\u0119 do indywidualnych potrzeb u\u017cytkownik\u00f3w. Doniczka jest wyposa\u017cona we wk\u0142adk\u0119 chroni\u0105c\u0105 przed wysypywaniem si\u0119 ziemi. Wysoko\u015b\u0107: 23,5 cm D\u0142ugo\u015b\u0107: 24 cm Szeroko\u015b\u0107: 24 cm Pojemno\u015b\u0107: 10 l Waga: 0,729 kg Kszta\u0142t: Kwadratowy Kolor: Marengo Producent: Prosperplast Materia\u0142: Tworzywo &#8230; <a title=\"Doniczka kwadratowa niska URBI DURS240LE | Marengo\" class=\"read-more\" href=\"https:\/\/selleetools.com\/pl\/product\/doniczka-kwadratowa-niska-urbi-durs240le-marengo\/\">Read more<span class=\"screen-reader-text\">Doniczka kwadratowa niska URBI DURS240LE | Marengo<\/span><\/a><\/p>\n","protected":false},"featured_media":674420,"comment_status":"open","ping_status":"closed","template":"","meta":{"_links_to":"","_links_to_target":""},"yoast_head":"<!-- This site is optimized with the Yoast SEO plugin v19.4 - https:\/\/yoast.com\/wordpress\/plugins\/seo\/ -->\n<title>Doniczka kwadratowa niska URBI DURS240LE | Marengo - Selleetools.com<\/title>\n<meta name=\"robots\" content=\"index, follow, max-snippet:-1, max-image-preview:large, max-video-preview:-1\" \/>\n<link rel=\"canonical\" href=\"https:\/\/admincentral.selleetools.com\/pl\/product\/doniczka-kwadratowa-niska-urbi-durs240le-marengo\/\" \/>\n<meta property=\"og:locale\" content=\"pl_PL\" \/>\n<meta property=\"og:type\" content=\"article\" \/>\n<meta property=\"og:title\" content=\"Doniczka kwadratowa niska URBI DURS240LE | Marengo - Selleetools.com\" \/>\n<meta property=\"og:description\" content=\"Klasyczna kwadratowa forma wzbogacona wsp\u00f3\u0142czesnym wyko\u0144czeniem z efektem betonu. Dost\u0119pna w wersji niskiej i wysokiej, aby dopasowa\u0107 si\u0119 do indywidualnych potrzeb u\u017cytkownik\u00f3w. Doniczka jest wyposa\u017cona we wk\u0142adk\u0119 chroni\u0105c\u0105 przed wysypywaniem si\u0119 ziemi. Wysoko\u015b\u0107: 23,5 cm D\u0142ugo\u015b\u0107: 24 cm Szeroko\u015b\u0107: 24 cm Pojemno\u015b\u0107: 10 l Waga: 0,729 kg Kszta\u0142t: Kwadratowy Kolor: Marengo Producent: Prosperplast Materia\u0142: Tworzywo ... Read moreDoniczka kwadratowa niska URBI DURS240LE | Marengo\" \/>\n<meta property=\"og:url\" content=\"https:\/\/admincentral.selleetools.com\/pl\/product\/doniczka-kwadratowa-niska-urbi-durs240le-marengo\/\" \/>\n<meta property=\"og:site_name\" content=\"Selleetools.com\" \/>\n<meta property=\"article:modified_time\" content=\"2026-04-09T15:49:58+00:00\" \/>\n<meta property=\"og:image\" content=\"https:\/\/selleetools.com\/wp-content\/uploads\/2026\/02\/555359f748cc2244d7c08f9a469f566a.jpg\" \/>\n\t<meta property=\"og:image:width\" content=\"900\" \/>\n\t<meta property=\"og:image:height\" content=\"842\" \/>\n\t<meta property=\"og:image:type\" content=\"image\/jpeg\" \/>\n<meta name=\"twitter:card\" content=\"summary_large_image\" \/>\n<meta name=\"twitter:label1\" content=\"Est. reading time\" \/>\n\t<meta name=\"twitter:data1\" content=\"1 minuta\" \/>\n<!-- \/ Yoast SEO plugin. -->","yoast_head_json":{"title":"Doniczka kwadratowa niska URBI DURS240LE | Marengo - Selleetools.com","robots":{"index":"index","follow":"follow","max-snippet":"max-snippet:-1","max-image-preview":"max-image-preview:large","max-video-preview":"max-video-preview:-1"},"canonical":"https:\/\/admincentral.selleetools.com\/pl\/product\/doniczka-kwadratowa-niska-urbi-durs240le-marengo\/","og_locale":"pl_PL","og_type":"article","og_title":"Doniczka kwadratowa niska URBI DURS240LE | Marengo - Selleetools.com","og_description":"Klasyczna kwadratowa forma wzbogacona wsp\u00f3\u0142czesnym wyko\u0144czeniem z efektem betonu. Dost\u0119pna w wersji niskiej i wysokiej, aby dopasowa\u0107 si\u0119 do indywidualnych potrzeb u\u017cytkownik\u00f3w. Doniczka jest wyposa\u017cona we wk\u0142adk\u0119 chroni\u0105c\u0105 przed wysypywaniem si\u0119 ziemi. Wysoko\u015b\u0107: 23,5 cm D\u0142ugo\u015b\u0107: 24 cm Szeroko\u015b\u0107: 24 cm Pojemno\u015b\u0107: 10 l Waga: 0,729 kg Kszta\u0142t: Kwadratowy Kolor: Marengo Producent: Prosperplast Materia\u0142: Tworzywo ... Read moreDoniczka kwadratowa niska URBI DURS240LE | Marengo","og_url":"https:\/\/admincentral.selleetools.com\/pl\/product\/doniczka-kwadratowa-niska-urbi-durs240le-marengo\/","og_site_name":"Selleetools.com","article_modified_time":"2026-04-09T15:49:58+00:00","og_image":[{"width":900,"height":842,"url":"https:\/\/selleetools.com\/wp-content\/uploads\/2026\/02\/555359f748cc2244d7c08f9a469f566a.jpg","type":"image\/jpeg"}],"twitter_card":"summary_large_image","twitter_misc":{"Est. reading time":"1 minuta"},"schema":{"@context":"https:\/\/schema.org","@graph":[{"@type":"Organization","@id":"https:\/\/selleetools.com\/#organization","name":"Selleetools","url":"https:\/\/selleetools.com\/","sameAs":[],"logo":{"@type":"ImageObject","inLanguage":"pl-PL","@id":"https:\/\/selleetools.com\/#\/schema\/logo\/image\/","url":"https:\/\/selleetools.com\/wp-content\/uploads\/2021\/10\/logo-dark.png","contentUrl":"https:\/\/selleetools.com\/wp-content\/uploads\/2021\/10\/logo-dark.png","width":320,"height":76,"caption":"Selleetools"},"image":{"@id":"https:\/\/selleetools.com\/#\/schema\/logo\/image\/"}},{"@type":"WebSite","@id":"https:\/\/selleetools.com\/#website","url":"https:\/\/selleetools.com\/","name":"Selleetools.com","description":"","publisher":{"@id":"https:\/\/selleetools.com\/#organization"},"potentialAction":[{"@type":"SearchAction","target":{"@type":"EntryPoint","urlTemplate":"https:\/\/selleetools.com\/?s={search_term_string}"},"query-input":"required name=search_term_string"}],"inLanguage":"pl-PL"},{"@type":"WebPage","@id":"https:\/\/admincentral.selleetools.com\/pl\/product\/doniczka-kwadratowa-niska-urbi-durs240le-marengo\/","url":"https:\/\/admincentral.selleetools.com\/pl\/product\/doniczka-kwadratowa-niska-urbi-durs240le-marengo\/","name":"Doniczka kwadratowa niska URBI DURS240LE | Marengo - Selleetools.com","isPartOf":{"@id":"https:\/\/selleetools.com\/#website"},"datePublished":"2026-02-19T15:17:22+00:00","dateModified":"2026-04-09T15:49:58+00:00","breadcrumb":{"@id":"https:\/\/admincentral.selleetools.com\/pl\/product\/doniczka-kwadratowa-niska-urbi-durs240le-marengo\/#breadcrumb"},"inLanguage":"pl-PL","potentialAction":[{"@type":"ReadAction","target":["https:\/\/admincentral.selleetools.com\/pl\/product\/doniczka-kwadratowa-niska-urbi-durs240le-marengo\/"]}]},{"@type":"BreadcrumbList","@id":"https:\/\/admincentral.selleetools.com\/pl\/product\/doniczka-kwadratowa-niska-urbi-durs240le-marengo\/#breadcrumb","itemListElement":[{"@type":"ListItem","position":1,"name":"Home","item":"https:\/\/selleetools.com\/pl\/"},{"@type":"ListItem","position":2,"name":"Katalog","item":"https:\/\/selleetools.com\/pl\/katalog\/"},{"@type":"ListItem","position":3,"name":"Doniczka kwadratowa niska URBI DURS240LE | Marengo"}]}]}},"_links":{"self":[{"href":"https:\/\/selleetools.com\/pl\/wp-json\/wp\/v2\/product\/674426"}],"collection":[{"href":"https:\/\/selleetools.com\/pl\/wp-json\/wp\/v2\/product"}],"about":[{"href":"https:\/\/selleetools.com\/pl\/wp-json\/wp\/v2\/types\/product"}],"replies":[{"embeddable":true,"href":"https:\/\/selleetools.com\/pl\/wp-json\/wp\/v2\/comments?post=674426"}],"wp:featuredmedia":[{"embeddable":true,"href":"https:\/\/selleetools.com\/pl\/wp-json\/wp\/v2\/media\/674420"}],"wp:attachment":[{"href":"https:\/\/selleetools.com\/pl\/wp-json\/wp\/v2\/media?parent=674426"}],"curies":[{"name":"wp","href":"https:\/\/api.w.org\/{rel}","templated":true}]}}