{"id":674349,"date":"2026-02-19T16:16:44","date_gmt":"2026-02-19T15:16:44","guid":{"rendered":"https:\/\/selleetools.com\/?post_type=product&#038;p=674349"},"modified":"2026-04-09T17:48:48","modified_gmt":"2026-04-09T15:48:48","slug":"kwietnik-bloomie-stand-ikd3l-bialy","status":"publish","type":"product","link":"https:\/\/selleetools.com\/pl\/product\/kwietnik-bloomie-stand-ikd3l-bialy\/","title":{"rendered":"Kwietnik BLOOMIE STAND IKD3L | Bia\u0142y"},"content":{"rendered":"<p>Wyeksponuj swoje ro\u015bliny za pomoc\u0105 tr\u00f3jno\u017cnego kwietnika Bloomie Stand. S\u0105 to to trzy proste, ale eleganckie doniczki uzupe\u0142nione wysok\u0105 industrialn\u0105 metalow\u0105 ram\u0105. Dzi\u0119ki zr\u00f3\u017cnicowanej wysoko\u015bci doniczek, kwietnik wygl\u0105da na przestronny i jest idealny do podkre\u015blenia pi\u0119kna ka\u017cdej ro\u015bliny w ciasnych przestrzeniach.<br \/>\nWysoko\u015b\u0107: 80,5 cm<br \/>\nD\u0142ugo\u015b\u0107: 54 cm<br \/>\nSzeroko\u015b\u0107: 49 cm<br \/>\nPojemno\u015b\u0107: 4 l<br \/>\nWaga: 3,6 kg<br \/>\nKolor: Bia\u0142y<br \/>\nProducent: Prosperplast<\/p>\n<p>Wyeksponuj swoje ro\u015bliny za pomoc\u0105 tr\u00f3jno\u017cnego kwietnika Bloomie Stand. S\u0105 to to trzy proste, ale eleganckie doniczki uzupe\u0142nione wysok\u0105 industrialn\u0105 metalow\u0105 ram\u0105. Dzi\u0119ki zr\u00f3\u017cnicowanej wysoko\u015bci doniczek, kwietnik wygl\u0105da na przestronny i jest idealny do podkre\u015blenia pi\u0119kna ka\u017cdej ro\u015bliny w ciasnych przestrzeniach.<br \/>\nWysoko\u015b\u0107: 80,5 cm<br \/>\nD\u0142ugo\u015b\u0107: 54 cm<br \/>\nSzeroko\u015b\u0107: 49 cm<br \/>\nPojemno\u015b\u0107: 4 l<br \/>\nWaga: 3,6 kg<br \/>\nKolor: Bia\u0142y<br \/>\nProducent: Prosperplast<\/p>\n","protected":false},"excerpt":{"rendered":"<p>Wyeksponuj swoje ro\u015bliny za pomoc\u0105 tr\u00f3jno\u017cnego kwietnika Bloomie Stand. S\u0105 to to trzy proste, ale eleganckie doniczki uzupe\u0142nione wysok\u0105 industrialn\u0105 metalow\u0105 ram\u0105. Dzi\u0119ki zr\u00f3\u017cnicowanej wysoko\u015bci doniczek, kwietnik wygl\u0105da na przestronny i jest idealny do podkre\u015blenia pi\u0119kna ka\u017cdej ro\u015bliny w ciasnych przestrzeniach. Wysoko\u015b\u0107: 80,5 cm D\u0142ugo\u015b\u0107: 54 cm Szeroko\u015b\u0107: 49 cm Pojemno\u015b\u0107: 4 l Waga: 3,6 &#8230; <a title=\"Kwietnik BLOOMIE STAND IKD3L | Bia\u0142y\" class=\"read-more\" href=\"https:\/\/selleetools.com\/pl\/product\/kwietnik-bloomie-stand-ikd3l-bialy\/\">Read more<span class=\"screen-reader-text\">Kwietnik BLOOMIE STAND IKD3L | Bia\u0142y<\/span><\/a><\/p>\n","protected":false},"featured_media":674341,"comment_status":"open","ping_status":"closed","template":"","meta":{"_links_to":"","_links_to_target":""},"yoast_head":"<!-- This site is optimized with the Yoast SEO plugin v19.4 - https:\/\/yoast.com\/wordpress\/plugins\/seo\/ -->\n<title>Kwietnik BLOOMIE STAND IKD3L | Bia\u0142y - Selleetools.com<\/title>\n<meta name=\"robots\" content=\"index, follow, max-snippet:-1, max-image-preview:large, max-video-preview:-1\" \/>\n<link rel=\"canonical\" href=\"https:\/\/admincentral.selleetools.com\/product\/kwietnik-bloomie-stand-ikd3l-bialy\/\" \/>\n<meta property=\"og:locale\" content=\"pl_PL\" \/>\n<meta property=\"og:type\" content=\"article\" \/>\n<meta property=\"og:title\" content=\"Kwietnik BLOOMIE STAND IKD3L | Bia\u0142y - Selleetools.com\" \/>\n<meta property=\"og:description\" content=\"Wyeksponuj swoje ro\u015bliny za pomoc\u0105 tr\u00f3jno\u017cnego kwietnika Bloomie Stand. S\u0105 to to trzy proste, ale eleganckie doniczki uzupe\u0142nione wysok\u0105 industrialn\u0105 metalow\u0105 ram\u0105. Dzi\u0119ki zr\u00f3\u017cnicowanej wysoko\u015bci doniczek, kwietnik wygl\u0105da na przestronny i jest idealny do podkre\u015blenia pi\u0119kna ka\u017cdej ro\u015bliny w ciasnych przestrzeniach. Wysoko\u015b\u0107: 80,5 cm D\u0142ugo\u015b\u0107: 54 cm Szeroko\u015b\u0107: 49 cm Pojemno\u015b\u0107: 4 l Waga: 3,6 ... Read moreKwietnik BLOOMIE STAND IKD3L | Bia\u0142y\" \/>\n<meta property=\"og:url\" content=\"https:\/\/admincentral.selleetools.com\/product\/kwietnik-bloomie-stand-ikd3l-bialy\/\" \/>\n<meta property=\"og:site_name\" content=\"Selleetools.com\" \/>\n<meta property=\"article:modified_time\" content=\"2026-04-09T15:48:48+00:00\" \/>\n<meta property=\"og:image\" content=\"https:\/\/selleetools.com\/wp-content\/uploads\/2026\/02\/7c14a8baa1ba5a0978c72cff9fd17dda.jpg\" \/>\n\t<meta property=\"og:image:width\" content=\"1779\" \/>\n\t<meta property=\"og:image:height\" content=\"2048\" \/>\n\t<meta property=\"og:image:type\" content=\"image\/jpeg\" \/>\n<meta name=\"twitter:card\" content=\"summary_large_image\" \/>\n<meta name=\"twitter:label1\" content=\"Est. reading time\" \/>\n\t<meta name=\"twitter:data1\" content=\"1 minuta\" \/>\n<!-- \/ Yoast SEO plugin. -->","yoast_head_json":{"title":"Kwietnik BLOOMIE STAND IKD3L | Bia\u0142y - Selleetools.com","robots":{"index":"index","follow":"follow","max-snippet":"max-snippet:-1","max-image-preview":"max-image-preview:large","max-video-preview":"max-video-preview:-1"},"canonical":"https:\/\/admincentral.selleetools.com\/product\/kwietnik-bloomie-stand-ikd3l-bialy\/","og_locale":"pl_PL","og_type":"article","og_title":"Kwietnik BLOOMIE STAND IKD3L | Bia\u0142y - Selleetools.com","og_description":"Wyeksponuj swoje ro\u015bliny za pomoc\u0105 tr\u00f3jno\u017cnego kwietnika Bloomie Stand. S\u0105 to to trzy proste, ale eleganckie doniczki uzupe\u0142nione wysok\u0105 industrialn\u0105 metalow\u0105 ram\u0105. Dzi\u0119ki zr\u00f3\u017cnicowanej wysoko\u015bci doniczek, kwietnik wygl\u0105da na przestronny i jest idealny do podkre\u015blenia pi\u0119kna ka\u017cdej ro\u015bliny w ciasnych przestrzeniach. Wysoko\u015b\u0107: 80,5 cm D\u0142ugo\u015b\u0107: 54 cm Szeroko\u015b\u0107: 49 cm Pojemno\u015b\u0107: 4 l Waga: 3,6 ... Read moreKwietnik BLOOMIE STAND IKD3L | Bia\u0142y","og_url":"https:\/\/admincentral.selleetools.com\/product\/kwietnik-bloomie-stand-ikd3l-bialy\/","og_site_name":"Selleetools.com","article_modified_time":"2026-04-09T15:48:48+00:00","og_image":[{"width":1779,"height":2048,"url":"https:\/\/selleetools.com\/wp-content\/uploads\/2026\/02\/7c14a8baa1ba5a0978c72cff9fd17dda.jpg","type":"image\/jpeg"}],"twitter_card":"summary_large_image","twitter_misc":{"Est. reading time":"1 minuta"},"schema":{"@context":"https:\/\/schema.org","@graph":[{"@type":"Organization","@id":"https:\/\/selleetools.com\/#organization","name":"Selleetools","url":"https:\/\/selleetools.com\/","sameAs":[],"logo":{"@type":"ImageObject","inLanguage":"pl-PL","@id":"https:\/\/selleetools.com\/#\/schema\/logo\/image\/","url":"https:\/\/selleetools.com\/wp-content\/uploads\/2021\/10\/logo-dark.png","contentUrl":"https:\/\/selleetools.com\/wp-content\/uploads\/2021\/10\/logo-dark.png","width":320,"height":76,"caption":"Selleetools"},"image":{"@id":"https:\/\/selleetools.com\/#\/schema\/logo\/image\/"}},{"@type":"WebSite","@id":"https:\/\/selleetools.com\/#website","url":"https:\/\/selleetools.com\/","name":"Selleetools.com","description":"","publisher":{"@id":"https:\/\/selleetools.com\/#organization"},"potentialAction":[{"@type":"SearchAction","target":{"@type":"EntryPoint","urlTemplate":"https:\/\/selleetools.com\/?s={search_term_string}"},"query-input":"required name=search_term_string"}],"inLanguage":"pl-PL"},{"@type":"WebPage","@id":"https:\/\/admincentral.selleetools.com\/product\/kwietnik-bloomie-stand-ikd3l-bialy\/","url":"https:\/\/admincentral.selleetools.com\/product\/kwietnik-bloomie-stand-ikd3l-bialy\/","name":"Kwietnik BLOOMIE STAND IKD3L | Bia\u0142y - Selleetools.com","isPartOf":{"@id":"https:\/\/selleetools.com\/#website"},"datePublished":"2026-02-19T15:16:44+00:00","dateModified":"2026-04-09T15:48:48+00:00","breadcrumb":{"@id":"https:\/\/admincentral.selleetools.com\/product\/kwietnik-bloomie-stand-ikd3l-bialy\/#breadcrumb"},"inLanguage":"pl-PL","potentialAction":[{"@type":"ReadAction","target":["https:\/\/admincentral.selleetools.com\/product\/kwietnik-bloomie-stand-ikd3l-bialy\/"]}]},{"@type":"BreadcrumbList","@id":"https:\/\/admincentral.selleetools.com\/product\/kwietnik-bloomie-stand-ikd3l-bialy\/#breadcrumb","itemListElement":[{"@type":"ListItem","position":1,"name":"Home","item":"https:\/\/selleetools.com\/pl\/"},{"@type":"ListItem","position":2,"name":"Katalog","item":"https:\/\/selleetools.com\/pl\/katalog\/"},{"@type":"ListItem","position":3,"name":"Kwietnik BLOOMIE STAND IKD3L | Bia\u0142y"}]}]}},"_links":{"self":[{"href":"https:\/\/selleetools.com\/pl\/wp-json\/wp\/v2\/product\/674349"}],"collection":[{"href":"https:\/\/selleetools.com\/pl\/wp-json\/wp\/v2\/product"}],"about":[{"href":"https:\/\/selleetools.com\/pl\/wp-json\/wp\/v2\/types\/product"}],"replies":[{"embeddable":true,"href":"https:\/\/selleetools.com\/pl\/wp-json\/wp\/v2\/comments?post=674349"}],"wp:featuredmedia":[{"embeddable":true,"href":"https:\/\/selleetools.com\/pl\/wp-json\/wp\/v2\/media\/674341"}],"wp:attachment":[{"href":"https:\/\/selleetools.com\/pl\/wp-json\/wp\/v2\/media?parent=674349"}],"curies":[{"name":"wp","href":"https:\/\/api.w.org\/{rel}","templated":true}]}}