{"id":674340,"date":"2026-02-19T16:16:40","date_gmt":"2026-02-19T15:16:40","guid":{"rendered":"https:\/\/selleetools.com\/?post_type=product&#038;p=674340"},"modified":"2026-04-09T17:48:35","modified_gmt":"2026-04-09T15:48:35","slug":"slizg-sanki-sporty-isbsp-czerwony","status":"publish","type":"product","link":"https:\/\/selleetools.com\/pl\/product\/slizg-sanki-sporty-isbsp-czerwony\/","title":{"rendered":"\u015alizg, sanki SPORTY ISBSP | Czerwony"},"content":{"rendered":"<p>Wysoko\u015b\u0107: 11 cm<br \/>\nD\u0142ugo\u015b\u0107: 58 cm<br \/>\nSzeroko\u015b\u0107: 43 cm<br \/>\nWaga: 1,136 kg<br \/>\nKolor: Czerwony<br \/>\nProducent: Prosperplast<br \/>\nMateria\u0142: Tworzywo sztuczne<\/p>\n<p>Wysoko\u015b\u0107: 11 cm<br \/>\nD\u0142ugo\u015b\u0107: 58 cm<br \/>\nSzeroko\u015b\u0107: 43 cm<br \/>\nWaga: 1,136 kg<br \/>\nKolor: Czerwony<br \/>\nProducent: Prosperplast<br \/>\nMateria\u0142: Tworzywo sztuczne<\/p>\n","protected":false},"excerpt":{"rendered":"<p>Wysoko\u015b\u0107: 11 cm D\u0142ugo\u015b\u0107: 58 cm Szeroko\u015b\u0107: 43 cm Waga: 1,136 kg Kolor: Czerwony Producent: Prosperplast Materia\u0142: Tworzywo sztuczne Wysoko\u015b\u0107: 11 cm D\u0142ugo\u015b\u0107: 58 cm Szeroko\u015b\u0107: 43 cm Waga: 1,136 kg Kolor: Czerwony Producent: Prosperplast Materia\u0142: Tworzywo sztuczne<\/p>\n","protected":false},"featured_media":674336,"comment_status":"open","ping_status":"closed","template":"","meta":{"_links_to":"","_links_to_target":""},"yoast_head":"<!-- This site is optimized with the Yoast SEO plugin v19.4 - https:\/\/yoast.com\/wordpress\/plugins\/seo\/ -->\n<title>\u015alizg, sanki SPORTY ISBSP | Czerwony - Selleetools.com<\/title>\n<meta name=\"robots\" content=\"index, follow, max-snippet:-1, max-image-preview:large, max-video-preview:-1\" \/>\n<link rel=\"canonical\" href=\"https:\/\/selleetools.com\/product\/slizg-sanki-sporty-isbsp-czerwony\/\" \/>\n<meta property=\"og:locale\" content=\"pl_PL\" \/>\n<meta property=\"og:type\" content=\"article\" \/>\n<meta property=\"og:title\" content=\"\u015alizg, sanki SPORTY ISBSP | Czerwony - Selleetools.com\" \/>\n<meta property=\"og:description\" content=\"Wysoko\u015b\u0107: 11 cm D\u0142ugo\u015b\u0107: 58 cm Szeroko\u015b\u0107: 43 cm Waga: 1,136 kg Kolor: Czerwony Producent: Prosperplast Materia\u0142: Tworzywo sztuczne Wysoko\u015b\u0107: 11 cm D\u0142ugo\u015b\u0107: 58 cm Szeroko\u015b\u0107: 43 cm Waga: 1,136 kg Kolor: Czerwony Producent: Prosperplast Materia\u0142: Tworzywo sztuczne\" \/>\n<meta property=\"og:url\" content=\"https:\/\/selleetools.com\/product\/slizg-sanki-sporty-isbsp-czerwony\/\" \/>\n<meta property=\"og:site_name\" content=\"Selleetools.com\" \/>\n<meta property=\"article:modified_time\" content=\"2026-04-09T15:48:35+00:00\" \/>\n<meta property=\"og:image\" content=\"https:\/\/selleetools.com\/wp-content\/uploads\/2026\/02\/28c41200883a3fc4ed55f12063babc97.jpg\" \/>\n\t<meta property=\"og:image:width\" content=\"1200\" \/>\n\t<meta property=\"og:image:height\" content=\"808\" \/>\n\t<meta property=\"og:image:type\" content=\"image\/jpeg\" \/>\n<meta name=\"twitter:card\" content=\"summary_large_image\" \/>\n<!-- \/ Yoast SEO plugin. -->","yoast_head_json":{"title":"\u015alizg, sanki SPORTY ISBSP | Czerwony - Selleetools.com","robots":{"index":"index","follow":"follow","max-snippet":"max-snippet:-1","max-image-preview":"max-image-preview:large","max-video-preview":"max-video-preview:-1"},"canonical":"https:\/\/selleetools.com\/product\/slizg-sanki-sporty-isbsp-czerwony\/","og_locale":"pl_PL","og_type":"article","og_title":"\u015alizg, sanki SPORTY ISBSP | Czerwony - Selleetools.com","og_description":"Wysoko\u015b\u0107: 11 cm D\u0142ugo\u015b\u0107: 58 cm Szeroko\u015b\u0107: 43 cm Waga: 1,136 kg Kolor: Czerwony Producent: Prosperplast Materia\u0142: Tworzywo sztuczne Wysoko\u015b\u0107: 11 cm D\u0142ugo\u015b\u0107: 58 cm Szeroko\u015b\u0107: 43 cm Waga: 1,136 kg Kolor: Czerwony Producent: Prosperplast Materia\u0142: Tworzywo sztuczne","og_url":"https:\/\/selleetools.com\/product\/slizg-sanki-sporty-isbsp-czerwony\/","og_site_name":"Selleetools.com","article_modified_time":"2026-04-09T15:48:35+00:00","og_image":[{"width":1200,"height":808,"url":"https:\/\/selleetools.com\/wp-content\/uploads\/2026\/02\/28c41200883a3fc4ed55f12063babc97.jpg","type":"image\/jpeg"}],"twitter_card":"summary_large_image","schema":{"@context":"https:\/\/schema.org","@graph":[{"@type":"Organization","@id":"https:\/\/selleetools.com\/#organization","name":"Selleetools","url":"https:\/\/selleetools.com\/","sameAs":[],"logo":{"@type":"ImageObject","inLanguage":"pl-PL","@id":"https:\/\/selleetools.com\/#\/schema\/logo\/image\/","url":"https:\/\/selleetools.com\/wp-content\/uploads\/2021\/10\/logo-dark.png","contentUrl":"https:\/\/selleetools.com\/wp-content\/uploads\/2021\/10\/logo-dark.png","width":320,"height":76,"caption":"Selleetools"},"image":{"@id":"https:\/\/selleetools.com\/#\/schema\/logo\/image\/"}},{"@type":"WebSite","@id":"https:\/\/selleetools.com\/#website","url":"https:\/\/selleetools.com\/","name":"Selleetools.com","description":"","publisher":{"@id":"https:\/\/selleetools.com\/#organization"},"potentialAction":[{"@type":"SearchAction","target":{"@type":"EntryPoint","urlTemplate":"https:\/\/selleetools.com\/?s={search_term_string}"},"query-input":"required name=search_term_string"}],"inLanguage":"pl-PL"},{"@type":"WebPage","@id":"https:\/\/selleetools.com\/product\/slizg-sanki-sporty-isbsp-czerwony\/","url":"https:\/\/selleetools.com\/product\/slizg-sanki-sporty-isbsp-czerwony\/","name":"\u015alizg, sanki SPORTY ISBSP | Czerwony - Selleetools.com","isPartOf":{"@id":"https:\/\/selleetools.com\/#website"},"datePublished":"2026-02-19T15:16:40+00:00","dateModified":"2026-04-09T15:48:35+00:00","breadcrumb":{"@id":"https:\/\/selleetools.com\/product\/slizg-sanki-sporty-isbsp-czerwony\/#breadcrumb"},"inLanguage":"pl-PL","potentialAction":[{"@type":"ReadAction","target":["https:\/\/selleetools.com\/product\/slizg-sanki-sporty-isbsp-czerwony\/"]}]},{"@type":"BreadcrumbList","@id":"https:\/\/selleetools.com\/product\/slizg-sanki-sporty-isbsp-czerwony\/#breadcrumb","itemListElement":[{"@type":"ListItem","position":1,"name":"Home","item":"https:\/\/selleetools.com\/pl\/"},{"@type":"ListItem","position":2,"name":"Katalog","item":"https:\/\/selleetools.com\/pl\/katalog\/"},{"@type":"ListItem","position":3,"name":"\u015alizg, sanki SPORTY ISBSP | Czerwony"}]}]}},"_links":{"self":[{"href":"https:\/\/selleetools.com\/pl\/wp-json\/wp\/v2\/product\/674340"}],"collection":[{"href":"https:\/\/selleetools.com\/pl\/wp-json\/wp\/v2\/product"}],"about":[{"href":"https:\/\/selleetools.com\/pl\/wp-json\/wp\/v2\/types\/product"}],"replies":[{"embeddable":true,"href":"https:\/\/selleetools.com\/pl\/wp-json\/wp\/v2\/comments?post=674340"}],"wp:featuredmedia":[{"embeddable":true,"href":"https:\/\/selleetools.com\/pl\/wp-json\/wp\/v2\/media\/674336"}],"wp:attachment":[{"href":"https:\/\/selleetools.com\/pl\/wp-json\/wp\/v2\/media?parent=674340"}],"curies":[{"name":"wp","href":"https:\/\/api.w.org\/{rel}","templated":true}]}}