{"id":674335,"date":"2026-02-19T16:16:36","date_gmt":"2026-02-19T15:16:36","guid":{"rendered":"https:\/\/selleetools.com\/?post_type=product&#038;p=674335"},"modified":"2026-04-09T17:48:27","modified_gmt":"2026-04-09T15:48:27","slug":"slizg-sanki-sporty-isbsp-niebieski","status":"publish","type":"product","link":"https:\/\/selleetools.com\/pl\/product\/slizg-sanki-sporty-isbsp-niebieski\/","title":{"rendered":"\u015alizg, sanki SPORTY ISBSP | Niebieski"},"content":{"rendered":"<section class=\"section\">\n<div class=\"item item-6\">\n<section class=\"text-item\">\n<h1>\u015alizg, sanki SPORTY ISBSP &#8211; Niebieski<\/h1>\n<p><b>Specyfikacja:<\/b><\/p>\n<ul>\n<li>d\u0142ugo\u015b\u0107 &#8211; 58 cm<\/li>\n<li>szeroko\u015b\u0107- 43 cm<\/li>\n<li>wysoko\u015b\u0107 &#8211; 11 cm<\/li>\n<li>materia\u0142 &#8211; tworzywo sztuczne<\/li>\n<li>sznurek z uchwytem<\/li>\n<\/ul>\n<p>Te sanki zosta\u0142y zaprojektowane w taki spos\u00f3b, by zjazdy by\u0142y szybsze i jednocze\u015bnie komfortowe. Dwa uchwyty zapewniaj\u0105 niezb\u0119dn\u0105 ergonomi\u0119. Do tego modelu do\u0142\u0105czana jest wysokiej jako\u015bci linka do ci\u0105gni\u0119cia.<\/p>\n<\/section><\/div>\n<div class=\"item item-6\">\n<section class=\"image-item\">\n            <img src=\"https:\/\/upload.cdn.baselinker.com\/products\/3028621\/7ccd76299323ae18124a369e6d352dd2.jpg\" \/><br \/>\n        <\/section>\n<\/p><\/div>\n<\/section>\n<p>Wysoko\u015b\u0107: 11 cm<br \/>\nD\u0142ugo\u015b\u0107: 58 cm<br \/>\nSzeroko\u015b\u0107: 43 cm<br \/>\nWaga: 1,136 kg<br \/>\nKolor: Niebieski<br \/>\nProducent: Prosperplast<br \/>\nMateria\u0142: Tworzywo sztuczne<\/p>\n","protected":false},"excerpt":{"rendered":"<p>\u015alizg, sanki SPORTY ISBSP &#8211; Niebieski Specyfikacja: d\u0142ugo\u015b\u0107 &#8211; 58 cm szeroko\u015b\u0107- 43 cm wysoko\u015b\u0107 &#8211; 11 cm materia\u0142 &#8211; tworzywo sztuczne sznurek z uchwytem Te sanki zosta\u0142y zaprojektowane w taki spos\u00f3b, by zjazdy by\u0142y szybsze i jednocze\u015bnie komfortowe. Dwa uchwyty zapewniaj\u0105 niezb\u0119dn\u0105 ergonomi\u0119. Do tego modelu do\u0142\u0105czana jest wysokiej jako\u015bci linka do ci\u0105gni\u0119cia. Wysoko\u015b\u0107: &#8230; <a title=\"\u015alizg, sanki SPORTY ISBSP | Niebieski\" class=\"read-more\" href=\"https:\/\/selleetools.com\/pl\/product\/slizg-sanki-sporty-isbsp-niebieski\/\">Read more<span class=\"screen-reader-text\">\u015alizg, sanki SPORTY ISBSP | Niebieski<\/span><\/a><\/p>\n","protected":false},"featured_media":674331,"comment_status":"open","ping_status":"closed","template":"","meta":{"_links_to":"","_links_to_target":""},"yoast_head":"<!-- This site is optimized with the Yoast SEO plugin v19.4 - https:\/\/yoast.com\/wordpress\/plugins\/seo\/ -->\n<title>\u015alizg, sanki SPORTY ISBSP | Niebieski - Selleetools.com<\/title>\n<meta name=\"robots\" content=\"index, follow, max-snippet:-1, max-image-preview:large, max-video-preview:-1\" \/>\n<link rel=\"canonical\" href=\"https:\/\/selleetools.com\/product\/slizg-sanki-sporty-isbsp-niebieski\/\" \/>\n<meta property=\"og:locale\" content=\"pl_PL\" \/>\n<meta property=\"og:type\" content=\"article\" \/>\n<meta property=\"og:title\" content=\"\u015alizg, sanki SPORTY ISBSP | Niebieski - Selleetools.com\" \/>\n<meta property=\"og:description\" content=\"\u015alizg, sanki SPORTY ISBSP &#8211; Niebieski Specyfikacja: d\u0142ugo\u015b\u0107 &#8211; 58 cm szeroko\u015b\u0107- 43 cm wysoko\u015b\u0107 &#8211; 11 cm materia\u0142 &#8211; tworzywo sztuczne sznurek z uchwytem Te sanki zosta\u0142y zaprojektowane w taki spos\u00f3b, by zjazdy by\u0142y szybsze i jednocze\u015bnie komfortowe. Dwa uchwyty zapewniaj\u0105 niezb\u0119dn\u0105 ergonomi\u0119. Do tego modelu do\u0142\u0105czana jest wysokiej jako\u015bci linka do ci\u0105gni\u0119cia. Wysoko\u015b\u0107: ... Read more\u015alizg, sanki SPORTY ISBSP | Niebieski\" \/>\n<meta property=\"og:url\" content=\"https:\/\/selleetools.com\/product\/slizg-sanki-sporty-isbsp-niebieski\/\" \/>\n<meta property=\"og:site_name\" content=\"Selleetools.com\" \/>\n<meta property=\"article:modified_time\" content=\"2026-04-09T15:48:27+00:00\" \/>\n<meta property=\"og:image\" content=\"https:\/\/selleetools.com\/wp-content\/uploads\/2026\/02\/7ccd76299323ae18124a369e6d352dd2.jpg\" \/>\n\t<meta property=\"og:image:width\" content=\"1200\" \/>\n\t<meta property=\"og:image:height\" content=\"808\" \/>\n\t<meta property=\"og:image:type\" content=\"image\/jpeg\" \/>\n<meta name=\"twitter:card\" content=\"summary_large_image\" \/>\n<!-- \/ Yoast SEO plugin. -->","yoast_head_json":{"title":"\u015alizg, sanki SPORTY ISBSP | Niebieski - Selleetools.com","robots":{"index":"index","follow":"follow","max-snippet":"max-snippet:-1","max-image-preview":"max-image-preview:large","max-video-preview":"max-video-preview:-1"},"canonical":"https:\/\/selleetools.com\/product\/slizg-sanki-sporty-isbsp-niebieski\/","og_locale":"pl_PL","og_type":"article","og_title":"\u015alizg, sanki SPORTY ISBSP | Niebieski - Selleetools.com","og_description":"\u015alizg, sanki SPORTY ISBSP &#8211; Niebieski Specyfikacja: d\u0142ugo\u015b\u0107 &#8211; 58 cm szeroko\u015b\u0107- 43 cm wysoko\u015b\u0107 &#8211; 11 cm materia\u0142 &#8211; tworzywo sztuczne sznurek z uchwytem Te sanki zosta\u0142y zaprojektowane w taki spos\u00f3b, by zjazdy by\u0142y szybsze i jednocze\u015bnie komfortowe. Dwa uchwyty zapewniaj\u0105 niezb\u0119dn\u0105 ergonomi\u0119. Do tego modelu do\u0142\u0105czana jest wysokiej jako\u015bci linka do ci\u0105gni\u0119cia. Wysoko\u015b\u0107: ... Read more\u015alizg, sanki SPORTY ISBSP | Niebieski","og_url":"https:\/\/selleetools.com\/product\/slizg-sanki-sporty-isbsp-niebieski\/","og_site_name":"Selleetools.com","article_modified_time":"2026-04-09T15:48:27+00:00","og_image":[{"width":1200,"height":808,"url":"https:\/\/selleetools.com\/wp-content\/uploads\/2026\/02\/7ccd76299323ae18124a369e6d352dd2.jpg","type":"image\/jpeg"}],"twitter_card":"summary_large_image","schema":{"@context":"https:\/\/schema.org","@graph":[{"@type":"Organization","@id":"https:\/\/selleetools.com\/#organization","name":"Selleetools","url":"https:\/\/selleetools.com\/","sameAs":[],"logo":{"@type":"ImageObject","inLanguage":"pl-PL","@id":"https:\/\/selleetools.com\/#\/schema\/logo\/image\/","url":"https:\/\/selleetools.com\/wp-content\/uploads\/2021\/10\/logo-dark.png","contentUrl":"https:\/\/selleetools.com\/wp-content\/uploads\/2021\/10\/logo-dark.png","width":320,"height":76,"caption":"Selleetools"},"image":{"@id":"https:\/\/selleetools.com\/#\/schema\/logo\/image\/"}},{"@type":"WebSite","@id":"https:\/\/selleetools.com\/#website","url":"https:\/\/selleetools.com\/","name":"Selleetools.com","description":"","publisher":{"@id":"https:\/\/selleetools.com\/#organization"},"potentialAction":[{"@type":"SearchAction","target":{"@type":"EntryPoint","urlTemplate":"https:\/\/selleetools.com\/?s={search_term_string}"},"query-input":"required name=search_term_string"}],"inLanguage":"pl-PL"},{"@type":"WebPage","@id":"https:\/\/selleetools.com\/product\/slizg-sanki-sporty-isbsp-niebieski\/","url":"https:\/\/selleetools.com\/product\/slizg-sanki-sporty-isbsp-niebieski\/","name":"\u015alizg, sanki SPORTY ISBSP | Niebieski - Selleetools.com","isPartOf":{"@id":"https:\/\/selleetools.com\/#website"},"datePublished":"2026-02-19T15:16:36+00:00","dateModified":"2026-04-09T15:48:27+00:00","breadcrumb":{"@id":"https:\/\/selleetools.com\/product\/slizg-sanki-sporty-isbsp-niebieski\/#breadcrumb"},"inLanguage":"pl-PL","potentialAction":[{"@type":"ReadAction","target":["https:\/\/selleetools.com\/product\/slizg-sanki-sporty-isbsp-niebieski\/"]}]},{"@type":"BreadcrumbList","@id":"https:\/\/selleetools.com\/product\/slizg-sanki-sporty-isbsp-niebieski\/#breadcrumb","itemListElement":[{"@type":"ListItem","position":1,"name":"Home","item":"https:\/\/selleetools.com\/pl\/"},{"@type":"ListItem","position":2,"name":"Katalog","item":"https:\/\/selleetools.com\/pl\/katalog\/"},{"@type":"ListItem","position":3,"name":"\u015alizg, sanki SPORTY ISBSP | Niebieski"}]}]}},"_links":{"self":[{"href":"https:\/\/selleetools.com\/pl\/wp-json\/wp\/v2\/product\/674335"}],"collection":[{"href":"https:\/\/selleetools.com\/pl\/wp-json\/wp\/v2\/product"}],"about":[{"href":"https:\/\/selleetools.com\/pl\/wp-json\/wp\/v2\/types\/product"}],"replies":[{"embeddable":true,"href":"https:\/\/selleetools.com\/pl\/wp-json\/wp\/v2\/comments?post=674335"}],"wp:featuredmedia":[{"embeddable":true,"href":"https:\/\/selleetools.com\/pl\/wp-json\/wp\/v2\/media\/674331"}],"wp:attachment":[{"href":"https:\/\/selleetools.com\/pl\/wp-json\/wp\/v2\/media?parent=674335"}],"curies":[{"name":"wp","href":"https:\/\/api.w.org\/{rel}","templated":true}]}}