{"id":674305,"date":"2026-02-19T16:16:20","date_gmt":"2026-02-19T15:16:20","guid":{"rendered":"https:\/\/selleetools.com\/?post_type=product&#038;p=674305"},"modified":"2026-04-18T15:47:00","modified_gmt":"2026-04-18T13:47:00","slug":"zestaw-narzedzi-do-lasu-w-szkle-plant-terrarium","status":"publish","type":"product","link":"https:\/\/selleetools.com\/pl\/product\/zestaw-narzedzi-do-lasu-w-szkle-plant-terrarium\/","title":{"rendered":"Zestaw narz\u0119dzi do lasu w szkle (plant terrarium)"},"content":{"rendered":"<section class=\"section\">\n<div class=\"item item-12\">\n<section class=\"text-item\">\n<h1>Zestaw narz\u0119dzi do lasu w szkle (plant terrarium).<\/h1>\n<p><b>Zestaw zawieraj\u0105cy:<\/b><\/p>\n<ul>\n<li>grabie teleskopowe<\/li>\n<li>szpiczast\u0105 \u0142opat\u0119.<\/li>\n<\/ul>\n<p>Idealny dwucz\u0119\u015bciowy zestaw narz\u0119dzi do plant terrarium, czyli lasu w szkle. Teleskopowe uchwyty umo\u017cliwiaj\u0105 dotarcie do trudno dost\u0119pnych ro\u015blin, umiejscowionych w szkle i ich piel\u0119gnacj\u0119. Narz\u0119dzia wykonane ze stali. U\u0142atwia prac\u0119 podczas tworzenia kompozycji w szkle. Teleskopowe narz\u0119dzia wykonane bardzo starannie i solidnie ze stali nierdzewnej.<\/p>\n<p><b>Wymiary:<\/b><\/p>\n<ul>\n<li>D\u0142ugo\u015b\u0107 uchwytu w narz\u0119dziach: 71 cm.<\/li>\n<li>Grabie: Wysoko\u015b\u0107: 83 cm Szeroko\u015b\u0107: 3 cm G\u0142\u0119boko\u015b\u0107: 1,7 cm.<\/li>\n<li>\u0141opatka: Wysoko\u015b\u0107: 84,5 cm Szeroko\u015b\u0107: 3 cm G\u0142\u0119boko\u015b\u0107: 1 cm.<\/li>\n<li>Waga: 0,057 kg.<\/li>\n<\/ul>\n<\/section><\/div>\n<\/section>\n<section class=\"section\">\n<div class=\"item item-12\">\n<section class=\"image-item\"><img src=\"https:\/\/upload.cdn.baselinker.com\/products\/3028621\/8fc10f4c3ba936004475287baee5024c.jpg\"><\/section>\n<\/p><\/div>\n<\/section>\n<section class=\"section\">\n<div class=\"item item-6\">\n<section class=\"image-item\"><img src=\"https:\/\/upload.cdn.baselinker.com\/products\/3028621\/8fc10f4c3ba936004475287baee5024c.jpg\"><\/section>\n<\/p><\/div>\n<div class=\"item item-6\">\n<section class=\"image-item\"><img src=\"https:\/\/upload.cdn.baselinker.com\/products\/3028621\/db49a437438c323b4680865484d8c826.jpg\"><\/section>\n<\/p><\/div>\n<\/section>\n<section class=\"section\">\n<div class=\"item item-6\">\n<section class=\"image-item\"><img src=\"https:\/\/upload.cdn.baselinker.com\/products\/3028621\/7fa9c7c98be6cd0ffe02abc13912be6f.jpg\"><\/section>\n<\/p><\/div>\n<div class=\"item item-6\">\n<section class=\"image-item\"><img src=\"https:\/\/upload.cdn.baselinker.com\/products\/3028621\/37e3fc8238d82034ff8e3430e59f13e2.jpg\"><\/section>\n<\/p><\/div>\n<\/section>\n<section class=\"section\">\n<div class=\"item item-12\">\n<section class=\"image-item\"><img src=\"https:\/\/upload.cdn.baselinker.com\/products\/3028621\/30d565b580f902ebb9b194d4d630a04a.jpg\"><\/section>\n<\/p><\/div>\n<\/section>\n","protected":false},"excerpt":{"rendered":"<p>Zestaw narz\u0119dzi do lasu w szkle (plant terrarium). Zestaw zawieraj\u0105cy: grabie teleskopowe szpiczast\u0105 \u0142opat\u0119. Idealny dwucz\u0119\u015bciowy zestaw narz\u0119dzi do plant terrarium, czyli lasu w szkle. Teleskopowe uchwyty umo\u017cliwiaj\u0105 dotarcie do trudno dost\u0119pnych ro\u015blin, umiejscowionych w szkle i ich piel\u0119gnacj\u0119. Narz\u0119dzia wykonane ze stali. U\u0142atwia prac\u0119 podczas tworzenia kompozycji w szkle. Teleskopowe narz\u0119dzia wykonane bardzo starannie &#8230; <a title=\"Zestaw narz\u0119dzi do lasu w szkle (plant terrarium)\" class=\"read-more\" href=\"https:\/\/selleetools.com\/pl\/product\/zestaw-narzedzi-do-lasu-w-szkle-plant-terrarium\/\">Read more<span class=\"screen-reader-text\">Zestaw narz\u0119dzi do lasu w szkle (plant terrarium)<\/span><\/a><\/p>\n","protected":false},"featured_media":674295,"comment_status":"open","ping_status":"closed","template":"","meta":{"_links_to":"","_links_to_target":""},"yoast_head":"<!-- This site is optimized with the Yoast SEO plugin v19.4 - https:\/\/yoast.com\/wordpress\/plugins\/seo\/ -->\n<title>Zestaw narz\u0119dzi do lasu w szkle (plant terrarium) - Selleetools.com<\/title>\n<meta name=\"robots\" content=\"index, follow, max-snippet:-1, max-image-preview:large, max-video-preview:-1\" \/>\n<link rel=\"canonical\" href=\"https:\/\/selleetools.com\/pl\/product\/zestaw-narzedzi-do-lasu-w-szkle-plant-terrarium\/\" \/>\n<meta property=\"og:locale\" content=\"pl_PL\" \/>\n<meta property=\"og:type\" content=\"article\" \/>\n<meta property=\"og:title\" content=\"Zestaw narz\u0119dzi do lasu w szkle (plant terrarium) - Selleetools.com\" \/>\n<meta property=\"og:description\" content=\"Zestaw narz\u0119dzi do lasu w szkle (plant terrarium). Zestaw zawieraj\u0105cy: grabie teleskopowe szpiczast\u0105 \u0142opat\u0119. Idealny dwucz\u0119\u015bciowy zestaw narz\u0119dzi do plant terrarium, czyli lasu w szkle. Teleskopowe uchwyty umo\u017cliwiaj\u0105 dotarcie do trudno dost\u0119pnych ro\u015blin, umiejscowionych w szkle i ich piel\u0119gnacj\u0119. Narz\u0119dzia wykonane ze stali. U\u0142atwia prac\u0119 podczas tworzenia kompozycji w szkle. Teleskopowe narz\u0119dzia wykonane bardzo starannie ... Read moreZestaw narz\u0119dzi do lasu w szkle (plant terrarium)\" \/>\n<meta property=\"og:url\" content=\"https:\/\/selleetools.com\/pl\/product\/zestaw-narzedzi-do-lasu-w-szkle-plant-terrarium\/\" \/>\n<meta property=\"og:site_name\" content=\"Selleetools.com\" \/>\n<meta property=\"article:modified_time\" content=\"2026-04-18T13:47:00+00:00\" \/>\n<meta property=\"og:image\" content=\"https:\/\/selleetools.com\/wp-content\/uploads\/2026\/02\/8fc10f4c3ba936004475287baee5024c.jpg\" \/>\n\t<meta property=\"og:image:width\" content=\"1240\" \/>\n\t<meta property=\"og:image:height\" content=\"1240\" \/>\n\t<meta property=\"og:image:type\" content=\"image\/jpeg\" \/>\n<meta name=\"twitter:card\" content=\"summary_large_image\" \/>\n<!-- \/ Yoast SEO plugin. -->","yoast_head_json":{"title":"Zestaw narz\u0119dzi do lasu w szkle (plant terrarium) - Selleetools.com","robots":{"index":"index","follow":"follow","max-snippet":"max-snippet:-1","max-image-preview":"max-image-preview:large","max-video-preview":"max-video-preview:-1"},"canonical":"https:\/\/selleetools.com\/pl\/product\/zestaw-narzedzi-do-lasu-w-szkle-plant-terrarium\/","og_locale":"pl_PL","og_type":"article","og_title":"Zestaw narz\u0119dzi do lasu w szkle (plant terrarium) - Selleetools.com","og_description":"Zestaw narz\u0119dzi do lasu w szkle (plant terrarium). Zestaw zawieraj\u0105cy: grabie teleskopowe szpiczast\u0105 \u0142opat\u0119. Idealny dwucz\u0119\u015bciowy zestaw narz\u0119dzi do plant terrarium, czyli lasu w szkle. Teleskopowe uchwyty umo\u017cliwiaj\u0105 dotarcie do trudno dost\u0119pnych ro\u015blin, umiejscowionych w szkle i ich piel\u0119gnacj\u0119. Narz\u0119dzia wykonane ze stali. U\u0142atwia prac\u0119 podczas tworzenia kompozycji w szkle. Teleskopowe narz\u0119dzia wykonane bardzo starannie ... Read moreZestaw narz\u0119dzi do lasu w szkle (plant terrarium)","og_url":"https:\/\/selleetools.com\/pl\/product\/zestaw-narzedzi-do-lasu-w-szkle-plant-terrarium\/","og_site_name":"Selleetools.com","article_modified_time":"2026-04-18T13:47:00+00:00","og_image":[{"width":1240,"height":1240,"url":"https:\/\/selleetools.com\/wp-content\/uploads\/2026\/02\/8fc10f4c3ba936004475287baee5024c.jpg","type":"image\/jpeg"}],"twitter_card":"summary_large_image","schema":{"@context":"https:\/\/schema.org","@graph":[{"@type":"Organization","@id":"https:\/\/selleetools.com\/#organization","name":"Selleetools","url":"https:\/\/selleetools.com\/","sameAs":[],"logo":{"@type":"ImageObject","inLanguage":"pl-PL","@id":"https:\/\/selleetools.com\/#\/schema\/logo\/image\/","url":"https:\/\/selleetools.com\/wp-content\/uploads\/2021\/10\/logo-dark.png","contentUrl":"https:\/\/selleetools.com\/wp-content\/uploads\/2021\/10\/logo-dark.png","width":320,"height":76,"caption":"Selleetools"},"image":{"@id":"https:\/\/selleetools.com\/#\/schema\/logo\/image\/"}},{"@type":"WebSite","@id":"https:\/\/selleetools.com\/#website","url":"https:\/\/selleetools.com\/","name":"Selleetools.com","description":"","publisher":{"@id":"https:\/\/selleetools.com\/#organization"},"potentialAction":[{"@type":"SearchAction","target":{"@type":"EntryPoint","urlTemplate":"https:\/\/selleetools.com\/?s={search_term_string}"},"query-input":"required name=search_term_string"}],"inLanguage":"pl-PL"},{"@type":"WebPage","@id":"https:\/\/selleetools.com\/pl\/product\/zestaw-narzedzi-do-lasu-w-szkle-plant-terrarium\/","url":"https:\/\/selleetools.com\/pl\/product\/zestaw-narzedzi-do-lasu-w-szkle-plant-terrarium\/","name":"Zestaw narz\u0119dzi do lasu w szkle (plant terrarium) - Selleetools.com","isPartOf":{"@id":"https:\/\/selleetools.com\/#website"},"datePublished":"2026-02-19T15:16:20+00:00","dateModified":"2026-04-18T13:47:00+00:00","breadcrumb":{"@id":"https:\/\/selleetools.com\/pl\/product\/zestaw-narzedzi-do-lasu-w-szkle-plant-terrarium\/#breadcrumb"},"inLanguage":"pl-PL","potentialAction":[{"@type":"ReadAction","target":["https:\/\/selleetools.com\/pl\/product\/zestaw-narzedzi-do-lasu-w-szkle-plant-terrarium\/"]}]},{"@type":"BreadcrumbList","@id":"https:\/\/selleetools.com\/pl\/product\/zestaw-narzedzi-do-lasu-w-szkle-plant-terrarium\/#breadcrumb","itemListElement":[{"@type":"ListItem","position":1,"name":"Home","item":"https:\/\/selleetools.com\/pl\/"},{"@type":"ListItem","position":2,"name":"Katalog","item":"https:\/\/selleetools.com\/pl\/katalog\/"},{"@type":"ListItem","position":3,"name":"Zestaw narz\u0119dzi do lasu w szkle (plant terrarium)"}]}]}},"_links":{"self":[{"href":"https:\/\/selleetools.com\/pl\/wp-json\/wp\/v2\/product\/674305"}],"collection":[{"href":"https:\/\/selleetools.com\/pl\/wp-json\/wp\/v2\/product"}],"about":[{"href":"https:\/\/selleetools.com\/pl\/wp-json\/wp\/v2\/types\/product"}],"replies":[{"embeddable":true,"href":"https:\/\/selleetools.com\/pl\/wp-json\/wp\/v2\/comments?post=674305"}],"wp:featuredmedia":[{"embeddable":true,"href":"https:\/\/selleetools.com\/pl\/wp-json\/wp\/v2\/media\/674295"}],"wp:attachment":[{"href":"https:\/\/selleetools.com\/pl\/wp-json\/wp\/v2\/media?parent=674305"}],"curies":[{"name":"wp","href":"https:\/\/api.w.org\/{rel}","templated":true}]}}