{"id":674278,"date":"2026-02-19T16:16:04","date_gmt":"2026-02-19T15:16:04","guid":{"rendered":"https:\/\/selleetools.com\/?post_type=product&#038;p=674278"},"modified":"2026-04-18T15:46:43","modified_gmt":"2026-04-18T13:46:43","slug":"chwytak-do-roslin-w-szkle-plant-terrarium","status":"publish","type":"product","link":"https:\/\/selleetools.com\/pl\/product\/chwytak-do-roslin-w-szkle-plant-terrarium\/","title":{"rendered":"Chwytak do ro\u015blin w szkle (plant terrarium)"},"content":{"rendered":"<section class=\"section\">\n<div class=\"item item-6\">\n<section class=\"text-item\">\n<h1>Chwytak do ro\u015blin w szkle (plant terrarium)<\/h1>\n<p><b>Specyfikacja:<\/b><\/p>\n<ul>\n<li>Wysoko\u015b\u0107: 72 cm<\/li>\n<li>Szeroko\u015b\u0107: 2,4 cm<\/li>\n<li>G\u0142\u0119boko\u015b\u0107: 2,4 cm<\/li>\n<\/ul>\n<p>Narz\u0119dzie z d\u0142ugim metalowym kijkiem (uchwytem) z wysuwanymi szczypcami ( 4 pazury), idealne do zbierania li\u015bci i kamieni.<\/p>\n<p>Umo\u017cliwia trzymanie ro\u015blin lub innych element\u00f3w dekoracyjnych w celu prze\u0142o\u017cenia we wskazane miejsce.<\/p>\n<p>Chwytak wykonany ze stali<\/p>\n<p>U\u0142atwia prac\u0119 podczas tworzenia kompozycji w szkle tzw. &#8220;lasu w szkle&#8221; (plant terrarium).<\/p>\n<\/section><\/div>\n<div class=\"item item-6\">\n<section class=\"image-item\"><img src=\"https:\/\/upload.cdn.baselinker.com\/products\/3028621\/26ba1420f5aec8c53437817c6737606e.jpg\"><\/section>\n<\/p><\/div>\n<\/section>\n<section class=\"section\">\n<div class=\"item item-6\">\n<section class=\"image-item\"><img src=\"https:\/\/upload.cdn.baselinker.com\/products\/3028621\/26ba1420f5aec8c53437817c6737606e.jpg\"><\/section>\n<\/p><\/div>\n<div class=\"item item-6\">\n<section class=\"image-item\"><img src=\"https:\/\/upload.cdn.baselinker.com\/products\/3028621\/41125705e91afa56e50e4a651ee99ae9.jpg\"><\/section>\n<\/p><\/div>\n<\/section>\n","protected":false},"excerpt":{"rendered":"<p>Chwytak do ro\u015blin w szkle (plant terrarium) Specyfikacja: Wysoko\u015b\u0107: 72 cm Szeroko\u015b\u0107: 2,4 cm G\u0142\u0119boko\u015b\u0107: 2,4 cm Narz\u0119dzie z d\u0142ugim metalowym kijkiem (uchwytem) z wysuwanymi szczypcami ( 4 pazury), idealne do zbierania li\u015bci i kamieni. Umo\u017cliwia trzymanie ro\u015blin lub innych element\u00f3w dekoracyjnych w celu prze\u0142o\u017cenia we wskazane miejsce. Chwytak wykonany ze stali U\u0142atwia prac\u0119 podczas &#8230; <a title=\"Chwytak do ro\u015blin w szkle (plant terrarium)\" class=\"read-more\" href=\"https:\/\/selleetools.com\/pl\/product\/chwytak-do-roslin-w-szkle-plant-terrarium\/\">Read more<span class=\"screen-reader-text\">Chwytak do ro\u015blin w szkle (plant terrarium)<\/span><\/a><\/p>\n","protected":false},"featured_media":674274,"comment_status":"open","ping_status":"closed","template":"","meta":{"_links_to":"","_links_to_target":""},"yoast_head":"<!-- This site is optimized with the Yoast SEO plugin v19.4 - https:\/\/yoast.com\/wordpress\/plugins\/seo\/ -->\n<title>Chwytak do ro\u015blin w szkle (plant terrarium) - Selleetools.com<\/title>\n<meta name=\"robots\" content=\"index, follow, max-snippet:-1, max-image-preview:large, max-video-preview:-1\" \/>\n<link rel=\"canonical\" href=\"https:\/\/selleetools.com\/pl\/product\/chwytak-do-roslin-w-szkle-plant-terrarium\/\" \/>\n<meta property=\"og:locale\" content=\"pl_PL\" \/>\n<meta property=\"og:type\" content=\"article\" \/>\n<meta property=\"og:title\" content=\"Chwytak do ro\u015blin w szkle (plant terrarium) - Selleetools.com\" \/>\n<meta property=\"og:description\" content=\"Chwytak do ro\u015blin w szkle (plant terrarium) Specyfikacja: Wysoko\u015b\u0107: 72 cm Szeroko\u015b\u0107: 2,4 cm G\u0142\u0119boko\u015b\u0107: 2,4 cm Narz\u0119dzie z d\u0142ugim metalowym kijkiem (uchwytem) z wysuwanymi szczypcami ( 4 pazury), idealne do zbierania li\u015bci i kamieni. Umo\u017cliwia trzymanie ro\u015blin lub innych element\u00f3w dekoracyjnych w celu prze\u0142o\u017cenia we wskazane miejsce. Chwytak wykonany ze stali U\u0142atwia prac\u0119 podczas ... Read moreChwytak do ro\u015blin w szkle (plant terrarium)\" \/>\n<meta property=\"og:url\" content=\"https:\/\/selleetools.com\/pl\/product\/chwytak-do-roslin-w-szkle-plant-terrarium\/\" \/>\n<meta property=\"og:site_name\" content=\"Selleetools.com\" \/>\n<meta property=\"article:modified_time\" content=\"2026-04-18T13:46:43+00:00\" \/>\n<meta property=\"og:image\" content=\"https:\/\/selleetools.com\/wp-content\/uploads\/2026\/02\/26ba1420f5aec8c53437817c6737606e.jpg\" \/>\n\t<meta property=\"og:image:width\" content=\"1240\" \/>\n\t<meta property=\"og:image:height\" content=\"1240\" \/>\n\t<meta property=\"og:image:type\" content=\"image\/jpeg\" \/>\n<meta name=\"twitter:card\" content=\"summary_large_image\" \/>\n<!-- \/ Yoast SEO plugin. -->","yoast_head_json":{"title":"Chwytak do ro\u015blin w szkle (plant terrarium) - Selleetools.com","robots":{"index":"index","follow":"follow","max-snippet":"max-snippet:-1","max-image-preview":"max-image-preview:large","max-video-preview":"max-video-preview:-1"},"canonical":"https:\/\/selleetools.com\/pl\/product\/chwytak-do-roslin-w-szkle-plant-terrarium\/","og_locale":"pl_PL","og_type":"article","og_title":"Chwytak do ro\u015blin w szkle (plant terrarium) - Selleetools.com","og_description":"Chwytak do ro\u015blin w szkle (plant terrarium) Specyfikacja: Wysoko\u015b\u0107: 72 cm Szeroko\u015b\u0107: 2,4 cm G\u0142\u0119boko\u015b\u0107: 2,4 cm Narz\u0119dzie z d\u0142ugim metalowym kijkiem (uchwytem) z wysuwanymi szczypcami ( 4 pazury), idealne do zbierania li\u015bci i kamieni. Umo\u017cliwia trzymanie ro\u015blin lub innych element\u00f3w dekoracyjnych w celu prze\u0142o\u017cenia we wskazane miejsce. Chwytak wykonany ze stali U\u0142atwia prac\u0119 podczas ... Read moreChwytak do ro\u015blin w szkle (plant terrarium)","og_url":"https:\/\/selleetools.com\/pl\/product\/chwytak-do-roslin-w-szkle-plant-terrarium\/","og_site_name":"Selleetools.com","article_modified_time":"2026-04-18T13:46:43+00:00","og_image":[{"width":1240,"height":1240,"url":"https:\/\/selleetools.com\/wp-content\/uploads\/2026\/02\/26ba1420f5aec8c53437817c6737606e.jpg","type":"image\/jpeg"}],"twitter_card":"summary_large_image","schema":{"@context":"https:\/\/schema.org","@graph":[{"@type":"Organization","@id":"https:\/\/selleetools.com\/#organization","name":"Selleetools","url":"https:\/\/selleetools.com\/","sameAs":[],"logo":{"@type":"ImageObject","inLanguage":"pl-PL","@id":"https:\/\/selleetools.com\/#\/schema\/logo\/image\/","url":"https:\/\/selleetools.com\/wp-content\/uploads\/2021\/10\/logo-dark.png","contentUrl":"https:\/\/selleetools.com\/wp-content\/uploads\/2021\/10\/logo-dark.png","width":320,"height":76,"caption":"Selleetools"},"image":{"@id":"https:\/\/selleetools.com\/#\/schema\/logo\/image\/"}},{"@type":"WebSite","@id":"https:\/\/selleetools.com\/#website","url":"https:\/\/selleetools.com\/","name":"Selleetools.com","description":"","publisher":{"@id":"https:\/\/selleetools.com\/#organization"},"potentialAction":[{"@type":"SearchAction","target":{"@type":"EntryPoint","urlTemplate":"https:\/\/selleetools.com\/?s={search_term_string}"},"query-input":"required name=search_term_string"}],"inLanguage":"pl-PL"},{"@type":"WebPage","@id":"https:\/\/selleetools.com\/pl\/product\/chwytak-do-roslin-w-szkle-plant-terrarium\/","url":"https:\/\/selleetools.com\/pl\/product\/chwytak-do-roslin-w-szkle-plant-terrarium\/","name":"Chwytak do ro\u015blin w szkle (plant terrarium) - Selleetools.com","isPartOf":{"@id":"https:\/\/selleetools.com\/#website"},"datePublished":"2026-02-19T15:16:04+00:00","dateModified":"2026-04-18T13:46:43+00:00","breadcrumb":{"@id":"https:\/\/selleetools.com\/pl\/product\/chwytak-do-roslin-w-szkle-plant-terrarium\/#breadcrumb"},"inLanguage":"pl-PL","potentialAction":[{"@type":"ReadAction","target":["https:\/\/selleetools.com\/pl\/product\/chwytak-do-roslin-w-szkle-plant-terrarium\/"]}]},{"@type":"BreadcrumbList","@id":"https:\/\/selleetools.com\/pl\/product\/chwytak-do-roslin-w-szkle-plant-terrarium\/#breadcrumb","itemListElement":[{"@type":"ListItem","position":1,"name":"Home","item":"https:\/\/selleetools.com\/pl\/"},{"@type":"ListItem","position":2,"name":"Katalog","item":"https:\/\/selleetools.com\/pl\/katalog\/"},{"@type":"ListItem","position":3,"name":"Chwytak do ro\u015blin w szkle (plant terrarium)"}]}]}},"_links":{"self":[{"href":"https:\/\/selleetools.com\/pl\/wp-json\/wp\/v2\/product\/674278"}],"collection":[{"href":"https:\/\/selleetools.com\/pl\/wp-json\/wp\/v2\/product"}],"about":[{"href":"https:\/\/selleetools.com\/pl\/wp-json\/wp\/v2\/types\/product"}],"replies":[{"embeddable":true,"href":"https:\/\/selleetools.com\/pl\/wp-json\/wp\/v2\/comments?post=674278"}],"wp:featuredmedia":[{"embeddable":true,"href":"https:\/\/selleetools.com\/pl\/wp-json\/wp\/v2\/media\/674274"}],"wp:attachment":[{"href":"https:\/\/selleetools.com\/pl\/wp-json\/wp\/v2\/media?parent=674278"}],"curies":[{"name":"wp","href":"https:\/\/api.w.org\/{rel}","templated":true}]}}