{"id":674262,"date":"2026-02-19T16:15:55","date_gmt":"2026-02-19T15:15:55","guid":{"rendered":"https:\/\/selleetools.com\/?post_type=product&#038;p=674262"},"modified":"2026-04-18T15:46:32","modified_gmt":"2026-04-18T13:46:32","slug":"nozyczki-do-lisci-dlugie-do-roslin-w-szkle","status":"publish","type":"product","link":"https:\/\/selleetools.com\/pl\/product\/nozyczki-do-lisci-dlugie-do-roslin-w-szkle\/","title":{"rendered":"No\u017cyczki do li\u015bci, d\u0142ugie do ro\u015blin w szkle"},"content":{"rendered":"<section class=\"section\">\n<div class=\"item item-6\">\n<section class=\"text-item\">\n<h1>No\u017cyczki do li\u015bci, d\u0142ugie do ro\u015blin w szkle<\/h1>\n<p><b>Specyfikacja:<\/b><\/p>\n<ul>\n<li>Wysoko\u015b\u0107 &#8211; 25 cm<\/li>\n<li>Szeroko\u015b\u0107 &#8211; 5,6 cm<\/li>\n<li>G\u0142\u0119boko\u015b\u0107 &#8211; 1,6 cm.<\/li>\n<\/ul>\n<p>D\u0142ugie no\u017cyczki z zakrzywionymi ostrzami, idealne do ci\u0119cia p\u0119d\u00f3w i li\u015bci.<\/p>\n<p>Narz\u0119dzie wykonane ze stali nierdzewnej<\/p>\n<p>U\u0142atwiaj\u0105 prac\u0119 podczas piel\u0119gnacji ro\u015blinek z kompozycji w szkle tzw. &#8220;lasu w szkle&#8221; (plant terrarium).<\/p>\n<\/section><\/div>\n<div class=\"item item-6\">\n<section class=\"image-item\"><img src=\"https:\/\/upload.cdn.baselinker.com\/products\/3028621\/1d5135d0cc9f23137673faebb641fd9c.jpg\"><\/section>\n<\/p><\/div>\n<\/section>\n<section class=\"section\">\n<div class=\"item item-6\">\n<section class=\"image-item\"><img src=\"https:\/\/upload.cdn.baselinker.com\/products\/3028621\/1d5135d0cc9f23137673faebb641fd9c.jpg\"><\/section>\n<\/p><\/div>\n<div class=\"item item-6\">\n<section class=\"image-item\"><img src=\"https:\/\/upload.cdn.baselinker.com\/products\/3028621\/59724b6b7a5fe28a0731fa496a3d63e8.jpg\"><\/section>\n<\/p><\/div>\n<\/section>\n<section class=\"section\">\n<div class=\"item item-6\">\n<section class=\"image-item\"><img src=\"https:\/\/upload.cdn.baselinker.com\/products\/3028621\/2ecd5ce449f1a6eb06a98673c53c5601.jpg\"><\/section>\n<\/p><\/div>\n<div class=\"item item-6\">\n<section class=\"image-item\"><img src=\"https:\/\/upload.cdn.baselinker.com\/products\/3028621\/b61555936abd097301a218d968dd958c.jpg\"><\/section>\n<\/p><\/div>\n<\/section>\n","protected":false},"excerpt":{"rendered":"<p>No\u017cyczki do li\u015bci, d\u0142ugie do ro\u015blin w szkle Specyfikacja: Wysoko\u015b\u0107 &#8211; 25 cm Szeroko\u015b\u0107 &#8211; 5,6 cm G\u0142\u0119boko\u015b\u0107 &#8211; 1,6 cm. D\u0142ugie no\u017cyczki z zakrzywionymi ostrzami, idealne do ci\u0119cia p\u0119d\u00f3w i li\u015bci. Narz\u0119dzie wykonane ze stali nierdzewnej U\u0142atwiaj\u0105 prac\u0119 podczas piel\u0119gnacji ro\u015blinek z kompozycji w szkle tzw. &#8220;lasu w szkle&#8221; (plant terrarium).<\/p>\n","protected":false},"featured_media":674254,"comment_status":"open","ping_status":"closed","template":"","meta":{"_links_to":"","_links_to_target":""},"yoast_head":"<!-- This site is optimized with the Yoast SEO plugin v19.4 - https:\/\/yoast.com\/wordpress\/plugins\/seo\/ -->\n<title>No\u017cyczki do li\u015bci, d\u0142ugie do ro\u015blin w szkle - Selleetools.com<\/title>\n<meta name=\"robots\" content=\"index, follow, max-snippet:-1, max-image-preview:large, max-video-preview:-1\" \/>\n<link rel=\"canonical\" href=\"https:\/\/selleetools.com\/pl\/product\/nozyczki-do-lisci-dlugie-do-roslin-w-szkle\/\" \/>\n<meta property=\"og:locale\" content=\"pl_PL\" \/>\n<meta property=\"og:type\" content=\"article\" \/>\n<meta property=\"og:title\" content=\"No\u017cyczki do li\u015bci, d\u0142ugie do ro\u015blin w szkle - Selleetools.com\" \/>\n<meta property=\"og:description\" content=\"No\u017cyczki do li\u015bci, d\u0142ugie do ro\u015blin w szkle Specyfikacja: Wysoko\u015b\u0107 &#8211; 25 cm Szeroko\u015b\u0107 &#8211; 5,6 cm G\u0142\u0119boko\u015b\u0107 &#8211; 1,6 cm. D\u0142ugie no\u017cyczki z zakrzywionymi ostrzami, idealne do ci\u0119cia p\u0119d\u00f3w i li\u015bci. Narz\u0119dzie wykonane ze stali nierdzewnej U\u0142atwiaj\u0105 prac\u0119 podczas piel\u0119gnacji ro\u015blinek z kompozycji w szkle tzw. &#8220;lasu w szkle&#8221; (plant terrarium).\" \/>\n<meta property=\"og:url\" content=\"https:\/\/selleetools.com\/pl\/product\/nozyczki-do-lisci-dlugie-do-roslin-w-szkle\/\" \/>\n<meta property=\"og:site_name\" content=\"Selleetools.com\" \/>\n<meta property=\"article:modified_time\" content=\"2026-04-18T13:46:32+00:00\" \/>\n<meta property=\"og:image\" content=\"https:\/\/selleetools.com\/wp-content\/uploads\/2026\/02\/1d5135d0cc9f23137673faebb641fd9c.jpg\" \/>\n\t<meta property=\"og:image:width\" content=\"1240\" \/>\n\t<meta property=\"og:image:height\" content=\"1240\" \/>\n\t<meta property=\"og:image:type\" content=\"image\/jpeg\" \/>\n<meta name=\"twitter:card\" content=\"summary_large_image\" \/>\n<!-- \/ Yoast SEO plugin. -->","yoast_head_json":{"title":"No\u017cyczki do li\u015bci, d\u0142ugie do ro\u015blin w szkle - Selleetools.com","robots":{"index":"index","follow":"follow","max-snippet":"max-snippet:-1","max-image-preview":"max-image-preview:large","max-video-preview":"max-video-preview:-1"},"canonical":"https:\/\/selleetools.com\/pl\/product\/nozyczki-do-lisci-dlugie-do-roslin-w-szkle\/","og_locale":"pl_PL","og_type":"article","og_title":"No\u017cyczki do li\u015bci, d\u0142ugie do ro\u015blin w szkle - Selleetools.com","og_description":"No\u017cyczki do li\u015bci, d\u0142ugie do ro\u015blin w szkle Specyfikacja: Wysoko\u015b\u0107 &#8211; 25 cm Szeroko\u015b\u0107 &#8211; 5,6 cm G\u0142\u0119boko\u015b\u0107 &#8211; 1,6 cm. D\u0142ugie no\u017cyczki z zakrzywionymi ostrzami, idealne do ci\u0119cia p\u0119d\u00f3w i li\u015bci. Narz\u0119dzie wykonane ze stali nierdzewnej U\u0142atwiaj\u0105 prac\u0119 podczas piel\u0119gnacji ro\u015blinek z kompozycji w szkle tzw. &#8220;lasu w szkle&#8221; (plant terrarium).","og_url":"https:\/\/selleetools.com\/pl\/product\/nozyczki-do-lisci-dlugie-do-roslin-w-szkle\/","og_site_name":"Selleetools.com","article_modified_time":"2026-04-18T13:46:32+00:00","og_image":[{"width":1240,"height":1240,"url":"https:\/\/selleetools.com\/wp-content\/uploads\/2026\/02\/1d5135d0cc9f23137673faebb641fd9c.jpg","type":"image\/jpeg"}],"twitter_card":"summary_large_image","schema":{"@context":"https:\/\/schema.org","@graph":[{"@type":"Organization","@id":"https:\/\/selleetools.com\/#organization","name":"Selleetools","url":"https:\/\/selleetools.com\/","sameAs":[],"logo":{"@type":"ImageObject","inLanguage":"pl-PL","@id":"https:\/\/selleetools.com\/#\/schema\/logo\/image\/","url":"https:\/\/selleetools.com\/wp-content\/uploads\/2021\/10\/logo-dark.png","contentUrl":"https:\/\/selleetools.com\/wp-content\/uploads\/2021\/10\/logo-dark.png","width":320,"height":76,"caption":"Selleetools"},"image":{"@id":"https:\/\/selleetools.com\/#\/schema\/logo\/image\/"}},{"@type":"WebSite","@id":"https:\/\/selleetools.com\/#website","url":"https:\/\/selleetools.com\/","name":"Selleetools.com","description":"","publisher":{"@id":"https:\/\/selleetools.com\/#organization"},"potentialAction":[{"@type":"SearchAction","target":{"@type":"EntryPoint","urlTemplate":"https:\/\/selleetools.com\/?s={search_term_string}"},"query-input":"required name=search_term_string"}],"inLanguage":"pl-PL"},{"@type":"WebPage","@id":"https:\/\/selleetools.com\/pl\/product\/nozyczki-do-lisci-dlugie-do-roslin-w-szkle\/","url":"https:\/\/selleetools.com\/pl\/product\/nozyczki-do-lisci-dlugie-do-roslin-w-szkle\/","name":"No\u017cyczki do li\u015bci, d\u0142ugie do ro\u015blin w szkle - Selleetools.com","isPartOf":{"@id":"https:\/\/selleetools.com\/#website"},"datePublished":"2026-02-19T15:15:55+00:00","dateModified":"2026-04-18T13:46:32+00:00","breadcrumb":{"@id":"https:\/\/selleetools.com\/pl\/product\/nozyczki-do-lisci-dlugie-do-roslin-w-szkle\/#breadcrumb"},"inLanguage":"pl-PL","potentialAction":[{"@type":"ReadAction","target":["https:\/\/selleetools.com\/pl\/product\/nozyczki-do-lisci-dlugie-do-roslin-w-szkle\/"]}]},{"@type":"BreadcrumbList","@id":"https:\/\/selleetools.com\/pl\/product\/nozyczki-do-lisci-dlugie-do-roslin-w-szkle\/#breadcrumb","itemListElement":[{"@type":"ListItem","position":1,"name":"Home","item":"https:\/\/selleetools.com\/pl\/"},{"@type":"ListItem","position":2,"name":"Katalog","item":"https:\/\/selleetools.com\/pl\/katalog\/"},{"@type":"ListItem","position":3,"name":"No\u017cyczki do li\u015bci, d\u0142ugie do ro\u015blin w szkle"}]}]}},"_links":{"self":[{"href":"https:\/\/selleetools.com\/pl\/wp-json\/wp\/v2\/product\/674262"}],"collection":[{"href":"https:\/\/selleetools.com\/pl\/wp-json\/wp\/v2\/product"}],"about":[{"href":"https:\/\/selleetools.com\/pl\/wp-json\/wp\/v2\/types\/product"}],"replies":[{"embeddable":true,"href":"https:\/\/selleetools.com\/pl\/wp-json\/wp\/v2\/comments?post=674262"}],"wp:featuredmedia":[{"embeddable":true,"href":"https:\/\/selleetools.com\/pl\/wp-json\/wp\/v2\/media\/674254"}],"wp:attachment":[{"href":"https:\/\/selleetools.com\/pl\/wp-json\/wp\/v2\/media?parent=674262"}],"curies":[{"name":"wp","href":"https:\/\/api.w.org\/{rel}","templated":true}]}}