{"id":674253,"date":"2026-02-19T16:15:50","date_gmt":"2026-02-19T15:15:50","guid":{"rendered":"https:\/\/selleetools.com\/?post_type=product&#038;p=674253"},"modified":"2026-04-18T15:46:25","modified_gmt":"2026-04-18T13:46:25","slug":"karmnik-dla-ptakow-na-kule-zoladz","status":"publish","type":"product","link":"https:\/\/selleetools.com\/pl\/product\/karmnik-dla-ptakow-na-kule-zoladz\/","title":{"rendered":"Karmnik dla ptak\u00f3w na kule \u017co\u0142\u0105d\u017a"},"content":{"rendered":"<section class=\"section\">\n<div class=\"item item-6\">\n<section class=\"text-item\">\n<h1>Karmnik dla ptak\u00f3w na kule \u017co\u0142\u0105d\u017a<\/h1>\n<p><b>Specyfikacja:<\/b><\/p>\n<ul>\n<li>Wysoko\u015b\u0107 &#8211; 28,1 cm<\/li>\n<li>Szeroko\u015b\u0107 &#8211; 10,2 cm<\/li>\n<li>G\u0142\u0119boko\u015b\u0107 &#8211; 10,2 cm<\/li>\n<\/ul>\n<p>Oryginalny karmnik na kule pokarmowe umo\u017cliwi dokarmianie w mro\u017ane dni g\u0142odnych ptaszk\u00f3w.<\/p>\n<p>Wykonany jest z metalowej siatki z du\u017cymi oczkami, dzi\u0119ki czemu ptaki mog\u0105 na nim siada\u0107, chwytaj\u0105c si\u0119 szczebelk\u00f3w i wydziobywa\u0107 pokarm nie wpl\u0105tuj\u0105c si\u0119 w siatk\u0119.<\/p>\n<p>Otwarta konstrukcja pozwala ptakom na dost\u0119p do pokarmu od ka\u017cdej strony.<\/p>\n<p>Siatka zabezpiecza pokarm przed zanieczyszczeniem odchodami, przez co zmniejsza si\u0119 ryzyko przenoszenia chor\u00f3b przez ptaki.<\/p>\n<p>Karmnik jest prosty w budowie i \u0142atwy do zawieszenia w ogrodzie, na balkonie czy tarasie.<\/p>\n<p>Jego ciekawy kszta\u0142t i wykonanie sprawi, \u017ce dodatkowo b\u0119dzie ozdob\u0105 zimow\u0105 por\u0105.<\/p>\n<p><b>Cechy:<\/b>\u00a0<\/p>\n<ul>\n<li>otwarta struktura\u00a0<\/li>\n<li>\u0142atwy do ponownego nape\u0142nienia.\u00a0<\/li>\n<\/ul>\n<\/section><\/div>\n<div class=\"item item-6\">\n<section class=\"image-item\">\n            <img src=\"https:\/\/upload.cdn.baselinker.com\/products\/3028621\/95dbfcdc55310159481aae81377dd2c6.jpg\" \/><br \/>\n        <\/section>\n<\/p><\/div>\n<\/section>\n","protected":false},"excerpt":{"rendered":"<p>Karmnik dla ptak\u00f3w na kule \u017co\u0142\u0105d\u017a Specyfikacja: Wysoko\u015b\u0107 &#8211; 28,1 cm Szeroko\u015b\u0107 &#8211; 10,2 cm G\u0142\u0119boko\u015b\u0107 &#8211; 10,2 cm Oryginalny karmnik na kule pokarmowe umo\u017cliwi dokarmianie w mro\u017ane dni g\u0142odnych ptaszk\u00f3w. Wykonany jest z metalowej siatki z du\u017cymi oczkami, dzi\u0119ki czemu ptaki mog\u0105 na nim siada\u0107, chwytaj\u0105c si\u0119 szczebelk\u00f3w i wydziobywa\u0107 pokarm nie wpl\u0105tuj\u0105c si\u0119 &#8230; <a title=\"Karmnik dla ptak\u00f3w na kule \u017co\u0142\u0105d\u017a\" class=\"read-more\" href=\"https:\/\/selleetools.com\/pl\/product\/karmnik-dla-ptakow-na-kule-zoladz\/\">Read more<span class=\"screen-reader-text\">Karmnik dla ptak\u00f3w na kule \u017co\u0142\u0105d\u017a<\/span><\/a><\/p>\n","protected":false},"featured_media":674249,"comment_status":"open","ping_status":"closed","template":"","meta":{"_links_to":"","_links_to_target":""},"yoast_head":"<!-- This site is optimized with the Yoast SEO plugin v19.4 - https:\/\/yoast.com\/wordpress\/plugins\/seo\/ -->\n<title>Karmnik dla ptak\u00f3w na kule \u017co\u0142\u0105d\u017a - Selleetools.com<\/title>\n<meta name=\"robots\" content=\"index, follow, max-snippet:-1, max-image-preview:large, max-video-preview:-1\" \/>\n<link rel=\"canonical\" href=\"https:\/\/selleetools.com\/pl\/product\/karmnik-dla-ptakow-na-kule-zoladz\/\" \/>\n<meta property=\"og:locale\" content=\"pl_PL\" \/>\n<meta property=\"og:type\" content=\"article\" \/>\n<meta property=\"og:title\" content=\"Karmnik dla ptak\u00f3w na kule \u017co\u0142\u0105d\u017a - Selleetools.com\" \/>\n<meta property=\"og:description\" content=\"Karmnik dla ptak\u00f3w na kule \u017co\u0142\u0105d\u017a Specyfikacja: Wysoko\u015b\u0107 &#8211; 28,1 cm Szeroko\u015b\u0107 &#8211; 10,2 cm G\u0142\u0119boko\u015b\u0107 &#8211; 10,2 cm Oryginalny karmnik na kule pokarmowe umo\u017cliwi dokarmianie w mro\u017ane dni g\u0142odnych ptaszk\u00f3w. Wykonany jest z metalowej siatki z du\u017cymi oczkami, dzi\u0119ki czemu ptaki mog\u0105 na nim siada\u0107, chwytaj\u0105c si\u0119 szczebelk\u00f3w i wydziobywa\u0107 pokarm nie wpl\u0105tuj\u0105c si\u0119 ... Read moreKarmnik dla ptak\u00f3w na kule \u017co\u0142\u0105d\u017a\" \/>\n<meta property=\"og:url\" content=\"https:\/\/selleetools.com\/pl\/product\/karmnik-dla-ptakow-na-kule-zoladz\/\" \/>\n<meta property=\"og:site_name\" content=\"Selleetools.com\" \/>\n<meta property=\"article:modified_time\" content=\"2026-04-18T13:46:25+00:00\" \/>\n<meta property=\"og:image\" content=\"https:\/\/selleetools.com\/wp-content\/uploads\/2026\/02\/95dbfcdc55310159481aae81377dd2c6.jpg\" \/>\n\t<meta property=\"og:image:width\" content=\"1240\" \/>\n\t<meta property=\"og:image:height\" content=\"1240\" \/>\n\t<meta property=\"og:image:type\" content=\"image\/jpeg\" \/>\n<meta name=\"twitter:card\" content=\"summary_large_image\" \/>\n<meta name=\"twitter:label1\" content=\"Est. reading time\" \/>\n\t<meta name=\"twitter:data1\" content=\"1 minuta\" \/>\n<!-- \/ Yoast SEO plugin. -->","yoast_head_json":{"title":"Karmnik dla ptak\u00f3w na kule \u017co\u0142\u0105d\u017a - Selleetools.com","robots":{"index":"index","follow":"follow","max-snippet":"max-snippet:-1","max-image-preview":"max-image-preview:large","max-video-preview":"max-video-preview:-1"},"canonical":"https:\/\/selleetools.com\/pl\/product\/karmnik-dla-ptakow-na-kule-zoladz\/","og_locale":"pl_PL","og_type":"article","og_title":"Karmnik dla ptak\u00f3w na kule \u017co\u0142\u0105d\u017a - Selleetools.com","og_description":"Karmnik dla ptak\u00f3w na kule \u017co\u0142\u0105d\u017a Specyfikacja: Wysoko\u015b\u0107 &#8211; 28,1 cm Szeroko\u015b\u0107 &#8211; 10,2 cm G\u0142\u0119boko\u015b\u0107 &#8211; 10,2 cm Oryginalny karmnik na kule pokarmowe umo\u017cliwi dokarmianie w mro\u017ane dni g\u0142odnych ptaszk\u00f3w. Wykonany jest z metalowej siatki z du\u017cymi oczkami, dzi\u0119ki czemu ptaki mog\u0105 na nim siada\u0107, chwytaj\u0105c si\u0119 szczebelk\u00f3w i wydziobywa\u0107 pokarm nie wpl\u0105tuj\u0105c si\u0119 ... Read moreKarmnik dla ptak\u00f3w na kule \u017co\u0142\u0105d\u017a","og_url":"https:\/\/selleetools.com\/pl\/product\/karmnik-dla-ptakow-na-kule-zoladz\/","og_site_name":"Selleetools.com","article_modified_time":"2026-04-18T13:46:25+00:00","og_image":[{"width":1240,"height":1240,"url":"https:\/\/selleetools.com\/wp-content\/uploads\/2026\/02\/95dbfcdc55310159481aae81377dd2c6.jpg","type":"image\/jpeg"}],"twitter_card":"summary_large_image","twitter_misc":{"Est. reading time":"1 minuta"},"schema":{"@context":"https:\/\/schema.org","@graph":[{"@type":"Organization","@id":"https:\/\/selleetools.com\/#organization","name":"Selleetools","url":"https:\/\/selleetools.com\/","sameAs":[],"logo":{"@type":"ImageObject","inLanguage":"pl-PL","@id":"https:\/\/selleetools.com\/#\/schema\/logo\/image\/","url":"https:\/\/selleetools.com\/wp-content\/uploads\/2021\/10\/logo-dark.png","contentUrl":"https:\/\/selleetools.com\/wp-content\/uploads\/2021\/10\/logo-dark.png","width":320,"height":76,"caption":"Selleetools"},"image":{"@id":"https:\/\/selleetools.com\/#\/schema\/logo\/image\/"}},{"@type":"WebSite","@id":"https:\/\/selleetools.com\/#website","url":"https:\/\/selleetools.com\/","name":"Selleetools.com","description":"","publisher":{"@id":"https:\/\/selleetools.com\/#organization"},"potentialAction":[{"@type":"SearchAction","target":{"@type":"EntryPoint","urlTemplate":"https:\/\/selleetools.com\/?s={search_term_string}"},"query-input":"required name=search_term_string"}],"inLanguage":"pl-PL"},{"@type":"WebPage","@id":"https:\/\/selleetools.com\/pl\/product\/karmnik-dla-ptakow-na-kule-zoladz\/","url":"https:\/\/selleetools.com\/pl\/product\/karmnik-dla-ptakow-na-kule-zoladz\/","name":"Karmnik dla ptak\u00f3w na kule \u017co\u0142\u0105d\u017a - Selleetools.com","isPartOf":{"@id":"https:\/\/selleetools.com\/#website"},"datePublished":"2026-02-19T15:15:50+00:00","dateModified":"2026-04-18T13:46:25+00:00","breadcrumb":{"@id":"https:\/\/selleetools.com\/pl\/product\/karmnik-dla-ptakow-na-kule-zoladz\/#breadcrumb"},"inLanguage":"pl-PL","potentialAction":[{"@type":"ReadAction","target":["https:\/\/selleetools.com\/pl\/product\/karmnik-dla-ptakow-na-kule-zoladz\/"]}]},{"@type":"BreadcrumbList","@id":"https:\/\/selleetools.com\/pl\/product\/karmnik-dla-ptakow-na-kule-zoladz\/#breadcrumb","itemListElement":[{"@type":"ListItem","position":1,"name":"Home","item":"https:\/\/selleetools.com\/pl\/"},{"@type":"ListItem","position":2,"name":"Katalog","item":"https:\/\/selleetools.com\/pl\/katalog\/"},{"@type":"ListItem","position":3,"name":"Karmnik dla ptak\u00f3w na kule \u017co\u0142\u0105d\u017a"}]}]}},"_links":{"self":[{"href":"https:\/\/selleetools.com\/pl\/wp-json\/wp\/v2\/product\/674253"}],"collection":[{"href":"https:\/\/selleetools.com\/pl\/wp-json\/wp\/v2\/product"}],"about":[{"href":"https:\/\/selleetools.com\/pl\/wp-json\/wp\/v2\/types\/product"}],"replies":[{"embeddable":true,"href":"https:\/\/selleetools.com\/pl\/wp-json\/wp\/v2\/comments?post=674253"}],"wp:featuredmedia":[{"embeddable":true,"href":"https:\/\/selleetools.com\/pl\/wp-json\/wp\/v2\/media\/674249"}],"wp:attachment":[{"href":"https:\/\/selleetools.com\/pl\/wp-json\/wp\/v2\/media?parent=674253"}],"curies":[{"name":"wp","href":"https:\/\/api.w.org\/{rel}","templated":true}]}}