{"id":674224,"date":"2026-02-19T16:15:34","date_gmt":"2026-02-19T15:15:34","guid":{"rendered":"https:\/\/selleetools.com\/?post_type=product&#038;p=674224"},"modified":"2026-04-18T15:46:10","modified_gmt":"2026-04-18T13:46:10","slug":"domek-dla-ptakow-drewniany-budka-legowa","status":"publish","type":"product","link":"https:\/\/selleetools.com\/pl\/product\/domek-dla-ptakow-drewniany-budka-legowa\/","title":{"rendered":"Domek dla ptak\u00f3w drewniany, budka l\u0119gowa"},"content":{"rendered":"<section class=\"section\">\n<div class=\"item item-6\">\n<section class=\"text-item\">\n<h1>Domek dla ptak\u00f3w drewniany, budka l\u0119gowa.<\/h1>\n<p><b>Specyfikacja:<\/b><\/p>\n<ul>\n<li>Wysoko\u015b\u0107 produktu &#8211; 21,5 cm<\/li>\n<li>Szeroko\u015b\u0107 &#8211; 16 cm<\/li>\n<li>G\u0142\u0119boko\u015b\u0107 &#8211; 11,3 cm.<\/li>\n<\/ul>\n<p>Tradycyjna drewniana budka l\u0119gowa z dachem bitumicznym zapewni ptakom dobre miejsce do gniazdowania i pomo\u017ce zachowa\u0107 ich populacj\u0119.<\/p>\n<p>Zim\u0105 domek mo\u017ce by\u0107 wykorzystany w celu ochrony ptaszk\u00f3w przed mrozem.<\/p>\n<p>Nale\u017cy umie\u015bci\u0107 budk\u0119 l\u0119gow\u0105 na drzewie lub \u015bcianie na maksymalnej wysoko\u015bci 2 m w dobrze ukrytym miejscu mi\u0119dzy krzakami. Wa\u017cne, \u017ceby nie by\u0142a ulokowana w bezpo\u015brednim \u015bwietle s\u0142onecznym lub nara\u017cona na ulewn\u0105 strug\u0119 deszczu. Budka posiada drzwi z boku umo\u017cliwiaj\u0105ce swobodne czyszczenie. Otw\u00f3r wej\u015bciowy o \u015brednicy 3 cm idealnie pasuj\u0105ce dla ma\u0142ych ptaszk\u00f3w m.in. dla strzy\u017cyka.<\/p>\n<p>Domek b\u0119dzie \u015bliczn\u0105 dekoracj\u0105 w ogrodzie.<\/p>\n<p><b>Nale\u017cy powiesi\u0107 budk\u0119 w nast\u0119puj\u0105cych terminach:<\/b><\/p>\n<ul>\n<li>jesieni\u0105 (ptaki zimuj\u0105ce w Polsce szukaj\u0105 schronienia, dzi\u0119ki czemu szybciej zasiedlaj\u0105 domki).<\/li>\n<li>przedwio\u015bnie &#8211; do ko\u0144ca marca (ptaki po zimie szukaj\u0105 miejsc do rozrodu).<\/li>\n<\/ul>\n<p>Drewno z kt\u00f3rego wykonane s\u0105 budki l\u0119gowe posiada certyfikat FSC.\u00a0<\/p>\n<\/section><\/div>\n<div class=\"item item-6\">\n<section class=\"image-item\"><img src=\"https:\/\/upload.cdn.baselinker.com\/products\/3028621\/25de21da81cd04aa6b6aab90a194371e.jpg\"><\/section>\n<\/p><\/div>\n<\/section>\n<section class=\"section\">\n<div class=\"item item-6\">\n<section class=\"image-item\"><img src=\"https:\/\/upload.cdn.baselinker.com\/products\/3028621\/25de21da81cd04aa6b6aab90a194371e.jpg\"><\/section>\n<\/p><\/div>\n<div class=\"item item-6\">\n<section class=\"image-item\"><img src=\"https:\/\/upload.cdn.baselinker.com\/products\/3028621\/83267b8a33737471b95b53f06f931a5d.jpg\"><\/section>\n<\/p><\/div>\n<\/section>\n<section class=\"section\">\n<div class=\"item item-6\">\n<section class=\"image-item\"><img src=\"https:\/\/upload.cdn.baselinker.com\/products\/3028621\/4ed35524ea174bf0a0dd84efc1889814.jpg\"><\/section>\n<\/p><\/div>\n<div class=\"item item-6\">\n<section class=\"image-item\"><img src=\"https:\/\/upload.cdn.baselinker.com\/products\/3028621\/ff90c17e10a427014b1041f5314994f1.jpg\"><\/section>\n<\/p><\/div>\n<\/section>\n<section class=\"section\">\n<div class=\"item item-6\">\n<section class=\"image-item\"><img src=\"https:\/\/upload.cdn.baselinker.com\/products\/3028621\/be3085a81c0a3dcd853f211dc29bf733.jpg\"><\/section>\n<\/p><\/div>\n<div class=\"item item-6\">\n<section class=\"image-item\"><img src=\"https:\/\/upload.cdn.baselinker.com\/products\/3028621\/f78a90184cc0c9145a4ad12d682f8954.jpg\"><\/section>\n<\/p><\/div>\n<\/section>\n<section class=\"section\">\n<div class=\"item item-6\">\n<section class=\"image-item\"><img src=\"https:\/\/upload.cdn.baselinker.com\/products\/3028621\/533bf627933b0d1578f6d0b970cc3071.jpg\"><\/section>\n<\/p><\/div>\n<div class=\"item item-6\">\n<section class=\"image-item\"><img src=\"https:\/\/upload.cdn.baselinker.com\/products\/3028621\/e6ec7a18d4d4cfa3d79a2d05de5eafa2.jpg\"><\/section>\n<\/p><\/div>\n<\/section>\n<section class=\"section\">\n<div class=\"item item-12\">\n<section class=\"image-item\"><img src=\"https:\/\/upload.cdn.baselinker.com\/products\/3028621\/07433d865ce968a1c03ca153d73a6dc7.jpg\"><\/section>\n<\/p><\/div>\n<\/section>\n","protected":false},"excerpt":{"rendered":"<p>Domek dla ptak\u00f3w drewniany, budka l\u0119gowa. Specyfikacja: Wysoko\u015b\u0107 produktu &#8211; 21,5 cm Szeroko\u015b\u0107 &#8211; 16 cm G\u0142\u0119boko\u015b\u0107 &#8211; 11,3 cm. Tradycyjna drewniana budka l\u0119gowa z dachem bitumicznym zapewni ptakom dobre miejsce do gniazdowania i pomo\u017ce zachowa\u0107 ich populacj\u0119. Zim\u0105 domek mo\u017ce by\u0107 wykorzystany w celu ochrony ptaszk\u00f3w przed mrozem. Nale\u017cy umie\u015bci\u0107 budk\u0119 l\u0119gow\u0105 na drzewie &#8230; <a title=\"Domek dla ptak\u00f3w drewniany, budka l\u0119gowa\" class=\"read-more\" href=\"https:\/\/selleetools.com\/pl\/product\/domek-dla-ptakow-drewniany-budka-legowa\/\">Read more<span class=\"screen-reader-text\">Domek dla ptak\u00f3w drewniany, budka l\u0119gowa<\/span><\/a><\/p>\n","protected":false},"featured_media":674206,"comment_status":"open","ping_status":"closed","template":"","meta":{"_links_to":"","_links_to_target":""},"yoast_head":"<!-- This site is optimized with the Yoast SEO plugin v19.4 - https:\/\/yoast.com\/wordpress\/plugins\/seo\/ -->\n<title>Domek dla ptak\u00f3w drewniany, budka l\u0119gowa - Selleetools.com<\/title>\n<meta name=\"robots\" content=\"index, follow, max-snippet:-1, max-image-preview:large, max-video-preview:-1\" \/>\n<link rel=\"canonical\" href=\"https:\/\/selleetools.com\/pl\/product\/domek-dla-ptakow-drewniany-budka-legowa\/\" \/>\n<meta property=\"og:locale\" content=\"pl_PL\" \/>\n<meta property=\"og:type\" content=\"article\" \/>\n<meta property=\"og:title\" content=\"Domek dla ptak\u00f3w drewniany, budka l\u0119gowa - Selleetools.com\" \/>\n<meta property=\"og:description\" content=\"Domek dla ptak\u00f3w drewniany, budka l\u0119gowa. Specyfikacja: Wysoko\u015b\u0107 produktu &#8211; 21,5 cm Szeroko\u015b\u0107 &#8211; 16 cm G\u0142\u0119boko\u015b\u0107 &#8211; 11,3 cm. Tradycyjna drewniana budka l\u0119gowa z dachem bitumicznym zapewni ptakom dobre miejsce do gniazdowania i pomo\u017ce zachowa\u0107 ich populacj\u0119. Zim\u0105 domek mo\u017ce by\u0107 wykorzystany w celu ochrony ptaszk\u00f3w przed mrozem. Nale\u017cy umie\u015bci\u0107 budk\u0119 l\u0119gow\u0105 na drzewie ... Read moreDomek dla ptak\u00f3w drewniany, budka l\u0119gowa\" \/>\n<meta property=\"og:url\" content=\"https:\/\/selleetools.com\/pl\/product\/domek-dla-ptakow-drewniany-budka-legowa\/\" \/>\n<meta property=\"og:site_name\" content=\"Selleetools.com\" \/>\n<meta property=\"article:modified_time\" content=\"2026-04-18T13:46:10+00:00\" \/>\n<meta property=\"og:image\" content=\"https:\/\/selleetools.com\/wp-content\/uploads\/2026\/02\/25de21da81cd04aa6b6aab90a194371e.jpg\" \/>\n\t<meta property=\"og:image:width\" content=\"1240\" \/>\n\t<meta property=\"og:image:height\" content=\"1240\" \/>\n\t<meta property=\"og:image:type\" content=\"image\/jpeg\" \/>\n<meta name=\"twitter:card\" content=\"summary_large_image\" \/>\n<meta name=\"twitter:label1\" content=\"Est. reading time\" \/>\n\t<meta name=\"twitter:data1\" content=\"1 minuta\" \/>\n<!-- \/ Yoast SEO plugin. -->","yoast_head_json":{"title":"Domek dla ptak\u00f3w drewniany, budka l\u0119gowa - Selleetools.com","robots":{"index":"index","follow":"follow","max-snippet":"max-snippet:-1","max-image-preview":"max-image-preview:large","max-video-preview":"max-video-preview:-1"},"canonical":"https:\/\/selleetools.com\/pl\/product\/domek-dla-ptakow-drewniany-budka-legowa\/","og_locale":"pl_PL","og_type":"article","og_title":"Domek dla ptak\u00f3w drewniany, budka l\u0119gowa - Selleetools.com","og_description":"Domek dla ptak\u00f3w drewniany, budka l\u0119gowa. Specyfikacja: Wysoko\u015b\u0107 produktu &#8211; 21,5 cm Szeroko\u015b\u0107 &#8211; 16 cm G\u0142\u0119boko\u015b\u0107 &#8211; 11,3 cm. Tradycyjna drewniana budka l\u0119gowa z dachem bitumicznym zapewni ptakom dobre miejsce do gniazdowania i pomo\u017ce zachowa\u0107 ich populacj\u0119. Zim\u0105 domek mo\u017ce by\u0107 wykorzystany w celu ochrony ptaszk\u00f3w przed mrozem. Nale\u017cy umie\u015bci\u0107 budk\u0119 l\u0119gow\u0105 na drzewie ... Read moreDomek dla ptak\u00f3w drewniany, budka l\u0119gowa","og_url":"https:\/\/selleetools.com\/pl\/product\/domek-dla-ptakow-drewniany-budka-legowa\/","og_site_name":"Selleetools.com","article_modified_time":"2026-04-18T13:46:10+00:00","og_image":[{"width":1240,"height":1240,"url":"https:\/\/selleetools.com\/wp-content\/uploads\/2026\/02\/25de21da81cd04aa6b6aab90a194371e.jpg","type":"image\/jpeg"}],"twitter_card":"summary_large_image","twitter_misc":{"Est. reading time":"1 minuta"},"schema":{"@context":"https:\/\/schema.org","@graph":[{"@type":"Organization","@id":"https:\/\/selleetools.com\/#organization","name":"Selleetools","url":"https:\/\/selleetools.com\/","sameAs":[],"logo":{"@type":"ImageObject","inLanguage":"pl-PL","@id":"https:\/\/selleetools.com\/#\/schema\/logo\/image\/","url":"https:\/\/selleetools.com\/wp-content\/uploads\/2021\/10\/logo-dark.png","contentUrl":"https:\/\/selleetools.com\/wp-content\/uploads\/2021\/10\/logo-dark.png","width":320,"height":76,"caption":"Selleetools"},"image":{"@id":"https:\/\/selleetools.com\/#\/schema\/logo\/image\/"}},{"@type":"WebSite","@id":"https:\/\/selleetools.com\/#website","url":"https:\/\/selleetools.com\/","name":"Selleetools.com","description":"","publisher":{"@id":"https:\/\/selleetools.com\/#organization"},"potentialAction":[{"@type":"SearchAction","target":{"@type":"EntryPoint","urlTemplate":"https:\/\/selleetools.com\/?s={search_term_string}"},"query-input":"required name=search_term_string"}],"inLanguage":"pl-PL"},{"@type":"WebPage","@id":"https:\/\/selleetools.com\/pl\/product\/domek-dla-ptakow-drewniany-budka-legowa\/","url":"https:\/\/selleetools.com\/pl\/product\/domek-dla-ptakow-drewniany-budka-legowa\/","name":"Domek dla ptak\u00f3w drewniany, budka l\u0119gowa - Selleetools.com","isPartOf":{"@id":"https:\/\/selleetools.com\/#website"},"datePublished":"2026-02-19T15:15:34+00:00","dateModified":"2026-04-18T13:46:10+00:00","breadcrumb":{"@id":"https:\/\/selleetools.com\/pl\/product\/domek-dla-ptakow-drewniany-budka-legowa\/#breadcrumb"},"inLanguage":"pl-PL","potentialAction":[{"@type":"ReadAction","target":["https:\/\/selleetools.com\/pl\/product\/domek-dla-ptakow-drewniany-budka-legowa\/"]}]},{"@type":"BreadcrumbList","@id":"https:\/\/selleetools.com\/pl\/product\/domek-dla-ptakow-drewniany-budka-legowa\/#breadcrumb","itemListElement":[{"@type":"ListItem","position":1,"name":"Home","item":"https:\/\/selleetools.com\/pl\/"},{"@type":"ListItem","position":2,"name":"Katalog","item":"https:\/\/selleetools.com\/pl\/katalog\/"},{"@type":"ListItem","position":3,"name":"Domek dla ptak\u00f3w drewniany, budka l\u0119gowa"}]}]}},"_links":{"self":[{"href":"https:\/\/selleetools.com\/pl\/wp-json\/wp\/v2\/product\/674224"}],"collection":[{"href":"https:\/\/selleetools.com\/pl\/wp-json\/wp\/v2\/product"}],"about":[{"href":"https:\/\/selleetools.com\/pl\/wp-json\/wp\/v2\/types\/product"}],"replies":[{"embeddable":true,"href":"https:\/\/selleetools.com\/pl\/wp-json\/wp\/v2\/comments?post=674224"}],"wp:featuredmedia":[{"embeddable":true,"href":"https:\/\/selleetools.com\/pl\/wp-json\/wp\/v2\/media\/674206"}],"wp:attachment":[{"href":"https:\/\/selleetools.com\/pl\/wp-json\/wp\/v2\/media?parent=674224"}],"curies":[{"name":"wp","href":"https:\/\/api.w.org\/{rel}","templated":true}]}}