{"id":674198,"date":"2026-02-19T16:15:21","date_gmt":"2026-02-19T15:15:21","guid":{"rendered":"https:\/\/selleetools.com\/?post_type=product&#038;p=674198"},"modified":"2026-04-18T15:45:58","modified_gmt":"2026-04-18T13:45:58","slug":"podgrzewacz-posilkow-okragly-zeliwny-z-uchwytem","status":"publish","type":"product","link":"https:\/\/selleetools.com\/pl\/product\/podgrzewacz-posilkow-okragly-zeliwny-z-uchwytem\/","title":{"rendered":"Podgrzewacz posi\u0142k\u00f3w okr\u0105g\u0142y, \u017celiwny z uchwytem"},"content":{"rendered":"<section class=\"section\">\n<div class=\"item item-12\">\n<section class=\"text-item\">\n<h1>Podgrzewacz posi\u0142k\u00f3w okr\u0105g\u0142y, \u017celiwny z uchwytem<\/h1>\n<p><b>Wymiary:<\/b><\/p>\n<ul>\n<li>Wysoko\u015b\u0107: 4,7 cm<\/li>\n<li>Szeroko\u015b\u0107: 21,6 cm<\/li>\n<li>G\u0142\u0119boko\u015b\u0107: 14,4 cm.<\/li>\n<li>Waga: 0,525 kg.<\/li>\n<\/ul>\n<p>Podgrzewacz posi\u0142k\u00f3w okr\u0105g\u0142y, \u017celiwny z uchwytem. Okr\u0105g\u0142y, dekoracyjny podgrzewacz do czajniczka wykonany z \u017celiwa, o klasycznym kszta\u0142cie z uchwytem. Utrzymuje ciep\u0142o ognioodpornych misek i czajniczk\u00f3w, dzi\u0119ki temu zawarto\u015b\u0107 naczy\u0144 b\u0119dzie ciep\u0142a. Wystarczy wsadzi\u0107 1 szt tealight (ma\u0142a \u015bwieczuszka) pod podgrzewacz w wyznaczone miejsce i popija\u0107 ciep\u0142\u0105 herbatk\u0119 przez d\u0142u\u017cszy czas, b\u0105d\u017a je\u015b\u0107 ulubiony ciep\u0142y posi\u0142ek.<\/p>\n<p>Idealny do wykorzystania w domu lub w ogrodzie. Za pomoc\u0105 bocznego uchwytu, mo\u017cemy w \u0142atwy spos\u00f3b przemieszcza\u0107 podgrzewacz. R\u0119cznie odlewany zgodnie z wieloletni\u0105 tradycj\u0105 \u017celiwny podgrzewacz z uchwytem, holenderskiej firmy Esschert Design.<\/p>\n<\/section><\/div>\n<\/section>\n<section class=\"section\">\n<div class=\"item item-12\">\n<section class=\"image-item\"><img src=\"https:\/\/upload.cdn.baselinker.com\/products\/3028621\/607289b917f30b38d299b116dc444003.jpg\"><\/section>\n<\/p><\/div>\n<\/section>\n<section class=\"section\">\n<div class=\"item item-6\">\n<section class=\"image-item\"><img src=\"https:\/\/upload.cdn.baselinker.com\/products\/3028621\/607289b917f30b38d299b116dc444003.jpg\"><\/section>\n<\/p><\/div>\n<div class=\"item item-6\">\n<section class=\"image-item\"><img src=\"https:\/\/upload.cdn.baselinker.com\/products\/3028621\/89950f015276ed130565769e2d57c642.jpg\"><\/section>\n<\/p><\/div>\n<\/section>\n<section class=\"section\">\n<div class=\"item item-12\">\n<section class=\"image-item\"><img src=\"https:\/\/upload.cdn.baselinker.com\/products\/3028621\/6321e6c9234c51a65f0206436998803c.jpg\"><\/section>\n<\/p><\/div>\n<\/section>\n","protected":false},"excerpt":{"rendered":"<p>Podgrzewacz posi\u0142k\u00f3w okr\u0105g\u0142y, \u017celiwny z uchwytem Wymiary: Wysoko\u015b\u0107: 4,7 cm Szeroko\u015b\u0107: 21,6 cm G\u0142\u0119boko\u015b\u0107: 14,4 cm. Waga: 0,525 kg. Podgrzewacz posi\u0142k\u00f3w okr\u0105g\u0142y, \u017celiwny z uchwytem. Okr\u0105g\u0142y, dekoracyjny podgrzewacz do czajniczka wykonany z \u017celiwa, o klasycznym kszta\u0142cie z uchwytem. Utrzymuje ciep\u0142o ognioodpornych misek i czajniczk\u00f3w, dzi\u0119ki temu zawarto\u015b\u0107 naczy\u0144 b\u0119dzie ciep\u0142a. Wystarczy wsadzi\u0107 1 szt tealight &#8230; <a title=\"Podgrzewacz posi\u0142k\u00f3w okr\u0105g\u0142y, \u017celiwny z uchwytem\" class=\"read-more\" href=\"https:\/\/selleetools.com\/pl\/product\/podgrzewacz-posilkow-okragly-zeliwny-z-uchwytem\/\">Read more<span class=\"screen-reader-text\">Podgrzewacz posi\u0142k\u00f3w okr\u0105g\u0142y, \u017celiwny z uchwytem<\/span><\/a><\/p>\n","protected":false},"featured_media":674192,"comment_status":"open","ping_status":"closed","template":"","meta":{"_links_to":"","_links_to_target":""},"yoast_head":"<!-- This site is optimized with the Yoast SEO plugin v19.4 - https:\/\/yoast.com\/wordpress\/plugins\/seo\/ -->\n<title>Podgrzewacz posi\u0142k\u00f3w okr\u0105g\u0142y, \u017celiwny z uchwytem - Selleetools.com<\/title>\n<meta name=\"robots\" content=\"index, follow, max-snippet:-1, max-image-preview:large, max-video-preview:-1\" \/>\n<link rel=\"canonical\" href=\"https:\/\/selleetools.com\/pl\/product\/podgrzewacz-posilkow-okragly-zeliwny-z-uchwytem\/\" \/>\n<meta property=\"og:locale\" content=\"pl_PL\" \/>\n<meta property=\"og:type\" content=\"article\" \/>\n<meta property=\"og:title\" content=\"Podgrzewacz posi\u0142k\u00f3w okr\u0105g\u0142y, \u017celiwny z uchwytem - Selleetools.com\" \/>\n<meta property=\"og:description\" content=\"Podgrzewacz posi\u0142k\u00f3w okr\u0105g\u0142y, \u017celiwny z uchwytem Wymiary: Wysoko\u015b\u0107: 4,7 cm Szeroko\u015b\u0107: 21,6 cm G\u0142\u0119boko\u015b\u0107: 14,4 cm. Waga: 0,525 kg. Podgrzewacz posi\u0142k\u00f3w okr\u0105g\u0142y, \u017celiwny z uchwytem. Okr\u0105g\u0142y, dekoracyjny podgrzewacz do czajniczka wykonany z \u017celiwa, o klasycznym kszta\u0142cie z uchwytem. Utrzymuje ciep\u0142o ognioodpornych misek i czajniczk\u00f3w, dzi\u0119ki temu zawarto\u015b\u0107 naczy\u0144 b\u0119dzie ciep\u0142a. Wystarczy wsadzi\u0107 1 szt tealight ... Read morePodgrzewacz posi\u0142k\u00f3w okr\u0105g\u0142y, \u017celiwny z uchwytem\" \/>\n<meta property=\"og:url\" content=\"https:\/\/selleetools.com\/pl\/product\/podgrzewacz-posilkow-okragly-zeliwny-z-uchwytem\/\" \/>\n<meta property=\"og:site_name\" content=\"Selleetools.com\" \/>\n<meta property=\"article:modified_time\" content=\"2026-04-18T13:45:58+00:00\" \/>\n<meta property=\"og:image\" content=\"https:\/\/selleetools.com\/wp-content\/uploads\/2026\/02\/607289b917f30b38d299b116dc444003.jpg\" \/>\n\t<meta property=\"og:image:width\" content=\"800\" \/>\n\t<meta property=\"og:image:height\" content=\"800\" \/>\n\t<meta property=\"og:image:type\" content=\"image\/jpeg\" \/>\n<meta name=\"twitter:card\" content=\"summary_large_image\" \/>\n<meta name=\"twitter:label1\" content=\"Est. reading time\" \/>\n\t<meta name=\"twitter:data1\" content=\"1 minuta\" \/>\n<!-- \/ Yoast SEO plugin. -->","yoast_head_json":{"title":"Podgrzewacz posi\u0142k\u00f3w okr\u0105g\u0142y, \u017celiwny z uchwytem - Selleetools.com","robots":{"index":"index","follow":"follow","max-snippet":"max-snippet:-1","max-image-preview":"max-image-preview:large","max-video-preview":"max-video-preview:-1"},"canonical":"https:\/\/selleetools.com\/pl\/product\/podgrzewacz-posilkow-okragly-zeliwny-z-uchwytem\/","og_locale":"pl_PL","og_type":"article","og_title":"Podgrzewacz posi\u0142k\u00f3w okr\u0105g\u0142y, \u017celiwny z uchwytem - Selleetools.com","og_description":"Podgrzewacz posi\u0142k\u00f3w okr\u0105g\u0142y, \u017celiwny z uchwytem Wymiary: Wysoko\u015b\u0107: 4,7 cm Szeroko\u015b\u0107: 21,6 cm G\u0142\u0119boko\u015b\u0107: 14,4 cm. Waga: 0,525 kg. Podgrzewacz posi\u0142k\u00f3w okr\u0105g\u0142y, \u017celiwny z uchwytem. Okr\u0105g\u0142y, dekoracyjny podgrzewacz do czajniczka wykonany z \u017celiwa, o klasycznym kszta\u0142cie z uchwytem. Utrzymuje ciep\u0142o ognioodpornych misek i czajniczk\u00f3w, dzi\u0119ki temu zawarto\u015b\u0107 naczy\u0144 b\u0119dzie ciep\u0142a. Wystarczy wsadzi\u0107 1 szt tealight ... Read morePodgrzewacz posi\u0142k\u00f3w okr\u0105g\u0142y, \u017celiwny z uchwytem","og_url":"https:\/\/selleetools.com\/pl\/product\/podgrzewacz-posilkow-okragly-zeliwny-z-uchwytem\/","og_site_name":"Selleetools.com","article_modified_time":"2026-04-18T13:45:58+00:00","og_image":[{"width":800,"height":800,"url":"https:\/\/selleetools.com\/wp-content\/uploads\/2026\/02\/607289b917f30b38d299b116dc444003.jpg","type":"image\/jpeg"}],"twitter_card":"summary_large_image","twitter_misc":{"Est. reading time":"1 minuta"},"schema":{"@context":"https:\/\/schema.org","@graph":[{"@type":"Organization","@id":"https:\/\/selleetools.com\/#organization","name":"Selleetools","url":"https:\/\/selleetools.com\/","sameAs":[],"logo":{"@type":"ImageObject","inLanguage":"pl-PL","@id":"https:\/\/selleetools.com\/#\/schema\/logo\/image\/","url":"https:\/\/selleetools.com\/wp-content\/uploads\/2021\/10\/logo-dark.png","contentUrl":"https:\/\/selleetools.com\/wp-content\/uploads\/2021\/10\/logo-dark.png","width":320,"height":76,"caption":"Selleetools"},"image":{"@id":"https:\/\/selleetools.com\/#\/schema\/logo\/image\/"}},{"@type":"WebSite","@id":"https:\/\/selleetools.com\/#website","url":"https:\/\/selleetools.com\/","name":"Selleetools.com","description":"","publisher":{"@id":"https:\/\/selleetools.com\/#organization"},"potentialAction":[{"@type":"SearchAction","target":{"@type":"EntryPoint","urlTemplate":"https:\/\/selleetools.com\/?s={search_term_string}"},"query-input":"required name=search_term_string"}],"inLanguage":"pl-PL"},{"@type":"WebPage","@id":"https:\/\/selleetools.com\/pl\/product\/podgrzewacz-posilkow-okragly-zeliwny-z-uchwytem\/","url":"https:\/\/selleetools.com\/pl\/product\/podgrzewacz-posilkow-okragly-zeliwny-z-uchwytem\/","name":"Podgrzewacz posi\u0142k\u00f3w okr\u0105g\u0142y, \u017celiwny z uchwytem - Selleetools.com","isPartOf":{"@id":"https:\/\/selleetools.com\/#website"},"datePublished":"2026-02-19T15:15:21+00:00","dateModified":"2026-04-18T13:45:58+00:00","breadcrumb":{"@id":"https:\/\/selleetools.com\/pl\/product\/podgrzewacz-posilkow-okragly-zeliwny-z-uchwytem\/#breadcrumb"},"inLanguage":"pl-PL","potentialAction":[{"@type":"ReadAction","target":["https:\/\/selleetools.com\/pl\/product\/podgrzewacz-posilkow-okragly-zeliwny-z-uchwytem\/"]}]},{"@type":"BreadcrumbList","@id":"https:\/\/selleetools.com\/pl\/product\/podgrzewacz-posilkow-okragly-zeliwny-z-uchwytem\/#breadcrumb","itemListElement":[{"@type":"ListItem","position":1,"name":"Home","item":"https:\/\/selleetools.com\/pl\/"},{"@type":"ListItem","position":2,"name":"Katalog","item":"https:\/\/selleetools.com\/pl\/katalog\/"},{"@type":"ListItem","position":3,"name":"Podgrzewacz posi\u0142k\u00f3w okr\u0105g\u0142y, \u017celiwny z uchwytem"}]}]}},"_links":{"self":[{"href":"https:\/\/selleetools.com\/pl\/wp-json\/wp\/v2\/product\/674198"}],"collection":[{"href":"https:\/\/selleetools.com\/pl\/wp-json\/wp\/v2\/product"}],"about":[{"href":"https:\/\/selleetools.com\/pl\/wp-json\/wp\/v2\/types\/product"}],"replies":[{"embeddable":true,"href":"https:\/\/selleetools.com\/pl\/wp-json\/wp\/v2\/comments?post=674198"}],"wp:featuredmedia":[{"embeddable":true,"href":"https:\/\/selleetools.com\/pl\/wp-json\/wp\/v2\/media\/674192"}],"wp:attachment":[{"href":"https:\/\/selleetools.com\/pl\/wp-json\/wp\/v2\/media?parent=674198"}],"curies":[{"name":"wp","href":"https:\/\/api.w.org\/{rel}","templated":true}]}}