{"id":674176,"date":"2026-02-19T16:15:07","date_gmt":"2026-02-19T15:15:07","guid":{"rendered":"https:\/\/selleetools.com\/?post_type=product&#038;p=674176"},"modified":"2026-04-09T17:48:10","modified_gmt":"2026-04-09T15:48:10","slug":"doniczka-wysoka-urbi-durs225-z-wkladem-bialy","status":"publish","type":"product","link":"https:\/\/selleetools.com\/pl\/product\/doniczka-wysoka-urbi-durs225-z-wkladem-bialy\/","title":{"rendered":"Doniczka wysoka URBI DURS225 z wk\u0142adem | Bia\u0142y"},"content":{"rendered":"<section class=\"section\">\n<div class=\"item item-6\">\n<section class=\"text-item\">\n<h1>Doniczka wysoka URBI DURS225 z wk\u0142adem &#8211; Bia\u0142a<\/h1>\n<h2>Specyfikacja doniczki:<\/h2>\n<ul>\n<li>Szeroko\u015b\u0107 zewn\u0119trzna (g\u00f3ra) &#8211; 22,5 cm<\/li>\n<li>Szeroko\u015b\u0107 zewn\u0119trzna (podstawa) &#8211;&nbsp;17 cm<\/li>\n<li>Wysoko\u015b\u0107 zewn\u0119trzna &#8211; 42cm<\/li>\n<li>Pojemno\u015b\u0107- 16,5 l<\/li>\n<li>Materia\u0142 &#8211; tworzywo sztuczne<\/li>\n<li>Efekt powierzchni &#8211; matowa<\/li>\n<\/ul>\n<p><b>Informacj\u0119 dodatkowe:<\/b><\/p>\n<ul>\n<li>doniczka nie posiada podstawki<\/li>\n<li>doniczka nie posiada otwor\u00f3w w dnie<\/li>\n<\/ul>\n<p><b>Mo\u017cemy j\u0105 umie\u015bci\u0107:<\/b><\/p>\n<ul>\n<li>w domu<\/li>\n<li>przestronnym wn\u0119trzu<\/li>\n<li>na tarasie<\/li>\n<li>na balkonie<\/li>\n<li>w ogrodzie<\/li>\n<\/ul>\n<p><b>W tej ofercie kupujesz zestaw zawieraj\u0105cy:<\/b><\/p>\n<ul>\n<li>doniczk\u0119 (os\u0142onk\u0119)<\/li>\n<li>wk\u0142ad wewn\u0119trzny<\/li>\n<\/ul>\n<\/section><\/div>\n<div class=\"item item-6\">\n<section class=\"image-item\"><img src=\"https:\/\/upload.cdn.baselinker.com\/products\/3028621\/4efc258b8c4e38da68375ccf2ee16a84.jpg\"><\/section>\n<\/p><\/div>\n<\/section>\n<section class=\"section\">\n<div class=\"item item-6\">\n<section class=\"image-item\"><img src=\"https:\/\/upload.cdn.baselinker.com\/products\/3028621\/427481990e41e9b57144935725d54b66.jpg\"><\/section>\n<\/p><\/div>\n<div class=\"item item-6\">\n<section class=\"text-item\">\n<p>Wk\u0142ad dystansowy do doniczki z serii Urbi Square. Wk\u0142ady pozwalaj\u0105 zaoszcz\u0119dzi\u0107 ilo\u015b\u0107 ziemi jak\u0105 nale\u017cy wsypa\u0107 do doniczki, mo\u017cna r\u00f3wnie\u017c w \u0142atwy spos\u00f3b dokona\u0107 prze\u0142o\u017cenia kwiat\u00f3w do innej doniczki poprzez przeniesienie ca\u0142ego wk\u0142adu.<\/p>\n<h2>Specyfikacja wk\u0142adu:<\/h2>\n<ul>\n<li>Szeroko\u015b\u0107 zewn\u0119trzna (g\u00f3ra) &#8211;&nbsp;22 cm<\/li>\n<li>Szeroko\u015b\u0107 zewn\u0119trzna (podstawa) &#8211; 20 cm<\/li>\n<li>Wysoko\u015b\u0107 zewn\u0119trzna &#8211;&nbsp;17 cm<\/li>\n<li>Pojemno\u015b\u0107-&nbsp;8 l<\/li>\n<li>Materia\u0142 &#8211; tworzywo sztuczne<\/li>\n<\/ul>\n<\/section><\/div>\n<\/section>\n<section class=\"section\">\n<div class=\"item item-6\">\n<section class=\"text-item\">\n<p><b>Producent:<\/b><\/p>\n<\/section><\/div>\n<div class=\"item item-6\">\n<section class=\"image-item\"><img src=\"https:\/\/upload.cdn.baselinker.com\/products\/3028621\/369ed06120a36775b6fe61700b622940.jpg\"><\/section>\n<\/p><\/div>\n<\/section>\n<section class=\"section\">\n<div class=\"item item-12\">\n<section class=\"text-item\">\n<p><b>Galeria:<\/b><\/p>\n<\/section><\/div>\n<\/section>\n<section class=\"section\">\n<div class=\"item item-12\">\n<section class=\"image-item\"><img src=\"https:\/\/upload.cdn.baselinker.com\/products\/3028621\/49f4dfcbbf546fe40fade77928b76056.jpg\"><\/section>\n<\/p><\/div>\n<\/section>\n<section class=\"section\">\n<div class=\"item item-6\">\n<section class=\"image-item\"><img src=\"https:\/\/upload.cdn.baselinker.com\/products\/3028621\/8a68a3f048711310de70bbcaa863ba27.jpg\"><\/section>\n<\/p><\/div>\n<div class=\"item item-6\">\n<section class=\"image-item\"><img src=\"https:\/\/upload.cdn.baselinker.com\/products\/3028621\/2c39b6db578ebeb435a280b0e297acbb.jpg\"><\/section>\n<\/p><\/div>\n<\/section>\n<section class=\"section\">\n<div class=\"item item-12\">\n<section class=\"image-item\"><img src=\"https:\/\/upload.cdn.baselinker.com\/products\/3028621\/45802be0eec3d840784557e2198ea6dc.jpg\"><\/section>\n<\/p><\/div>\n<\/section>\n","protected":false},"excerpt":{"rendered":"<p>Doniczka wysoka URBI DURS225 z wk\u0142adem &#8211; Bia\u0142a Specyfikacja doniczki: Szeroko\u015b\u0107 zewn\u0119trzna (g\u00f3ra) &#8211; 22,5 cm Szeroko\u015b\u0107 zewn\u0119trzna (podstawa) &#8211;&nbsp;17 cm Wysoko\u015b\u0107 zewn\u0119trzna &#8211; 42cm Pojemno\u015b\u0107- 16,5 l Materia\u0142 &#8211; tworzywo sztuczne Efekt powierzchni &#8211; matowa Informacj\u0119 dodatkowe: doniczka nie posiada podstawki doniczka nie posiada otwor\u00f3w w dnie Mo\u017cemy j\u0105 umie\u015bci\u0107: w domu przestronnym wn\u0119trzu &#8230; <a title=\"Doniczka wysoka URBI DURS225 z wk\u0142adem | Bia\u0142y\" class=\"read-more\" href=\"https:\/\/selleetools.com\/pl\/product\/doniczka-wysoka-urbi-durs225-z-wkladem-bialy\/\">Read more<span class=\"screen-reader-text\">Doniczka wysoka URBI DURS225 z wk\u0142adem | Bia\u0142y<\/span><\/a><\/p>\n","protected":false},"featured_media":674152,"comment_status":"open","ping_status":"closed","template":"","meta":{"_links_to":"","_links_to_target":""},"yoast_head":"<!-- This site is optimized with the Yoast SEO plugin v19.4 - https:\/\/yoast.com\/wordpress\/plugins\/seo\/ -->\n<title>Doniczka wysoka URBI DURS225 z wk\u0142adem | Bia\u0142y - Selleetools.com<\/title>\n<meta name=\"robots\" content=\"index, follow, max-snippet:-1, max-image-preview:large, max-video-preview:-1\" \/>\n<link rel=\"canonical\" href=\"https:\/\/admincentral.selleetools.com\/product\/doniczka-wysoka-urbi-durs225-z-wkladem-bialy\/\" \/>\n<meta property=\"og:locale\" content=\"pl_PL\" \/>\n<meta property=\"og:type\" content=\"article\" \/>\n<meta property=\"og:title\" content=\"Doniczka wysoka URBI DURS225 z wk\u0142adem | Bia\u0142y - Selleetools.com\" \/>\n<meta property=\"og:description\" content=\"Doniczka wysoka URBI DURS225 z wk\u0142adem &#8211; Bia\u0142a Specyfikacja doniczki: Szeroko\u015b\u0107 zewn\u0119trzna (g\u00f3ra) &#8211; 22,5 cm Szeroko\u015b\u0107 zewn\u0119trzna (podstawa) &#8211;&nbsp;17 cm Wysoko\u015b\u0107 zewn\u0119trzna &#8211; 42cm Pojemno\u015b\u0107- 16,5 l Materia\u0142 &#8211; tworzywo sztuczne Efekt powierzchni &#8211; matowa Informacj\u0119 dodatkowe: doniczka nie posiada podstawki doniczka nie posiada otwor\u00f3w w dnie Mo\u017cemy j\u0105 umie\u015bci\u0107: w domu przestronnym wn\u0119trzu ... Read moreDoniczka wysoka URBI DURS225 z wk\u0142adem | Bia\u0142y\" \/>\n<meta property=\"og:url\" content=\"https:\/\/admincentral.selleetools.com\/product\/doniczka-wysoka-urbi-durs225-z-wkladem-bialy\/\" \/>\n<meta property=\"og:site_name\" content=\"Selleetools.com\" \/>\n<meta property=\"article:modified_time\" content=\"2026-04-09T15:48:10+00:00\" \/>\n<meta property=\"og:image\" content=\"https:\/\/selleetools.com\/wp-content\/uploads\/2026\/02\/4efc258b8c4e38da68375ccf2ee16a84.jpg\" \/>\n\t<meta property=\"og:image:width\" content=\"550\" \/>\n\t<meta property=\"og:image:height\" content=\"825\" \/>\n\t<meta property=\"og:image:type\" content=\"image\/jpeg\" \/>\n<meta name=\"twitter:card\" content=\"summary_large_image\" \/>\n<meta name=\"twitter:label1\" content=\"Est. reading time\" \/>\n\t<meta name=\"twitter:data1\" content=\"1 minuta\" \/>\n<!-- \/ Yoast SEO plugin. -->","yoast_head_json":{"title":"Doniczka wysoka URBI DURS225 z wk\u0142adem | Bia\u0142y - Selleetools.com","robots":{"index":"index","follow":"follow","max-snippet":"max-snippet:-1","max-image-preview":"max-image-preview:large","max-video-preview":"max-video-preview:-1"},"canonical":"https:\/\/admincentral.selleetools.com\/product\/doniczka-wysoka-urbi-durs225-z-wkladem-bialy\/","og_locale":"pl_PL","og_type":"article","og_title":"Doniczka wysoka URBI DURS225 z wk\u0142adem | Bia\u0142y - Selleetools.com","og_description":"Doniczka wysoka URBI DURS225 z wk\u0142adem &#8211; Bia\u0142a Specyfikacja doniczki: Szeroko\u015b\u0107 zewn\u0119trzna (g\u00f3ra) &#8211; 22,5 cm Szeroko\u015b\u0107 zewn\u0119trzna (podstawa) &#8211;&nbsp;17 cm Wysoko\u015b\u0107 zewn\u0119trzna &#8211; 42cm Pojemno\u015b\u0107- 16,5 l Materia\u0142 &#8211; tworzywo sztuczne Efekt powierzchni &#8211; matowa Informacj\u0119 dodatkowe: doniczka nie posiada podstawki doniczka nie posiada otwor\u00f3w w dnie Mo\u017cemy j\u0105 umie\u015bci\u0107: w domu przestronnym wn\u0119trzu ... Read moreDoniczka wysoka URBI DURS225 z wk\u0142adem | Bia\u0142y","og_url":"https:\/\/admincentral.selleetools.com\/product\/doniczka-wysoka-urbi-durs225-z-wkladem-bialy\/","og_site_name":"Selleetools.com","article_modified_time":"2026-04-09T15:48:10+00:00","og_image":[{"width":550,"height":825,"url":"https:\/\/selleetools.com\/wp-content\/uploads\/2026\/02\/4efc258b8c4e38da68375ccf2ee16a84.jpg","type":"image\/jpeg"}],"twitter_card":"summary_large_image","twitter_misc":{"Est. reading time":"1 minuta"},"schema":{"@context":"https:\/\/schema.org","@graph":[{"@type":"Organization","@id":"https:\/\/selleetools.com\/#organization","name":"Selleetools","url":"https:\/\/selleetools.com\/","sameAs":[],"logo":{"@type":"ImageObject","inLanguage":"pl-PL","@id":"https:\/\/selleetools.com\/#\/schema\/logo\/image\/","url":"https:\/\/selleetools.com\/wp-content\/uploads\/2021\/10\/logo-dark.png","contentUrl":"https:\/\/selleetools.com\/wp-content\/uploads\/2021\/10\/logo-dark.png","width":320,"height":76,"caption":"Selleetools"},"image":{"@id":"https:\/\/selleetools.com\/#\/schema\/logo\/image\/"}},{"@type":"WebSite","@id":"https:\/\/selleetools.com\/#website","url":"https:\/\/selleetools.com\/","name":"Selleetools.com","description":"","publisher":{"@id":"https:\/\/selleetools.com\/#organization"},"potentialAction":[{"@type":"SearchAction","target":{"@type":"EntryPoint","urlTemplate":"https:\/\/selleetools.com\/?s={search_term_string}"},"query-input":"required name=search_term_string"}],"inLanguage":"pl-PL"},{"@type":"WebPage","@id":"https:\/\/admincentral.selleetools.com\/product\/doniczka-wysoka-urbi-durs225-z-wkladem-bialy\/","url":"https:\/\/admincentral.selleetools.com\/product\/doniczka-wysoka-urbi-durs225-z-wkladem-bialy\/","name":"Doniczka wysoka URBI DURS225 z wk\u0142adem | Bia\u0142y - Selleetools.com","isPartOf":{"@id":"https:\/\/selleetools.com\/#website"},"datePublished":"2026-02-19T15:15:07+00:00","dateModified":"2026-04-09T15:48:10+00:00","breadcrumb":{"@id":"https:\/\/admincentral.selleetools.com\/product\/doniczka-wysoka-urbi-durs225-z-wkladem-bialy\/#breadcrumb"},"inLanguage":"pl-PL","potentialAction":[{"@type":"ReadAction","target":["https:\/\/admincentral.selleetools.com\/product\/doniczka-wysoka-urbi-durs225-z-wkladem-bialy\/"]}]},{"@type":"BreadcrumbList","@id":"https:\/\/admincentral.selleetools.com\/product\/doniczka-wysoka-urbi-durs225-z-wkladem-bialy\/#breadcrumb","itemListElement":[{"@type":"ListItem","position":1,"name":"Home","item":"https:\/\/selleetools.com\/pl\/"},{"@type":"ListItem","position":2,"name":"Katalog","item":"https:\/\/selleetools.com\/pl\/katalog\/"},{"@type":"ListItem","position":3,"name":"Doniczka wysoka URBI DURS225 z wk\u0142adem | Bia\u0142y"}]}]}},"_links":{"self":[{"href":"https:\/\/selleetools.com\/pl\/wp-json\/wp\/v2\/product\/674176"}],"collection":[{"href":"https:\/\/selleetools.com\/pl\/wp-json\/wp\/v2\/product"}],"about":[{"href":"https:\/\/selleetools.com\/pl\/wp-json\/wp\/v2\/types\/product"}],"replies":[{"embeddable":true,"href":"https:\/\/selleetools.com\/pl\/wp-json\/wp\/v2\/comments?post=674176"}],"wp:featuredmedia":[{"embeddable":true,"href":"https:\/\/selleetools.com\/pl\/wp-json\/wp\/v2\/media\/674152"}],"wp:attachment":[{"href":"https:\/\/selleetools.com\/pl\/wp-json\/wp\/v2\/media?parent=674176"}],"curies":[{"name":"wp","href":"https:\/\/api.w.org\/{rel}","templated":true}]}}