{"id":674114,"date":"2026-02-19T16:14:42","date_gmt":"2026-02-19T15:14:42","guid":{"rendered":"https:\/\/selleetools.com\/?post_type=product&#038;p=674114"},"modified":"2026-04-09T17:47:19","modified_gmt":"2026-04-09T15:47:19","slug":"doniczka-na-nozkach-gracia-low-dgrl400l-ziemisty-zielony","status":"publish","type":"product","link":"https:\/\/selleetools.com\/pl\/product\/doniczka-na-nozkach-gracia-low-dgrl400l-ziemisty-zielony\/","title":{"rendered":"Doniczka na n\u00f3\u017ckach GRACIA LOW DGRL400L | Ziemisty zielony"},"content":{"rendered":"<section class=\"section\">\n<div class=\"item item-6\">\n<section class=\"text-item\">\n<h1>Doniczka na n\u00f3\u017ckach GRACIA LOW DGRL400L &#8211; Ziemisty zielony<\/h1>\n<p><b>Specyfikacja:<\/b><\/p>\n<ul>\n<li>\u015brednica g\u00f3ry &#8211; 40cm<\/li>\n<li>\u015brednica podstawy &#8211; 28cm<\/li>\n<li>wysoko\u015b\u0107 z n\u00f3\u017ckami&nbsp;&#8211; 20cm<\/li>\n<li>wysoko\u015b\u0107 bez n\u00f3\u017cek &#8211; 15cm<\/li>\n<li>materia\u0142 &#8211; tworzywo sztuczne<\/li>\n<\/ul>\n<p><b>Zastosowanie:<\/b><\/p>\n<ul>\n<li>wewn\u0119trzne<\/li>\n<li>zewn\u0119trzne<\/li>\n<\/ul>\n<p><b>Informacje dodatkowe:<\/b><\/p>\n<ol>\n<li>Posiada cztery wpinane&nbsp;n\u00f3\u017cki imituj\u0105ce drewno.<\/li>\n<li>Nie posiada podstawki.<\/li>\n<\/ol>\n<p><b>W sk\u0142ad zestawu wchodzi:<\/b><\/p>\n<ul>\n<li>Doniczka Gracia<\/li>\n<li>N\u00f3\u017cka wpinana &#8211; 4szt.<\/li>\n<li>Wk\u0142adka na dno donicy utrzymuj\u0105ca odpowiednie nawodnienie ro\u015blin.<\/li>\n<\/ul>\n<\/section><\/div>\n<div class=\"item item-6\">\n<section class=\"image-item\"><img src=\"https:\/\/upload.cdn.baselinker.com\/products\/3028621\/2a51c34a67a0e6b6e877bd1f8609a0be.jpg\"><\/section>\n<\/p><\/div>\n<\/section>\n<section class=\"section\">\n<div class=\"item item-12\">\n<section class=\"text-item\">\n<p><b>Mo\u017cemy j\u0105 umie\u015bci\u0107:<\/b><\/p>\n<ul>\n<li>w domu<\/li>\n<li>przestronnym wn\u0119trzu<\/li>\n<li>na tarasie<\/li>\n<li>na balkonie<\/li>\n<li>w ogrodzie<\/li>\n<\/ul>\n<\/section><\/div>\n<\/section>\n<section class=\"section\">\n<div class=\"item item-6\">\n<section class=\"text-item\">\n<p><b>Producent:<\/b><\/p>\n<\/section><\/div>\n<div class=\"item item-6\">\n<section class=\"image-item\"><img src=\"https:\/\/upload.cdn.baselinker.com\/products\/3028621\/056dca9cd554cef2cb76d5cbbf8401ed.jpg\"><\/section>\n<\/p><\/div>\n<\/section>\n<section class=\"section\">\n<div class=\"item item-12\">\n<section class=\"image-item\"><img src=\"https:\/\/upload.cdn.baselinker.com\/products\/3028621\/ed70e67463d2b223a1068dda4ecfd065.jpg\"><\/section>\n<\/p><\/div>\n<\/section>\n<section class=\"section\">\n<div class=\"item item-12\">\n<section class=\"image-item\"><img src=\"https:\/\/upload.cdn.baselinker.com\/products\/3028621\/49ac41872e189656842909e029164bf5.jpg\"><\/section>\n<\/p><\/div>\n<\/section>\n","protected":false},"excerpt":{"rendered":"<p>Doniczka na n\u00f3\u017ckach GRACIA LOW DGRL400L &#8211; Ziemisty zielony Specyfikacja: \u015brednica g\u00f3ry &#8211; 40cm \u015brednica podstawy &#8211; 28cm wysoko\u015b\u0107 z n\u00f3\u017ckami&nbsp;&#8211; 20cm wysoko\u015b\u0107 bez n\u00f3\u017cek &#8211; 15cm materia\u0142 &#8211; tworzywo sztuczne Zastosowanie: wewn\u0119trzne zewn\u0119trzne Informacje dodatkowe: Posiada cztery wpinane&nbsp;n\u00f3\u017cki imituj\u0105ce drewno. Nie posiada podstawki. W sk\u0142ad zestawu wchodzi: Doniczka Gracia N\u00f3\u017cka wpinana &#8211; 4szt. Wk\u0142adka &#8230; <a title=\"Doniczka na n\u00f3\u017ckach GRACIA LOW DGRL400L | Ziemisty zielony\" class=\"read-more\" href=\"https:\/\/selleetools.com\/pl\/product\/doniczka-na-nozkach-gracia-low-dgrl400l-ziemisty-zielony\/\">Read more<span class=\"screen-reader-text\">Doniczka na n\u00f3\u017ckach GRACIA LOW DGRL400L | Ziemisty zielony<\/span><\/a><\/p>\n","protected":false},"featured_media":674104,"comment_status":"open","ping_status":"closed","template":"","meta":{"_links_to":"","_links_to_target":""},"yoast_head":"<!-- This site is optimized with the Yoast SEO plugin v19.4 - https:\/\/yoast.com\/wordpress\/plugins\/seo\/ -->\n<title>Doniczka na n\u00f3\u017ckach GRACIA LOW DGRL400L | Ziemisty zielony - Selleetools.com<\/title>\n<meta name=\"robots\" content=\"index, follow, max-snippet:-1, max-image-preview:large, max-video-preview:-1\" \/>\n<link rel=\"canonical\" href=\"https:\/\/selleetools.com\/pl\/product\/doniczka-na-nozkach-gracia-low-dgrl400l-ziemisty-zielony\/\" \/>\n<meta property=\"og:locale\" content=\"pl_PL\" \/>\n<meta property=\"og:type\" content=\"article\" \/>\n<meta property=\"og:title\" content=\"Doniczka na n\u00f3\u017ckach GRACIA LOW DGRL400L | Ziemisty zielony - Selleetools.com\" \/>\n<meta property=\"og:description\" content=\"Doniczka na n\u00f3\u017ckach GRACIA LOW DGRL400L &#8211; Ziemisty zielony Specyfikacja: \u015brednica g\u00f3ry &#8211; 40cm \u015brednica podstawy &#8211; 28cm wysoko\u015b\u0107 z n\u00f3\u017ckami&nbsp;&#8211; 20cm wysoko\u015b\u0107 bez n\u00f3\u017cek &#8211; 15cm materia\u0142 &#8211; tworzywo sztuczne Zastosowanie: wewn\u0119trzne zewn\u0119trzne Informacje dodatkowe: Posiada cztery wpinane&nbsp;n\u00f3\u017cki imituj\u0105ce drewno. Nie posiada podstawki. W sk\u0142ad zestawu wchodzi: Doniczka Gracia N\u00f3\u017cka wpinana &#8211; 4szt. Wk\u0142adka ... Read moreDoniczka na n\u00f3\u017ckach GRACIA LOW DGRL400L | Ziemisty zielony\" \/>\n<meta property=\"og:url\" content=\"https:\/\/selleetools.com\/pl\/product\/doniczka-na-nozkach-gracia-low-dgrl400l-ziemisty-zielony\/\" \/>\n<meta property=\"og:site_name\" content=\"Selleetools.com\" \/>\n<meta property=\"article:modified_time\" content=\"2026-04-09T15:47:19+00:00\" \/>\n<meta property=\"og:image\" content=\"https:\/\/selleetools.com\/wp-content\/uploads\/2026\/02\/2a51c34a67a0e6b6e877bd1f8609a0be.jpg\" \/>\n\t<meta property=\"og:image:width\" content=\"1280\" \/>\n\t<meta property=\"og:image:height\" content=\"939\" \/>\n\t<meta property=\"og:image:type\" content=\"image\/jpeg\" \/>\n<meta name=\"twitter:card\" content=\"summary_large_image\" \/>\n<!-- \/ Yoast SEO plugin. -->","yoast_head_json":{"title":"Doniczka na n\u00f3\u017ckach GRACIA LOW DGRL400L | Ziemisty zielony - Selleetools.com","robots":{"index":"index","follow":"follow","max-snippet":"max-snippet:-1","max-image-preview":"max-image-preview:large","max-video-preview":"max-video-preview:-1"},"canonical":"https:\/\/selleetools.com\/pl\/product\/doniczka-na-nozkach-gracia-low-dgrl400l-ziemisty-zielony\/","og_locale":"pl_PL","og_type":"article","og_title":"Doniczka na n\u00f3\u017ckach GRACIA LOW DGRL400L | Ziemisty zielony - Selleetools.com","og_description":"Doniczka na n\u00f3\u017ckach GRACIA LOW DGRL400L &#8211; Ziemisty zielony Specyfikacja: \u015brednica g\u00f3ry &#8211; 40cm \u015brednica podstawy &#8211; 28cm wysoko\u015b\u0107 z n\u00f3\u017ckami&nbsp;&#8211; 20cm wysoko\u015b\u0107 bez n\u00f3\u017cek &#8211; 15cm materia\u0142 &#8211; tworzywo sztuczne Zastosowanie: wewn\u0119trzne zewn\u0119trzne Informacje dodatkowe: Posiada cztery wpinane&nbsp;n\u00f3\u017cki imituj\u0105ce drewno. Nie posiada podstawki. W sk\u0142ad zestawu wchodzi: Doniczka Gracia N\u00f3\u017cka wpinana &#8211; 4szt. Wk\u0142adka ... Read moreDoniczka na n\u00f3\u017ckach GRACIA LOW DGRL400L | Ziemisty zielony","og_url":"https:\/\/selleetools.com\/pl\/product\/doniczka-na-nozkach-gracia-low-dgrl400l-ziemisty-zielony\/","og_site_name":"Selleetools.com","article_modified_time":"2026-04-09T15:47:19+00:00","og_image":[{"width":1280,"height":939,"url":"https:\/\/selleetools.com\/wp-content\/uploads\/2026\/02\/2a51c34a67a0e6b6e877bd1f8609a0be.jpg","type":"image\/jpeg"}],"twitter_card":"summary_large_image","schema":{"@context":"https:\/\/schema.org","@graph":[{"@type":"Organization","@id":"https:\/\/selleetools.com\/#organization","name":"Selleetools","url":"https:\/\/selleetools.com\/","sameAs":[],"logo":{"@type":"ImageObject","inLanguage":"pl-PL","@id":"https:\/\/selleetools.com\/#\/schema\/logo\/image\/","url":"https:\/\/selleetools.com\/wp-content\/uploads\/2021\/10\/logo-dark.png","contentUrl":"https:\/\/selleetools.com\/wp-content\/uploads\/2021\/10\/logo-dark.png","width":320,"height":76,"caption":"Selleetools"},"image":{"@id":"https:\/\/selleetools.com\/#\/schema\/logo\/image\/"}},{"@type":"WebSite","@id":"https:\/\/selleetools.com\/#website","url":"https:\/\/selleetools.com\/","name":"Selleetools.com","description":"","publisher":{"@id":"https:\/\/selleetools.com\/#organization"},"potentialAction":[{"@type":"SearchAction","target":{"@type":"EntryPoint","urlTemplate":"https:\/\/selleetools.com\/?s={search_term_string}"},"query-input":"required name=search_term_string"}],"inLanguage":"pl-PL"},{"@type":"WebPage","@id":"https:\/\/selleetools.com\/pl\/product\/doniczka-na-nozkach-gracia-low-dgrl400l-ziemisty-zielony\/","url":"https:\/\/selleetools.com\/pl\/product\/doniczka-na-nozkach-gracia-low-dgrl400l-ziemisty-zielony\/","name":"Doniczka na n\u00f3\u017ckach GRACIA LOW DGRL400L | Ziemisty zielony - Selleetools.com","isPartOf":{"@id":"https:\/\/selleetools.com\/#website"},"datePublished":"2026-02-19T15:14:42+00:00","dateModified":"2026-04-09T15:47:19+00:00","breadcrumb":{"@id":"https:\/\/selleetools.com\/pl\/product\/doniczka-na-nozkach-gracia-low-dgrl400l-ziemisty-zielony\/#breadcrumb"},"inLanguage":"pl-PL","potentialAction":[{"@type":"ReadAction","target":["https:\/\/selleetools.com\/pl\/product\/doniczka-na-nozkach-gracia-low-dgrl400l-ziemisty-zielony\/"]}]},{"@type":"BreadcrumbList","@id":"https:\/\/selleetools.com\/pl\/product\/doniczka-na-nozkach-gracia-low-dgrl400l-ziemisty-zielony\/#breadcrumb","itemListElement":[{"@type":"ListItem","position":1,"name":"Home","item":"https:\/\/selleetools.com\/pl\/"},{"@type":"ListItem","position":2,"name":"Katalog","item":"https:\/\/selleetools.com\/pl\/katalog\/"},{"@type":"ListItem","position":3,"name":"Doniczka na n\u00f3\u017ckach GRACIA LOW DGRL400L | Ziemisty zielony"}]}]}},"_links":{"self":[{"href":"https:\/\/selleetools.com\/pl\/wp-json\/wp\/v2\/product\/674114"}],"collection":[{"href":"https:\/\/selleetools.com\/pl\/wp-json\/wp\/v2\/product"}],"about":[{"href":"https:\/\/selleetools.com\/pl\/wp-json\/wp\/v2\/types\/product"}],"replies":[{"embeddable":true,"href":"https:\/\/selleetools.com\/pl\/wp-json\/wp\/v2\/comments?post=674114"}],"wp:featuredmedia":[{"embeddable":true,"href":"https:\/\/selleetools.com\/pl\/wp-json\/wp\/v2\/media\/674104"}],"wp:attachment":[{"href":"https:\/\/selleetools.com\/pl\/wp-json\/wp\/v2\/media?parent=674114"}],"curies":[{"name":"wp","href":"https:\/\/api.w.org\/{rel}","templated":true}]}}