{"id":673928,"date":"2026-02-19T16:13:20","date_gmt":"2026-02-19T15:13:20","guid":{"rendered":"https:\/\/selleetools.com\/?post_type=product&#038;p=673928"},"modified":"2026-04-09T17:44:42","modified_gmt":"2026-04-09T15:44:42","slug":"doniczka-balkonowa-urbi-beton-effect-duc400ew-antracyt","status":"publish","type":"product","link":"https:\/\/selleetools.com\/pl\/product\/doniczka-balkonowa-urbi-beton-effect-duc400ew-antracyt\/","title":{"rendered":"Doniczka balkonowa Urbi Beton Effect DUC400EW | Antracyt"},"content":{"rendered":"<section class=\"section\">\n<div class=\"item item-6\">\n<section class=\"text-item\">\n<h1>Doniczka balkonowa Urbi Beton Effect DUC400EW&nbsp;&#8211; Antracyt<\/h1>\n<p><b>Specyfikacja:<\/b><\/p>\n<ul>\n<li>d\u0142ugo\u015b\u0107 &#8211;&nbsp;39,5 cm<\/li>\n<li>szeroko\u015b\u0107 &#8211; 18,5 cm<\/li>\n<li>wysoko\u015b\u0107 &#8211; 19,5 cm<\/li>\n<li>pojemno\u015b\u0107 &#8211; 14,2 l<\/li>\n<li>materia\u0142 &#8211; tworzywo sztuczne<\/li>\n<\/ul>\n<p><b>Zestaw zawiera:<\/b><\/p>\n<ul>\n<li>doniczk\u0119 (os\u0142onk\u0119)<\/li>\n<li>wk\u0142ad wewn\u0119trzny<\/li>\n<li>komplet hak\u00f3w do monta\u017cu na balustradzie<\/li>\n<\/ul>\n<p><b>Uchwyt schowany jest pod spodem doniczki, dzi\u0119ki specjalnej konstrukcji jest niewidoczny z przodu.<\/b><\/p>\n<\/section><\/div>\n<div class=\"item item-6\">\n<section class=\"image-item\"><img src=\"https:\/\/upload.cdn.baselinker.com\/products\/3028621\/082750f59f72916423c99cf268ad3e6b.jpg\"><\/section>\n<\/p><\/div>\n<\/section>\n<section class=\"section\">\n<div class=\"item item-12\">\n<section class=\"text-item\">\n<p><b>Mo\u017cemy je umie\u015bci\u0107:<\/b><\/p>\n<ul>\n<li>w domu<\/li>\n<li>przestronnym wn\u0119trzu<\/li>\n<li>na tarasie<\/li>\n<li>na balkonie<\/li>\n<li>w ogrodzie<\/li>\n<\/ul>\n<p>Pod\u0142u\u017cna doniczka balkonowa pozwala kreowa\u0107 pi\u0119kne unikatowe wn\u0119trza i bez ogranicze\u0144 aran\u017cowa\u0107 przestrze\u0144 wok\u00f3\u0142 domu. Dzi\u0119ki klasycznej, czystej formie nadaje si\u0119 do wszystkich pomieszcze\u0144, godz\u0105c r\u00f3\u017cne style i upodobania. Jej funkcjonalno\u015b\u0107 wyra\u017ca si\u0119 przede wszystkim w komforcie u\u017cytkowania bez wzgl\u0119du na aur\u0119.<\/p>\n<\/section><\/div>\n<\/section>\n<section class=\"section\">\n<div class=\"item item-6\">\n<section class=\"image-item\"><img src=\"https:\/\/upload.cdn.baselinker.com\/products\/3028621\/b3c0eb0b390f544be20acfc3f6447b16.jpg\"><\/section>\n<\/p><\/div>\n<div class=\"item item-6\">\n<section class=\"text-item\">\n<p><b>Specyfikacja wk\u0142adu:<\/b><\/p>\n<ul>\n<li>d\u0142ugo\u015b\u0107 &#8211;&nbsp;39,5 cm<\/li>\n<li>szeroko\u015b\u0107 &#8211; 18,5 cm<\/li>\n<li>wysoko\u015b\u0107 &#8211; 18,5 cm<\/li>\n<li>materia\u0142 &#8211; tworzywo sztuczne<\/li>\n<\/ul>\n<\/section><\/div>\n<\/section>\n<section class=\"section\">\n<div class=\"item item-6\">\n<section class=\"text-item\">\n<p><b>Producent:<\/b><\/p>\n<\/section><\/div>\n<div class=\"item item-6\">\n<section class=\"image-item\"><img src=\"https:\/\/upload.cdn.baselinker.com\/products\/3028621\/39450758dc58e4b8ebe49818f3e8569f.jpg\"><\/section>\n<\/p><\/div>\n<\/section>\n<section class=\"section\">\n<div class=\"item item-6\">\n<section class=\"image-item\"><img src=\"https:\/\/upload.cdn.baselinker.com\/products\/3028621\/b3c0eb0b390f544be20acfc3f6447b16.jpg\"><\/section>\n<\/p><\/div>\n<div class=\"item item-6\">\n<section class=\"image-item\"><img src=\"https:\/\/upload.cdn.baselinker.com\/products\/3028621\/256b6261c5a5f17d4b33470b9faeb611.jpg\"><\/section>\n<\/p><\/div>\n<\/section>\n<section class=\"section\">\n<div class=\"item item-6\">\n<section class=\"image-item\"><img src=\"https:\/\/upload.cdn.baselinker.com\/products\/3028621\/acafc7d28eee06d10950b0e920793d2a.jpg\"><\/section>\n<\/p><\/div>\n<div class=\"item item-6\">\n<section class=\"image-item\"><img src=\"https:\/\/upload.cdn.baselinker.com\/products\/3028621\/66b3a7ba445b658b072e7b99b2227f0b.jpg\"><\/section>\n<\/p><\/div>\n<\/section>\n<section class=\"section\">\n<div class=\"item item-12\">\n<section class=\"image-item\"><img src=\"https:\/\/upload.cdn.baselinker.com\/products\/3028621\/86c08cdcf20e2a5180489c5cb1ca9cb2.jpg\"><\/section>\n<\/p><\/div>\n<\/section>\n","protected":false},"excerpt":{"rendered":"<p>Doniczka balkonowa Urbi Beton Effect DUC400EW&nbsp;&#8211; Antracyt Specyfikacja: d\u0142ugo\u015b\u0107 &#8211;&nbsp;39,5 cm szeroko\u015b\u0107 &#8211; 18,5 cm wysoko\u015b\u0107 &#8211; 19,5 cm pojemno\u015b\u0107 &#8211; 14,2 l materia\u0142 &#8211; tworzywo sztuczne Zestaw zawiera: doniczk\u0119 (os\u0142onk\u0119) wk\u0142ad wewn\u0119trzny komplet hak\u00f3w do monta\u017cu na balustradzie Uchwyt schowany jest pod spodem doniczki, dzi\u0119ki specjalnej konstrukcji jest niewidoczny z przodu. Mo\u017cemy je umie\u015bci\u0107: &#8230; <a title=\"Doniczka balkonowa Urbi Beton Effect DUC400EW | Antracyt\" class=\"read-more\" href=\"https:\/\/selleetools.com\/pl\/product\/doniczka-balkonowa-urbi-beton-effect-duc400ew-antracyt\/\">Read more<span class=\"screen-reader-text\">Doniczka balkonowa Urbi Beton Effect DUC400EW | Antracyt<\/span><\/a><\/p>\n","protected":false},"featured_media":673912,"comment_status":"open","ping_status":"closed","template":"","meta":{"_links_to":"","_links_to_target":""},"yoast_head":"<!-- This site is optimized with the Yoast SEO plugin v19.4 - https:\/\/yoast.com\/wordpress\/plugins\/seo\/ -->\n<title>Doniczka balkonowa Urbi Beton Effect DUC400EW | Antracyt - Selleetools.com<\/title>\n<meta name=\"robots\" content=\"index, follow, max-snippet:-1, max-image-preview:large, max-video-preview:-1\" \/>\n<link rel=\"canonical\" href=\"https:\/\/selleetools.com\/product\/doniczka-balkonowa-urbi-beton-effect-duc400ew-antracyt\/\" \/>\n<meta property=\"og:locale\" content=\"pl_PL\" \/>\n<meta property=\"og:type\" content=\"article\" \/>\n<meta property=\"og:title\" content=\"Doniczka balkonowa Urbi Beton Effect DUC400EW | Antracyt - Selleetools.com\" \/>\n<meta property=\"og:description\" content=\"Doniczka balkonowa Urbi Beton Effect DUC400EW&nbsp;&#8211; Antracyt Specyfikacja: d\u0142ugo\u015b\u0107 &#8211;&nbsp;39,5 cm szeroko\u015b\u0107 &#8211; 18,5 cm wysoko\u015b\u0107 &#8211; 19,5 cm pojemno\u015b\u0107 &#8211; 14,2 l materia\u0142 &#8211; tworzywo sztuczne Zestaw zawiera: doniczk\u0119 (os\u0142onk\u0119) wk\u0142ad wewn\u0119trzny komplet hak\u00f3w do monta\u017cu na balustradzie Uchwyt schowany jest pod spodem doniczki, dzi\u0119ki specjalnej konstrukcji jest niewidoczny z przodu. Mo\u017cemy je umie\u015bci\u0107: ... Read moreDoniczka balkonowa Urbi Beton Effect DUC400EW | Antracyt\" \/>\n<meta property=\"og:url\" content=\"https:\/\/selleetools.com\/product\/doniczka-balkonowa-urbi-beton-effect-duc400ew-antracyt\/\" \/>\n<meta property=\"og:site_name\" content=\"Selleetools.com\" \/>\n<meta property=\"article:modified_time\" content=\"2026-04-09T15:44:42+00:00\" \/>\n<meta property=\"og:image\" content=\"https:\/\/selleetools.com\/wp-content\/uploads\/2026\/02\/082750f59f72916423c99cf268ad3e6b.jpg\" \/>\n\t<meta property=\"og:image:width\" content=\"1000\" \/>\n\t<meta property=\"og:image:height\" content=\"762\" \/>\n\t<meta property=\"og:image:type\" content=\"image\/jpeg\" \/>\n<meta name=\"twitter:card\" content=\"summary_large_image\" \/>\n<meta name=\"twitter:label1\" content=\"Est. reading time\" \/>\n\t<meta name=\"twitter:data1\" content=\"1 minuta\" \/>\n<!-- \/ Yoast SEO plugin. -->","yoast_head_json":{"title":"Doniczka balkonowa Urbi Beton Effect DUC400EW | Antracyt - Selleetools.com","robots":{"index":"index","follow":"follow","max-snippet":"max-snippet:-1","max-image-preview":"max-image-preview:large","max-video-preview":"max-video-preview:-1"},"canonical":"https:\/\/selleetools.com\/product\/doniczka-balkonowa-urbi-beton-effect-duc400ew-antracyt\/","og_locale":"pl_PL","og_type":"article","og_title":"Doniczka balkonowa Urbi Beton Effect DUC400EW | Antracyt - Selleetools.com","og_description":"Doniczka balkonowa Urbi Beton Effect DUC400EW&nbsp;&#8211; Antracyt Specyfikacja: d\u0142ugo\u015b\u0107 &#8211;&nbsp;39,5 cm szeroko\u015b\u0107 &#8211; 18,5 cm wysoko\u015b\u0107 &#8211; 19,5 cm pojemno\u015b\u0107 &#8211; 14,2 l materia\u0142 &#8211; tworzywo sztuczne Zestaw zawiera: doniczk\u0119 (os\u0142onk\u0119) wk\u0142ad wewn\u0119trzny komplet hak\u00f3w do monta\u017cu na balustradzie Uchwyt schowany jest pod spodem doniczki, dzi\u0119ki specjalnej konstrukcji jest niewidoczny z przodu. Mo\u017cemy je umie\u015bci\u0107: ... Read moreDoniczka balkonowa Urbi Beton Effect DUC400EW | Antracyt","og_url":"https:\/\/selleetools.com\/product\/doniczka-balkonowa-urbi-beton-effect-duc400ew-antracyt\/","og_site_name":"Selleetools.com","article_modified_time":"2026-04-09T15:44:42+00:00","og_image":[{"width":1000,"height":762,"url":"https:\/\/selleetools.com\/wp-content\/uploads\/2026\/02\/082750f59f72916423c99cf268ad3e6b.jpg","type":"image\/jpeg"}],"twitter_card":"summary_large_image","twitter_misc":{"Est. reading time":"1 minuta"},"schema":{"@context":"https:\/\/schema.org","@graph":[{"@type":"Organization","@id":"https:\/\/selleetools.com\/#organization","name":"Selleetools","url":"https:\/\/selleetools.com\/","sameAs":[],"logo":{"@type":"ImageObject","inLanguage":"pl-PL","@id":"https:\/\/selleetools.com\/#\/schema\/logo\/image\/","url":"https:\/\/selleetools.com\/wp-content\/uploads\/2021\/10\/logo-dark.png","contentUrl":"https:\/\/selleetools.com\/wp-content\/uploads\/2021\/10\/logo-dark.png","width":320,"height":76,"caption":"Selleetools"},"image":{"@id":"https:\/\/selleetools.com\/#\/schema\/logo\/image\/"}},{"@type":"WebSite","@id":"https:\/\/selleetools.com\/#website","url":"https:\/\/selleetools.com\/","name":"Selleetools.com","description":"","publisher":{"@id":"https:\/\/selleetools.com\/#organization"},"potentialAction":[{"@type":"SearchAction","target":{"@type":"EntryPoint","urlTemplate":"https:\/\/selleetools.com\/?s={search_term_string}"},"query-input":"required name=search_term_string"}],"inLanguage":"pl-PL"},{"@type":"WebPage","@id":"https:\/\/selleetools.com\/product\/doniczka-balkonowa-urbi-beton-effect-duc400ew-antracyt\/","url":"https:\/\/selleetools.com\/product\/doniczka-balkonowa-urbi-beton-effect-duc400ew-antracyt\/","name":"Doniczka balkonowa Urbi Beton Effect DUC400EW | Antracyt - Selleetools.com","isPartOf":{"@id":"https:\/\/selleetools.com\/#website"},"datePublished":"2026-02-19T15:13:20+00:00","dateModified":"2026-04-09T15:44:42+00:00","breadcrumb":{"@id":"https:\/\/selleetools.com\/product\/doniczka-balkonowa-urbi-beton-effect-duc400ew-antracyt\/#breadcrumb"},"inLanguage":"pl-PL","potentialAction":[{"@type":"ReadAction","target":["https:\/\/selleetools.com\/product\/doniczka-balkonowa-urbi-beton-effect-duc400ew-antracyt\/"]}]},{"@type":"BreadcrumbList","@id":"https:\/\/selleetools.com\/product\/doniczka-balkonowa-urbi-beton-effect-duc400ew-antracyt\/#breadcrumb","itemListElement":[{"@type":"ListItem","position":1,"name":"Home","item":"https:\/\/selleetools.com\/pl\/"},{"@type":"ListItem","position":2,"name":"Katalog","item":"https:\/\/selleetools.com\/pl\/katalog\/"},{"@type":"ListItem","position":3,"name":"Doniczka balkonowa Urbi Beton Effect DUC400EW | Antracyt"}]}]}},"_links":{"self":[{"href":"https:\/\/selleetools.com\/pl\/wp-json\/wp\/v2\/product\/673928"}],"collection":[{"href":"https:\/\/selleetools.com\/pl\/wp-json\/wp\/v2\/product"}],"about":[{"href":"https:\/\/selleetools.com\/pl\/wp-json\/wp\/v2\/types\/product"}],"replies":[{"embeddable":true,"href":"https:\/\/selleetools.com\/pl\/wp-json\/wp\/v2\/comments?post=673928"}],"wp:featuredmedia":[{"embeddable":true,"href":"https:\/\/selleetools.com\/pl\/wp-json\/wp\/v2\/media\/673912"}],"wp:attachment":[{"href":"https:\/\/selleetools.com\/pl\/wp-json\/wp\/v2\/media?parent=673928"}],"curies":[{"name":"wp","href":"https:\/\/api.w.org\/{rel}","templated":true}]}}