{"id":673876,"date":"2026-02-19T16:12:59","date_gmt":"2026-02-19T15:12:59","guid":{"rendered":"https:\/\/selleetools.com\/?post_type=product&#038;p=673876"},"modified":"2026-04-18T15:45:50","modified_gmt":"2026-04-18T13:45:50","slug":"doniczka-balkonowa-urbi-beton-effect-duc600ew-marengo","status":"publish","type":"product","link":"https:\/\/selleetools.com\/pl\/product\/doniczka-balkonowa-urbi-beton-effect-duc600ew-marengo\/","title":{"rendered":"Doniczka balkonowa Urbi Beton Effect DUC600EW | Marengo"},"content":{"rendered":"<section class=\"section\">\n<div class=\"item item-6\">\n<section class=\"text-item\">\n<h1>Doniczka balkonowa Urbi Beton Effect DUC600EW z uchwytem&nbsp;&#8211; Marengo<\/h1>\n<p><b>Specyfikacja:<\/b><\/p>\n<ul>\n<li>d\u0142ugo\u015b\u0107 &#8211;&nbsp;58,5 cm<\/li>\n<li>szeroko\u015b\u0107 &#8211; 18,5 cm<\/li>\n<li>wysoko\u015b\u0107 &#8211; 19,5 cm<\/li>\n<li>pojemno\u015b\u0107 &#8211;&nbsp;21 l<\/li>\n<li>materia\u0142 &#8211; tworzywo sztuczne<\/li>\n<\/ul>\n<p><b>Zestaw zawiera:<\/b><\/p>\n<ul>\n<li>doniczk\u0119 (os\u0142onk\u0119)<\/li>\n<li>wk\u0142ad wewn\u0119trzny<\/li>\n<li>komplet hak\u00f3w do monta\u017cu na balustradzie<\/li>\n<\/ul>\n<p><b>Uchwyt schowany jest pod spodem doniczki, dzi\u0119ki specjalnej konstrukcji jest niewidoczny z przodu.<\/b><\/p>\n<\/section><\/div>\n<div class=\"item item-6\">\n<section class=\"image-item\"><img src=\"https:\/\/upload.cdn.baselinker.com\/products\/3028621\/c22bed3a32387906e946666607c40b31.jpg\"><\/section>\n<\/p><\/div>\n<\/section>\n<section class=\"section\">\n<div class=\"item item-12\">\n<section class=\"text-item\">\n<p><b>Mo\u017cemy je umie\u015bci\u0107:<\/b><\/p>\n<ul>\n<li>w domu<\/li>\n<li>przestronnym wn\u0119trzu<\/li>\n<li>na tarasie<\/li>\n<li>na balkonie<\/li>\n<li>w ogrodzie<\/li>\n<\/ul>\n<p>Pod\u0142u\u017cna doniczka balkonowa pozwala kreowa\u0107 pi\u0119kne unikatowe wn\u0119trza i bez ogranicze\u0144 aran\u017cowa\u0107 przestrze\u0144 wok\u00f3\u0142 domu. Dzi\u0119ki klasycznej, czystej formie nadaje si\u0119 do wszystkich pomieszcze\u0144, godz\u0105c r\u00f3\u017cne style i upodobania. Jej funkcjonalno\u015b\u0107 wyra\u017ca si\u0119 przede wszystkim w komforcie u\u017cytkowania bez wzgl\u0119du na aur\u0119.<\/p>\n<\/section><\/div>\n<\/section>\n<section class=\"section\">\n<div class=\"item item-6\">\n<section class=\"image-item\"><img src=\"https:\/\/upload.cdn.baselinker.com\/products\/3028621\/f834eadc8206b1954096af24eee696b6.jpg\"><\/section>\n<\/p><\/div>\n<div class=\"item item-6\">\n<section class=\"text-item\">\n<p><b>Specyfikacja wk\u0142adu:<\/b><\/p>\n<ul>\n<li>d\u0142ugo\u015b\u0107 &#8211;&nbsp;58,5 cm<\/li>\n<li>szeroko\u015b\u0107 &#8211; 18,5 cm<\/li>\n<li>wysoko\u015b\u0107 &#8211; 19 cm<\/li>\n<li>materia\u0142 &#8211; tworzywo sztuczne<\/li>\n<\/ul>\n<\/section><\/div>\n<\/section>\n<section class=\"section\">\n<div class=\"item item-6\">\n<section class=\"text-item\">\n<p><b>Producent:<\/b><\/p>\n<\/section><\/div>\n<div class=\"item item-6\">\n<section class=\"image-item\"><img src=\"https:\/\/upload.cdn.baselinker.com\/products\/3028621\/b200667b7190120300823631301d9187.jpg\"><\/section>\n<\/p><\/div>\n<\/section>\n<section class=\"section\">\n<div class=\"item item-6\">\n<section class=\"image-item\"><img src=\"https:\/\/upload.cdn.baselinker.com\/products\/3028621\/c22bed3a32387906e946666607c40b31.jpg\"><\/section>\n<\/p><\/div>\n<div class=\"item item-6\">\n<section class=\"image-item\"><img src=\"https:\/\/upload.cdn.baselinker.com\/products\/3028621\/5de2f4e3f182d6b389ed08611e455aae.jpg\"><\/section>\n<\/p><\/div>\n<\/section>\n","protected":false},"excerpt":{"rendered":"<p>Doniczka balkonowa Urbi Beton Effect DUC600EW z uchwytem&nbsp;&#8211; Marengo Specyfikacja: d\u0142ugo\u015b\u0107 &#8211;&nbsp;58,5 cm szeroko\u015b\u0107 &#8211; 18,5 cm wysoko\u015b\u0107 &#8211; 19,5 cm pojemno\u015b\u0107 &#8211;&nbsp;21 l materia\u0142 &#8211; tworzywo sztuczne Zestaw zawiera: doniczk\u0119 (os\u0142onk\u0119) wk\u0142ad wewn\u0119trzny komplet hak\u00f3w do monta\u017cu na balustradzie Uchwyt schowany jest pod spodem doniczki, dzi\u0119ki specjalnej konstrukcji jest niewidoczny z przodu. Mo\u017cemy je &#8230; <a title=\"Doniczka balkonowa Urbi Beton Effect DUC600EW | Marengo\" class=\"read-more\" href=\"https:\/\/selleetools.com\/pl\/product\/doniczka-balkonowa-urbi-beton-effect-duc600ew-marengo\/\">Read more<span class=\"screen-reader-text\">Doniczka balkonowa Urbi Beton Effect DUC600EW | Marengo<\/span><\/a><\/p>\n","protected":false},"featured_media":673864,"comment_status":"open","ping_status":"closed","template":"","meta":{"_links_to":"","_links_to_target":""},"yoast_head":"<!-- This site is optimized with the Yoast SEO plugin v19.4 - https:\/\/yoast.com\/wordpress\/plugins\/seo\/ -->\n<title>Doniczka balkonowa Urbi Beton Effect DUC600EW | Marengo - Selleetools.com<\/title>\n<meta name=\"robots\" content=\"index, follow, max-snippet:-1, max-image-preview:large, max-video-preview:-1\" \/>\n<link rel=\"canonical\" href=\"https:\/\/selleetools.com\/pl\/product\/doniczka-balkonowa-urbi-beton-effect-duc600ew-marengo\/\" \/>\n<meta property=\"og:locale\" content=\"pl_PL\" \/>\n<meta property=\"og:type\" content=\"article\" \/>\n<meta property=\"og:title\" content=\"Doniczka balkonowa Urbi Beton Effect DUC600EW | Marengo - Selleetools.com\" \/>\n<meta property=\"og:description\" content=\"Doniczka balkonowa Urbi Beton Effect DUC600EW z uchwytem&nbsp;&#8211; Marengo Specyfikacja: d\u0142ugo\u015b\u0107 &#8211;&nbsp;58,5 cm szeroko\u015b\u0107 &#8211; 18,5 cm wysoko\u015b\u0107 &#8211; 19,5 cm pojemno\u015b\u0107 &#8211;&nbsp;21 l materia\u0142 &#8211; tworzywo sztuczne Zestaw zawiera: doniczk\u0119 (os\u0142onk\u0119) wk\u0142ad wewn\u0119trzny komplet hak\u00f3w do monta\u017cu na balustradzie Uchwyt schowany jest pod spodem doniczki, dzi\u0119ki specjalnej konstrukcji jest niewidoczny z przodu. Mo\u017cemy je ... Read moreDoniczka balkonowa Urbi Beton Effect DUC600EW | Marengo\" \/>\n<meta property=\"og:url\" content=\"https:\/\/selleetools.com\/pl\/product\/doniczka-balkonowa-urbi-beton-effect-duc600ew-marengo\/\" \/>\n<meta property=\"og:site_name\" content=\"Selleetools.com\" \/>\n<meta property=\"article:modified_time\" content=\"2026-04-18T13:45:50+00:00\" \/>\n<meta property=\"og:image\" content=\"https:\/\/selleetools.com\/wp-content\/uploads\/2026\/02\/c22bed3a32387906e946666607c40b31.jpg\" \/>\n\t<meta property=\"og:image:width\" content=\"1000\" \/>\n\t<meta property=\"og:image:height\" content=\"714\" \/>\n\t<meta property=\"og:image:type\" content=\"image\/jpeg\" \/>\n<meta name=\"twitter:card\" content=\"summary_large_image\" \/>\n<meta name=\"twitter:label1\" content=\"Est. reading time\" \/>\n\t<meta name=\"twitter:data1\" content=\"1 minuta\" \/>\n<!-- \/ Yoast SEO plugin. -->","yoast_head_json":{"title":"Doniczka balkonowa Urbi Beton Effect DUC600EW | Marengo - Selleetools.com","robots":{"index":"index","follow":"follow","max-snippet":"max-snippet:-1","max-image-preview":"max-image-preview:large","max-video-preview":"max-video-preview:-1"},"canonical":"https:\/\/selleetools.com\/pl\/product\/doniczka-balkonowa-urbi-beton-effect-duc600ew-marengo\/","og_locale":"pl_PL","og_type":"article","og_title":"Doniczka balkonowa Urbi Beton Effect DUC600EW | Marengo - Selleetools.com","og_description":"Doniczka balkonowa Urbi Beton Effect DUC600EW z uchwytem&nbsp;&#8211; Marengo Specyfikacja: d\u0142ugo\u015b\u0107 &#8211;&nbsp;58,5 cm szeroko\u015b\u0107 &#8211; 18,5 cm wysoko\u015b\u0107 &#8211; 19,5 cm pojemno\u015b\u0107 &#8211;&nbsp;21 l materia\u0142 &#8211; tworzywo sztuczne Zestaw zawiera: doniczk\u0119 (os\u0142onk\u0119) wk\u0142ad wewn\u0119trzny komplet hak\u00f3w do monta\u017cu na balustradzie Uchwyt schowany jest pod spodem doniczki, dzi\u0119ki specjalnej konstrukcji jest niewidoczny z przodu. Mo\u017cemy je ... Read moreDoniczka balkonowa Urbi Beton Effect DUC600EW | Marengo","og_url":"https:\/\/selleetools.com\/pl\/product\/doniczka-balkonowa-urbi-beton-effect-duc600ew-marengo\/","og_site_name":"Selleetools.com","article_modified_time":"2026-04-18T13:45:50+00:00","og_image":[{"width":1000,"height":714,"url":"https:\/\/selleetools.com\/wp-content\/uploads\/2026\/02\/c22bed3a32387906e946666607c40b31.jpg","type":"image\/jpeg"}],"twitter_card":"summary_large_image","twitter_misc":{"Est. reading time":"1 minuta"},"schema":{"@context":"https:\/\/schema.org","@graph":[{"@type":"Organization","@id":"https:\/\/selleetools.com\/#organization","name":"Selleetools","url":"https:\/\/selleetools.com\/","sameAs":[],"logo":{"@type":"ImageObject","inLanguage":"pl-PL","@id":"https:\/\/selleetools.com\/#\/schema\/logo\/image\/","url":"https:\/\/selleetools.com\/wp-content\/uploads\/2021\/10\/logo-dark.png","contentUrl":"https:\/\/selleetools.com\/wp-content\/uploads\/2021\/10\/logo-dark.png","width":320,"height":76,"caption":"Selleetools"},"image":{"@id":"https:\/\/selleetools.com\/#\/schema\/logo\/image\/"}},{"@type":"WebSite","@id":"https:\/\/selleetools.com\/#website","url":"https:\/\/selleetools.com\/","name":"Selleetools.com","description":"","publisher":{"@id":"https:\/\/selleetools.com\/#organization"},"potentialAction":[{"@type":"SearchAction","target":{"@type":"EntryPoint","urlTemplate":"https:\/\/selleetools.com\/?s={search_term_string}"},"query-input":"required name=search_term_string"}],"inLanguage":"pl-PL"},{"@type":"WebPage","@id":"https:\/\/selleetools.com\/pl\/product\/doniczka-balkonowa-urbi-beton-effect-duc600ew-marengo\/","url":"https:\/\/selleetools.com\/pl\/product\/doniczka-balkonowa-urbi-beton-effect-duc600ew-marengo\/","name":"Doniczka balkonowa Urbi Beton Effect DUC600EW | Marengo - Selleetools.com","isPartOf":{"@id":"https:\/\/selleetools.com\/#website"},"datePublished":"2026-02-19T15:12:59+00:00","dateModified":"2026-04-18T13:45:50+00:00","breadcrumb":{"@id":"https:\/\/selleetools.com\/pl\/product\/doniczka-balkonowa-urbi-beton-effect-duc600ew-marengo\/#breadcrumb"},"inLanguage":"pl-PL","potentialAction":[{"@type":"ReadAction","target":["https:\/\/selleetools.com\/pl\/product\/doniczka-balkonowa-urbi-beton-effect-duc600ew-marengo\/"]}]},{"@type":"BreadcrumbList","@id":"https:\/\/selleetools.com\/pl\/product\/doniczka-balkonowa-urbi-beton-effect-duc600ew-marengo\/#breadcrumb","itemListElement":[{"@type":"ListItem","position":1,"name":"Home","item":"https:\/\/selleetools.com\/pl\/"},{"@type":"ListItem","position":2,"name":"Katalog","item":"https:\/\/selleetools.com\/pl\/katalog\/"},{"@type":"ListItem","position":3,"name":"Doniczka balkonowa Urbi Beton Effect DUC600EW | Marengo"}]}]}},"_links":{"self":[{"href":"https:\/\/selleetools.com\/pl\/wp-json\/wp\/v2\/product\/673876"}],"collection":[{"href":"https:\/\/selleetools.com\/pl\/wp-json\/wp\/v2\/product"}],"about":[{"href":"https:\/\/selleetools.com\/pl\/wp-json\/wp\/v2\/types\/product"}],"replies":[{"embeddable":true,"href":"https:\/\/selleetools.com\/pl\/wp-json\/wp\/v2\/comments?post=673876"}],"wp:featuredmedia":[{"embeddable":true,"href":"https:\/\/selleetools.com\/pl\/wp-json\/wp\/v2\/media\/673864"}],"wp:attachment":[{"href":"https:\/\/selleetools.com\/pl\/wp-json\/wp\/v2\/media?parent=673876"}],"curies":[{"name":"wp","href":"https:\/\/api.w.org\/{rel}","templated":true}]}}