{"id":673863,"date":"2026-02-19T16:12:54","date_gmt":"2026-02-19T15:12:54","guid":{"rendered":"https:\/\/selleetools.com\/?post_type=product&#038;p=673863"},"modified":"2026-04-18T15:45:46","modified_gmt":"2026-04-18T13:45:46","slug":"sanki-z-hamulcem-race-zielony","status":"publish","type":"product","link":"https:\/\/selleetools.com\/pl\/product\/sanki-z-hamulcem-race-zielony\/","title":{"rendered":"Sanki z hamulcem RACE | Zielony"},"content":{"rendered":"<section class=\"section\">\n<div class=\"item item-6\">\n<section class=\"text-item\">\n<h1>Sanki RACE &#8211; Zielone<\/h1>\n<p>Wspania\u0142e sanki dla dzieci z dwustronnym hamulcem. Ultranowoczesna konstrukcja. W tym modelu producent po\u0142o\u017cy\u0142 nacisk na ergonomi\u0119, wytrzyma\u0142o\u015b\u0107 i stylistyk\u0119.<\/p>\n<p><b>Specyfikacja:<\/b><\/p>\n<ul>\n<li>d\u0142ugo\u015b\u0107 &#8211; 87 cm<\/li>\n<li>szeroko\u015b\u0107- 40 cm<\/li>\n<li>wysoko\u015b\u0107 &#8211; 15 cm<\/li>\n<li>materia\u0142 &#8211; tworzywo sztuczne<\/li>\n<li>Producent &#8211; Prosperplast<\/li>\n<li>Produkt polski<\/li>\n<\/ul>\n<p><b>Zestaw zawiera:<\/b><\/p>\n<ol>\n<li>Sanki<\/li>\n<li>Sznurek<\/li>\n<li>Zestaw hamulcy<\/li>\n<\/ol>\n<\/section><\/div>\n<div class=\"item item-6\">\n<section class=\"image-item\"><img src=\"https:\/\/upload.cdn.baselinker.com\/products\/3028621\/7f1f5d6fcac9dbbd9544a9920a55de2a.jpg\"><\/section>\n<\/p><\/div>\n<\/section>\n<section class=\"section\">\n<div class=\"item item-6\">\n<section class=\"image-item\"><img src=\"https:\/\/upload.cdn.baselinker.com\/products\/3028621\/d70608949cec25c01f2a6bcaab428658.jpg\"><\/section>\n<\/p><\/div>\n<div class=\"item item-6\">\n<section class=\"text-item\">\n<p>Ten model \u0142\u0105czy w sobie wszystkie najwa\u017cniejsze cechy doskona\u0142ych sanek. S\u0105 wytrzyma\u0142e, bardzo bezpieczne i do tego \u015bliczne. Dzieciakom trudno jest przej\u015b\u0107 ko\u0142o nich oboj\u0119tnie, zw\u0142aszcza, \u017ce natychmiast uwag\u0119 zwracaj\u0105 ruchome uchwyty, pozwalaj\u0105ce na ca\u0142kiem efektywne hamowanie oraz na sterowanie pojazdem. Do tego modelu do\u0142\u0105czana jest wysokiej jako\u015bci linka do ci\u0105gni\u0119cia.<\/p>\n<ul>\n<li>produkt dla dzieci powy\u017cej 3 lat.<\/li>\n<li>posiada certyfikat CE.<\/li>\n<li>Wytrzyma\u0142o\u015b\u0107 do -35\u00b0C<\/li>\n<\/ul>\n<\/section><\/div>\n<\/section>\n<section class=\"section\">\n<div class=\"item item-12\">\n<section class=\"image-item\"><img src=\"https:\/\/upload.cdn.baselinker.com\/products\/3028621\/7f1f5d6fcac9dbbd9544a9920a55de2a.jpg\"><\/section>\n<\/p><\/div>\n<\/section>\n<section class=\"section\">\n<div class=\"item item-12\">\n<section class=\"image-item\"><img src=\"https:\/\/upload.cdn.baselinker.com\/products\/3028621\/09f9cc185207b1b12080c1d5c7ab27aa.jpg\"><\/section>\n<\/p><\/div>\n<\/section>\n<section class=\"section\">\n<div class=\"item item-12\">\n<section class=\"image-item\"><img src=\"https:\/\/upload.cdn.baselinker.com\/products\/3028621\/931b94784246ddb02f648b3e545dee26.jpg\"><\/section>\n<\/p><\/div>\n<\/section>\n<section class=\"section\">\n<div class=\"item item-6\">\n<section class=\"text-item\">\n<p><b>Producent:<\/b><\/p>\n<\/section><\/div>\n<div class=\"item item-6\">\n<section class=\"image-item\"><img src=\"https:\/\/upload.cdn.baselinker.com\/products\/3028621\/fef7f79270310a075f01432e9a1eabaa.jpg\"><\/section>\n<\/p><\/div>\n<\/section>\n","protected":false},"excerpt":{"rendered":"<p>Sanki RACE &#8211; Zielone Wspania\u0142e sanki dla dzieci z dwustronnym hamulcem. Ultranowoczesna konstrukcja. W tym modelu producent po\u0142o\u017cy\u0142 nacisk na ergonomi\u0119, wytrzyma\u0142o\u015b\u0107 i stylistyk\u0119. Specyfikacja: d\u0142ugo\u015b\u0107 &#8211; 87 cm szeroko\u015b\u0107- 40 cm wysoko\u015b\u0107 &#8211; 15 cm materia\u0142 &#8211; tworzywo sztuczne Producent &#8211; Prosperplast Produkt polski Zestaw zawiera: Sanki Sznurek Zestaw hamulcy Ten model \u0142\u0105czy w &#8230; <a title=\"Sanki z hamulcem RACE | Zielony\" class=\"read-more\" href=\"https:\/\/selleetools.com\/pl\/product\/sanki-z-hamulcem-race-zielony\/\">Read more<span class=\"screen-reader-text\">Sanki z hamulcem RACE | Zielony<\/span><\/a><\/p>\n","protected":false},"featured_media":673845,"comment_status":"open","ping_status":"closed","template":"","meta":{"_links_to":"","_links_to_target":""},"yoast_head":"<!-- This site is optimized with the Yoast SEO plugin v19.4 - https:\/\/yoast.com\/wordpress\/plugins\/seo\/ -->\n<title>Sanki z hamulcem RACE | Zielony - Selleetools.com<\/title>\n<meta name=\"robots\" content=\"index, follow, max-snippet:-1, max-image-preview:large, max-video-preview:-1\" \/>\n<link rel=\"canonical\" href=\"https:\/\/selleetools.com\/pl\/product\/sanki-z-hamulcem-race-zielony\/\" \/>\n<meta property=\"og:locale\" content=\"pl_PL\" \/>\n<meta property=\"og:type\" content=\"article\" \/>\n<meta property=\"og:title\" content=\"Sanki z hamulcem RACE | Zielony - Selleetools.com\" \/>\n<meta property=\"og:description\" content=\"Sanki RACE &#8211; Zielone Wspania\u0142e sanki dla dzieci z dwustronnym hamulcem. Ultranowoczesna konstrukcja. W tym modelu producent po\u0142o\u017cy\u0142 nacisk na ergonomi\u0119, wytrzyma\u0142o\u015b\u0107 i stylistyk\u0119. Specyfikacja: d\u0142ugo\u015b\u0107 &#8211; 87 cm szeroko\u015b\u0107- 40 cm wysoko\u015b\u0107 &#8211; 15 cm materia\u0142 &#8211; tworzywo sztuczne Producent &#8211; Prosperplast Produkt polski Zestaw zawiera: Sanki Sznurek Zestaw hamulcy Ten model \u0142\u0105czy w ... Read moreSanki z hamulcem RACE | Zielony\" \/>\n<meta property=\"og:url\" content=\"https:\/\/selleetools.com\/pl\/product\/sanki-z-hamulcem-race-zielony\/\" \/>\n<meta property=\"og:site_name\" content=\"Selleetools.com\" \/>\n<meta property=\"article:modified_time\" content=\"2026-04-18T13:45:46+00:00\" \/>\n<meta property=\"og:image\" content=\"https:\/\/selleetools.com\/wp-content\/uploads\/2026\/02\/34818bdbaa69c402e8644319be23e16f.jpg\" \/>\n\t<meta property=\"og:image:width\" content=\"1200\" \/>\n\t<meta property=\"og:image:height\" content=\"1200\" \/>\n\t<meta property=\"og:image:type\" content=\"image\/jpeg\" \/>\n<meta name=\"twitter:card\" content=\"summary_large_image\" \/>\n<meta name=\"twitter:label1\" content=\"Est. reading time\" \/>\n\t<meta name=\"twitter:data1\" content=\"1 minuta\" \/>\n<!-- \/ Yoast SEO plugin. -->","yoast_head_json":{"title":"Sanki z hamulcem RACE | Zielony - Selleetools.com","robots":{"index":"index","follow":"follow","max-snippet":"max-snippet:-1","max-image-preview":"max-image-preview:large","max-video-preview":"max-video-preview:-1"},"canonical":"https:\/\/selleetools.com\/pl\/product\/sanki-z-hamulcem-race-zielony\/","og_locale":"pl_PL","og_type":"article","og_title":"Sanki z hamulcem RACE | Zielony - Selleetools.com","og_description":"Sanki RACE &#8211; Zielone Wspania\u0142e sanki dla dzieci z dwustronnym hamulcem. Ultranowoczesna konstrukcja. W tym modelu producent po\u0142o\u017cy\u0142 nacisk na ergonomi\u0119, wytrzyma\u0142o\u015b\u0107 i stylistyk\u0119. Specyfikacja: d\u0142ugo\u015b\u0107 &#8211; 87 cm szeroko\u015b\u0107- 40 cm wysoko\u015b\u0107 &#8211; 15 cm materia\u0142 &#8211; tworzywo sztuczne Producent &#8211; Prosperplast Produkt polski Zestaw zawiera: Sanki Sznurek Zestaw hamulcy Ten model \u0142\u0105czy w ... Read moreSanki z hamulcem RACE | Zielony","og_url":"https:\/\/selleetools.com\/pl\/product\/sanki-z-hamulcem-race-zielony\/","og_site_name":"Selleetools.com","article_modified_time":"2026-04-18T13:45:46+00:00","og_image":[{"width":1200,"height":1200,"url":"https:\/\/selleetools.com\/wp-content\/uploads\/2026\/02\/34818bdbaa69c402e8644319be23e16f.jpg","type":"image\/jpeg"}],"twitter_card":"summary_large_image","twitter_misc":{"Est. reading time":"1 minuta"},"schema":{"@context":"https:\/\/schema.org","@graph":[{"@type":"Organization","@id":"https:\/\/selleetools.com\/#organization","name":"Selleetools","url":"https:\/\/selleetools.com\/","sameAs":[],"logo":{"@type":"ImageObject","inLanguage":"pl-PL","@id":"https:\/\/selleetools.com\/#\/schema\/logo\/image\/","url":"https:\/\/selleetools.com\/wp-content\/uploads\/2021\/10\/logo-dark.png","contentUrl":"https:\/\/selleetools.com\/wp-content\/uploads\/2021\/10\/logo-dark.png","width":320,"height":76,"caption":"Selleetools"},"image":{"@id":"https:\/\/selleetools.com\/#\/schema\/logo\/image\/"}},{"@type":"WebSite","@id":"https:\/\/selleetools.com\/#website","url":"https:\/\/selleetools.com\/","name":"Selleetools.com","description":"","publisher":{"@id":"https:\/\/selleetools.com\/#organization"},"potentialAction":[{"@type":"SearchAction","target":{"@type":"EntryPoint","urlTemplate":"https:\/\/selleetools.com\/?s={search_term_string}"},"query-input":"required name=search_term_string"}],"inLanguage":"pl-PL"},{"@type":"WebPage","@id":"https:\/\/selleetools.com\/pl\/product\/sanki-z-hamulcem-race-zielony\/","url":"https:\/\/selleetools.com\/pl\/product\/sanki-z-hamulcem-race-zielony\/","name":"Sanki z hamulcem RACE | Zielony - Selleetools.com","isPartOf":{"@id":"https:\/\/selleetools.com\/#website"},"datePublished":"2026-02-19T15:12:54+00:00","dateModified":"2026-04-18T13:45:46+00:00","breadcrumb":{"@id":"https:\/\/selleetools.com\/pl\/product\/sanki-z-hamulcem-race-zielony\/#breadcrumb"},"inLanguage":"pl-PL","potentialAction":[{"@type":"ReadAction","target":["https:\/\/selleetools.com\/pl\/product\/sanki-z-hamulcem-race-zielony\/"]}]},{"@type":"BreadcrumbList","@id":"https:\/\/selleetools.com\/pl\/product\/sanki-z-hamulcem-race-zielony\/#breadcrumb","itemListElement":[{"@type":"ListItem","position":1,"name":"Home","item":"https:\/\/selleetools.com\/pl\/"},{"@type":"ListItem","position":2,"name":"Katalog","item":"https:\/\/selleetools.com\/pl\/katalog\/"},{"@type":"ListItem","position":3,"name":"Sanki z hamulcem RACE | Zielony"}]}]}},"_links":{"self":[{"href":"https:\/\/selleetools.com\/pl\/wp-json\/wp\/v2\/product\/673863"}],"collection":[{"href":"https:\/\/selleetools.com\/pl\/wp-json\/wp\/v2\/product"}],"about":[{"href":"https:\/\/selleetools.com\/pl\/wp-json\/wp\/v2\/types\/product"}],"replies":[{"embeddable":true,"href":"https:\/\/selleetools.com\/pl\/wp-json\/wp\/v2\/comments?post=673863"}],"wp:featuredmedia":[{"embeddable":true,"href":"https:\/\/selleetools.com\/pl\/wp-json\/wp\/v2\/media\/673845"}],"wp:attachment":[{"href":"https:\/\/selleetools.com\/pl\/wp-json\/wp\/v2\/media?parent=673863"}],"curies":[{"name":"wp","href":"https:\/\/api.w.org\/{rel}","templated":true}]}}