{"id":673744,"date":"2026-02-19T16:12:05","date_gmt":"2026-02-19T15:12:05","guid":{"rendered":"https:\/\/selleetools.com\/?post_type=product&#038;p=673744"},"modified":"2026-04-18T15:50:37","modified_gmt":"2026-04-18T13:50:37","slug":"lopata-do-sniegu-ergometal","status":"publish","type":"product","link":"https:\/\/selleetools.com\/pl\/product\/lopata-do-sniegu-ergometal\/","title":{"rendered":"\u0141opata do \u015bniegu ERGOMETAL"},"content":{"rendered":"<section class=\"section\">\n<div class=\"item item-6\">\n<section class=\"text-item\">\n<h2>\u0141opata do \u015bniegu ERGOMETAL<\/h2>\n<p><b>Specyfikacja:<\/b><\/p>\n<ul>\n<li>D\u0142ugo\u015b\u0107 ca\u0142kowita &#8211; 149,5 cm<\/li>\n<li>Szeroko\u015b\u0107 szufli &#8211; 50,5 cm<\/li>\n<li>G\u0142\u0119boko\u015b\u0107 szufli &#8211; 38,5 cm<\/li>\n<li>Materia\u0142 szufli &#8211; tworzywo sztuczne<\/li>\n<li>Materia\u0142 sztyla &#8211; aluminium<\/li>\n<li>Okucie szufli &#8211; aluminiowa listwa<\/li>\n<\/ul>\n<p><b>Zestaw zawiera:<\/b><\/p>\n<ol>\n<li>Szufl\u0119<\/li>\n<li>Stel<\/li>\n<\/ol>\n<p><b>Zalety<\/b><\/p>\n<ul>\n<li>okucie aluminiowe u\u0142atwia prowadzenie \u0142opaty po r\u00f3\u017cnych nawierzchniach zapobiegaj\u0105c jednocze\u015bnie blokowaniu si\u0119 o nier\u00f3wno\u015bci<\/li>\n<li>wysoka wydajno\u015b\u0107 pracy<\/li>\n<li>mrozoodpora<\/li>\n<li>pojemna szufla<\/li>\n<li>ergonomiczny uchwyt<\/li>\n<\/ul>\n<\/section><\/div>\n<div class=\"item item-6\">\n<section class=\"image-item\"><img src=\"https:\/\/upload.cdn.baselinker.com\/products\/3028621\/0e3666fa242c5686531694e760fbbb5c.jpg\"><\/section>\n<\/p><\/div>\n<\/section>\n<section class=\"section\">\n<div class=\"item item-12\">\n<section class=\"text-item\">\n<p>\u0141opata z profesjonalnej serii &#8220;Expert&#8221;. Znana z doskona\u0142ego modelu &#8220;Ergonomic&#8221; szufla z wysoko uniesionym gniazdem mocowania, dzi\u0119ki zastosowaniu dodatkowo specjalnie wygi\u0119tego sztyla znalaz\u0142a si\u0119 w idealnej pozycji wzgl\u0119dem r\u0119ki trzymaj\u0105cej sztyl. \u015arodek ci\u0119\u017cko\u015bci jest teraz tak nisko jak w \u017cadnej innej \u0142opacie. Osoba od\u015bnie\u017caj\u0105ca mo\u017ce pracowa\u0107 w pozycji niemal wyprostowanej. Dla os\u00f3b maj\u0105cych problemy z kr\u0119gos\u0142upem \u0142opata ta mo\u017ce okaza\u0107 si\u0119 zbawienna. Pewny chwyt, ogromna wydajno\u015b\u0107 i komfort. Dzi\u0119ki specjalnej konstrukcji tzw. &#8220;UNIPACK SYSTEM&#8221; pozwala na wydajne pakowanie (nawet dwukrotnie g\u0119\u015bciej) na zasadzie &#8220;\u0142y\u017ceczek&#8221; &#8211; jedna w drug\u0105, obni\u017caj\u0105c koszty transportu i przechowywania.<\/p>\n<\/section><\/div>\n<\/section>\n<section class=\"section\">\n<div class=\"item item-6\">\n<section class=\"image-item\"><img src=\"https:\/\/upload.cdn.baselinker.com\/products\/3028621\/0e3666fa242c5686531694e760fbbb5c.jpg\"><\/section>\n<\/p><\/div>\n<div class=\"item item-6\">\n<section class=\"image-item\"><img src=\"https:\/\/upload.cdn.baselinker.com\/products\/3028621\/82945fe6878bb137f4fe18c1c046d4e8.jpg\"><\/section>\n<\/p><\/div>\n<\/section>\n<section class=\"section\">\n<div class=\"item item-6\">\n<section class=\"image-item\"><img src=\"https:\/\/upload.cdn.baselinker.com\/products\/3028621\/76d7b075cf2e214a229baee61b1bdd95.jpg\"><\/section>\n<\/p><\/div>\n<div class=\"item item-6\">\n<section class=\"image-item\"><img src=\"https:\/\/upload.cdn.baselinker.com\/products\/3028621\/690c4762086f52725f6c761bd91ea98b.jpg\"><\/section>\n<\/p><\/div>\n<\/section>\n<section class=\"section\">\n<div class=\"item item-12\">\n<section class=\"image-item\"><img src=\"https:\/\/upload.cdn.baselinker.com\/products\/3028621\/df84641b4014bf6557e0d8102c859b3a.jpg\"><\/section>\n<\/p><\/div>\n<\/section>\n","protected":false},"excerpt":{"rendered":"<p>\u0141opata do \u015bniegu ERGOMETAL Specyfikacja: D\u0142ugo\u015b\u0107 ca\u0142kowita &#8211; 149,5 cm Szeroko\u015b\u0107 szufli &#8211; 50,5 cm G\u0142\u0119boko\u015b\u0107 szufli &#8211; 38,5 cm Materia\u0142 szufli &#8211; tworzywo sztuczne Materia\u0142 sztyla &#8211; aluminium Okucie szufli &#8211; aluminiowa listwa Zestaw zawiera: Szufl\u0119 Stel Zalety okucie aluminiowe u\u0142atwia prowadzenie \u0142opaty po r\u00f3\u017cnych nawierzchniach zapobiegaj\u0105c jednocze\u015bnie blokowaniu si\u0119 o nier\u00f3wno\u015bci wysoka wydajno\u015b\u0107 &#8230; <a title=\"\u0141opata do \u015bniegu ERGOMETAL\" class=\"read-more\" href=\"https:\/\/selleetools.com\/pl\/product\/lopata-do-sniegu-ergometal\/\">Read more<span class=\"screen-reader-text\">\u0141opata do \u015bniegu ERGOMETAL<\/span><\/a><\/p>\n","protected":false},"featured_media":673734,"comment_status":"open","ping_status":"closed","template":"","meta":{"_links_to":"","_links_to_target":""},"yoast_head":"<!-- This site is optimized with the Yoast SEO plugin v19.4 - https:\/\/yoast.com\/wordpress\/plugins\/seo\/ -->\n<title>\u0141opata do \u015bniegu ERGOMETAL - Selleetools.com<\/title>\n<meta name=\"robots\" content=\"index, follow, max-snippet:-1, max-image-preview:large, max-video-preview:-1\" \/>\n<link rel=\"canonical\" href=\"https:\/\/selleetools.com\/pl\/product\/lopata-do-sniegu-ergometal\/\" \/>\n<meta property=\"og:locale\" content=\"pl_PL\" \/>\n<meta property=\"og:type\" content=\"article\" \/>\n<meta property=\"og:title\" content=\"\u0141opata do \u015bniegu ERGOMETAL - Selleetools.com\" \/>\n<meta property=\"og:description\" content=\"\u0141opata do \u015bniegu ERGOMETAL Specyfikacja: D\u0142ugo\u015b\u0107 ca\u0142kowita &#8211; 149,5 cm Szeroko\u015b\u0107 szufli &#8211; 50,5 cm G\u0142\u0119boko\u015b\u0107 szufli &#8211; 38,5 cm Materia\u0142 szufli &#8211; tworzywo sztuczne Materia\u0142 sztyla &#8211; aluminium Okucie szufli &#8211; aluminiowa listwa Zestaw zawiera: Szufl\u0119 Stel Zalety okucie aluminiowe u\u0142atwia prowadzenie \u0142opaty po r\u00f3\u017cnych nawierzchniach zapobiegaj\u0105c jednocze\u015bnie blokowaniu si\u0119 o nier\u00f3wno\u015bci wysoka wydajno\u015b\u0107 ... Read more\u0141opata do \u015bniegu ERGOMETAL\" \/>\n<meta property=\"og:url\" content=\"https:\/\/selleetools.com\/pl\/product\/lopata-do-sniegu-ergometal\/\" \/>\n<meta property=\"og:site_name\" content=\"Selleetools.com\" \/>\n<meta property=\"article:modified_time\" content=\"2026-04-18T13:50:37+00:00\" \/>\n<meta property=\"og:image\" content=\"https:\/\/selleetools.com\/wp-content\/uploads\/2026\/02\/0e3666fa242c5686531694e760fbbb5c.jpg\" \/>\n\t<meta property=\"og:image:width\" content=\"620\" \/>\n\t<meta property=\"og:image:height\" content=\"2048\" \/>\n\t<meta property=\"og:image:type\" content=\"image\/jpeg\" \/>\n<meta name=\"twitter:card\" content=\"summary_large_image\" \/>\n<meta name=\"twitter:label1\" content=\"Est. reading time\" \/>\n\t<meta name=\"twitter:data1\" content=\"1 minuta\" \/>\n<!-- \/ Yoast SEO plugin. -->","yoast_head_json":{"title":"\u0141opata do \u015bniegu ERGOMETAL - Selleetools.com","robots":{"index":"index","follow":"follow","max-snippet":"max-snippet:-1","max-image-preview":"max-image-preview:large","max-video-preview":"max-video-preview:-1"},"canonical":"https:\/\/selleetools.com\/pl\/product\/lopata-do-sniegu-ergometal\/","og_locale":"pl_PL","og_type":"article","og_title":"\u0141opata do \u015bniegu ERGOMETAL - Selleetools.com","og_description":"\u0141opata do \u015bniegu ERGOMETAL Specyfikacja: D\u0142ugo\u015b\u0107 ca\u0142kowita &#8211; 149,5 cm Szeroko\u015b\u0107 szufli &#8211; 50,5 cm G\u0142\u0119boko\u015b\u0107 szufli &#8211; 38,5 cm Materia\u0142 szufli &#8211; tworzywo sztuczne Materia\u0142 sztyla &#8211; aluminium Okucie szufli &#8211; aluminiowa listwa Zestaw zawiera: Szufl\u0119 Stel Zalety okucie aluminiowe u\u0142atwia prowadzenie \u0142opaty po r\u00f3\u017cnych nawierzchniach zapobiegaj\u0105c jednocze\u015bnie blokowaniu si\u0119 o nier\u00f3wno\u015bci wysoka wydajno\u015b\u0107 ... Read more\u0141opata do \u015bniegu ERGOMETAL","og_url":"https:\/\/selleetools.com\/pl\/product\/lopata-do-sniegu-ergometal\/","og_site_name":"Selleetools.com","article_modified_time":"2026-04-18T13:50:37+00:00","og_image":[{"width":620,"height":2048,"url":"https:\/\/selleetools.com\/wp-content\/uploads\/2026\/02\/0e3666fa242c5686531694e760fbbb5c.jpg","type":"image\/jpeg"}],"twitter_card":"summary_large_image","twitter_misc":{"Est. reading time":"1 minuta"},"schema":{"@context":"https:\/\/schema.org","@graph":[{"@type":"Organization","@id":"https:\/\/selleetools.com\/#organization","name":"Selleetools","url":"https:\/\/selleetools.com\/","sameAs":[],"logo":{"@type":"ImageObject","inLanguage":"pl-PL","@id":"https:\/\/selleetools.com\/#\/schema\/logo\/image\/","url":"https:\/\/selleetools.com\/wp-content\/uploads\/2021\/10\/logo-dark.png","contentUrl":"https:\/\/selleetools.com\/wp-content\/uploads\/2021\/10\/logo-dark.png","width":320,"height":76,"caption":"Selleetools"},"image":{"@id":"https:\/\/selleetools.com\/#\/schema\/logo\/image\/"}},{"@type":"WebSite","@id":"https:\/\/selleetools.com\/#website","url":"https:\/\/selleetools.com\/","name":"Selleetools.com","description":"","publisher":{"@id":"https:\/\/selleetools.com\/#organization"},"potentialAction":[{"@type":"SearchAction","target":{"@type":"EntryPoint","urlTemplate":"https:\/\/selleetools.com\/?s={search_term_string}"},"query-input":"required name=search_term_string"}],"inLanguage":"pl-PL"},{"@type":"WebPage","@id":"https:\/\/selleetools.com\/pl\/product\/lopata-do-sniegu-ergometal\/","url":"https:\/\/selleetools.com\/pl\/product\/lopata-do-sniegu-ergometal\/","name":"\u0141opata do \u015bniegu ERGOMETAL - Selleetools.com","isPartOf":{"@id":"https:\/\/selleetools.com\/#website"},"datePublished":"2026-02-19T15:12:05+00:00","dateModified":"2026-04-18T13:50:37+00:00","breadcrumb":{"@id":"https:\/\/selleetools.com\/pl\/product\/lopata-do-sniegu-ergometal\/#breadcrumb"},"inLanguage":"pl-PL","potentialAction":[{"@type":"ReadAction","target":["https:\/\/selleetools.com\/pl\/product\/lopata-do-sniegu-ergometal\/"]}]},{"@type":"BreadcrumbList","@id":"https:\/\/selleetools.com\/pl\/product\/lopata-do-sniegu-ergometal\/#breadcrumb","itemListElement":[{"@type":"ListItem","position":1,"name":"Home","item":"https:\/\/selleetools.com\/pl\/"},{"@type":"ListItem","position":2,"name":"Katalog","item":"https:\/\/selleetools.com\/pl\/katalog\/"},{"@type":"ListItem","position":3,"name":"\u0141opata do \u015bniegu ERGOMETAL"}]}]}},"_links":{"self":[{"href":"https:\/\/selleetools.com\/pl\/wp-json\/wp\/v2\/product\/673744"}],"collection":[{"href":"https:\/\/selleetools.com\/pl\/wp-json\/wp\/v2\/product"}],"about":[{"href":"https:\/\/selleetools.com\/pl\/wp-json\/wp\/v2\/types\/product"}],"replies":[{"embeddable":true,"href":"https:\/\/selleetools.com\/pl\/wp-json\/wp\/v2\/comments?post=673744"}],"wp:featuredmedia":[{"embeddable":true,"href":"https:\/\/selleetools.com\/pl\/wp-json\/wp\/v2\/media\/673734"}],"wp:attachment":[{"href":"https:\/\/selleetools.com\/pl\/wp-json\/wp\/v2\/media?parent=673744"}],"curies":[{"name":"wp","href":"https:\/\/api.w.org\/{rel}","templated":true}]}}