{"id":673711,"date":"2026-02-19T16:11:50","date_gmt":"2026-02-19T15:11:50","guid":{"rendered":"https:\/\/selleetools.com\/?post_type=product&#038;p=673711"},"modified":"2026-04-18T15:50:20","modified_gmt":"2026-04-18T13:50:20","slug":"lopata-zgarniacz-do-sniegu-arctic","status":"publish","type":"product","link":"https:\/\/selleetools.com\/pl\/product\/lopata-zgarniacz-do-sniegu-arctic\/","title":{"rendered":"\u0141opata zgarniacz do \u015bniegu ARCTIC"},"content":{"rendered":"<section class=\"section\">\n<div class=\"item item-6\">\n<section class=\"text-item\">\n<h1>\u0141opata zgarniacz do \u015bniegu ARCTIC<\/h1>\n<p><b>Specyfikacja:<\/b><\/p>\n<ul>\n<li>D\u0142ugo\u015b\u0107 ca\u0142kowita &#8211; 127 cm<\/li>\n<li>Szeroko\u015b\u0107 szufli &#8211; 80 cm<\/li>\n<li>G\u0142\u0119boko\u015b\u0107 szufli &#8211; 44 cm<\/li>\n<li>Materia\u0142 szufli &#8211; tworzywo sztuczne<\/li>\n<li>Materia\u0142 sztyla &#8211; stal<\/li>\n<li>Okucie szufli &#8211; aluminiowa listwa<\/li>\n<\/ul>\n<p><b>Zestaw zawiera:<\/b><\/p>\n<ol>\n<li>Szufl\u0119<\/li>\n<li>Stel<\/li>\n<\/ol>\n<p><b>Zalety:<\/b><\/p>\n<ul>\n<li>Okucie aluminiowe u\u0142atwia prowadzenie \u0142opaty po r\u00f3\u017cnych nawierzchniach zapobiegaj\u0105c jednocze\u015bnie blokowaniu si\u0119 o nier\u00f3wno\u015bci<\/li>\n<li>Jej konstrukcja pozwala na prac\u0119 jednej lub dw\u00f3ch os\u00f3b zwi\u0119kszaj\u0105c tym samym wydajno\u015b\u0107.<\/li>\n<li>Wyprofilowany uchwyt<\/li>\n<\/ul>\n<\/section><\/div>\n<div class=\"item item-6\">\n<section class=\"image-item\">\n            <img src=\"https:\/\/upload.cdn.baselinker.com\/products\/3028621\/ac13d4dd98a3a0dec274fe28c74735fc.jpg\" \/><br \/>\n        <\/section>\n<\/p><\/div>\n<\/section>\n<section class=\"section\">\n<div class=\"item item-12\">\n<section class=\"text-item\">\n<p>To wyj\u0105tkowa, dwuosobowa \u0142opata do od\u015bnie\u017cania z serii &#8220;Expert&#8221;. Jej konstrukcja pozwala na prac\u0119 jednej lub dw\u00f3ch os\u00f3b zwi\u0119kszaj\u0105c tym samym wydajno\u015b\u0107. Uchwyt w postaci odpowiednio wyprofilowanej, malowanej rurki osadzony jest pewnie w bardzo szerokiej (82 cm.) szufli za pomoc\u0105 motylkowych nakr\u0119tek. Pozwala to na \u0142atwy monta\u017c tej \u0142opaty. Do zastosowa\u0144 przemys\u0142owych kwalifikuj\u0105 j\u0105 r\u00f3wnie\u017c masywne k\u00f3\u0142ka solidnie zamocowane na spodzie. Aluminiowa szeroka listwa na kraw\u0119dzi natarcia dodatkowo wzmacnia jej dzia\u0142anie. \u015awietne rozwi\u0105zanie podczas od\u015bnie\u017cania ulic czy plac\u00f3w.<\/p>\n<\/section><\/div>\n<\/section>\n<section class=\"section\">\n<div class=\"item item-12\">\n<section class=\"image-item\">\n            <img src=\"https:\/\/upload.cdn.baselinker.com\/products\/3028621\/ac13d4dd98a3a0dec274fe28c74735fc.jpg\" \/><br \/>\n        <\/section>\n<\/p><\/div>\n<\/section>\n","protected":false},"excerpt":{"rendered":"<p>\u0141opata zgarniacz do \u015bniegu ARCTIC Specyfikacja: D\u0142ugo\u015b\u0107 ca\u0142kowita &#8211; 127 cm Szeroko\u015b\u0107 szufli &#8211; 80 cm G\u0142\u0119boko\u015b\u0107 szufli &#8211; 44 cm Materia\u0142 szufli &#8211; tworzywo sztuczne Materia\u0142 sztyla &#8211; stal Okucie szufli &#8211; aluminiowa listwa Zestaw zawiera: Szufl\u0119 Stel Zalety: Okucie aluminiowe u\u0142atwia prowadzenie \u0142opaty po r\u00f3\u017cnych nawierzchniach zapobiegaj\u0105c jednocze\u015bnie blokowaniu si\u0119 o nier\u00f3wno\u015bci Jej &#8230; <a title=\"\u0141opata zgarniacz do \u015bniegu ARCTIC\" class=\"read-more\" href=\"https:\/\/selleetools.com\/pl\/product\/lopata-zgarniacz-do-sniegu-arctic\/\">Read more<span class=\"screen-reader-text\">\u0141opata zgarniacz do \u015bniegu ARCTIC<\/span><\/a><\/p>\n","protected":false},"featured_media":673709,"comment_status":"open","ping_status":"closed","template":"","meta":{"_links_to":"","_links_to_target":""},"yoast_head":"<!-- This site is optimized with the Yoast SEO plugin v19.4 - https:\/\/yoast.com\/wordpress\/plugins\/seo\/ -->\n<title>\u0141opata zgarniacz do \u015bniegu ARCTIC - Selleetools.com<\/title>\n<meta name=\"robots\" content=\"index, follow, max-snippet:-1, max-image-preview:large, max-video-preview:-1\" \/>\n<link rel=\"canonical\" href=\"https:\/\/selleetools.com\/pl\/product\/lopata-zgarniacz-do-sniegu-arctic\/\" \/>\n<meta property=\"og:locale\" content=\"pl_PL\" \/>\n<meta property=\"og:type\" content=\"article\" \/>\n<meta property=\"og:title\" content=\"\u0141opata zgarniacz do \u015bniegu ARCTIC - Selleetools.com\" \/>\n<meta property=\"og:description\" content=\"\u0141opata zgarniacz do \u015bniegu ARCTIC Specyfikacja: D\u0142ugo\u015b\u0107 ca\u0142kowita &#8211; 127 cm Szeroko\u015b\u0107 szufli &#8211; 80 cm G\u0142\u0119boko\u015b\u0107 szufli &#8211; 44 cm Materia\u0142 szufli &#8211; tworzywo sztuczne Materia\u0142 sztyla &#8211; stal Okucie szufli &#8211; aluminiowa listwa Zestaw zawiera: Szufl\u0119 Stel Zalety: Okucie aluminiowe u\u0142atwia prowadzenie \u0142opaty po r\u00f3\u017cnych nawierzchniach zapobiegaj\u0105c jednocze\u015bnie blokowaniu si\u0119 o nier\u00f3wno\u015bci Jej ... Read more\u0141opata zgarniacz do \u015bniegu ARCTIC\" \/>\n<meta property=\"og:url\" content=\"https:\/\/selleetools.com\/pl\/product\/lopata-zgarniacz-do-sniegu-arctic\/\" \/>\n<meta property=\"og:site_name\" content=\"Selleetools.com\" \/>\n<meta property=\"article:modified_time\" content=\"2026-04-18T13:50:20+00:00\" \/>\n<meta property=\"og:image\" content=\"https:\/\/selleetools.com\/wp-content\/uploads\/2026\/02\/ac13d4dd98a3a0dec274fe28c74735fc.jpg\" \/>\n\t<meta property=\"og:image:width\" content=\"2500\" \/>\n\t<meta property=\"og:image:height\" content=\"2500\" \/>\n\t<meta property=\"og:image:type\" content=\"image\/jpeg\" \/>\n<meta name=\"twitter:card\" content=\"summary_large_image\" \/>\n<meta name=\"twitter:label1\" content=\"Est. reading time\" \/>\n\t<meta name=\"twitter:data1\" content=\"1 minuta\" \/>\n<!-- \/ Yoast SEO plugin. -->","yoast_head_json":{"title":"\u0141opata zgarniacz do \u015bniegu ARCTIC - Selleetools.com","robots":{"index":"index","follow":"follow","max-snippet":"max-snippet:-1","max-image-preview":"max-image-preview:large","max-video-preview":"max-video-preview:-1"},"canonical":"https:\/\/selleetools.com\/pl\/product\/lopata-zgarniacz-do-sniegu-arctic\/","og_locale":"pl_PL","og_type":"article","og_title":"\u0141opata zgarniacz do \u015bniegu ARCTIC - Selleetools.com","og_description":"\u0141opata zgarniacz do \u015bniegu ARCTIC Specyfikacja: D\u0142ugo\u015b\u0107 ca\u0142kowita &#8211; 127 cm Szeroko\u015b\u0107 szufli &#8211; 80 cm G\u0142\u0119boko\u015b\u0107 szufli &#8211; 44 cm Materia\u0142 szufli &#8211; tworzywo sztuczne Materia\u0142 sztyla &#8211; stal Okucie szufli &#8211; aluminiowa listwa Zestaw zawiera: Szufl\u0119 Stel Zalety: Okucie aluminiowe u\u0142atwia prowadzenie \u0142opaty po r\u00f3\u017cnych nawierzchniach zapobiegaj\u0105c jednocze\u015bnie blokowaniu si\u0119 o nier\u00f3wno\u015bci Jej ... Read more\u0141opata zgarniacz do \u015bniegu ARCTIC","og_url":"https:\/\/selleetools.com\/pl\/product\/lopata-zgarniacz-do-sniegu-arctic\/","og_site_name":"Selleetools.com","article_modified_time":"2026-04-18T13:50:20+00:00","og_image":[{"width":2500,"height":2500,"url":"https:\/\/selleetools.com\/wp-content\/uploads\/2026\/02\/ac13d4dd98a3a0dec274fe28c74735fc.jpg","type":"image\/jpeg"}],"twitter_card":"summary_large_image","twitter_misc":{"Est. reading time":"1 minuta"},"schema":{"@context":"https:\/\/schema.org","@graph":[{"@type":"Organization","@id":"https:\/\/selleetools.com\/#organization","name":"Selleetools","url":"https:\/\/selleetools.com\/","sameAs":[],"logo":{"@type":"ImageObject","inLanguage":"pl-PL","@id":"https:\/\/selleetools.com\/#\/schema\/logo\/image\/","url":"https:\/\/selleetools.com\/wp-content\/uploads\/2021\/10\/logo-dark.png","contentUrl":"https:\/\/selleetools.com\/wp-content\/uploads\/2021\/10\/logo-dark.png","width":320,"height":76,"caption":"Selleetools"},"image":{"@id":"https:\/\/selleetools.com\/#\/schema\/logo\/image\/"}},{"@type":"WebSite","@id":"https:\/\/selleetools.com\/#website","url":"https:\/\/selleetools.com\/","name":"Selleetools.com","description":"","publisher":{"@id":"https:\/\/selleetools.com\/#organization"},"potentialAction":[{"@type":"SearchAction","target":{"@type":"EntryPoint","urlTemplate":"https:\/\/selleetools.com\/?s={search_term_string}"},"query-input":"required name=search_term_string"}],"inLanguage":"pl-PL"},{"@type":"WebPage","@id":"https:\/\/selleetools.com\/pl\/product\/lopata-zgarniacz-do-sniegu-arctic\/","url":"https:\/\/selleetools.com\/pl\/product\/lopata-zgarniacz-do-sniegu-arctic\/","name":"\u0141opata zgarniacz do \u015bniegu ARCTIC - Selleetools.com","isPartOf":{"@id":"https:\/\/selleetools.com\/#website"},"datePublished":"2026-02-19T15:11:50+00:00","dateModified":"2026-04-18T13:50:20+00:00","breadcrumb":{"@id":"https:\/\/selleetools.com\/pl\/product\/lopata-zgarniacz-do-sniegu-arctic\/#breadcrumb"},"inLanguage":"pl-PL","potentialAction":[{"@type":"ReadAction","target":["https:\/\/selleetools.com\/pl\/product\/lopata-zgarniacz-do-sniegu-arctic\/"]}]},{"@type":"BreadcrumbList","@id":"https:\/\/selleetools.com\/pl\/product\/lopata-zgarniacz-do-sniegu-arctic\/#breadcrumb","itemListElement":[{"@type":"ListItem","position":1,"name":"Home","item":"https:\/\/selleetools.com\/pl\/"},{"@type":"ListItem","position":2,"name":"Katalog","item":"https:\/\/selleetools.com\/pl\/katalog\/"},{"@type":"ListItem","position":3,"name":"\u0141opata zgarniacz do \u015bniegu ARCTIC"}]}]}},"_links":{"self":[{"href":"https:\/\/selleetools.com\/pl\/wp-json\/wp\/v2\/product\/673711"}],"collection":[{"href":"https:\/\/selleetools.com\/pl\/wp-json\/wp\/v2\/product"}],"about":[{"href":"https:\/\/selleetools.com\/pl\/wp-json\/wp\/v2\/types\/product"}],"replies":[{"embeddable":true,"href":"https:\/\/selleetools.com\/pl\/wp-json\/wp\/v2\/comments?post=673711"}],"wp:featuredmedia":[{"embeddable":true,"href":"https:\/\/selleetools.com\/pl\/wp-json\/wp\/v2\/media\/673709"}],"wp:attachment":[{"href":"https:\/\/selleetools.com\/pl\/wp-json\/wp\/v2\/media?parent=673711"}],"curies":[{"name":"wp","href":"https:\/\/api.w.org\/{rel}","templated":true}]}}