{"id":673679,"date":"2026-02-19T16:11:30","date_gmt":"2026-02-19T15:11:30","guid":{"rendered":"https:\/\/selleetools.com\/?post_type=product&#038;p=673679"},"modified":"2026-04-18T15:49:57","modified_gmt":"2026-04-18T13:49:57","slug":"zbiornik-na-deszczowke-tower-stone-idtst500-antracyt","status":"publish","type":"product","link":"https:\/\/selleetools.com\/pl\/product\/zbiornik-na-deszczowke-tower-stone-idtst500-antracyt\/","title":{"rendered":"Zbiornik na deszcz\u00f3wk\u0119 TOWER STONE IDTST500 | Antracyt"},"content":{"rendered":"<p>Zbiornik na deszcz\u00f3wk\u0119 TOWER STONE IDTST500 &#8211; Antracyt<br \/>\nSpecyfikacja beczki:<br \/>\n &#8211; Szeroko\u015b\u0107 &#8211;\u00a077,5 cm<br \/>\n &#8211; G\u0142\u0119boko\u015b\u0107 &#8211;\u00a058,3 cm<br \/>\n &#8211; Wysoko\u015b\u0107 &#8211;\u00a0130 cm.<br \/>\n &#8211; Pojemno\u015b\u0107 &#8211;\u00a0500 l<br \/>\nW sk\u0142ad zestawu wchodzi:<br \/>\n &#8211; Zbiornik na deszcz\u00f3wk\u0119 AQUA TOWER IDTST500 500l<br \/>\n &#8211; Pokrywa do beczki<br \/>\nZbiornik wyposa\u017cony jest w:<br \/>\n &#8211; g\u00f3rny otw\u00f3r z pokryw\u0105,<br \/>\n &#8211; cztery miejsca do przymocowania rury spustowej z rynny<br \/>\n &#8211; cztery otwory gwintowane na kran lub szybkoz\u0142\u0105czk\u0119 do monta\u017cu w\u0119\u017ca ogrodowego.<\/p>\n<p>Niepowtarzalny wygl\u0105d zbiornika i jego perfekcyjne wykonanie pozwala ze zwyk\u0142ego zbiornika uczyni\u0107 ozdob\u0119 ogrodu.<br \/>\nGromadzenie wody deszczowej to oszcz\u0119dno\u015b\u0107 i ekologia na co dzie\u0144.<\/p>\n<p>Zbiornik na deszcz\u00f3wk\u0119 TOWER STONE IDTST500 &#8211; Antracyt<br \/>\nSpecyfikacja beczki:<br \/>\n &#8211; Szeroko\u015b\u0107 &#8211;\u00a077,5 cm<br \/>\n &#8211; G\u0142\u0119boko\u015b\u0107 &#8211;\u00a058,3 cm<br \/>\n &#8211; Wysoko\u015b\u0107 &#8211;\u00a0130 cm.<br \/>\n &#8211; Pojemno\u015b\u0107 &#8211;\u00a0500 l<br \/>\nW sk\u0142ad zestawu wchodzi:<br \/>\n &#8211; Zbiornik na deszcz\u00f3wk\u0119 AQUA TOWER IDTST500 500l<br \/>\n &#8211; Pokrywa do beczki<br \/>\nZbiornik wyposa\u017cony jest w:<br \/>\n &#8211; g\u00f3rny otw\u00f3r z pokryw\u0105,<br \/>\n &#8211; cztery miejsca do przymocowania rury spustowej z rynny<br \/>\n &#8211; cztery otwory gwintowane na kran lub szybkoz\u0142\u0105czk\u0119 do monta\u017cu w\u0119\u017ca ogrodowego.<\/p>\n<p>Niepowtarzalny wygl\u0105d zbiornika i jego perfekcyjne wykonanie pozwala ze zwyk\u0142ego zbiornika uczyni\u0107 ozdob\u0119 ogrodu.<br \/>\nGromadzenie wody deszczowej to oszcz\u0119dno\u015b\u0107 i ekologia na co dzie\u0144.<\/p>\n","protected":false},"excerpt":{"rendered":"<p>Zbiornik na deszcz\u00f3wk\u0119 TOWER STONE IDTST500 &#8211; Antracyt Specyfikacja beczki: &#8211; Szeroko\u015b\u0107 &#8211;\u00a077,5 cm &#8211; G\u0142\u0119boko\u015b\u0107 &#8211;\u00a058,3 cm &#8211; Wysoko\u015b\u0107 &#8211;\u00a0130 cm. &#8211; Pojemno\u015b\u0107 &#8211;\u00a0500 l W sk\u0142ad zestawu wchodzi: &#8211; Zbiornik na deszcz\u00f3wk\u0119 AQUA TOWER IDTST500 500l &#8211; Pokrywa do beczki Zbiornik wyposa\u017cony jest w: &#8211; g\u00f3rny otw\u00f3r z pokryw\u0105, &#8211; cztery miejsca do &#8230; <a title=\"Zbiornik na deszcz\u00f3wk\u0119 TOWER STONE IDTST500 | Antracyt\" class=\"read-more\" href=\"https:\/\/selleetools.com\/pl\/product\/zbiornik-na-deszczowke-tower-stone-idtst500-antracyt\/\">Read more<span class=\"screen-reader-text\">Zbiornik na deszcz\u00f3wk\u0119 TOWER STONE IDTST500 | Antracyt<\/span><\/a><\/p>\n","protected":false},"featured_media":673671,"comment_status":"open","ping_status":"closed","template":"","meta":{"_links_to":"","_links_to_target":""},"yoast_head":"<!-- This site is optimized with the Yoast SEO plugin v19.4 - https:\/\/yoast.com\/wordpress\/plugins\/seo\/ -->\n<title>Zbiornik na deszcz\u00f3wk\u0119 TOWER STONE IDTST500 | Antracyt - Selleetools.com<\/title>\n<meta name=\"robots\" content=\"index, follow, max-snippet:-1, max-image-preview:large, max-video-preview:-1\" \/>\n<link rel=\"canonical\" href=\"https:\/\/selleetools.com\/pl\/product\/zbiornik-na-deszczowke-tower-stone-idtst500-antracyt\/\" \/>\n<meta property=\"og:locale\" content=\"pl_PL\" \/>\n<meta property=\"og:type\" content=\"article\" \/>\n<meta property=\"og:title\" content=\"Zbiornik na deszcz\u00f3wk\u0119 TOWER STONE IDTST500 | Antracyt - Selleetools.com\" \/>\n<meta property=\"og:description\" content=\"Zbiornik na deszcz\u00f3wk\u0119 TOWER STONE IDTST500 &#8211; Antracyt Specyfikacja beczki: &#8211; Szeroko\u015b\u0107 &#8211;\u00a077,5 cm &#8211; G\u0142\u0119boko\u015b\u0107 &#8211;\u00a058,3 cm &#8211; Wysoko\u015b\u0107 &#8211;\u00a0130 cm. &#8211; Pojemno\u015b\u0107 &#8211;\u00a0500 l W sk\u0142ad zestawu wchodzi: &#8211; Zbiornik na deszcz\u00f3wk\u0119 AQUA TOWER IDTST500 500l &#8211; Pokrywa do beczki Zbiornik wyposa\u017cony jest w: &#8211; g\u00f3rny otw\u00f3r z pokryw\u0105, &#8211; cztery miejsca do ... Read moreZbiornik na deszcz\u00f3wk\u0119 TOWER STONE IDTST500 | Antracyt\" \/>\n<meta property=\"og:url\" content=\"https:\/\/selleetools.com\/pl\/product\/zbiornik-na-deszczowke-tower-stone-idtst500-antracyt\/\" \/>\n<meta property=\"og:site_name\" content=\"Selleetools.com\" \/>\n<meta property=\"article:modified_time\" content=\"2026-04-18T13:49:57+00:00\" \/>\n<meta property=\"og:image\" content=\"https:\/\/selleetools.com\/wp-content\/uploads\/2026\/02\/3af874040d8546e2f4a7446b35fd5320.jpg\" \/>\n\t<meta property=\"og:image:width\" content=\"767\" \/>\n\t<meta property=\"og:image:height\" content=\"1000\" \/>\n\t<meta property=\"og:image:type\" content=\"image\/jpeg\" \/>\n<meta name=\"twitter:card\" content=\"summary_large_image\" \/>\n<meta name=\"twitter:label1\" content=\"Est. reading time\" \/>\n\t<meta name=\"twitter:data1\" content=\"1 minuta\" \/>\n<!-- \/ Yoast SEO plugin. -->","yoast_head_json":{"title":"Zbiornik na deszcz\u00f3wk\u0119 TOWER STONE IDTST500 | Antracyt - Selleetools.com","robots":{"index":"index","follow":"follow","max-snippet":"max-snippet:-1","max-image-preview":"max-image-preview:large","max-video-preview":"max-video-preview:-1"},"canonical":"https:\/\/selleetools.com\/pl\/product\/zbiornik-na-deszczowke-tower-stone-idtst500-antracyt\/","og_locale":"pl_PL","og_type":"article","og_title":"Zbiornik na deszcz\u00f3wk\u0119 TOWER STONE IDTST500 | Antracyt - Selleetools.com","og_description":"Zbiornik na deszcz\u00f3wk\u0119 TOWER STONE IDTST500 &#8211; Antracyt Specyfikacja beczki: &#8211; Szeroko\u015b\u0107 &#8211;\u00a077,5 cm &#8211; G\u0142\u0119boko\u015b\u0107 &#8211;\u00a058,3 cm &#8211; Wysoko\u015b\u0107 &#8211;\u00a0130 cm. &#8211; Pojemno\u015b\u0107 &#8211;\u00a0500 l W sk\u0142ad zestawu wchodzi: &#8211; Zbiornik na deszcz\u00f3wk\u0119 AQUA TOWER IDTST500 500l &#8211; Pokrywa do beczki Zbiornik wyposa\u017cony jest w: &#8211; g\u00f3rny otw\u00f3r z pokryw\u0105, &#8211; cztery miejsca do ... Read moreZbiornik na deszcz\u00f3wk\u0119 TOWER STONE IDTST500 | Antracyt","og_url":"https:\/\/selleetools.com\/pl\/product\/zbiornik-na-deszczowke-tower-stone-idtst500-antracyt\/","og_site_name":"Selleetools.com","article_modified_time":"2026-04-18T13:49:57+00:00","og_image":[{"width":767,"height":1000,"url":"https:\/\/selleetools.com\/wp-content\/uploads\/2026\/02\/3af874040d8546e2f4a7446b35fd5320.jpg","type":"image\/jpeg"}],"twitter_card":"summary_large_image","twitter_misc":{"Est. reading time":"1 minuta"},"schema":{"@context":"https:\/\/schema.org","@graph":[{"@type":"Organization","@id":"https:\/\/selleetools.com\/#organization","name":"Selleetools","url":"https:\/\/selleetools.com\/","sameAs":[],"logo":{"@type":"ImageObject","inLanguage":"pl-PL","@id":"https:\/\/selleetools.com\/#\/schema\/logo\/image\/","url":"https:\/\/selleetools.com\/wp-content\/uploads\/2021\/10\/logo-dark.png","contentUrl":"https:\/\/selleetools.com\/wp-content\/uploads\/2021\/10\/logo-dark.png","width":320,"height":76,"caption":"Selleetools"},"image":{"@id":"https:\/\/selleetools.com\/#\/schema\/logo\/image\/"}},{"@type":"WebSite","@id":"https:\/\/selleetools.com\/#website","url":"https:\/\/selleetools.com\/","name":"Selleetools.com","description":"","publisher":{"@id":"https:\/\/selleetools.com\/#organization"},"potentialAction":[{"@type":"SearchAction","target":{"@type":"EntryPoint","urlTemplate":"https:\/\/selleetools.com\/?s={search_term_string}"},"query-input":"required name=search_term_string"}],"inLanguage":"pl-PL"},{"@type":"WebPage","@id":"https:\/\/selleetools.com\/pl\/product\/zbiornik-na-deszczowke-tower-stone-idtst500-antracyt\/","url":"https:\/\/selleetools.com\/pl\/product\/zbiornik-na-deszczowke-tower-stone-idtst500-antracyt\/","name":"Zbiornik na deszcz\u00f3wk\u0119 TOWER STONE IDTST500 | Antracyt - Selleetools.com","isPartOf":{"@id":"https:\/\/selleetools.com\/#website"},"datePublished":"2026-02-19T15:11:30+00:00","dateModified":"2026-04-18T13:49:57+00:00","breadcrumb":{"@id":"https:\/\/selleetools.com\/pl\/product\/zbiornik-na-deszczowke-tower-stone-idtst500-antracyt\/#breadcrumb"},"inLanguage":"pl-PL","potentialAction":[{"@type":"ReadAction","target":["https:\/\/selleetools.com\/pl\/product\/zbiornik-na-deszczowke-tower-stone-idtst500-antracyt\/"]}]},{"@type":"BreadcrumbList","@id":"https:\/\/selleetools.com\/pl\/product\/zbiornik-na-deszczowke-tower-stone-idtst500-antracyt\/#breadcrumb","itemListElement":[{"@type":"ListItem","position":1,"name":"Home","item":"https:\/\/selleetools.com\/pl\/"},{"@type":"ListItem","position":2,"name":"Katalog","item":"https:\/\/selleetools.com\/pl\/katalog\/"},{"@type":"ListItem","position":3,"name":"Zbiornik na deszcz\u00f3wk\u0119 TOWER STONE IDTST500 | Antracyt"}]}]}},"_links":{"self":[{"href":"https:\/\/selleetools.com\/pl\/wp-json\/wp\/v2\/product\/673679"}],"collection":[{"href":"https:\/\/selleetools.com\/pl\/wp-json\/wp\/v2\/product"}],"about":[{"href":"https:\/\/selleetools.com\/pl\/wp-json\/wp\/v2\/types\/product"}],"replies":[{"embeddable":true,"href":"https:\/\/selleetools.com\/pl\/wp-json\/wp\/v2\/comments?post=673679"}],"wp:featuredmedia":[{"embeddable":true,"href":"https:\/\/selleetools.com\/pl\/wp-json\/wp\/v2\/media\/673671"}],"wp:attachment":[{"href":"https:\/\/selleetools.com\/pl\/wp-json\/wp\/v2\/media?parent=673679"}],"curies":[{"name":"wp","href":"https:\/\/api.w.org\/{rel}","templated":true}]}}