{"id":673670,"date":"2026-02-19T16:11:26","date_gmt":"2026-02-19T15:11:26","guid":{"rendered":"https:\/\/selleetools.com\/?post_type=product&#038;p=673670"},"modified":"2026-04-18T15:49:53","modified_gmt":"2026-04-18T13:49:53","slug":"palisada-ogrodowa-z-kolnierzem-ipal6-brazowy","status":"publish","type":"product","link":"https:\/\/selleetools.com\/pl\/product\/palisada-ogrodowa-z-kolnierzem-ipal6-brazowy\/","title":{"rendered":"Palisada ogrodowa z ko\u0142nierzem IPAL6 | Br\u0105zowy"},"content":{"rendered":"<section class=\"section\">\n<div class=\"item item-6\">\n<section class=\"text-item\">\n<h1>Palisada ogrodowa IPAL6 &#8211; br\u0105z<\/h1>\n<p><b>IPAL6<\/b>\u00a0daj\u0119 swobod\u0119 w aran\u017cowaniu przestrzeni, doskonale sprawdza si\u0119 przy oddzielaniu rabat od \u015bcie\u017cek. Palisada posiada system \u0142\u0105czenia modu\u0142\u00f3w. Prosty system monta\u017cu pozwala na samodzielne u\u0142o\u017cenie kraw\u0119\u017cnika, uzyskuj\u0105c w kr\u00f3tkim czasie\u00a0<b>3,2 metra\u00a0<\/b>obrze\u017ca pe\u0142nego uroku.<\/p>\n<p>Zestaw zawiera\u00a0<b>8 modu\u0142\u00f3w<\/b>\u00a0o \u0142\u0105cznej d\u0142ugo\u015bci<b>\u00a03,2 m<\/b>.<\/p>\n<\/section><\/div>\n<div class=\"item item-6\">\n<section class=\"image-item\"><img src=\"https:\/\/upload.cdn.baselinker.com\/products\/3028621\/e3f5572feab059647ecf2adeb626e35b.jpg\"><\/section>\n<\/p><\/div>\n<\/section>\n<section class=\"section\">\n<div class=\"item item-12\">\n<section class=\"text-item\">\n<p><b>Specyfikacja:<\/b><\/p>\n<ul>\n<li>d\u0142ugo\u015b\u0107 ca\u0142kowita &#8211; 302 cm<\/li>\n<li>wysoko\u015b\u0107 palika &#8211; 10 cm<\/li>\n<li>\u015brednica palika &#8211; 5,5 cm<\/li>\n<li>d\u0142ugo\u015b\u0107 pojedynczego modu\u0142u &#8211; 37 cm<\/li>\n<li>ilo\u015b\u0107 modu\u0142\u00f3w &#8211; 8 szt.<\/li>\n<\/ul>\n<\/section><\/div>\n<\/section>\n<section class=\"section\">\n<div class=\"item item-6\">\n<section class=\"text-item\">\n<p>Ogrodzenia ogrodowe\u00a0<b>IPAL6<\/b>\u00a0to najpopularniejszy obecnie spos\u00f3b na dzielenie przestrzeni w ogrodzie. Dzi\u0119ki zastosowanej technologii mo\u017cna teraz tworzy\u0107 ogrodzenia o dodatkowych unikalnych funkcjach.<\/p>\n<p><b>Cechy palisady IPAL6:<\/b><\/p>\n<ul>\n<li>lekka i wytrzyma\u0142a,<\/li>\n<li>odporna na niskie temperatury i wilgo\u0107,<\/li>\n<li>odporna na mr\u00f3z,<\/li>\n<li>mo\u017cna j\u0105 dowolnie kszta\u0142towa\u0107, po specjalnym ko\u0142nierzu mog\u0105 porusza\u0107 si\u0119 ko\u0142a kosiarki \u015bcinaj\u0105c traw\u0119 niemal &#8220;do zera&#8221;.<\/li>\n<\/ul>\n<\/section><\/div>\n<div class=\"item item-6\">\n<section class=\"image-item\"><img src=\"https:\/\/upload.cdn.baselinker.com\/products\/3028621\/65bb3a2711c86f9f30a0c90d1dd2ea37.jpg\"><\/section>\n<\/p><\/div>\n<\/section>\n<section class=\"section\">\n<div class=\"item item-6\">\n<section class=\"image-item\"><img src=\"https:\/\/upload.cdn.baselinker.com\/products\/3028621\/e3f5572feab059647ecf2adeb626e35b.jpg\"><\/section>\n<\/p><\/div>\n<div class=\"item item-6\">\n<section class=\"image-item\"><img src=\"https:\/\/upload.cdn.baselinker.com\/products\/3028621\/65bb3a2711c86f9f30a0c90d1dd2ea37.jpg\"><\/section>\n<\/p><\/div>\n<\/section>\n","protected":false},"excerpt":{"rendered":"<p>Palisada ogrodowa IPAL6 &#8211; br\u0105z IPAL6\u00a0daj\u0119 swobod\u0119 w aran\u017cowaniu przestrzeni, doskonale sprawdza si\u0119 przy oddzielaniu rabat od \u015bcie\u017cek. Palisada posiada system \u0142\u0105czenia modu\u0142\u00f3w. Prosty system monta\u017cu pozwala na samodzielne u\u0142o\u017cenie kraw\u0119\u017cnika, uzyskuj\u0105c w kr\u00f3tkim czasie\u00a03,2 metra\u00a0obrze\u017ca pe\u0142nego uroku. Zestaw zawiera\u00a08 modu\u0142\u00f3w\u00a0o \u0142\u0105cznej d\u0142ugo\u015bci\u00a03,2 m. Specyfikacja: d\u0142ugo\u015b\u0107 ca\u0142kowita &#8211; 302 cm wysoko\u015b\u0107 palika &#8211; 10 cm &#8230; <a title=\"Palisada ogrodowa z ko\u0142nierzem IPAL6 | Br\u0105zowy\" class=\"read-more\" href=\"https:\/\/selleetools.com\/pl\/product\/palisada-ogrodowa-z-kolnierzem-ipal6-brazowy\/\">Read more<span class=\"screen-reader-text\">Palisada ogrodowa z ko\u0142nierzem IPAL6 | Br\u0105zowy<\/span><\/a><\/p>\n","protected":false},"featured_media":673666,"comment_status":"open","ping_status":"closed","template":"","meta":{"_links_to":"","_links_to_target":""},"yoast_head":"<!-- This site is optimized with the Yoast SEO plugin v19.4 - https:\/\/yoast.com\/wordpress\/plugins\/seo\/ -->\n<title>Palisada ogrodowa z ko\u0142nierzem IPAL6 | Br\u0105zowy - Selleetools.com<\/title>\n<meta name=\"robots\" content=\"index, follow, max-snippet:-1, max-image-preview:large, max-video-preview:-1\" \/>\n<link rel=\"canonical\" href=\"https:\/\/selleetools.com\/pl\/product\/palisada-ogrodowa-z-kolnierzem-ipal6-brazowy\/\" \/>\n<meta property=\"og:locale\" content=\"pl_PL\" \/>\n<meta property=\"og:type\" content=\"article\" \/>\n<meta property=\"og:title\" content=\"Palisada ogrodowa z ko\u0142nierzem IPAL6 | Br\u0105zowy - Selleetools.com\" \/>\n<meta property=\"og:description\" content=\"Palisada ogrodowa IPAL6 &#8211; br\u0105z IPAL6\u00a0daj\u0119 swobod\u0119 w aran\u017cowaniu przestrzeni, doskonale sprawdza si\u0119 przy oddzielaniu rabat od \u015bcie\u017cek. Palisada posiada system \u0142\u0105czenia modu\u0142\u00f3w. Prosty system monta\u017cu pozwala na samodzielne u\u0142o\u017cenie kraw\u0119\u017cnika, uzyskuj\u0105c w kr\u00f3tkim czasie\u00a03,2 metra\u00a0obrze\u017ca pe\u0142nego uroku. Zestaw zawiera\u00a08 modu\u0142\u00f3w\u00a0o \u0142\u0105cznej d\u0142ugo\u015bci\u00a03,2 m. Specyfikacja: d\u0142ugo\u015b\u0107 ca\u0142kowita &#8211; 302 cm wysoko\u015b\u0107 palika &#8211; 10 cm ... Read morePalisada ogrodowa z ko\u0142nierzem IPAL6 | Br\u0105zowy\" \/>\n<meta property=\"og:url\" content=\"https:\/\/selleetools.com\/pl\/product\/palisada-ogrodowa-z-kolnierzem-ipal6-brazowy\/\" \/>\n<meta property=\"og:site_name\" content=\"Selleetools.com\" \/>\n<meta property=\"article:modified_time\" content=\"2026-04-18T13:49:53+00:00\" \/>\n<meta property=\"og:image\" content=\"https:\/\/selleetools.com\/wp-content\/uploads\/2026\/02\/e3f5572feab059647ecf2adeb626e35b.jpg\" \/>\n\t<meta property=\"og:image:width\" content=\"1596\" \/>\n\t<meta property=\"og:image:height\" content=\"995\" \/>\n\t<meta property=\"og:image:type\" content=\"image\/jpeg\" \/>\n<meta name=\"twitter:card\" content=\"summary_large_image\" \/>\n<meta name=\"twitter:label1\" content=\"Est. reading time\" \/>\n\t<meta name=\"twitter:data1\" content=\"1 minuta\" \/>\n<!-- \/ Yoast SEO plugin. -->","yoast_head_json":{"title":"Palisada ogrodowa z ko\u0142nierzem IPAL6 | Br\u0105zowy - Selleetools.com","robots":{"index":"index","follow":"follow","max-snippet":"max-snippet:-1","max-image-preview":"max-image-preview:large","max-video-preview":"max-video-preview:-1"},"canonical":"https:\/\/selleetools.com\/pl\/product\/palisada-ogrodowa-z-kolnierzem-ipal6-brazowy\/","og_locale":"pl_PL","og_type":"article","og_title":"Palisada ogrodowa z ko\u0142nierzem IPAL6 | Br\u0105zowy - Selleetools.com","og_description":"Palisada ogrodowa IPAL6 &#8211; br\u0105z IPAL6\u00a0daj\u0119 swobod\u0119 w aran\u017cowaniu przestrzeni, doskonale sprawdza si\u0119 przy oddzielaniu rabat od \u015bcie\u017cek. Palisada posiada system \u0142\u0105czenia modu\u0142\u00f3w. Prosty system monta\u017cu pozwala na samodzielne u\u0142o\u017cenie kraw\u0119\u017cnika, uzyskuj\u0105c w kr\u00f3tkim czasie\u00a03,2 metra\u00a0obrze\u017ca pe\u0142nego uroku. Zestaw zawiera\u00a08 modu\u0142\u00f3w\u00a0o \u0142\u0105cznej d\u0142ugo\u015bci\u00a03,2 m. Specyfikacja: d\u0142ugo\u015b\u0107 ca\u0142kowita &#8211; 302 cm wysoko\u015b\u0107 palika &#8211; 10 cm ... Read morePalisada ogrodowa z ko\u0142nierzem IPAL6 | Br\u0105zowy","og_url":"https:\/\/selleetools.com\/pl\/product\/palisada-ogrodowa-z-kolnierzem-ipal6-brazowy\/","og_site_name":"Selleetools.com","article_modified_time":"2026-04-18T13:49:53+00:00","og_image":[{"width":1596,"height":995,"url":"https:\/\/selleetools.com\/wp-content\/uploads\/2026\/02\/e3f5572feab059647ecf2adeb626e35b.jpg","type":"image\/jpeg"}],"twitter_card":"summary_large_image","twitter_misc":{"Est. reading time":"1 minuta"},"schema":{"@context":"https:\/\/schema.org","@graph":[{"@type":"Organization","@id":"https:\/\/selleetools.com\/#organization","name":"Selleetools","url":"https:\/\/selleetools.com\/","sameAs":[],"logo":{"@type":"ImageObject","inLanguage":"pl-PL","@id":"https:\/\/selleetools.com\/#\/schema\/logo\/image\/","url":"https:\/\/selleetools.com\/wp-content\/uploads\/2021\/10\/logo-dark.png","contentUrl":"https:\/\/selleetools.com\/wp-content\/uploads\/2021\/10\/logo-dark.png","width":320,"height":76,"caption":"Selleetools"},"image":{"@id":"https:\/\/selleetools.com\/#\/schema\/logo\/image\/"}},{"@type":"WebSite","@id":"https:\/\/selleetools.com\/#website","url":"https:\/\/selleetools.com\/","name":"Selleetools.com","description":"","publisher":{"@id":"https:\/\/selleetools.com\/#organization"},"potentialAction":[{"@type":"SearchAction","target":{"@type":"EntryPoint","urlTemplate":"https:\/\/selleetools.com\/?s={search_term_string}"},"query-input":"required name=search_term_string"}],"inLanguage":"pl-PL"},{"@type":"WebPage","@id":"https:\/\/selleetools.com\/pl\/product\/palisada-ogrodowa-z-kolnierzem-ipal6-brazowy\/","url":"https:\/\/selleetools.com\/pl\/product\/palisada-ogrodowa-z-kolnierzem-ipal6-brazowy\/","name":"Palisada ogrodowa z ko\u0142nierzem IPAL6 | Br\u0105zowy - Selleetools.com","isPartOf":{"@id":"https:\/\/selleetools.com\/#website"},"datePublished":"2026-02-19T15:11:26+00:00","dateModified":"2026-04-18T13:49:53+00:00","breadcrumb":{"@id":"https:\/\/selleetools.com\/pl\/product\/palisada-ogrodowa-z-kolnierzem-ipal6-brazowy\/#breadcrumb"},"inLanguage":"pl-PL","potentialAction":[{"@type":"ReadAction","target":["https:\/\/selleetools.com\/pl\/product\/palisada-ogrodowa-z-kolnierzem-ipal6-brazowy\/"]}]},{"@type":"BreadcrumbList","@id":"https:\/\/selleetools.com\/pl\/product\/palisada-ogrodowa-z-kolnierzem-ipal6-brazowy\/#breadcrumb","itemListElement":[{"@type":"ListItem","position":1,"name":"Home","item":"https:\/\/selleetools.com\/pl\/"},{"@type":"ListItem","position":2,"name":"Katalog","item":"https:\/\/selleetools.com\/pl\/katalog\/"},{"@type":"ListItem","position":3,"name":"Palisada ogrodowa z ko\u0142nierzem IPAL6 | Br\u0105zowy"}]}]}},"_links":{"self":[{"href":"https:\/\/selleetools.com\/pl\/wp-json\/wp\/v2\/product\/673670"}],"collection":[{"href":"https:\/\/selleetools.com\/pl\/wp-json\/wp\/v2\/product"}],"about":[{"href":"https:\/\/selleetools.com\/pl\/wp-json\/wp\/v2\/types\/product"}],"replies":[{"embeddable":true,"href":"https:\/\/selleetools.com\/pl\/wp-json\/wp\/v2\/comments?post=673670"}],"wp:featuredmedia":[{"embeddable":true,"href":"https:\/\/selleetools.com\/pl\/wp-json\/wp\/v2\/media\/673666"}],"wp:attachment":[{"href":"https:\/\/selleetools.com\/pl\/wp-json\/wp\/v2\/media?parent=673670"}],"curies":[{"name":"wp","href":"https:\/\/api.w.org\/{rel}","templated":true}]}}