{"id":673647,"date":"2026-02-19T16:11:12","date_gmt":"2026-02-19T15:11:12","guid":{"rendered":"https:\/\/selleetools.com\/?post_type=product&#038;p=673647"},"modified":"2026-04-18T15:49:36","modified_gmt":"2026-04-18T13:49:36","slug":"zbiornik-na-deszczowke-aqua-tower-idtc650-antracyt","status":"publish","type":"product","link":"https:\/\/selleetools.com\/pl\/product\/zbiornik-na-deszczowke-aqua-tower-idtc650-antracyt\/","title":{"rendered":"Zbiornik na deszcz\u00f3wk\u0119 AQUA TOWER IDTC650 | Antracyt"},"content":{"rendered":"<section class=\"section\">\n<div class=\"item item-6\">\n<section class=\"text-item\">\n<h1>Zbiornik na deszcz\u00f3wk\u0119 AQUA TOWER IDTC650 &#8211; Antracyt<\/h1>\n<p><b>Specyfikacja beczki:<\/b><\/p>\n<ul>\n<li>Szeroko\u015b\u0107 &#8211;\u00a077,5 cm<\/li>\n<li>G\u0142\u0119boko\u015b\u0107 &#8211;\u00a057,3 cm<\/li>\n<li>Wysoko\u015b\u0107 &#8211;\u00a0165 cm.<\/li>\n<li>Pojemno\u015b\u0107 &#8211; 650 l<\/li>\n<\/ul>\n<p><b>W sk\u0142ad zestawu wchodzi:<\/b><\/p>\n<ul>\n<li>Zbiornik na deszcz\u00f3wk\u0119 AQUA TOWER IDTC450 450l<\/li>\n<li>Pokrywa do beczki<\/li>\n<\/ul>\n<p><b>Zbiornik wyposa\u017cony jest w:<\/b><\/p>\n<ul>\n<li>g\u00f3rny otw\u00f3r z pokryw\u0105,<\/li>\n<li>cztery miejsca do przymocowania rury spustowej z rynny<\/li>\n<li>cztery otwory gwintowane na kran lub szybkoz\u0142\u0105czk\u0119 do monta\u017cu w\u0119\u017ca ogrodowego.<\/li>\n<\/ul>\n<\/section><\/div>\n<div class=\"item item-6\">\n<section class=\"image-item\"><img src=\"https:\/\/upload.cdn.baselinker.com\/products\/3028621\/9b969dd1f8c01172594beed78eace555.jpg\"><\/section>\n<\/p><\/div>\n<\/section>\n<section class=\"section\">\n<div class=\"item item-12\">\n<section class=\"text-item\">\n<p>Niepowtarzalny wygl\u0105d zbiornika i jego perfekcyjne wykonanie pozwala ze zwyk\u0142ego zbiornika uczyni\u0107 ozdob\u0119 ogrodu.<\/p>\n<p>Gromadzenie wody deszczowej to oszcz\u0119dno\u015b\u0107 i ekologia na co dzie\u0144.<\/p>\n<p>Zbiornik jest wyposa\u017cony w trzy przy\u0142\u0105cza 3\/4&#8243; za\u015blepione korkiem.<\/p>\n<\/section><\/div>\n<\/section>\n<section class=\"section\">\n<div class=\"item item-6\">\n<section class=\"text-item\">\n<h2>Zainwestuj w \u015brodowisko i uzyskaj nawet do 80% zwrotu koszt\u00f3w inwestycji.<\/h2>\n<p>Zmiany klimatyczne zmuszaj\u0105 Nas do racjonalnego gospodarowania dobrami natury. Programy takiej jak\u00a0<b>Moja Woda<\/b>, czy te\u017c<b>\u00a0Z\u0142ap Deszcz\u00f3wk\u0119<\/b>\u00a0maj\u0105 na celu ochron\u0119 zasob\u00f3w wody poprzez zatrzymanie deszcz\u00f3wki oraz jej wykorzystanie do codziennych prac przydomowych.<\/p>\n<p>Tylko do programu Moja Woda w ubieg\u0142ym roku zosta\u0142o zainwestowanych\u00a0<b>100 mln z\u0142otych<\/b>.<\/p>\n<p>Za realizacj\u0119 programu Moja Woda odpowiada Narodowy Fundusz Ochrony \u015arodowiska i Gospodarki Wodnej, poza tym, urz\u0119dy miast oraz gmin uruchamiaj\u0105 w\u0142asne projekty zwi\u0105zane z zakupem zbiornika na deszcz\u00f3wk\u0119.\u00a0<b>Sprawd\u017a, czy w twojej okolicy aktualnie s\u0105 realizowane tego typu dofinansowania!<\/b><\/p>\n<h2>Podstawowe informacj\u0119 na temat dofinansowa\u0144:<\/h2>\n<ol>\n<li>Ka\u017cdy projekt ma\u00a0<b>indywidualne wymagania oraz warunki odzyskania pieni\u0119dzy<\/b>\u00a0&#8211; sprawd\u017a w projekcie jaka jest minimalna pojemno\u015b\u0107 zbiornika.<\/li>\n<li>Od pojemno\u015bci zbiornika uzale\u017cniona jest wielko\u015b\u0107 zwrotu.<\/li>\n<li><b>Zakup zbiornika powinien zosta\u0107 dokonany po podpisaniu umowy o dofinansowanie.<\/b><\/li>\n<li>Do rozliczenia konieczna jest\u00a0<b>faktura<\/b>.<\/li>\n<\/ol>\n<p>Wi\u0119cej informacji dost\u0119pne na stronie NFO\u015aiGW lub na stronach miast i gmin.<\/p>\n<\/section><\/div>\n<div class=\"item item-6\">\n<section class=\"image-item\"><img src=\"https:\/\/upload.cdn.baselinker.com\/products\/3028621\/11fae898dad3fefc97bda060ef625eff.jpg\"><\/section>\n<\/p><\/div>\n<\/section>\n<section class=\"section\">\n<div class=\"item item-6\">\n<section class=\"image-item\"><img src=\"https:\/\/upload.cdn.baselinker.com\/products\/3028621\/9b969dd1f8c01172594beed78eace555.jpg\"><\/section>\n<\/p><\/div>\n<div class=\"item item-6\">\n<section class=\"image-item\"><img src=\"https:\/\/upload.cdn.baselinker.com\/products\/3028621\/0d0312db67a5b20a8d5e7f179687b2f9.jpg\"><\/section>\n<\/p><\/div>\n<\/section>\n<section class=\"section\">\n<div class=\"item item-12\">\n<section class=\"image-item\"><img src=\"https:\/\/upload.cdn.baselinker.com\/products\/3028621\/11fae898dad3fefc97bda060ef625eff.jpg\"><\/section>\n<\/p><\/div>\n<\/section>\n","protected":false},"excerpt":{"rendered":"<p>Zbiornik na deszcz\u00f3wk\u0119 AQUA TOWER IDTC650 &#8211; Antracyt Specyfikacja beczki: Szeroko\u015b\u0107 &#8211;\u00a077,5 cm G\u0142\u0119boko\u015b\u0107 &#8211;\u00a057,3 cm Wysoko\u015b\u0107 &#8211;\u00a0165 cm. Pojemno\u015b\u0107 &#8211; 650 l W sk\u0142ad zestawu wchodzi: Zbiornik na deszcz\u00f3wk\u0119 AQUA TOWER IDTC450 450l Pokrywa do beczki Zbiornik wyposa\u017cony jest w: g\u00f3rny otw\u00f3r z pokryw\u0105, cztery miejsca do przymocowania rury spustowej z rynny cztery otwory &#8230; <a title=\"Zbiornik na deszcz\u00f3wk\u0119 AQUA TOWER IDTC650 | Antracyt\" class=\"read-more\" href=\"https:\/\/selleetools.com\/pl\/product\/zbiornik-na-deszczowke-aqua-tower-idtc650-antracyt\/\">Read more<span class=\"screen-reader-text\">Zbiornik na deszcz\u00f3wk\u0119 AQUA TOWER IDTC650 | Antracyt<\/span><\/a><\/p>\n","protected":false},"featured_media":673641,"comment_status":"open","ping_status":"closed","template":"","meta":{"_links_to":"","_links_to_target":""},"yoast_head":"<!-- This site is optimized with the Yoast SEO plugin v19.4 - https:\/\/yoast.com\/wordpress\/plugins\/seo\/ -->\n<title>Zbiornik na deszcz\u00f3wk\u0119 AQUA TOWER IDTC650 | Antracyt - Selleetools.com<\/title>\n<meta name=\"robots\" content=\"index, follow, max-snippet:-1, max-image-preview:large, max-video-preview:-1\" \/>\n<link rel=\"canonical\" href=\"https:\/\/selleetools.com\/pl\/product\/zbiornik-na-deszczowke-aqua-tower-idtc650-antracyt\/\" \/>\n<meta property=\"og:locale\" content=\"pl_PL\" \/>\n<meta property=\"og:type\" content=\"article\" \/>\n<meta property=\"og:title\" content=\"Zbiornik na deszcz\u00f3wk\u0119 AQUA TOWER IDTC650 | Antracyt - Selleetools.com\" \/>\n<meta property=\"og:description\" content=\"Zbiornik na deszcz\u00f3wk\u0119 AQUA TOWER IDTC650 &#8211; Antracyt Specyfikacja beczki: Szeroko\u015b\u0107 &#8211;\u00a077,5 cm G\u0142\u0119boko\u015b\u0107 &#8211;\u00a057,3 cm Wysoko\u015b\u0107 &#8211;\u00a0165 cm. Pojemno\u015b\u0107 &#8211; 650 l W sk\u0142ad zestawu wchodzi: Zbiornik na deszcz\u00f3wk\u0119 AQUA TOWER IDTC450 450l Pokrywa do beczki Zbiornik wyposa\u017cony jest w: g\u00f3rny otw\u00f3r z pokryw\u0105, cztery miejsca do przymocowania rury spustowej z rynny cztery otwory ... Read moreZbiornik na deszcz\u00f3wk\u0119 AQUA TOWER IDTC650 | Antracyt\" \/>\n<meta property=\"og:url\" content=\"https:\/\/selleetools.com\/pl\/product\/zbiornik-na-deszczowke-aqua-tower-idtc650-antracyt\/\" \/>\n<meta property=\"og:site_name\" content=\"Selleetools.com\" \/>\n<meta property=\"article:modified_time\" content=\"2026-04-18T13:49:36+00:00\" \/>\n<meta property=\"og:image\" content=\"https:\/\/selleetools.com\/wp-content\/uploads\/2026\/02\/9b969dd1f8c01172594beed78eace555.jpg\" \/>\n\t<meta property=\"og:image:width\" content=\"607\" \/>\n\t<meta property=\"og:image:height\" content=\"1000\" \/>\n\t<meta property=\"og:image:type\" content=\"image\/jpeg\" \/>\n<meta name=\"twitter:card\" content=\"summary_large_image\" \/>\n<meta name=\"twitter:label1\" content=\"Est. reading time\" \/>\n\t<meta name=\"twitter:data1\" content=\"1 minuta\" \/>\n<!-- \/ Yoast SEO plugin. -->","yoast_head_json":{"title":"Zbiornik na deszcz\u00f3wk\u0119 AQUA TOWER IDTC650 | Antracyt - Selleetools.com","robots":{"index":"index","follow":"follow","max-snippet":"max-snippet:-1","max-image-preview":"max-image-preview:large","max-video-preview":"max-video-preview:-1"},"canonical":"https:\/\/selleetools.com\/pl\/product\/zbiornik-na-deszczowke-aqua-tower-idtc650-antracyt\/","og_locale":"pl_PL","og_type":"article","og_title":"Zbiornik na deszcz\u00f3wk\u0119 AQUA TOWER IDTC650 | Antracyt - Selleetools.com","og_description":"Zbiornik na deszcz\u00f3wk\u0119 AQUA TOWER IDTC650 &#8211; Antracyt Specyfikacja beczki: Szeroko\u015b\u0107 &#8211;\u00a077,5 cm G\u0142\u0119boko\u015b\u0107 &#8211;\u00a057,3 cm Wysoko\u015b\u0107 &#8211;\u00a0165 cm. Pojemno\u015b\u0107 &#8211; 650 l W sk\u0142ad zestawu wchodzi: Zbiornik na deszcz\u00f3wk\u0119 AQUA TOWER IDTC450 450l Pokrywa do beczki Zbiornik wyposa\u017cony jest w: g\u00f3rny otw\u00f3r z pokryw\u0105, cztery miejsca do przymocowania rury spustowej z rynny cztery otwory ... Read moreZbiornik na deszcz\u00f3wk\u0119 AQUA TOWER IDTC650 | Antracyt","og_url":"https:\/\/selleetools.com\/pl\/product\/zbiornik-na-deszczowke-aqua-tower-idtc650-antracyt\/","og_site_name":"Selleetools.com","article_modified_time":"2026-04-18T13:49:36+00:00","og_image":[{"width":607,"height":1000,"url":"https:\/\/selleetools.com\/wp-content\/uploads\/2026\/02\/9b969dd1f8c01172594beed78eace555.jpg","type":"image\/jpeg"}],"twitter_card":"summary_large_image","twitter_misc":{"Est. reading time":"1 minuta"},"schema":{"@context":"https:\/\/schema.org","@graph":[{"@type":"Organization","@id":"https:\/\/selleetools.com\/#organization","name":"Selleetools","url":"https:\/\/selleetools.com\/","sameAs":[],"logo":{"@type":"ImageObject","inLanguage":"pl-PL","@id":"https:\/\/selleetools.com\/#\/schema\/logo\/image\/","url":"https:\/\/selleetools.com\/wp-content\/uploads\/2021\/10\/logo-dark.png","contentUrl":"https:\/\/selleetools.com\/wp-content\/uploads\/2021\/10\/logo-dark.png","width":320,"height":76,"caption":"Selleetools"},"image":{"@id":"https:\/\/selleetools.com\/#\/schema\/logo\/image\/"}},{"@type":"WebSite","@id":"https:\/\/selleetools.com\/#website","url":"https:\/\/selleetools.com\/","name":"Selleetools.com","description":"","publisher":{"@id":"https:\/\/selleetools.com\/#organization"},"potentialAction":[{"@type":"SearchAction","target":{"@type":"EntryPoint","urlTemplate":"https:\/\/selleetools.com\/?s={search_term_string}"},"query-input":"required name=search_term_string"}],"inLanguage":"pl-PL"},{"@type":"WebPage","@id":"https:\/\/selleetools.com\/pl\/product\/zbiornik-na-deszczowke-aqua-tower-idtc650-antracyt\/","url":"https:\/\/selleetools.com\/pl\/product\/zbiornik-na-deszczowke-aqua-tower-idtc650-antracyt\/","name":"Zbiornik na deszcz\u00f3wk\u0119 AQUA TOWER IDTC650 | Antracyt - Selleetools.com","isPartOf":{"@id":"https:\/\/selleetools.com\/#website"},"datePublished":"2026-02-19T15:11:12+00:00","dateModified":"2026-04-18T13:49:36+00:00","breadcrumb":{"@id":"https:\/\/selleetools.com\/pl\/product\/zbiornik-na-deszczowke-aqua-tower-idtc650-antracyt\/#breadcrumb"},"inLanguage":"pl-PL","potentialAction":[{"@type":"ReadAction","target":["https:\/\/selleetools.com\/pl\/product\/zbiornik-na-deszczowke-aqua-tower-idtc650-antracyt\/"]}]},{"@type":"BreadcrumbList","@id":"https:\/\/selleetools.com\/pl\/product\/zbiornik-na-deszczowke-aqua-tower-idtc650-antracyt\/#breadcrumb","itemListElement":[{"@type":"ListItem","position":1,"name":"Home","item":"https:\/\/selleetools.com\/pl\/"},{"@type":"ListItem","position":2,"name":"Katalog","item":"https:\/\/selleetools.com\/pl\/katalog\/"},{"@type":"ListItem","position":3,"name":"Zbiornik na deszcz\u00f3wk\u0119 AQUA TOWER IDTC650 | Antracyt"}]}]}},"_links":{"self":[{"href":"https:\/\/selleetools.com\/pl\/wp-json\/wp\/v2\/product\/673647"}],"collection":[{"href":"https:\/\/selleetools.com\/pl\/wp-json\/wp\/v2\/product"}],"about":[{"href":"https:\/\/selleetools.com\/pl\/wp-json\/wp\/v2\/types\/product"}],"replies":[{"embeddable":true,"href":"https:\/\/selleetools.com\/pl\/wp-json\/wp\/v2\/comments?post=673647"}],"wp:featuredmedia":[{"embeddable":true,"href":"https:\/\/selleetools.com\/pl\/wp-json\/wp\/v2\/media\/673641"}],"wp:attachment":[{"href":"https:\/\/selleetools.com\/pl\/wp-json\/wp\/v2\/media?parent=673647"}],"curies":[{"name":"wp","href":"https:\/\/api.w.org\/{rel}","templated":true}]}}