{"id":673606,"date":"2026-02-19T16:10:49","date_gmt":"2026-02-19T15:10:49","guid":{"rendered":"https:\/\/selleetools.com\/?post_type=product&#038;p=673606"},"modified":"2026-04-15T17:16:47","modified_gmt":"2026-04-15T15:16:47","slug":"nasiona-mieta-okraglolistna-01g","status":"publish","type":"product","link":"https:\/\/selleetools.com\/pl\/product\/nasiona-mieta-okraglolistna-01g\/","title":{"rendered":"Nasiona Mi\u0119ta okr\u0105g\u0142olistna, 0,1g"},"content":{"rendered":"<section class=\"section\">\n<div class=\"item item-6\">\n<section class=\"text-item\">\n<h1>Nasiona Mi\u0119ta okr\u0105g\u0142olistna, 0,1g<\/h1>\n<p>Seria nasion &#8221; Domowy Ogr\u00f3d&#8221; umo\u017cliwia stworzenie w\u0142asnego ogr\u00f3dka w doniczce, pojemniku lub skrzyce.<\/p>\n<p>Post\u0119puj\u0105c zgodnie z instrukcja znajdu\u0105c\u0105 si\u0119 na opakowniu przekonasz si\u0119 jak w \u0142atwy spos\u00f3b mo\u017ca uprawia\u0107 ro\u015bliny w mieszkaniu na balkonie czy tarasie.<\/p>\n<p>Bez potrzeby posiadania ogr\u00f3dka b\u0119dziesz mia\u0142 dost\u0119p do w\u0142asnych warzyw i zi\u00f3\u0142.<\/p>\n<p>Mi\u0119ta jest ro\u015blina wieloletni\u0105.<\/p>\n<p>Napar z li\u015bci mi\u0119ty zalecany jest jako nap\u00f3j orze\u017awiaj\u0105cy podczas upa\u0142\u00f3w.<\/p>\n<p>Przed wysiewem nasion w\u0142\u00f3\u017c torebk\u0119 na 5 dni do lod\u00f3wki<\/p>\n<p>Wysiewaj nasiona w maju.<\/p>\n<p>Warto\u015b\u0107 przyprawow\u0105 ro\u015blina osi\u0105ga od sierpnia do pa\u017adziernika.<\/p>\n<\/section><\/div>\n<div class=\"item item-6\">\n<section class=\"image-item\">\n            <img src=\"https:\/\/upload.cdn.baselinker.com\/products\/3028621\/f10a99b3bcd9ecdd4289f42bfb18929e.png\" \/><br \/>\n        <\/section>\n<\/p><\/div>\n<\/section>\n<p>Seria nasion &#8221; Domowy Ogr\u00f3d&#8221; umo\u017cliwia stworzenie w\u0142asnego ogr\u00f3dka w doniczce, pojemniku lub skrzyce. Post\u0119puj\u0105c zgodnie z instrukcja znajdu\u0105c\u0105 si\u0119 na opakowniu przekonasz si\u0119 jak w \u0142atwy spos\u00f3b mo\u017ca uprawia\u0107 ro\u015bliny w mieszkaniu na balkonie czy tarasie. Bez potrzeby posiadania ogr\u00f3dka b\u0119dziesz mia\u0142 dost\u0119p do w\u0142asnych warzyw i zi\u00f3\u0142. Mi\u0119ta jest ro\u015blina wieloletni\u0105. Napar z li\u015bci mi\u0119ty zalecany jest jako nap\u00f3j orze\u017awiaj\u0105cy podczas upa\u0142\u00f3w.<br \/>\nPrzed wysiewem nasion w\u0142\u00f3\u017c torebk\u0119 na 5 dni do lod\u00f3wki<br \/>\nWysiewaj nasiona w maju. Warto\u015b\u0107 przyprawow\u0105 ro\u015blina osi\u0105ga od sierpnia do pa\u017adziernika.<\/p>\n","protected":false},"excerpt":{"rendered":"<p>Nasiona Mi\u0119ta okr\u0105g\u0142olistna, 0,1g Seria nasion &#8221; Domowy Ogr\u00f3d&#8221; umo\u017cliwia stworzenie w\u0142asnego ogr\u00f3dka w doniczce, pojemniku lub skrzyce. Post\u0119puj\u0105c zgodnie z instrukcja znajdu\u0105c\u0105 si\u0119 na opakowniu przekonasz si\u0119 jak w \u0142atwy spos\u00f3b mo\u017ca uprawia\u0107 ro\u015bliny w mieszkaniu na balkonie czy tarasie. Bez potrzeby posiadania ogr\u00f3dka b\u0119dziesz mia\u0142 dost\u0119p do w\u0142asnych warzyw i zi\u00f3\u0142. Mi\u0119ta jest &#8230; <a title=\"Nasiona Mi\u0119ta okr\u0105g\u0142olistna, 0,1g\" class=\"read-more\" href=\"https:\/\/selleetools.com\/pl\/product\/nasiona-mieta-okraglolistna-01g\/\">Read more<span class=\"screen-reader-text\">Nasiona Mi\u0119ta okr\u0105g\u0142olistna, 0,1g<\/span><\/a><\/p>\n","protected":false},"featured_media":673604,"comment_status":"open","ping_status":"closed","template":"","meta":{"_links_to":"","_links_to_target":""},"yoast_head":"<!-- This site is optimized with the Yoast SEO plugin v19.4 - https:\/\/yoast.com\/wordpress\/plugins\/seo\/ -->\n<title>Nasiona Mi\u0119ta okr\u0105g\u0142olistna, 0,1g - Selleetools.com<\/title>\n<meta name=\"robots\" content=\"index, follow, max-snippet:-1, max-image-preview:large, max-video-preview:-1\" \/>\n<link rel=\"canonical\" href=\"https:\/\/selleetools.com\/pl\/product\/nasiona-mieta-okraglolistna-01g\/\" \/>\n<meta property=\"og:locale\" content=\"pl_PL\" \/>\n<meta property=\"og:type\" content=\"article\" \/>\n<meta property=\"og:title\" content=\"Nasiona Mi\u0119ta okr\u0105g\u0142olistna, 0,1g - Selleetools.com\" \/>\n<meta property=\"og:description\" content=\"Nasiona Mi\u0119ta okr\u0105g\u0142olistna, 0,1g Seria nasion &#8221; Domowy Ogr\u00f3d&#8221; umo\u017cliwia stworzenie w\u0142asnego ogr\u00f3dka w doniczce, pojemniku lub skrzyce. Post\u0119puj\u0105c zgodnie z instrukcja znajdu\u0105c\u0105 si\u0119 na opakowniu przekonasz si\u0119 jak w \u0142atwy spos\u00f3b mo\u017ca uprawia\u0107 ro\u015bliny w mieszkaniu na balkonie czy tarasie. Bez potrzeby posiadania ogr\u00f3dka b\u0119dziesz mia\u0142 dost\u0119p do w\u0142asnych warzyw i zi\u00f3\u0142. Mi\u0119ta jest ... Read moreNasiona Mi\u0119ta okr\u0105g\u0142olistna, 0,1g\" \/>\n<meta property=\"og:url\" content=\"https:\/\/selleetools.com\/pl\/product\/nasiona-mieta-okraglolistna-01g\/\" \/>\n<meta property=\"og:site_name\" content=\"Selleetools.com\" \/>\n<meta property=\"article:modified_time\" content=\"2026-04-15T15:16:47+00:00\" \/>\n<meta property=\"og:image\" content=\"https:\/\/selleetools.com\/wp-content\/uploads\/2026\/02\/f10a99b3bcd9ecdd4289f42bfb18929e.png\" \/>\n\t<meta property=\"og:image:width\" content=\"547\" \/>\n\t<meta property=\"og:image:height\" content=\"771\" \/>\n\t<meta property=\"og:image:type\" content=\"image\/png\" \/>\n<meta name=\"twitter:card\" content=\"summary_large_image\" \/>\n<meta name=\"twitter:label1\" content=\"Est. reading time\" \/>\n\t<meta name=\"twitter:data1\" content=\"1 minuta\" \/>\n<!-- \/ Yoast SEO plugin. -->","yoast_head_json":{"title":"Nasiona Mi\u0119ta okr\u0105g\u0142olistna, 0,1g - Selleetools.com","robots":{"index":"index","follow":"follow","max-snippet":"max-snippet:-1","max-image-preview":"max-image-preview:large","max-video-preview":"max-video-preview:-1"},"canonical":"https:\/\/selleetools.com\/pl\/product\/nasiona-mieta-okraglolistna-01g\/","og_locale":"pl_PL","og_type":"article","og_title":"Nasiona Mi\u0119ta okr\u0105g\u0142olistna, 0,1g - Selleetools.com","og_description":"Nasiona Mi\u0119ta okr\u0105g\u0142olistna, 0,1g Seria nasion &#8221; Domowy Ogr\u00f3d&#8221; umo\u017cliwia stworzenie w\u0142asnego ogr\u00f3dka w doniczce, pojemniku lub skrzyce. Post\u0119puj\u0105c zgodnie z instrukcja znajdu\u0105c\u0105 si\u0119 na opakowniu przekonasz si\u0119 jak w \u0142atwy spos\u00f3b mo\u017ca uprawia\u0107 ro\u015bliny w mieszkaniu na balkonie czy tarasie. Bez potrzeby posiadania ogr\u00f3dka b\u0119dziesz mia\u0142 dost\u0119p do w\u0142asnych warzyw i zi\u00f3\u0142. Mi\u0119ta jest ... Read moreNasiona Mi\u0119ta okr\u0105g\u0142olistna, 0,1g","og_url":"https:\/\/selleetools.com\/pl\/product\/nasiona-mieta-okraglolistna-01g\/","og_site_name":"Selleetools.com","article_modified_time":"2026-04-15T15:16:47+00:00","og_image":[{"width":547,"height":771,"url":"https:\/\/selleetools.com\/wp-content\/uploads\/2026\/02\/f10a99b3bcd9ecdd4289f42bfb18929e.png","type":"image\/png"}],"twitter_card":"summary_large_image","twitter_misc":{"Est. reading time":"1 minuta"},"schema":{"@context":"https:\/\/schema.org","@graph":[{"@type":"Organization","@id":"https:\/\/selleetools.com\/#organization","name":"Selleetools","url":"https:\/\/selleetools.com\/","sameAs":[],"logo":{"@type":"ImageObject","inLanguage":"pl-PL","@id":"https:\/\/selleetools.com\/#\/schema\/logo\/image\/","url":"https:\/\/selleetools.com\/wp-content\/uploads\/2021\/10\/logo-dark.png","contentUrl":"https:\/\/selleetools.com\/wp-content\/uploads\/2021\/10\/logo-dark.png","width":320,"height":76,"caption":"Selleetools"},"image":{"@id":"https:\/\/selleetools.com\/#\/schema\/logo\/image\/"}},{"@type":"WebSite","@id":"https:\/\/selleetools.com\/#website","url":"https:\/\/selleetools.com\/","name":"Selleetools.com","description":"","publisher":{"@id":"https:\/\/selleetools.com\/#organization"},"potentialAction":[{"@type":"SearchAction","target":{"@type":"EntryPoint","urlTemplate":"https:\/\/selleetools.com\/?s={search_term_string}"},"query-input":"required name=search_term_string"}],"inLanguage":"pl-PL"},{"@type":"WebPage","@id":"https:\/\/selleetools.com\/pl\/product\/nasiona-mieta-okraglolistna-01g\/","url":"https:\/\/selleetools.com\/pl\/product\/nasiona-mieta-okraglolistna-01g\/","name":"Nasiona Mi\u0119ta okr\u0105g\u0142olistna, 0,1g - Selleetools.com","isPartOf":{"@id":"https:\/\/selleetools.com\/#website"},"datePublished":"2026-02-19T15:10:49+00:00","dateModified":"2026-04-15T15:16:47+00:00","breadcrumb":{"@id":"https:\/\/selleetools.com\/pl\/product\/nasiona-mieta-okraglolistna-01g\/#breadcrumb"},"inLanguage":"pl-PL","potentialAction":[{"@type":"ReadAction","target":["https:\/\/selleetools.com\/pl\/product\/nasiona-mieta-okraglolistna-01g\/"]}]},{"@type":"BreadcrumbList","@id":"https:\/\/selleetools.com\/pl\/product\/nasiona-mieta-okraglolistna-01g\/#breadcrumb","itemListElement":[{"@type":"ListItem","position":1,"name":"Home","item":"https:\/\/selleetools.com\/pl\/"},{"@type":"ListItem","position":2,"name":"Katalog","item":"https:\/\/selleetools.com\/pl\/katalog\/"},{"@type":"ListItem","position":3,"name":"Nasiona Mi\u0119ta okr\u0105g\u0142olistna, 0,1g"}]}]}},"_links":{"self":[{"href":"https:\/\/selleetools.com\/pl\/wp-json\/wp\/v2\/product\/673606"}],"collection":[{"href":"https:\/\/selleetools.com\/pl\/wp-json\/wp\/v2\/product"}],"about":[{"href":"https:\/\/selleetools.com\/pl\/wp-json\/wp\/v2\/types\/product"}],"replies":[{"embeddable":true,"href":"https:\/\/selleetools.com\/pl\/wp-json\/wp\/v2\/comments?post=673606"}],"wp:featuredmedia":[{"embeddable":true,"href":"https:\/\/selleetools.com\/pl\/wp-json\/wp\/v2\/media\/673604"}],"wp:attachment":[{"href":"https:\/\/selleetools.com\/pl\/wp-json\/wp\/v2\/media?parent=673606"}],"curies":[{"name":"wp","href":"https:\/\/api.w.org\/{rel}","templated":true}]}}