{"id":673603,"date":"2026-02-19T16:10:46","date_gmt":"2026-02-19T15:10:46","guid":{"rendered":"https:\/\/selleetools.com\/?post_type=product&#038;p=673603"},"modified":"2026-04-15T17:16:48","modified_gmt":"2026-04-15T15:16:48","slug":"nasiona-szarlat-zwisly-czerwony-1g","status":"publish","type":"product","link":"https:\/\/selleetools.com\/pl\/product\/nasiona-szarlat-zwisly-czerwony-1g\/","title":{"rendered":"Nasiona Szar\u0142at zwis\u0142y czerwony, 1g"},"content":{"rendered":"<section class=\"section\">\n<div class=\"item item-6\">\n<section class=\"text-item\">\n<h1>Szar\u0142at ogrodowy 1 g<\/h1>\n<p>Ro\u015blina jednoroczna wysoko\u015bci 60-90 cm ozdobna o pi\u0119knych zwisaj\u0105cych\u00a0<b>ciemnoczerwonych\u00a0<\/b>kwiatostan\u00f3w, kt\u00f3re zachowuja warto\u015b\u0107 dekoracyjn\u0105 po zasuszeniu.<\/p>\n<p>Drobniutkie kwiaty zebrane s\u0105 w bardzo d\u0142ugie, osi\u0105ga\u0107 mog\u0105 nawet 30-50 cm. K\u0142osowate kwiatostany s\u0105 wiotkie i \u0142adnie przewijaj\u0105, sp\u0142ywaj\u0105c kaskad\u0105 w\u015br\u00f3d li\u015bci.<\/p>\n<p><b>Li\u015bcie\u00a0<\/b>owalne i lekko wyd\u0142u\u017cone w kszta\u0142cie. Blaszki li\u015bciowe ca\u0142obrzegie i lekko pomarszczone. Jasnozielone li\u015bcie \u0142adnie kontrastuj\u0105 z\u00a0ciemnoczerwonymi kwiatami.<\/p>\n<p>Zastosowanie:<\/p>\n<ul>\n<li>na rabaty,<\/li>\n<li>na kwiat ci\u0119ty,<\/li>\n<li>do suchych kompozycji.<\/li>\n<\/ul>\n<\/section><\/div>\n<div class=\"item item-6\">\n<section class=\"image-item\"><img src=\"https:\/\/upload.cdn.baselinker.com\/products\/3028621\/45db245fbddfa4b73fb94894f9c139bf.jpg\"><\/section>\n<\/p><\/div>\n<\/section>\n<section class=\"section\">\n<div class=\"item item-6\">\n<section class=\"image-item\"><img src=\"https:\/\/upload.cdn.baselinker.com\/products\/3028621\/7fd541a14c9e21822f89cad8bbf8a4b1.jpg\"><\/section>\n<\/p><\/div>\n<div class=\"item item-6\">\n<section class=\"text-item\">\n<p><b>Spos\u00f3b wysiewu:<\/b><\/p>\n<ol>\n<li>Wysiew\u00a0<b>nasion<\/b>\u00a0w kwietniu-maju do gruntu w rz\u0119dy co 40 cm. W temp. 15-18\u00b0C nasiona kie\u0142kuj\u0105 po 10-14 dniach. Po wschodach ro\u015bliny przerwa\u0107 pozostawiaj\u0105c je w rz\u0119dach co 20-30 cm.<\/li>\n<\/ol>\n<p>Stanowisko s\u0142oneczne. Kwitnie od lipca do pa\u017adziernika.<\/p>\n<p>Zabiera\u0107 podczas pe\u0142ni kwitnienia. Suszy\u0107 w przewiewnych i ciemnych pomieszczeniach.<\/p>\n<\/section><\/div>\n<\/section>\n<section class=\"section\">\n<div class=\"item item-6\">\n<section class=\"image-item\"><img src=\"https:\/\/upload.cdn.baselinker.com\/products\/3028621\/45db245fbddfa4b73fb94894f9c139bf.jpg\"><\/section>\n<\/p><\/div>\n<div class=\"item item-6\">\n<section class=\"image-item\"><img src=\"https:\/\/upload.cdn.baselinker.com\/products\/3028621\/7fd541a14c9e21822f89cad8bbf8a4b1.jpg\"><\/section>\n<\/p><\/div>\n<\/section>\n","protected":false},"excerpt":{"rendered":"<p>Szar\u0142at ogrodowy 1 g Ro\u015blina jednoroczna wysoko\u015bci 60-90 cm ozdobna o pi\u0119knych zwisaj\u0105cych\u00a0ciemnoczerwonych\u00a0kwiatostan\u00f3w, kt\u00f3re zachowuja warto\u015b\u0107 dekoracyjn\u0105 po zasuszeniu. Drobniutkie kwiaty zebrane s\u0105 w bardzo d\u0142ugie, osi\u0105ga\u0107 mog\u0105 nawet 30-50 cm. K\u0142osowate kwiatostany s\u0105 wiotkie i \u0142adnie przewijaj\u0105, sp\u0142ywaj\u0105c kaskad\u0105 w\u015br\u00f3d li\u015bci. Li\u015bcie\u00a0owalne i lekko wyd\u0142u\u017cone w kszta\u0142cie. Blaszki li\u015bciowe ca\u0142obrzegie i lekko pomarszczone. Jasnozielone &#8230; <a title=\"Nasiona Szar\u0142at zwis\u0142y czerwony, 1g\" class=\"read-more\" href=\"https:\/\/selleetools.com\/pl\/product\/nasiona-szarlat-zwisly-czerwony-1g\/\">Read more<span class=\"screen-reader-text\">Nasiona Szar\u0142at zwis\u0142y czerwony, 1g<\/span><\/a><\/p>\n","protected":false},"featured_media":673599,"comment_status":"open","ping_status":"closed","template":"","meta":{"_links_to":"","_links_to_target":""},"yoast_head":"<!-- This site is optimized with the Yoast SEO plugin v19.4 - https:\/\/yoast.com\/wordpress\/plugins\/seo\/ -->\n<title>Nasiona Szar\u0142at zwis\u0142y czerwony, 1g - Selleetools.com<\/title>\n<meta name=\"robots\" content=\"index, follow, max-snippet:-1, max-image-preview:large, max-video-preview:-1\" \/>\n<link rel=\"canonical\" href=\"https:\/\/selleetools.com\/pl\/product\/nasiona-szarlat-zwisly-czerwony-1g\/\" \/>\n<meta property=\"og:locale\" content=\"pl_PL\" \/>\n<meta property=\"og:type\" content=\"article\" \/>\n<meta property=\"og:title\" content=\"Nasiona Szar\u0142at zwis\u0142y czerwony, 1g - Selleetools.com\" \/>\n<meta property=\"og:description\" content=\"Szar\u0142at ogrodowy 1 g Ro\u015blina jednoroczna wysoko\u015bci 60-90 cm ozdobna o pi\u0119knych zwisaj\u0105cych\u00a0ciemnoczerwonych\u00a0kwiatostan\u00f3w, kt\u00f3re zachowuja warto\u015b\u0107 dekoracyjn\u0105 po zasuszeniu. Drobniutkie kwiaty zebrane s\u0105 w bardzo d\u0142ugie, osi\u0105ga\u0107 mog\u0105 nawet 30-50 cm. K\u0142osowate kwiatostany s\u0105 wiotkie i \u0142adnie przewijaj\u0105, sp\u0142ywaj\u0105c kaskad\u0105 w\u015br\u00f3d li\u015bci. Li\u015bcie\u00a0owalne i lekko wyd\u0142u\u017cone w kszta\u0142cie. Blaszki li\u015bciowe ca\u0142obrzegie i lekko pomarszczone. Jasnozielone ... Read moreNasiona Szar\u0142at zwis\u0142y czerwony, 1g\" \/>\n<meta property=\"og:url\" content=\"https:\/\/selleetools.com\/pl\/product\/nasiona-szarlat-zwisly-czerwony-1g\/\" \/>\n<meta property=\"og:site_name\" content=\"Selleetools.com\" \/>\n<meta property=\"article:modified_time\" content=\"2026-04-15T15:16:48+00:00\" \/>\n<meta property=\"og:image\" content=\"https:\/\/selleetools.com\/wp-content\/uploads\/2026\/02\/45db245fbddfa4b73fb94894f9c139bf.jpg\" \/>\n\t<meta property=\"og:image:width\" content=\"1007\" \/>\n\t<meta property=\"og:image:height\" content=\"1816\" \/>\n\t<meta property=\"og:image:type\" content=\"image\/jpeg\" \/>\n<meta name=\"twitter:card\" content=\"summary_large_image\" \/>\n<meta name=\"twitter:label1\" content=\"Est. reading time\" \/>\n\t<meta name=\"twitter:data1\" content=\"1 minuta\" \/>\n<!-- \/ Yoast SEO plugin. -->","yoast_head_json":{"title":"Nasiona Szar\u0142at zwis\u0142y czerwony, 1g - Selleetools.com","robots":{"index":"index","follow":"follow","max-snippet":"max-snippet:-1","max-image-preview":"max-image-preview:large","max-video-preview":"max-video-preview:-1"},"canonical":"https:\/\/selleetools.com\/pl\/product\/nasiona-szarlat-zwisly-czerwony-1g\/","og_locale":"pl_PL","og_type":"article","og_title":"Nasiona Szar\u0142at zwis\u0142y czerwony, 1g - Selleetools.com","og_description":"Szar\u0142at ogrodowy 1 g Ro\u015blina jednoroczna wysoko\u015bci 60-90 cm ozdobna o pi\u0119knych zwisaj\u0105cych\u00a0ciemnoczerwonych\u00a0kwiatostan\u00f3w, kt\u00f3re zachowuja warto\u015b\u0107 dekoracyjn\u0105 po zasuszeniu. Drobniutkie kwiaty zebrane s\u0105 w bardzo d\u0142ugie, osi\u0105ga\u0107 mog\u0105 nawet 30-50 cm. K\u0142osowate kwiatostany s\u0105 wiotkie i \u0142adnie przewijaj\u0105, sp\u0142ywaj\u0105c kaskad\u0105 w\u015br\u00f3d li\u015bci. Li\u015bcie\u00a0owalne i lekko wyd\u0142u\u017cone w kszta\u0142cie. Blaszki li\u015bciowe ca\u0142obrzegie i lekko pomarszczone. Jasnozielone ... Read moreNasiona Szar\u0142at zwis\u0142y czerwony, 1g","og_url":"https:\/\/selleetools.com\/pl\/product\/nasiona-szarlat-zwisly-czerwony-1g\/","og_site_name":"Selleetools.com","article_modified_time":"2026-04-15T15:16:48+00:00","og_image":[{"width":1007,"height":1816,"url":"https:\/\/selleetools.com\/wp-content\/uploads\/2026\/02\/45db245fbddfa4b73fb94894f9c139bf.jpg","type":"image\/jpeg"}],"twitter_card":"summary_large_image","twitter_misc":{"Est. reading time":"1 minuta"},"schema":{"@context":"https:\/\/schema.org","@graph":[{"@type":"Organization","@id":"https:\/\/selleetools.com\/#organization","name":"Selleetools","url":"https:\/\/selleetools.com\/","sameAs":[],"logo":{"@type":"ImageObject","inLanguage":"pl-PL","@id":"https:\/\/selleetools.com\/#\/schema\/logo\/image\/","url":"https:\/\/selleetools.com\/wp-content\/uploads\/2021\/10\/logo-dark.png","contentUrl":"https:\/\/selleetools.com\/wp-content\/uploads\/2021\/10\/logo-dark.png","width":320,"height":76,"caption":"Selleetools"},"image":{"@id":"https:\/\/selleetools.com\/#\/schema\/logo\/image\/"}},{"@type":"WebSite","@id":"https:\/\/selleetools.com\/#website","url":"https:\/\/selleetools.com\/","name":"Selleetools.com","description":"","publisher":{"@id":"https:\/\/selleetools.com\/#organization"},"potentialAction":[{"@type":"SearchAction","target":{"@type":"EntryPoint","urlTemplate":"https:\/\/selleetools.com\/?s={search_term_string}"},"query-input":"required name=search_term_string"}],"inLanguage":"pl-PL"},{"@type":"WebPage","@id":"https:\/\/selleetools.com\/pl\/product\/nasiona-szarlat-zwisly-czerwony-1g\/","url":"https:\/\/selleetools.com\/pl\/product\/nasiona-szarlat-zwisly-czerwony-1g\/","name":"Nasiona Szar\u0142at zwis\u0142y czerwony, 1g - Selleetools.com","isPartOf":{"@id":"https:\/\/selleetools.com\/#website"},"datePublished":"2026-02-19T15:10:46+00:00","dateModified":"2026-04-15T15:16:48+00:00","breadcrumb":{"@id":"https:\/\/selleetools.com\/pl\/product\/nasiona-szarlat-zwisly-czerwony-1g\/#breadcrumb"},"inLanguage":"pl-PL","potentialAction":[{"@type":"ReadAction","target":["https:\/\/selleetools.com\/pl\/product\/nasiona-szarlat-zwisly-czerwony-1g\/"]}]},{"@type":"BreadcrumbList","@id":"https:\/\/selleetools.com\/pl\/product\/nasiona-szarlat-zwisly-czerwony-1g\/#breadcrumb","itemListElement":[{"@type":"ListItem","position":1,"name":"Home","item":"https:\/\/selleetools.com\/pl\/"},{"@type":"ListItem","position":2,"name":"Katalog","item":"https:\/\/selleetools.com\/pl\/katalog\/"},{"@type":"ListItem","position":3,"name":"Nasiona Szar\u0142at zwis\u0142y czerwony, 1g"}]}]}},"_links":{"self":[{"href":"https:\/\/selleetools.com\/pl\/wp-json\/wp\/v2\/product\/673603"}],"collection":[{"href":"https:\/\/selleetools.com\/pl\/wp-json\/wp\/v2\/product"}],"about":[{"href":"https:\/\/selleetools.com\/pl\/wp-json\/wp\/v2\/types\/product"}],"replies":[{"embeddable":true,"href":"https:\/\/selleetools.com\/pl\/wp-json\/wp\/v2\/comments?post=673603"}],"wp:featuredmedia":[{"embeddable":true,"href":"https:\/\/selleetools.com\/pl\/wp-json\/wp\/v2\/media\/673599"}],"wp:attachment":[{"href":"https:\/\/selleetools.com\/pl\/wp-json\/wp\/v2\/media?parent=673603"}],"curies":[{"name":"wp","href":"https:\/\/api.w.org\/{rel}","templated":true}]}}