{"id":673593,"date":"2026-02-19T16:10:38","date_gmt":"2026-02-19T15:10:38","guid":{"rendered":"https:\/\/selleetools.com\/?post_type=product&#038;p=673593"},"modified":"2026-04-15T17:16:49","modified_gmt":"2026-04-15T15:16:49","slug":"nasiona-pomidor-gruntowy-wysoki-black-cherry-02g","status":"publish","type":"product","link":"https:\/\/selleetools.com\/pl\/product\/nasiona-pomidor-gruntowy-wysoki-black-cherry-02g\/","title":{"rendered":"Nasiona Pomidor gruntowy wysoki Black Cherry, 0,2g"},"content":{"rendered":"<p>Odmiana wysoka, o ci\u0105g\u0142ym typie wzrostu do uprawy w gruncie przy palikach oraz pod os\u0142onami. Owoce drobne typu cherry, purpurowo br\u0105zowe, okr\u0105g\u0142e, s\u0142odkie i wyj\u0105tkowo smaczne. Doskonale nadaj\u0105 si\u0119 do bezpo\u015bredniego spo\u017cycia, dekoracji potraw oraz do konserwowania w ca\u0142o\u015bci.<\/p>\n<p>Pomidor wysoki do uprawy w gruncie<\/p>\n<p> Odmiana: Black Cherry<br \/>\n Wczesno\u015b\u0107: \u015brednio wczesna<br \/>\n Owoc masa [g]: 25-30g<br \/>\n Kszta\u0142t owoc\u00f3w: kulisty<br \/>\n Barwa owoc\u00f3w: purpurowo br\u0105zowy<br \/>\n Przeznaczenie: bezpo\u015brednie spo\u017cycie-bardzo dobra , przetw\u00f3rstwo-dobra<br \/>\n Uwagi: Owoce s\u0142odkie wyj\u0105tkowo smaczne<\/p>\n<p>Pomidor gruntowy wysoki Black Cherry owoce typu &#8220;cherry&#8221;, purpurowo-br\u0105zowe<\/p>\n<p>Uprawa:<br \/>\nNasiona wysadza\u0107 od marca do pocz\u0105tku kwietnia do doniczek lub na palety pod os\u0142onami. Wschody nast\u0119puj\u0105 po 7-14 dniach. Wysadza\u0107 do gruntu w po\u0142owie maja, w rozstawie 60-70 x 50-60 cm . Uprawia\u0107 w \u017cyznej glebie w miejscu s\u0142onecznym<\/p>\n<p>Opakowanie: 0,2g nasion<\/p>\n<p>Odmiana wysoka, o ci\u0105g\u0142ym typie wzrostu do uprawy w gruncie przy palikach oraz pod os\u0142onami. Owoce drobne typu cherry, purpurowo br\u0105zowe, okr\u0105g\u0142e, s\u0142odkie i wyj\u0105tkowo smaczne. Doskonale nadaj\u0105 si\u0119 do bezpo\u015bredniego spo\u017cycia, dekoracji potraw oraz do konserwowania w ca\u0142o\u015bci.<\/p>\n<p>Pomidor wysoki do uprawy w gruncie<\/p>\n<p> Odmiana: Black Cherry<br \/>\n Wczesno\u015b\u0107: \u015brednio wczesna<br \/>\n Owoc masa [g]: 25-30g<br \/>\n Kszta\u0142t owoc\u00f3w: kulisty<br \/>\n Barwa owoc\u00f3w: purpurowo br\u0105zowy<br \/>\n Przeznaczenie: bezpo\u015brednie spo\u017cycie-bardzo dobra , przetw\u00f3rstwo-dobra<br \/>\n Uwagi: Owoce s\u0142odkie wyj\u0105tkowo smaczne<\/p>\n<p>Pomidor gruntowy wysoki Black Cherry owoce typu &#8220;cherry&#8221;, purpurowo-br\u0105zowe<\/p>\n<p>Uprawa:<br \/>\nNasiona wysadza\u0107 od marca do pocz\u0105tku kwietnia do doniczek lub na palety pod os\u0142onami. Wschody nast\u0119puj\u0105 po 7-14 dniach. Wysadza\u0107 do gruntu w po\u0142owie maja, w rozstawie 60-70 x 50-60 cm . Uprawia\u0107 w \u017cyznej glebie w miejscu s\u0142onecznym<\/p>\n<p>Opakowanie: 0,2g nasion<\/p>\n","protected":false},"excerpt":{"rendered":"<p>Odmiana wysoka, o ci\u0105g\u0142ym typie wzrostu do uprawy w gruncie przy palikach oraz pod os\u0142onami. Owoce drobne typu cherry, purpurowo br\u0105zowe, okr\u0105g\u0142e, s\u0142odkie i wyj\u0105tkowo smaczne. Doskonale nadaj\u0105 si\u0119 do bezpo\u015bredniego spo\u017cycia, dekoracji potraw oraz do konserwowania w ca\u0142o\u015bci. Pomidor wysoki do uprawy w gruncie Odmiana: Black Cherry Wczesno\u015b\u0107: \u015brednio wczesna Owoc masa [g]: 25-30g &#8230; <a title=\"Nasiona Pomidor gruntowy wysoki Black Cherry, 0,2g\" class=\"read-more\" href=\"https:\/\/selleetools.com\/pl\/product\/nasiona-pomidor-gruntowy-wysoki-black-cherry-02g\/\">Read more<span class=\"screen-reader-text\">Nasiona Pomidor gruntowy wysoki Black Cherry, 0,2g<\/span><\/a><\/p>\n","protected":false},"featured_media":673591,"comment_status":"open","ping_status":"closed","template":"","meta":{"_links_to":"","_links_to_target":""},"yoast_head":"<!-- This site is optimized with the Yoast SEO plugin v19.4 - https:\/\/yoast.com\/wordpress\/plugins\/seo\/ -->\n<title>Nasiona Pomidor gruntowy wysoki Black Cherry, 0,2g - Selleetools.com<\/title>\n<meta name=\"robots\" content=\"index, follow, max-snippet:-1, max-image-preview:large, max-video-preview:-1\" \/>\n<link rel=\"canonical\" href=\"https:\/\/selleetools.com\/pl\/product\/nasiona-pomidor-gruntowy-wysoki-black-cherry-02g\/\" \/>\n<meta property=\"og:locale\" content=\"pl_PL\" \/>\n<meta property=\"og:type\" content=\"article\" \/>\n<meta property=\"og:title\" content=\"Nasiona Pomidor gruntowy wysoki Black Cherry, 0,2g - Selleetools.com\" \/>\n<meta property=\"og:description\" content=\"Odmiana wysoka, o ci\u0105g\u0142ym typie wzrostu do uprawy w gruncie przy palikach oraz pod os\u0142onami. Owoce drobne typu cherry, purpurowo br\u0105zowe, okr\u0105g\u0142e, s\u0142odkie i wyj\u0105tkowo smaczne. Doskonale nadaj\u0105 si\u0119 do bezpo\u015bredniego spo\u017cycia, dekoracji potraw oraz do konserwowania w ca\u0142o\u015bci. Pomidor wysoki do uprawy w gruncie Odmiana: Black Cherry Wczesno\u015b\u0107: \u015brednio wczesna Owoc masa [g]: 25-30g ... Read moreNasiona Pomidor gruntowy wysoki Black Cherry, 0,2g\" \/>\n<meta property=\"og:url\" content=\"https:\/\/selleetools.com\/pl\/product\/nasiona-pomidor-gruntowy-wysoki-black-cherry-02g\/\" \/>\n<meta property=\"og:site_name\" content=\"Selleetools.com\" \/>\n<meta property=\"article:modified_time\" content=\"2026-04-15T15:16:49+00:00\" \/>\n<meta property=\"og:image\" content=\"https:\/\/selleetools.com\/wp-content\/uploads\/2026\/02\/fc39de4b3a79b4ee374d9efca1f84d13.png\" \/>\n\t<meta property=\"og:image:width\" content=\"466\" \/>\n\t<meta property=\"og:image:height\" content=\"802\" \/>\n\t<meta property=\"og:image:type\" content=\"image\/png\" \/>\n<meta name=\"twitter:card\" content=\"summary_large_image\" \/>\n<meta name=\"twitter:label1\" content=\"Est. reading time\" \/>\n\t<meta name=\"twitter:data1\" content=\"2 minuty\" \/>\n<!-- \/ Yoast SEO plugin. -->","yoast_head_json":{"title":"Nasiona Pomidor gruntowy wysoki Black Cherry, 0,2g - Selleetools.com","robots":{"index":"index","follow":"follow","max-snippet":"max-snippet:-1","max-image-preview":"max-image-preview:large","max-video-preview":"max-video-preview:-1"},"canonical":"https:\/\/selleetools.com\/pl\/product\/nasiona-pomidor-gruntowy-wysoki-black-cherry-02g\/","og_locale":"pl_PL","og_type":"article","og_title":"Nasiona Pomidor gruntowy wysoki Black Cherry, 0,2g - Selleetools.com","og_description":"Odmiana wysoka, o ci\u0105g\u0142ym typie wzrostu do uprawy w gruncie przy palikach oraz pod os\u0142onami. Owoce drobne typu cherry, purpurowo br\u0105zowe, okr\u0105g\u0142e, s\u0142odkie i wyj\u0105tkowo smaczne. Doskonale nadaj\u0105 si\u0119 do bezpo\u015bredniego spo\u017cycia, dekoracji potraw oraz do konserwowania w ca\u0142o\u015bci. Pomidor wysoki do uprawy w gruncie Odmiana: Black Cherry Wczesno\u015b\u0107: \u015brednio wczesna Owoc masa [g]: 25-30g ... Read moreNasiona Pomidor gruntowy wysoki Black Cherry, 0,2g","og_url":"https:\/\/selleetools.com\/pl\/product\/nasiona-pomidor-gruntowy-wysoki-black-cherry-02g\/","og_site_name":"Selleetools.com","article_modified_time":"2026-04-15T15:16:49+00:00","og_image":[{"width":466,"height":802,"url":"https:\/\/selleetools.com\/wp-content\/uploads\/2026\/02\/fc39de4b3a79b4ee374d9efca1f84d13.png","type":"image\/png"}],"twitter_card":"summary_large_image","twitter_misc":{"Est. reading time":"2 minuty"},"schema":{"@context":"https:\/\/schema.org","@graph":[{"@type":"Organization","@id":"https:\/\/selleetools.com\/#organization","name":"Selleetools","url":"https:\/\/selleetools.com\/","sameAs":[],"logo":{"@type":"ImageObject","inLanguage":"pl-PL","@id":"https:\/\/selleetools.com\/#\/schema\/logo\/image\/","url":"https:\/\/selleetools.com\/wp-content\/uploads\/2021\/10\/logo-dark.png","contentUrl":"https:\/\/selleetools.com\/wp-content\/uploads\/2021\/10\/logo-dark.png","width":320,"height":76,"caption":"Selleetools"},"image":{"@id":"https:\/\/selleetools.com\/#\/schema\/logo\/image\/"}},{"@type":"WebSite","@id":"https:\/\/selleetools.com\/#website","url":"https:\/\/selleetools.com\/","name":"Selleetools.com","description":"","publisher":{"@id":"https:\/\/selleetools.com\/#organization"},"potentialAction":[{"@type":"SearchAction","target":{"@type":"EntryPoint","urlTemplate":"https:\/\/selleetools.com\/?s={search_term_string}"},"query-input":"required name=search_term_string"}],"inLanguage":"pl-PL"},{"@type":"WebPage","@id":"https:\/\/selleetools.com\/pl\/product\/nasiona-pomidor-gruntowy-wysoki-black-cherry-02g\/","url":"https:\/\/selleetools.com\/pl\/product\/nasiona-pomidor-gruntowy-wysoki-black-cherry-02g\/","name":"Nasiona Pomidor gruntowy wysoki Black Cherry, 0,2g - Selleetools.com","isPartOf":{"@id":"https:\/\/selleetools.com\/#website"},"datePublished":"2026-02-19T15:10:38+00:00","dateModified":"2026-04-15T15:16:49+00:00","breadcrumb":{"@id":"https:\/\/selleetools.com\/pl\/product\/nasiona-pomidor-gruntowy-wysoki-black-cherry-02g\/#breadcrumb"},"inLanguage":"pl-PL","potentialAction":[{"@type":"ReadAction","target":["https:\/\/selleetools.com\/pl\/product\/nasiona-pomidor-gruntowy-wysoki-black-cherry-02g\/"]}]},{"@type":"BreadcrumbList","@id":"https:\/\/selleetools.com\/pl\/product\/nasiona-pomidor-gruntowy-wysoki-black-cherry-02g\/#breadcrumb","itemListElement":[{"@type":"ListItem","position":1,"name":"Home","item":"https:\/\/selleetools.com\/pl\/"},{"@type":"ListItem","position":2,"name":"Katalog","item":"https:\/\/selleetools.com\/pl\/katalog\/"},{"@type":"ListItem","position":3,"name":"Nasiona Pomidor gruntowy wysoki Black Cherry, 0,2g"}]}]}},"_links":{"self":[{"href":"https:\/\/selleetools.com\/pl\/wp-json\/wp\/v2\/product\/673593"}],"collection":[{"href":"https:\/\/selleetools.com\/pl\/wp-json\/wp\/v2\/product"}],"about":[{"href":"https:\/\/selleetools.com\/pl\/wp-json\/wp\/v2\/types\/product"}],"replies":[{"embeddable":true,"href":"https:\/\/selleetools.com\/pl\/wp-json\/wp\/v2\/comments?post=673593"}],"wp:featuredmedia":[{"embeddable":true,"href":"https:\/\/selleetools.com\/pl\/wp-json\/wp\/v2\/media\/673591"}],"wp:attachment":[{"href":"https:\/\/selleetools.com\/pl\/wp-json\/wp\/v2\/media?parent=673593"}],"curies":[{"name":"wp","href":"https:\/\/api.w.org\/{rel}","templated":true}]}}