{"id":673587,"date":"2026-02-19T16:10:32","date_gmt":"2026-02-19T15:10:32","guid":{"rendered":"https:\/\/selleetools.com\/?post_type=product&#038;p=673587"},"modified":"2026-04-15T17:16:50","modified_gmt":"2026-04-15T15:16:50","slug":"nasiona-rukola-05g","status":"publish","type":"product","link":"https:\/\/selleetools.com\/pl\/product\/nasiona-rukola-05g\/","title":{"rendered":"Nasiona Rukola, 0,5g"},"content":{"rendered":"<p>Rukola jest bogatym \u017ar\u00f3d\u0142em witaminy C i olejk\u00f3w eterycznych. Ponadto jej li\u015bcie zawieraja sole mineralne, \u017aelazo oraz jod. wykorzystywana do sa\u0142atek oraz past, na kanapaki, a po ugotowaniu jako dodatek do mi\u0119s i ryb . W kuchni wloskiej naisona rosliny uzywane s\u0105 r\u00f3wnie\u017c jako przyprawa. Nasiona wysiewa\u0107 do pojemnik\u00f3w przez ca\u0142y rok lub do gruntu przez ca\u0142y sezon wegetacyjny na g\u0142\u0119boko\u015b\u0107 0,5 cm w odst\u0119pach kilku centymetr\u00f3w . Pierwszy zbi\u00f3r li\u015bci przeprowadza si\u0119 po 3-4 tygodniach, gdy osi\u0105gn\u0105 wysoko\u015b\u0107 8-10 cm. Li\u015bcie ro\u015blin szybko odrastaj\u0105, dlatego z jednego wysiewu mozna uzyska\u0107 2-3 zbiory.<\/p>\n<p>Rukola jest bogatym \u017ar\u00f3d\u0142em witaminy C i olejk\u00f3w eterycznych. Ponadto jej li\u015bcie zawieraja sole mineralne, \u017aelazo oraz jod. wykorzystywana do sa\u0142atek oraz past, na kanapaki, a po ugotowaniu jako dodatek do mi\u0119s i ryb . W kuchni wloskiej naisona rosliny uzywane s\u0105 r\u00f3wnie\u017c jako przyprawa. Nasiona wysiewa\u0107 do pojemnik\u00f3w przez ca\u0142y rok lub do gruntu przez ca\u0142y sezon wegetacyjny na g\u0142\u0119boko\u015b\u0107 0,5 cm w odst\u0119pach kilku centymetr\u00f3w . Pierwszy zbi\u00f3r li\u015bci przeprowadza si\u0119 po 3-4 tygodniach, gdy osi\u0105gn\u0105 wysoko\u015b\u0107 8-10 cm. Li\u015bcie ro\u015blin szybko odrastaj\u0105, dlatego z jednego wysiewu mozna uzyska\u0107 2-3 zbiory.<\/p>\n","protected":false},"excerpt":{"rendered":"<p>Rukola jest bogatym \u017ar\u00f3d\u0142em witaminy C i olejk\u00f3w eterycznych. Ponadto jej li\u015bcie zawieraja sole mineralne, \u017aelazo oraz jod. wykorzystywana do sa\u0142atek oraz past, na kanapaki, a po ugotowaniu jako dodatek do mi\u0119s i ryb . W kuchni wloskiej naisona rosliny uzywane s\u0105 r\u00f3wnie\u017c jako przyprawa. Nasiona wysiewa\u0107 do pojemnik\u00f3w przez ca\u0142y rok lub do gruntu &#8230; <a title=\"Nasiona Rukola, 0,5g\" class=\"read-more\" href=\"https:\/\/selleetools.com\/pl\/product\/nasiona-rukola-05g\/\">Read more<span class=\"screen-reader-text\">Nasiona Rukola, 0,5g<\/span><\/a><\/p>\n","protected":false},"featured_media":673585,"comment_status":"open","ping_status":"closed","template":"","meta":{"_links_to":"","_links_to_target":""},"yoast_head":"<!-- This site is optimized with the Yoast SEO plugin v19.4 - https:\/\/yoast.com\/wordpress\/plugins\/seo\/ -->\n<title>Nasiona Rukola, 0,5g - Selleetools.com<\/title>\n<meta name=\"robots\" content=\"index, follow, max-snippet:-1, max-image-preview:large, max-video-preview:-1\" \/>\n<link rel=\"canonical\" href=\"https:\/\/selleetools.com\/pl\/product\/nasiona-rukola-05g\/\" \/>\n<meta property=\"og:locale\" content=\"pl_PL\" \/>\n<meta property=\"og:type\" content=\"article\" \/>\n<meta property=\"og:title\" content=\"Nasiona Rukola, 0,5g - Selleetools.com\" \/>\n<meta property=\"og:description\" content=\"Rukola jest bogatym \u017ar\u00f3d\u0142em witaminy C i olejk\u00f3w eterycznych. Ponadto jej li\u015bcie zawieraja sole mineralne, \u017aelazo oraz jod. wykorzystywana do sa\u0142atek oraz past, na kanapaki, a po ugotowaniu jako dodatek do mi\u0119s i ryb . W kuchni wloskiej naisona rosliny uzywane s\u0105 r\u00f3wnie\u017c jako przyprawa. Nasiona wysiewa\u0107 do pojemnik\u00f3w przez ca\u0142y rok lub do gruntu ... Read moreNasiona Rukola, 0,5g\" \/>\n<meta property=\"og:url\" content=\"https:\/\/selleetools.com\/pl\/product\/nasiona-rukola-05g\/\" \/>\n<meta property=\"og:site_name\" content=\"Selleetools.com\" \/>\n<meta property=\"article:modified_time\" content=\"2026-04-15T15:16:50+00:00\" \/>\n<meta property=\"og:image\" content=\"https:\/\/selleetools.com\/wp-content\/uploads\/2026\/02\/e8ad77346e9b42374b35f3fddb4213b7.jpg\" \/>\n\t<meta property=\"og:image:width\" content=\"921\" \/>\n\t<meta property=\"og:image:height\" content=\"1754\" \/>\n\t<meta property=\"og:image:type\" content=\"image\/jpeg\" \/>\n<meta name=\"twitter:card\" content=\"summary_large_image\" \/>\n<meta name=\"twitter:label1\" content=\"Est. reading time\" \/>\n\t<meta name=\"twitter:data1\" content=\"1 minuta\" \/>\n<!-- \/ Yoast SEO plugin. -->","yoast_head_json":{"title":"Nasiona Rukola, 0,5g - Selleetools.com","robots":{"index":"index","follow":"follow","max-snippet":"max-snippet:-1","max-image-preview":"max-image-preview:large","max-video-preview":"max-video-preview:-1"},"canonical":"https:\/\/selleetools.com\/pl\/product\/nasiona-rukola-05g\/","og_locale":"pl_PL","og_type":"article","og_title":"Nasiona Rukola, 0,5g - Selleetools.com","og_description":"Rukola jest bogatym \u017ar\u00f3d\u0142em witaminy C i olejk\u00f3w eterycznych. Ponadto jej li\u015bcie zawieraja sole mineralne, \u017aelazo oraz jod. wykorzystywana do sa\u0142atek oraz past, na kanapaki, a po ugotowaniu jako dodatek do mi\u0119s i ryb . W kuchni wloskiej naisona rosliny uzywane s\u0105 r\u00f3wnie\u017c jako przyprawa. Nasiona wysiewa\u0107 do pojemnik\u00f3w przez ca\u0142y rok lub do gruntu ... Read moreNasiona Rukola, 0,5g","og_url":"https:\/\/selleetools.com\/pl\/product\/nasiona-rukola-05g\/","og_site_name":"Selleetools.com","article_modified_time":"2026-04-15T15:16:50+00:00","og_image":[{"width":921,"height":1754,"url":"https:\/\/selleetools.com\/wp-content\/uploads\/2026\/02\/e8ad77346e9b42374b35f3fddb4213b7.jpg","type":"image\/jpeg"}],"twitter_card":"summary_large_image","twitter_misc":{"Est. reading time":"1 minuta"},"schema":{"@context":"https:\/\/schema.org","@graph":[{"@type":"Organization","@id":"https:\/\/selleetools.com\/#organization","name":"Selleetools","url":"https:\/\/selleetools.com\/","sameAs":[],"logo":{"@type":"ImageObject","inLanguage":"pl-PL","@id":"https:\/\/selleetools.com\/#\/schema\/logo\/image\/","url":"https:\/\/selleetools.com\/wp-content\/uploads\/2021\/10\/logo-dark.png","contentUrl":"https:\/\/selleetools.com\/wp-content\/uploads\/2021\/10\/logo-dark.png","width":320,"height":76,"caption":"Selleetools"},"image":{"@id":"https:\/\/selleetools.com\/#\/schema\/logo\/image\/"}},{"@type":"WebSite","@id":"https:\/\/selleetools.com\/#website","url":"https:\/\/selleetools.com\/","name":"Selleetools.com","description":"","publisher":{"@id":"https:\/\/selleetools.com\/#organization"},"potentialAction":[{"@type":"SearchAction","target":{"@type":"EntryPoint","urlTemplate":"https:\/\/selleetools.com\/?s={search_term_string}"},"query-input":"required name=search_term_string"}],"inLanguage":"pl-PL"},{"@type":"WebPage","@id":"https:\/\/selleetools.com\/pl\/product\/nasiona-rukola-05g\/","url":"https:\/\/selleetools.com\/pl\/product\/nasiona-rukola-05g\/","name":"Nasiona Rukola, 0,5g - Selleetools.com","isPartOf":{"@id":"https:\/\/selleetools.com\/#website"},"datePublished":"2026-02-19T15:10:32+00:00","dateModified":"2026-04-15T15:16:50+00:00","breadcrumb":{"@id":"https:\/\/selleetools.com\/pl\/product\/nasiona-rukola-05g\/#breadcrumb"},"inLanguage":"pl-PL","potentialAction":[{"@type":"ReadAction","target":["https:\/\/selleetools.com\/pl\/product\/nasiona-rukola-05g\/"]}]},{"@type":"BreadcrumbList","@id":"https:\/\/selleetools.com\/pl\/product\/nasiona-rukola-05g\/#breadcrumb","itemListElement":[{"@type":"ListItem","position":1,"name":"Home","item":"https:\/\/selleetools.com\/pl\/"},{"@type":"ListItem","position":2,"name":"Katalog","item":"https:\/\/selleetools.com\/pl\/katalog\/"},{"@type":"ListItem","position":3,"name":"Nasiona Rukola, 0,5g"}]}]}},"_links":{"self":[{"href":"https:\/\/selleetools.com\/pl\/wp-json\/wp\/v2\/product\/673587"}],"collection":[{"href":"https:\/\/selleetools.com\/pl\/wp-json\/wp\/v2\/product"}],"about":[{"href":"https:\/\/selleetools.com\/pl\/wp-json\/wp\/v2\/types\/product"}],"replies":[{"embeddable":true,"href":"https:\/\/selleetools.com\/pl\/wp-json\/wp\/v2\/comments?post=673587"}],"wp:featuredmedia":[{"embeddable":true,"href":"https:\/\/selleetools.com\/pl\/wp-json\/wp\/v2\/media\/673585"}],"wp:attachment":[{"href":"https:\/\/selleetools.com\/pl\/wp-json\/wp\/v2\/media?parent=673587"}],"curies":[{"name":"wp","href":"https:\/\/api.w.org\/{rel}","templated":true}]}}