{"id":673578,"date":"2026-02-19T16:10:23","date_gmt":"2026-02-19T15:10:23","guid":{"rendered":"https:\/\/selleetools.com\/?post_type=product&#038;p=673578"},"modified":"2026-04-21T17:09:17","modified_gmt":"2026-04-21T15:09:17","slug":"nasiona-ogorek-gruntowy-korniszonowy-cornichon-5g","status":"publish","type":"product","link":"https:\/\/selleetools.com\/pl\/product\/nasiona-ogorek-gruntowy-korniszonowy-cornichon-5g\/","title":{"rendered":"Nasiona Og\u00f3rek gruntowy korniszonowy Cornichon, 5g"},"content":{"rendered":"<p>Cornichon de Paris to odmiana og\u00f3rka, kt\u00f3rego owoce najlepiej nadaj\u0105 si\u0119 na korniszony. Jest to typowa odmiana amatorska, nie potrzebuje szczeg\u00f3lnych stara\u0144 i jest niezwykle plenna, wi\u0119c naprawd\u0119 warto wprowadzi\u0107 j\u0105 do przydomowego ogr\u00f3dka. Tym bardziej, \u017ce w\u0142asnor\u0119cznie zakonserwowane og\u00f3rki b\u0119d\u0105 znacznie smaczniejsze i zdrowsze ni\u017c te, kt\u00f3re s\u0105 dost\u0119pne w sklepach.<br \/>\nTermin zbioru: Ta \u015brednio wczesna odmiana og\u00f3rka najcz\u0119\u015bciej dojrzewa w lipcu, jednak termin zbioru jest zale\u017cny od momentu wysiania i warunk\u00f3w uprawy, mo\u017ce wi\u0119c wypada\u0107 nawet do po\u0142owy wrze\u015bnia.<br \/>\nStanowisko: Og\u00f3rek tej odmiany najlepiej ro\u015bnie na stanowisku s\u0142onecznym i do\u015b\u0107 ciep\u0142ym. Ro\u015blina nie lubi podmok\u0142ego pod\u0142o\u017ca, wi\u0119c powinna by\u0107 sadzona na glebie przepuszczalnej. Najlepiej b\u0119dzie czu\u0142a si\u0119 na pod\u0142o\u017cu o wysokim poziomie pr\u00f3chnicy.<\/p>\n<p>Rozstawa: 80-100&#215;15 centymetr\u00f3w.<\/p>\n<p>Cornichon de Paris to odmiana og\u00f3rka, kt\u00f3rego owoce najlepiej nadaj\u0105 si\u0119 na korniszony. Jest to typowa odmiana amatorska, nie potrzebuje szczeg\u00f3lnych stara\u0144 i jest niezwykle plenna, wi\u0119c naprawd\u0119 warto wprowadzi\u0107 j\u0105 do przydomowego ogr\u00f3dka. Tym bardziej, \u017ce w\u0142asnor\u0119cznie zakonserwowane og\u00f3rki b\u0119d\u0105 znacznie smaczniejsze i zdrowsze ni\u017c te, kt\u00f3re s\u0105 dost\u0119pne w sklepach.<br \/>\nTermin zbioru: Ta \u015brednio wczesna odmiana og\u00f3rka najcz\u0119\u015bciej dojrzewa w lipcu, jednak termin zbioru jest zale\u017cny od momentu wysiania i warunk\u00f3w uprawy, mo\u017ce wi\u0119c wypada\u0107 nawet do po\u0142owy wrze\u015bnia.<br \/>\nStanowisko: Og\u00f3rek tej odmiany najlepiej ro\u015bnie na stanowisku s\u0142onecznym i do\u015b\u0107 ciep\u0142ym. Ro\u015blina nie lubi podmok\u0142ego pod\u0142o\u017ca, wi\u0119c powinna by\u0107 sadzona na glebie przepuszczalnej. Najlepiej b\u0119dzie czu\u0142a si\u0119 na pod\u0142o\u017cu o wysokim poziomie pr\u00f3chnicy.<\/p>\n<p>Rozstawa: 80-100&#215;15 centymetr\u00f3w.<\/p>\n","protected":false},"excerpt":{"rendered":"<p>Cornichon de Paris to odmiana og\u00f3rka, kt\u00f3rego owoce najlepiej nadaj\u0105 si\u0119 na korniszony. Jest to typowa odmiana amatorska, nie potrzebuje szczeg\u00f3lnych stara\u0144 i jest niezwykle plenna, wi\u0119c naprawd\u0119 warto wprowadzi\u0107 j\u0105 do przydomowego ogr\u00f3dka. Tym bardziej, \u017ce w\u0142asnor\u0119cznie zakonserwowane og\u00f3rki b\u0119d\u0105 znacznie smaczniejsze i zdrowsze ni\u017c te, kt\u00f3re s\u0105 dost\u0119pne w sklepach. Termin zbioru: Ta &#8230; <a title=\"Nasiona Og\u00f3rek gruntowy korniszonowy Cornichon, 5g\" class=\"read-more\" href=\"https:\/\/selleetools.com\/pl\/product\/nasiona-ogorek-gruntowy-korniszonowy-cornichon-5g\/\">Read more<span class=\"screen-reader-text\">Nasiona Og\u00f3rek gruntowy korniszonowy Cornichon, 5g<\/span><\/a><\/p>\n","protected":false},"featured_media":673576,"comment_status":"open","ping_status":"closed","template":"","meta":{"_links_to":"","_links_to_target":""},"yoast_head":"<!-- This site is optimized with the Yoast SEO plugin v19.4 - https:\/\/yoast.com\/wordpress\/plugins\/seo\/ -->\n<title>Nasiona Og\u00f3rek gruntowy korniszonowy Cornichon, 5g - Selleetools.com<\/title>\n<meta name=\"robots\" content=\"index, follow, max-snippet:-1, max-image-preview:large, max-video-preview:-1\" \/>\n<link rel=\"canonical\" href=\"https:\/\/admincentral.selleetools.com\/pl\/product\/nasiona-ogorek-gruntowy-korniszonowy-cornichon-5g\/\" \/>\n<meta property=\"og:locale\" content=\"pl_PL\" \/>\n<meta property=\"og:type\" content=\"article\" \/>\n<meta property=\"og:title\" content=\"Nasiona Og\u00f3rek gruntowy korniszonowy Cornichon, 5g - Selleetools.com\" \/>\n<meta property=\"og:description\" content=\"Cornichon de Paris to odmiana og\u00f3rka, kt\u00f3rego owoce najlepiej nadaj\u0105 si\u0119 na korniszony. Jest to typowa odmiana amatorska, nie potrzebuje szczeg\u00f3lnych stara\u0144 i jest niezwykle plenna, wi\u0119c naprawd\u0119 warto wprowadzi\u0107 j\u0105 do przydomowego ogr\u00f3dka. Tym bardziej, \u017ce w\u0142asnor\u0119cznie zakonserwowane og\u00f3rki b\u0119d\u0105 znacznie smaczniejsze i zdrowsze ni\u017c te, kt\u00f3re s\u0105 dost\u0119pne w sklepach. Termin zbioru: Ta ... Read moreNasiona Og\u00f3rek gruntowy korniszonowy Cornichon, 5g\" \/>\n<meta property=\"og:url\" content=\"https:\/\/admincentral.selleetools.com\/pl\/product\/nasiona-ogorek-gruntowy-korniszonowy-cornichon-5g\/\" \/>\n<meta property=\"og:site_name\" content=\"Selleetools.com\" \/>\n<meta property=\"article:modified_time\" content=\"2026-04-21T15:09:17+00:00\" \/>\n<meta property=\"og:image\" content=\"https:\/\/selleetools.com\/wp-content\/uploads\/2026\/02\/4dbaf40fb0011449904c6011a23831ae.png\" \/>\n\t<meta property=\"og:image:width\" content=\"425\" \/>\n\t<meta property=\"og:image:height\" content=\"796\" \/>\n\t<meta property=\"og:image:type\" content=\"image\/png\" \/>\n<meta name=\"twitter:card\" content=\"summary_large_image\" \/>\n<meta name=\"twitter:label1\" content=\"Est. reading time\" \/>\n\t<meta name=\"twitter:data1\" content=\"2 minuty\" \/>\n<!-- \/ Yoast SEO plugin. -->","yoast_head_json":{"title":"Nasiona Og\u00f3rek gruntowy korniszonowy Cornichon, 5g - Selleetools.com","robots":{"index":"index","follow":"follow","max-snippet":"max-snippet:-1","max-image-preview":"max-image-preview:large","max-video-preview":"max-video-preview:-1"},"canonical":"https:\/\/admincentral.selleetools.com\/pl\/product\/nasiona-ogorek-gruntowy-korniszonowy-cornichon-5g\/","og_locale":"pl_PL","og_type":"article","og_title":"Nasiona Og\u00f3rek gruntowy korniszonowy Cornichon, 5g - Selleetools.com","og_description":"Cornichon de Paris to odmiana og\u00f3rka, kt\u00f3rego owoce najlepiej nadaj\u0105 si\u0119 na korniszony. Jest to typowa odmiana amatorska, nie potrzebuje szczeg\u00f3lnych stara\u0144 i jest niezwykle plenna, wi\u0119c naprawd\u0119 warto wprowadzi\u0107 j\u0105 do przydomowego ogr\u00f3dka. Tym bardziej, \u017ce w\u0142asnor\u0119cznie zakonserwowane og\u00f3rki b\u0119d\u0105 znacznie smaczniejsze i zdrowsze ni\u017c te, kt\u00f3re s\u0105 dost\u0119pne w sklepach. Termin zbioru: Ta ... Read moreNasiona Og\u00f3rek gruntowy korniszonowy Cornichon, 5g","og_url":"https:\/\/admincentral.selleetools.com\/pl\/product\/nasiona-ogorek-gruntowy-korniszonowy-cornichon-5g\/","og_site_name":"Selleetools.com","article_modified_time":"2026-04-21T15:09:17+00:00","og_image":[{"width":425,"height":796,"url":"https:\/\/selleetools.com\/wp-content\/uploads\/2026\/02\/4dbaf40fb0011449904c6011a23831ae.png","type":"image\/png"}],"twitter_card":"summary_large_image","twitter_misc":{"Est. reading time":"2 minuty"},"schema":{"@context":"https:\/\/schema.org","@graph":[{"@type":"Organization","@id":"https:\/\/admincentral.selleetools.com\/pl\/#organization","name":"Selleetools","url":"https:\/\/admincentral.selleetools.com\/pl\/","sameAs":[],"logo":{"@type":"ImageObject","inLanguage":"pl-PL","@id":"https:\/\/admincentral.selleetools.com\/pl\/#\/schema\/logo\/image\/","url":"https:\/\/selleetools.com\/wp-content\/uploads\/2021\/10\/logo-dark.png","contentUrl":"https:\/\/selleetools.com\/wp-content\/uploads\/2021\/10\/logo-dark.png","width":320,"height":76,"caption":"Selleetools"},"image":{"@id":"https:\/\/admincentral.selleetools.com\/pl\/#\/schema\/logo\/image\/"}},{"@type":"WebSite","@id":"https:\/\/admincentral.selleetools.com\/pl\/#website","url":"https:\/\/admincentral.selleetools.com\/pl\/","name":"Selleetools.com","description":"","publisher":{"@id":"https:\/\/admincentral.selleetools.com\/pl\/#organization"},"potentialAction":[{"@type":"SearchAction","target":{"@type":"EntryPoint","urlTemplate":"https:\/\/admincentral.selleetools.com\/pl\/?s={search_term_string}"},"query-input":"required name=search_term_string"}],"inLanguage":"pl-PL"},{"@type":"WebPage","@id":"https:\/\/admincentral.selleetools.com\/pl\/product\/nasiona-ogorek-gruntowy-korniszonowy-cornichon-5g\/","url":"https:\/\/admincentral.selleetools.com\/pl\/product\/nasiona-ogorek-gruntowy-korniszonowy-cornichon-5g\/","name":"Nasiona Og\u00f3rek gruntowy korniszonowy Cornichon, 5g - Selleetools.com","isPartOf":{"@id":"https:\/\/admincentral.selleetools.com\/pl\/#website"},"datePublished":"2026-02-19T15:10:23+00:00","dateModified":"2026-04-21T15:09:17+00:00","breadcrumb":{"@id":"https:\/\/admincentral.selleetools.com\/pl\/product\/nasiona-ogorek-gruntowy-korniszonowy-cornichon-5g\/#breadcrumb"},"inLanguage":"pl-PL","potentialAction":[{"@type":"ReadAction","target":["https:\/\/admincentral.selleetools.com\/pl\/product\/nasiona-ogorek-gruntowy-korniszonowy-cornichon-5g\/"]}]},{"@type":"BreadcrumbList","@id":"https:\/\/admincentral.selleetools.com\/pl\/product\/nasiona-ogorek-gruntowy-korniszonowy-cornichon-5g\/#breadcrumb","itemListElement":[{"@type":"ListItem","position":1,"name":"Home","item":"https:\/\/admincentral.selleetools.com\/pl\/"},{"@type":"ListItem","position":2,"name":"Katalog","item":"https:\/\/selleetools.com\/pl\/katalog\/"},{"@type":"ListItem","position":3,"name":"Nasiona Og\u00f3rek gruntowy korniszonowy Cornichon, 5g"}]}]}},"_links":{"self":[{"href":"https:\/\/selleetools.com\/pl\/wp-json\/wp\/v2\/product\/673578"}],"collection":[{"href":"https:\/\/selleetools.com\/pl\/wp-json\/wp\/v2\/product"}],"about":[{"href":"https:\/\/selleetools.com\/pl\/wp-json\/wp\/v2\/types\/product"}],"replies":[{"embeddable":true,"href":"https:\/\/selleetools.com\/pl\/wp-json\/wp\/v2\/comments?post=673578"}],"wp:featuredmedia":[{"embeddable":true,"href":"https:\/\/selleetools.com\/pl\/wp-json\/wp\/v2\/media\/673576"}],"wp:attachment":[{"href":"https:\/\/selleetools.com\/pl\/wp-json\/wp\/v2\/media?parent=673578"}],"curies":[{"name":"wp","href":"https:\/\/api.w.org\/{rel}","templated":true}]}}