{"id":673561,"date":"2026-02-19T16:10:06","date_gmt":"2026-02-19T15:10:06","guid":{"rendered":"https:\/\/selleetools.com\/?post_type=product&#038;p=673561"},"modified":"2026-04-21T17:09:17","modified_gmt":"2026-04-21T15:09:17","slug":"nasiona-gipsowka-wytworna-rozowa-1g","status":"publish","type":"product","link":"https:\/\/selleetools.com\/pl\/product\/nasiona-gipsowka-wytworna-rozowa-1g\/","title":{"rendered":"Nasiona Gips\u00f3wka wytworna r\u00f3\u017cowa, 1g"},"content":{"rendered":"<section class=\"section\">\n<div class=\"item item-6\">\n<section class=\"text-item\">\n<h1>Gips\u00f3wka wytworna\u00a0r\u00f3\u017cowa 1 g<\/h1>\n<p>To wspania\u0142a ro\u015blina jednoroczna, rozkwitaj\u0105ca setkami drobnych,\u00a0<b>r\u00f3\u017cowych<\/b>\u00a0kwiatuszk\u00f3w o \u015brednicy nieprzekraczaj\u0105cej 2 cm, o kszta\u0142tach przypominaj\u0105cych\u00a0<b>czar\u0119<\/b>.<\/p>\n<p>Jej cienkie, delikatne, ale sztywne p\u0119dy osi\u0105gaj\u0105 do 50 cm d\u0142ugo\u015bci i bardzo silnie si\u0119 rozga\u0142\u0119ziaj\u0105, tworz\u0105c roz\u0142o\u017cyste, g\u0119ste k\u0119py.<\/p>\n<p>Funkcj\u0119 dekoracji pe\u0142ni\u0105 tak\u017ce szarawozielone, lancetowate li\u015bcie gips\u00f3wki.<\/p>\n<p>Kwiat odpowiedni:<\/p>\n<ul>\n<li>na rabaty,<\/li>\n<li>na skalne ogr\u00f3dki,<\/li>\n<li>jako kwiat ci\u0119ty, dope\u0142niaj\u0105ca bukiety.<\/li>\n<\/ul>\n<p>Kwitnie czerwiec -sierpie\u0144.<\/p>\n<\/section><\/div>\n<div class=\"item item-6\">\n<section class=\"image-item\"><img src=\"https:\/\/upload.cdn.baselinker.com\/products\/3028621\/30b6845138facb80bf82d3567d7270ec.jpg\"><\/section>\n<\/p><\/div>\n<\/section>\n<section class=\"section\">\n<div class=\"item item-6\">\n<section class=\"image-item\"><img src=\"https:\/\/upload.cdn.baselinker.com\/products\/3028621\/bd5cb97a47060ba43097fef64ba54441.jpg\"><\/section>\n<\/p><\/div>\n<div class=\"item item-6\">\n<section class=\"text-item\">\n<p><b>Spos\u00f3b wysiewu:<\/b><\/p>\n<ol>\n<li>Wysiew\u00a0<b>nasion<\/b>\u00a0w kwietniu do gruntu. Siewki przerwa\u0107 w odst\u0119pach 15-20cm.<\/li>\n<\/ol>\n<p><b>Gips\u00f3wka wytworna r\u00f3\u017cowa<\/b>\u00a0dobrze sprawdza si\u0119 w miejscach s\u0142onecznych, dobrze ro\u015bnie w suchej glebie chocia\u017c woli umiarkowan\u0105 wilgo\u0107.<\/p>\n<p>Kwitnienie czerwiec -sierpie\u0144<\/p>\n<\/section><\/div>\n<\/section>\n<section class=\"section\">\n<div class=\"item item-6\">\n<section class=\"image-item\"><img src=\"https:\/\/upload.cdn.baselinker.com\/products\/3028621\/30b6845138facb80bf82d3567d7270ec.jpg\"><\/section>\n<\/p><\/div>\n<div class=\"item item-6\">\n<section class=\"image-item\"><img src=\"https:\/\/upload.cdn.baselinker.com\/products\/3028621\/bd5cb97a47060ba43097fef64ba54441.jpg\"><\/section>\n<\/p><\/div>\n<\/section>\n","protected":false},"excerpt":{"rendered":"<p>Gips\u00f3wka wytworna\u00a0r\u00f3\u017cowa 1 g To wspania\u0142a ro\u015blina jednoroczna, rozkwitaj\u0105ca setkami drobnych,\u00a0r\u00f3\u017cowych\u00a0kwiatuszk\u00f3w o \u015brednicy nieprzekraczaj\u0105cej 2 cm, o kszta\u0142tach przypominaj\u0105cych\u00a0czar\u0119. Jej cienkie, delikatne, ale sztywne p\u0119dy osi\u0105gaj\u0105 do 50 cm d\u0142ugo\u015bci i bardzo silnie si\u0119 rozga\u0142\u0119ziaj\u0105, tworz\u0105c roz\u0142o\u017cyste, g\u0119ste k\u0119py. Funkcj\u0119 dekoracji pe\u0142ni\u0105 tak\u017ce szarawozielone, lancetowate li\u015bcie gips\u00f3wki. Kwiat odpowiedni: na rabaty, na skalne ogr\u00f3dki, jako &#8230; <a title=\"Nasiona Gips\u00f3wka wytworna r\u00f3\u017cowa, 1g\" class=\"read-more\" href=\"https:\/\/selleetools.com\/pl\/product\/nasiona-gipsowka-wytworna-rozowa-1g\/\">Read more<span class=\"screen-reader-text\">Nasiona Gips\u00f3wka wytworna r\u00f3\u017cowa, 1g<\/span><\/a><\/p>\n","protected":false},"featured_media":673557,"comment_status":"open","ping_status":"closed","template":"","meta":{"_links_to":"","_links_to_target":""},"yoast_head":"<!-- This site is optimized with the Yoast SEO plugin v19.4 - https:\/\/yoast.com\/wordpress\/plugins\/seo\/ -->\n<title>Nasiona Gips\u00f3wka wytworna r\u00f3\u017cowa, 1g - Selleetools.com<\/title>\n<meta name=\"robots\" content=\"index, follow, max-snippet:-1, max-image-preview:large, max-video-preview:-1\" \/>\n<link rel=\"canonical\" href=\"https:\/\/admincentral.selleetools.com\/pl\/product\/nasiona-gipsowka-wytworna-rozowa-1g\/\" \/>\n<meta property=\"og:locale\" content=\"pl_PL\" \/>\n<meta property=\"og:type\" content=\"article\" \/>\n<meta property=\"og:title\" content=\"Nasiona Gips\u00f3wka wytworna r\u00f3\u017cowa, 1g - Selleetools.com\" \/>\n<meta property=\"og:description\" content=\"Gips\u00f3wka wytworna\u00a0r\u00f3\u017cowa 1 g To wspania\u0142a ro\u015blina jednoroczna, rozkwitaj\u0105ca setkami drobnych,\u00a0r\u00f3\u017cowych\u00a0kwiatuszk\u00f3w o \u015brednicy nieprzekraczaj\u0105cej 2 cm, o kszta\u0142tach przypominaj\u0105cych\u00a0czar\u0119. Jej cienkie, delikatne, ale sztywne p\u0119dy osi\u0105gaj\u0105 do 50 cm d\u0142ugo\u015bci i bardzo silnie si\u0119 rozga\u0142\u0119ziaj\u0105, tworz\u0105c roz\u0142o\u017cyste, g\u0119ste k\u0119py. Funkcj\u0119 dekoracji pe\u0142ni\u0105 tak\u017ce szarawozielone, lancetowate li\u015bcie gips\u00f3wki. Kwiat odpowiedni: na rabaty, na skalne ogr\u00f3dki, jako ... Read moreNasiona Gips\u00f3wka wytworna r\u00f3\u017cowa, 1g\" \/>\n<meta property=\"og:url\" content=\"https:\/\/admincentral.selleetools.com\/pl\/product\/nasiona-gipsowka-wytworna-rozowa-1g\/\" \/>\n<meta property=\"og:site_name\" content=\"Selleetools.com\" \/>\n<meta property=\"article:modified_time\" content=\"2026-04-21T15:09:17+00:00\" \/>\n<meta property=\"og:image\" content=\"https:\/\/selleetools.com\/wp-content\/uploads\/2026\/02\/30b6845138facb80bf82d3567d7270ec.jpg\" \/>\n\t<meta property=\"og:image:width\" content=\"1007\" \/>\n\t<meta property=\"og:image:height\" content=\"1809\" \/>\n\t<meta property=\"og:image:type\" content=\"image\/jpeg\" \/>\n<meta name=\"twitter:card\" content=\"summary_large_image\" \/>\n<meta name=\"twitter:label1\" content=\"Est. reading time\" \/>\n\t<meta name=\"twitter:data1\" content=\"1 minuta\" \/>\n<!-- \/ Yoast SEO plugin. -->","yoast_head_json":{"title":"Nasiona Gips\u00f3wka wytworna r\u00f3\u017cowa, 1g - Selleetools.com","robots":{"index":"index","follow":"follow","max-snippet":"max-snippet:-1","max-image-preview":"max-image-preview:large","max-video-preview":"max-video-preview:-1"},"canonical":"https:\/\/admincentral.selleetools.com\/pl\/product\/nasiona-gipsowka-wytworna-rozowa-1g\/","og_locale":"pl_PL","og_type":"article","og_title":"Nasiona Gips\u00f3wka wytworna r\u00f3\u017cowa, 1g - Selleetools.com","og_description":"Gips\u00f3wka wytworna\u00a0r\u00f3\u017cowa 1 g To wspania\u0142a ro\u015blina jednoroczna, rozkwitaj\u0105ca setkami drobnych,\u00a0r\u00f3\u017cowych\u00a0kwiatuszk\u00f3w o \u015brednicy nieprzekraczaj\u0105cej 2 cm, o kszta\u0142tach przypominaj\u0105cych\u00a0czar\u0119. Jej cienkie, delikatne, ale sztywne p\u0119dy osi\u0105gaj\u0105 do 50 cm d\u0142ugo\u015bci i bardzo silnie si\u0119 rozga\u0142\u0119ziaj\u0105, tworz\u0105c roz\u0142o\u017cyste, g\u0119ste k\u0119py. Funkcj\u0119 dekoracji pe\u0142ni\u0105 tak\u017ce szarawozielone, lancetowate li\u015bcie gips\u00f3wki. Kwiat odpowiedni: na rabaty, na skalne ogr\u00f3dki, jako ... Read moreNasiona Gips\u00f3wka wytworna r\u00f3\u017cowa, 1g","og_url":"https:\/\/admincentral.selleetools.com\/pl\/product\/nasiona-gipsowka-wytworna-rozowa-1g\/","og_site_name":"Selleetools.com","article_modified_time":"2026-04-21T15:09:17+00:00","og_image":[{"width":1007,"height":1809,"url":"https:\/\/selleetools.com\/wp-content\/uploads\/2026\/02\/30b6845138facb80bf82d3567d7270ec.jpg","type":"image\/jpeg"}],"twitter_card":"summary_large_image","twitter_misc":{"Est. reading time":"1 minuta"},"schema":{"@context":"https:\/\/schema.org","@graph":[{"@type":"Organization","@id":"https:\/\/admincentral.selleetools.com\/pl\/#organization","name":"Selleetools","url":"https:\/\/admincentral.selleetools.com\/pl\/","sameAs":[],"logo":{"@type":"ImageObject","inLanguage":"pl-PL","@id":"https:\/\/admincentral.selleetools.com\/pl\/#\/schema\/logo\/image\/","url":"https:\/\/selleetools.com\/wp-content\/uploads\/2021\/10\/logo-dark.png","contentUrl":"https:\/\/selleetools.com\/wp-content\/uploads\/2021\/10\/logo-dark.png","width":320,"height":76,"caption":"Selleetools"},"image":{"@id":"https:\/\/admincentral.selleetools.com\/pl\/#\/schema\/logo\/image\/"}},{"@type":"WebSite","@id":"https:\/\/admincentral.selleetools.com\/pl\/#website","url":"https:\/\/admincentral.selleetools.com\/pl\/","name":"Selleetools.com","description":"","publisher":{"@id":"https:\/\/admincentral.selleetools.com\/pl\/#organization"},"potentialAction":[{"@type":"SearchAction","target":{"@type":"EntryPoint","urlTemplate":"https:\/\/admincentral.selleetools.com\/pl\/?s={search_term_string}"},"query-input":"required name=search_term_string"}],"inLanguage":"pl-PL"},{"@type":"WebPage","@id":"https:\/\/admincentral.selleetools.com\/pl\/product\/nasiona-gipsowka-wytworna-rozowa-1g\/","url":"https:\/\/admincentral.selleetools.com\/pl\/product\/nasiona-gipsowka-wytworna-rozowa-1g\/","name":"Nasiona Gips\u00f3wka wytworna r\u00f3\u017cowa, 1g - Selleetools.com","isPartOf":{"@id":"https:\/\/admincentral.selleetools.com\/pl\/#website"},"datePublished":"2026-02-19T15:10:06+00:00","dateModified":"2026-04-21T15:09:17+00:00","breadcrumb":{"@id":"https:\/\/admincentral.selleetools.com\/pl\/product\/nasiona-gipsowka-wytworna-rozowa-1g\/#breadcrumb"},"inLanguage":"pl-PL","potentialAction":[{"@type":"ReadAction","target":["https:\/\/admincentral.selleetools.com\/pl\/product\/nasiona-gipsowka-wytworna-rozowa-1g\/"]}]},{"@type":"BreadcrumbList","@id":"https:\/\/admincentral.selleetools.com\/pl\/product\/nasiona-gipsowka-wytworna-rozowa-1g\/#breadcrumb","itemListElement":[{"@type":"ListItem","position":1,"name":"Home","item":"https:\/\/admincentral.selleetools.com\/pl\/"},{"@type":"ListItem","position":2,"name":"Katalog","item":"https:\/\/selleetools.com\/pl\/katalog\/"},{"@type":"ListItem","position":3,"name":"Nasiona Gips\u00f3wka wytworna r\u00f3\u017cowa, 1g"}]}]}},"_links":{"self":[{"href":"https:\/\/selleetools.com\/pl\/wp-json\/wp\/v2\/product\/673561"}],"collection":[{"href":"https:\/\/selleetools.com\/pl\/wp-json\/wp\/v2\/product"}],"about":[{"href":"https:\/\/selleetools.com\/pl\/wp-json\/wp\/v2\/types\/product"}],"replies":[{"embeddable":true,"href":"https:\/\/selleetools.com\/pl\/wp-json\/wp\/v2\/comments?post=673561"}],"wp:featuredmedia":[{"embeddable":true,"href":"https:\/\/selleetools.com\/pl\/wp-json\/wp\/v2\/media\/673557"}],"wp:attachment":[{"href":"https:\/\/selleetools.com\/pl\/wp-json\/wp\/v2\/media?parent=673561"}],"curies":[{"name":"wp","href":"https:\/\/api.w.org\/{rel}","templated":true}]}}