{"id":673538,"date":"2026-02-19T16:09:46","date_gmt":"2026-02-19T15:09:46","guid":{"rendered":"https:\/\/selleetools.com\/?post_type=product&#038;p=673538"},"modified":"2026-04-15T17:16:57","modified_gmt":"2026-04-15T15:16:57","slug":"nasiona-roszponka-warzywna-verte-de-cambrai-2g","status":"publish","type":"product","link":"https:\/\/selleetools.com\/pl\/product\/nasiona-roszponka-warzywna-verte-de-cambrai-2g\/","title":{"rendered":"Nasiona Roszponka warzywna Verte de Cambrai, 2g"},"content":{"rendered":"<p>Seria nasion &#8221; Domowy Ogr\u00f3d&#8221; umo\u017cliwia stworzenie w\u0142asnego ogr\u00f3dka w doniczce, pojemniku lub skrzyce. Post\u0119puj\u0105c zgodnie z instrukcja znajdu\u0105c\u0105 si\u0119 na opakowniu przekonasz si\u0119 jak w \u0142atwy spos\u00f3b mo\u017ca uprawia\u0107 ro\u015bliny w mieszkaniu na balkonie czy tarasie. Bez potrzeby posiadania ogr\u00f3dka b\u0119dziesz mia\u0142 dost\u0119p do w\u0142asnych warzyw i zi\u00f3\u0142. Roszponka jest ro\u015blin\u0105 jednoroczn\u0105 o jajowatych li\u015bciach tworz\u0105cych rozet\u0119.<br \/>\nLi\u015bcie maj\u0105 przyjemny s\u0142odkawy smak i s\u0105 bogate w witaminy oraz sole mineralne.<br \/>\nWysiewaj nasiona od kwietnia do wrze\u015bnia. Zbieraj li\u015bcie od czerwca do listopada.<\/p>\n<p>Seria nasion &#8221; Domowy Ogr\u00f3d&#8221; umo\u017cliwia stworzenie w\u0142asnego ogr\u00f3dka w doniczce, pojemniku lub skrzyce. Post\u0119puj\u0105c zgodnie z instrukcja znajdu\u0105c\u0105 si\u0119 na opakowniu przekonasz si\u0119 jak w \u0142atwy spos\u00f3b mo\u017ca uprawia\u0107 ro\u015bliny w mieszkaniu na balkonie czy tarasie. Bez potrzeby posiadania ogr\u00f3dka b\u0119dziesz mia\u0142 dost\u0119p do w\u0142asnych warzyw i zi\u00f3\u0142. Roszponka jest ro\u015blin\u0105 jednoroczn\u0105 o jajowatych li\u015bciach tworz\u0105cych rozet\u0119.<br \/>\nLi\u015bcie maj\u0105 przyjemny s\u0142odkawy smak i s\u0105 bogate w witaminy oraz sole mineralne.<br \/>\nWysiewaj nasiona od kwietnia do wrze\u015bnia. Zbieraj li\u015bcie od czerwca do listopada.<\/p>\n","protected":false},"excerpt":{"rendered":"<p>Seria nasion &#8221; Domowy Ogr\u00f3d&#8221; umo\u017cliwia stworzenie w\u0142asnego ogr\u00f3dka w doniczce, pojemniku lub skrzyce. Post\u0119puj\u0105c zgodnie z instrukcja znajdu\u0105c\u0105 si\u0119 na opakowniu przekonasz si\u0119 jak w \u0142atwy spos\u00f3b mo\u017ca uprawia\u0107 ro\u015bliny w mieszkaniu na balkonie czy tarasie. Bez potrzeby posiadania ogr\u00f3dka b\u0119dziesz mia\u0142 dost\u0119p do w\u0142asnych warzyw i zi\u00f3\u0142. Roszponka jest ro\u015blin\u0105 jednoroczn\u0105 o jajowatych &#8230; <a title=\"Nasiona Roszponka warzywna Verte de Cambrai, 2g\" class=\"read-more\" href=\"https:\/\/selleetools.com\/pl\/product\/nasiona-roszponka-warzywna-verte-de-cambrai-2g\/\">Read more<span class=\"screen-reader-text\">Nasiona Roszponka warzywna Verte de Cambrai, 2g<\/span><\/a><\/p>\n","protected":false},"featured_media":673536,"comment_status":"open","ping_status":"closed","template":"","meta":{"_links_to":"","_links_to_target":""},"yoast_head":"<!-- This site is optimized with the Yoast SEO plugin v19.4 - https:\/\/yoast.com\/wordpress\/plugins\/seo\/ -->\n<title>Nasiona Roszponka warzywna Verte de Cambrai, 2g - Selleetools.com<\/title>\n<meta name=\"robots\" content=\"index, follow, max-snippet:-1, max-image-preview:large, max-video-preview:-1\" \/>\n<link rel=\"canonical\" href=\"https:\/\/selleetools.com\/pl\/product\/nasiona-roszponka-warzywna-verte-de-cambrai-2g\/\" \/>\n<meta property=\"og:locale\" content=\"pl_PL\" \/>\n<meta property=\"og:type\" content=\"article\" \/>\n<meta property=\"og:title\" content=\"Nasiona Roszponka warzywna Verte de Cambrai, 2g - Selleetools.com\" \/>\n<meta property=\"og:description\" content=\"Seria nasion &#8221; Domowy Ogr\u00f3d&#8221; umo\u017cliwia stworzenie w\u0142asnego ogr\u00f3dka w doniczce, pojemniku lub skrzyce. Post\u0119puj\u0105c zgodnie z instrukcja znajdu\u0105c\u0105 si\u0119 na opakowniu przekonasz si\u0119 jak w \u0142atwy spos\u00f3b mo\u017ca uprawia\u0107 ro\u015bliny w mieszkaniu na balkonie czy tarasie. Bez potrzeby posiadania ogr\u00f3dka b\u0119dziesz mia\u0142 dost\u0119p do w\u0142asnych warzyw i zi\u00f3\u0142. Roszponka jest ro\u015blin\u0105 jednoroczn\u0105 o jajowatych ... Read moreNasiona Roszponka warzywna Verte de Cambrai, 2g\" \/>\n<meta property=\"og:url\" content=\"https:\/\/selleetools.com\/pl\/product\/nasiona-roszponka-warzywna-verte-de-cambrai-2g\/\" \/>\n<meta property=\"og:site_name\" content=\"Selleetools.com\" \/>\n<meta property=\"article:modified_time\" content=\"2026-04-15T15:16:57+00:00\" \/>\n<meta property=\"og:image\" content=\"https:\/\/selleetools.com\/wp-content\/uploads\/2026\/02\/d3337bb3d72cbfc2d054248aa0a2bc58.jpg\" \/>\n\t<meta property=\"og:image:width\" content=\"1350\" \/>\n\t<meta property=\"og:image:height\" content=\"1880\" \/>\n\t<meta property=\"og:image:type\" content=\"image\/jpeg\" \/>\n<meta name=\"twitter:card\" content=\"summary_large_image\" \/>\n<meta name=\"twitter:label1\" content=\"Est. reading time\" \/>\n\t<meta name=\"twitter:data1\" content=\"1 minuta\" \/>\n<!-- \/ Yoast SEO plugin. -->","yoast_head_json":{"title":"Nasiona Roszponka warzywna Verte de Cambrai, 2g - Selleetools.com","robots":{"index":"index","follow":"follow","max-snippet":"max-snippet:-1","max-image-preview":"max-image-preview:large","max-video-preview":"max-video-preview:-1"},"canonical":"https:\/\/selleetools.com\/pl\/product\/nasiona-roszponka-warzywna-verte-de-cambrai-2g\/","og_locale":"pl_PL","og_type":"article","og_title":"Nasiona Roszponka warzywna Verte de Cambrai, 2g - Selleetools.com","og_description":"Seria nasion &#8221; Domowy Ogr\u00f3d&#8221; umo\u017cliwia stworzenie w\u0142asnego ogr\u00f3dka w doniczce, pojemniku lub skrzyce. Post\u0119puj\u0105c zgodnie z instrukcja znajdu\u0105c\u0105 si\u0119 na opakowniu przekonasz si\u0119 jak w \u0142atwy spos\u00f3b mo\u017ca uprawia\u0107 ro\u015bliny w mieszkaniu na balkonie czy tarasie. Bez potrzeby posiadania ogr\u00f3dka b\u0119dziesz mia\u0142 dost\u0119p do w\u0142asnych warzyw i zi\u00f3\u0142. Roszponka jest ro\u015blin\u0105 jednoroczn\u0105 o jajowatych ... Read moreNasiona Roszponka warzywna Verte de Cambrai, 2g","og_url":"https:\/\/selleetools.com\/pl\/product\/nasiona-roszponka-warzywna-verte-de-cambrai-2g\/","og_site_name":"Selleetools.com","article_modified_time":"2026-04-15T15:16:57+00:00","og_image":[{"width":1350,"height":1880,"url":"https:\/\/selleetools.com\/wp-content\/uploads\/2026\/02\/d3337bb3d72cbfc2d054248aa0a2bc58.jpg","type":"image\/jpeg"}],"twitter_card":"summary_large_image","twitter_misc":{"Est. reading time":"1 minuta"},"schema":{"@context":"https:\/\/schema.org","@graph":[{"@type":"Organization","@id":"https:\/\/selleetools.com\/#organization","name":"Selleetools","url":"https:\/\/selleetools.com\/","sameAs":[],"logo":{"@type":"ImageObject","inLanguage":"pl-PL","@id":"https:\/\/selleetools.com\/#\/schema\/logo\/image\/","url":"https:\/\/selleetools.com\/wp-content\/uploads\/2021\/10\/logo-dark.png","contentUrl":"https:\/\/selleetools.com\/wp-content\/uploads\/2021\/10\/logo-dark.png","width":320,"height":76,"caption":"Selleetools"},"image":{"@id":"https:\/\/selleetools.com\/#\/schema\/logo\/image\/"}},{"@type":"WebSite","@id":"https:\/\/selleetools.com\/#website","url":"https:\/\/selleetools.com\/","name":"Selleetools.com","description":"","publisher":{"@id":"https:\/\/selleetools.com\/#organization"},"potentialAction":[{"@type":"SearchAction","target":{"@type":"EntryPoint","urlTemplate":"https:\/\/selleetools.com\/?s={search_term_string}"},"query-input":"required name=search_term_string"}],"inLanguage":"pl-PL"},{"@type":"WebPage","@id":"https:\/\/selleetools.com\/pl\/product\/nasiona-roszponka-warzywna-verte-de-cambrai-2g\/","url":"https:\/\/selleetools.com\/pl\/product\/nasiona-roszponka-warzywna-verte-de-cambrai-2g\/","name":"Nasiona Roszponka warzywna Verte de Cambrai, 2g - Selleetools.com","isPartOf":{"@id":"https:\/\/selleetools.com\/#website"},"datePublished":"2026-02-19T15:09:46+00:00","dateModified":"2026-04-15T15:16:57+00:00","breadcrumb":{"@id":"https:\/\/selleetools.com\/pl\/product\/nasiona-roszponka-warzywna-verte-de-cambrai-2g\/#breadcrumb"},"inLanguage":"pl-PL","potentialAction":[{"@type":"ReadAction","target":["https:\/\/selleetools.com\/pl\/product\/nasiona-roszponka-warzywna-verte-de-cambrai-2g\/"]}]},{"@type":"BreadcrumbList","@id":"https:\/\/selleetools.com\/pl\/product\/nasiona-roszponka-warzywna-verte-de-cambrai-2g\/#breadcrumb","itemListElement":[{"@type":"ListItem","position":1,"name":"Home","item":"https:\/\/selleetools.com\/pl\/"},{"@type":"ListItem","position":2,"name":"Katalog","item":"https:\/\/selleetools.com\/pl\/katalog\/"},{"@type":"ListItem","position":3,"name":"Nasiona Roszponka warzywna Verte de Cambrai, 2g"}]}]}},"_links":{"self":[{"href":"https:\/\/selleetools.com\/pl\/wp-json\/wp\/v2\/product\/673538"}],"collection":[{"href":"https:\/\/selleetools.com\/pl\/wp-json\/wp\/v2\/product"}],"about":[{"href":"https:\/\/selleetools.com\/pl\/wp-json\/wp\/v2\/types\/product"}],"replies":[{"embeddable":true,"href":"https:\/\/selleetools.com\/pl\/wp-json\/wp\/v2\/comments?post=673538"}],"wp:featuredmedia":[{"embeddable":true,"href":"https:\/\/selleetools.com\/pl\/wp-json\/wp\/v2\/media\/673536"}],"wp:attachment":[{"href":"https:\/\/selleetools.com\/pl\/wp-json\/wp\/v2\/media?parent=673538"}],"curies":[{"name":"wp","href":"https:\/\/api.w.org\/{rel}","templated":true}]}}