{"id":673535,"date":"2026-02-19T16:09:42","date_gmt":"2026-02-19T15:09:42","guid":{"rendered":"https:\/\/selleetools.com\/?post_type=product&#038;p=673535"},"modified":"2026-04-15T17:16:57","modified_gmt":"2026-04-15T15:16:57","slug":"nasiona-papryka-slodka-california-wonder-czerwona","status":"publish","type":"product","link":"https:\/\/selleetools.com\/pl\/product\/nasiona-papryka-slodka-california-wonder-czerwona\/","title":{"rendered":"Nasiona Papryka s\u0142odka California Wonder, czerwona"},"content":{"rendered":"<p>Odmiana do uprawy w gruncie i pod os\u0142onami. Owoce typu blok \u015bredniej wielko\u015bci, o czerwonej sk\u00f3rce i mi\u0105\u017cszu<\/p>\n<p>Uprawa:<br \/>\nSadzi\u0107 nale\u017cy w gruncie w miejscach nas\u0142onecznionych, zacisznych na glebie pr\u00f3chniczej, pulchnej , przewiewnej , dobrze nagrzewaj\u0105cej si\u0119 i dostatecznie wilgotnej, na dobrze roz\u0142o\u017conym oborniku lub kompo\u015bcie. Wysiew w po\u0142owie marca na palety lub do skrzynek w szklarni. Siewki pikowa\u0107 do doniczek po roz\u0142o\u017ceniu li\u015bcnieni. Wysadza\u0107 do gruntu w ko\u0144cu maja w rozstawie 40&#215;40 cm lub 50&#215;30 cm. Nie wymaga ci\u0119cia ani palikowania.<\/p>\n<p>Opakowanie: 0,5g nasion<\/p>\n<p>Odmiana do uprawy w gruncie i pod os\u0142onami. Owoce typu blok \u015bredniej wielko\u015bci, o czerwonej sk\u00f3rce i mi\u0105\u017cszu<\/p>\n<p>Uprawa:<br \/>\nSadzi\u0107 nale\u017cy w gruncie w miejscach nas\u0142onecznionych, zacisznych na glebie pr\u00f3chniczej, pulchnej , przewiewnej , dobrze nagrzewaj\u0105cej si\u0119 i dostatecznie wilgotnej, na dobrze roz\u0142o\u017conym oborniku lub kompo\u015bcie. Wysiew w po\u0142owie marca na palety lub do skrzynek w szklarni. Siewki pikowa\u0107 do doniczek po roz\u0142o\u017ceniu li\u015bcnieni. Wysadza\u0107 do gruntu w ko\u0144cu maja w rozstawie 40&#215;40 cm lub 50&#215;30 cm. Nie wymaga ci\u0119cia ani palikowania.<\/p>\n<p>Opakowanie: 0,5g nasion<\/p>\n","protected":false},"excerpt":{"rendered":"<p>Odmiana do uprawy w gruncie i pod os\u0142onami. Owoce typu blok \u015bredniej wielko\u015bci, o czerwonej sk\u00f3rce i mi\u0105\u017cszu Uprawa: Sadzi\u0107 nale\u017cy w gruncie w miejscach nas\u0142onecznionych, zacisznych na glebie pr\u00f3chniczej, pulchnej , przewiewnej , dobrze nagrzewaj\u0105cej si\u0119 i dostatecznie wilgotnej, na dobrze roz\u0142o\u017conym oborniku lub kompo\u015bcie. Wysiew w po\u0142owie marca na palety lub do skrzynek &#8230; <a title=\"Nasiona Papryka s\u0142odka California Wonder, czerwona\" class=\"read-more\" href=\"https:\/\/selleetools.com\/pl\/product\/nasiona-papryka-slodka-california-wonder-czerwona\/\">Read more<span class=\"screen-reader-text\">Nasiona Papryka s\u0142odka California Wonder, czerwona<\/span><\/a><\/p>\n","protected":false},"featured_media":673533,"comment_status":"open","ping_status":"closed","template":"","meta":{"_links_to":"","_links_to_target":""},"yoast_head":"<!-- This site is optimized with the Yoast SEO plugin v19.4 - https:\/\/yoast.com\/wordpress\/plugins\/seo\/ -->\n<title>Nasiona Papryka s\u0142odka California Wonder, czerwona - Selleetools.com<\/title>\n<meta name=\"robots\" content=\"index, follow, max-snippet:-1, max-image-preview:large, max-video-preview:-1\" \/>\n<link rel=\"canonical\" href=\"https:\/\/selleetools.com\/pl\/product\/nasiona-papryka-slodka-california-wonder-czerwona\/\" \/>\n<meta property=\"og:locale\" content=\"pl_PL\" \/>\n<meta property=\"og:type\" content=\"article\" \/>\n<meta property=\"og:title\" content=\"Nasiona Papryka s\u0142odka California Wonder, czerwona - Selleetools.com\" \/>\n<meta property=\"og:description\" content=\"Odmiana do uprawy w gruncie i pod os\u0142onami. Owoce typu blok \u015bredniej wielko\u015bci, o czerwonej sk\u00f3rce i mi\u0105\u017cszu Uprawa: Sadzi\u0107 nale\u017cy w gruncie w miejscach nas\u0142onecznionych, zacisznych na glebie pr\u00f3chniczej, pulchnej , przewiewnej , dobrze nagrzewaj\u0105cej si\u0119 i dostatecznie wilgotnej, na dobrze roz\u0142o\u017conym oborniku lub kompo\u015bcie. Wysiew w po\u0142owie marca na palety lub do skrzynek ... Read moreNasiona Papryka s\u0142odka California Wonder, czerwona\" \/>\n<meta property=\"og:url\" content=\"https:\/\/selleetools.com\/pl\/product\/nasiona-papryka-slodka-california-wonder-czerwona\/\" \/>\n<meta property=\"og:site_name\" content=\"Selleetools.com\" \/>\n<meta property=\"article:modified_time\" content=\"2026-04-15T15:16:57+00:00\" \/>\n<meta property=\"og:image\" content=\"https:\/\/selleetools.com\/wp-content\/uploads\/2026\/02\/4e4180e7861b8f0624fdcb8e95aacbd8.png\" \/>\n\t<meta property=\"og:image:width\" content=\"431\" \/>\n\t<meta property=\"og:image:height\" content=\"807\" \/>\n\t<meta property=\"og:image:type\" content=\"image\/png\" \/>\n<meta name=\"twitter:card\" content=\"summary_large_image\" \/>\n<meta name=\"twitter:label1\" content=\"Est. reading time\" \/>\n\t<meta name=\"twitter:data1\" content=\"1 minuta\" \/>\n<!-- \/ Yoast SEO plugin. -->","yoast_head_json":{"title":"Nasiona Papryka s\u0142odka California Wonder, czerwona - Selleetools.com","robots":{"index":"index","follow":"follow","max-snippet":"max-snippet:-1","max-image-preview":"max-image-preview:large","max-video-preview":"max-video-preview:-1"},"canonical":"https:\/\/selleetools.com\/pl\/product\/nasiona-papryka-slodka-california-wonder-czerwona\/","og_locale":"pl_PL","og_type":"article","og_title":"Nasiona Papryka s\u0142odka California Wonder, czerwona - Selleetools.com","og_description":"Odmiana do uprawy w gruncie i pod os\u0142onami. Owoce typu blok \u015bredniej wielko\u015bci, o czerwonej sk\u00f3rce i mi\u0105\u017cszu Uprawa: Sadzi\u0107 nale\u017cy w gruncie w miejscach nas\u0142onecznionych, zacisznych na glebie pr\u00f3chniczej, pulchnej , przewiewnej , dobrze nagrzewaj\u0105cej si\u0119 i dostatecznie wilgotnej, na dobrze roz\u0142o\u017conym oborniku lub kompo\u015bcie. Wysiew w po\u0142owie marca na palety lub do skrzynek ... Read moreNasiona Papryka s\u0142odka California Wonder, czerwona","og_url":"https:\/\/selleetools.com\/pl\/product\/nasiona-papryka-slodka-california-wonder-czerwona\/","og_site_name":"Selleetools.com","article_modified_time":"2026-04-15T15:16:57+00:00","og_image":[{"width":431,"height":807,"url":"https:\/\/selleetools.com\/wp-content\/uploads\/2026\/02\/4e4180e7861b8f0624fdcb8e95aacbd8.png","type":"image\/png"}],"twitter_card":"summary_large_image","twitter_misc":{"Est. reading time":"1 minuta"},"schema":{"@context":"https:\/\/schema.org","@graph":[{"@type":"Organization","@id":"https:\/\/selleetools.com\/#organization","name":"Selleetools","url":"https:\/\/selleetools.com\/","sameAs":[],"logo":{"@type":"ImageObject","inLanguage":"pl-PL","@id":"https:\/\/selleetools.com\/#\/schema\/logo\/image\/","url":"https:\/\/selleetools.com\/wp-content\/uploads\/2021\/10\/logo-dark.png","contentUrl":"https:\/\/selleetools.com\/wp-content\/uploads\/2021\/10\/logo-dark.png","width":320,"height":76,"caption":"Selleetools"},"image":{"@id":"https:\/\/selleetools.com\/#\/schema\/logo\/image\/"}},{"@type":"WebSite","@id":"https:\/\/selleetools.com\/#website","url":"https:\/\/selleetools.com\/","name":"Selleetools.com","description":"","publisher":{"@id":"https:\/\/selleetools.com\/#organization"},"potentialAction":[{"@type":"SearchAction","target":{"@type":"EntryPoint","urlTemplate":"https:\/\/selleetools.com\/?s={search_term_string}"},"query-input":"required name=search_term_string"}],"inLanguage":"pl-PL"},{"@type":"WebPage","@id":"https:\/\/selleetools.com\/pl\/product\/nasiona-papryka-slodka-california-wonder-czerwona\/","url":"https:\/\/selleetools.com\/pl\/product\/nasiona-papryka-slodka-california-wonder-czerwona\/","name":"Nasiona Papryka s\u0142odka California Wonder, czerwona - Selleetools.com","isPartOf":{"@id":"https:\/\/selleetools.com\/#website"},"datePublished":"2026-02-19T15:09:42+00:00","dateModified":"2026-04-15T15:16:57+00:00","breadcrumb":{"@id":"https:\/\/selleetools.com\/pl\/product\/nasiona-papryka-slodka-california-wonder-czerwona\/#breadcrumb"},"inLanguage":"pl-PL","potentialAction":[{"@type":"ReadAction","target":["https:\/\/selleetools.com\/pl\/product\/nasiona-papryka-slodka-california-wonder-czerwona\/"]}]},{"@type":"BreadcrumbList","@id":"https:\/\/selleetools.com\/pl\/product\/nasiona-papryka-slodka-california-wonder-czerwona\/#breadcrumb","itemListElement":[{"@type":"ListItem","position":1,"name":"Home","item":"https:\/\/selleetools.com\/pl\/"},{"@type":"ListItem","position":2,"name":"Katalog","item":"https:\/\/selleetools.com\/pl\/katalog\/"},{"@type":"ListItem","position":3,"name":"Nasiona Papryka s\u0142odka California Wonder, czerwona"}]}]}},"_links":{"self":[{"href":"https:\/\/selleetools.com\/pl\/wp-json\/wp\/v2\/product\/673535"}],"collection":[{"href":"https:\/\/selleetools.com\/pl\/wp-json\/wp\/v2\/product"}],"about":[{"href":"https:\/\/selleetools.com\/pl\/wp-json\/wp\/v2\/types\/product"}],"replies":[{"embeddable":true,"href":"https:\/\/selleetools.com\/pl\/wp-json\/wp\/v2\/comments?post=673535"}],"wp:featuredmedia":[{"embeddable":true,"href":"https:\/\/selleetools.com\/pl\/wp-json\/wp\/v2\/media\/673533"}],"wp:attachment":[{"href":"https:\/\/selleetools.com\/pl\/wp-json\/wp\/v2\/media?parent=673535"}],"curies":[{"name":"wp","href":"https:\/\/api.w.org\/{rel}","templated":true}]}}