{"id":673532,"date":"2026-02-19T16:09:39","date_gmt":"2026-02-19T15:09:39","guid":{"rendered":"https:\/\/selleetools.com\/?post_type=product&#038;p=673532"},"modified":"2026-04-15T17:16:58","modified_gmt":"2026-04-15T15:16:58","slug":"nasiona-ogorek-gruntowy-salatkowy-delicius-5g","status":"publish","type":"product","link":"https:\/\/selleetools.com\/pl\/product\/nasiona-ogorek-gruntowy-salatkowy-delicius-5g\/","title":{"rendered":"Nasiona Og\u00f3rek gruntowy sa\u0142atkowy Delicius, 5g"},"content":{"rendered":"<p>Odmiana \u015brednio wczesna, plenna, bardzo smaczna, typowo sa\u0142atkowa, doskona\u0142a na sa\u0142atki i mro\u017conki. Odmiana \u015brednio wczesna, plenna, bardzo smaczna, typowo sa\u0142atkowa, doskona\u0142a na sa\u0142atki i mro\u017conki. Wysiew w II-III dekadzie maja w rz\u0119dy co 80-100 cm. sia\u0107 w rz\u0119dach pojedynczo lub gniazdowo po 2-3 nasiona co 15 cm. wymaga gleby silnie nawo\u017conej, zasobnej w wod\u0119, przepuszczalnej, ciep\u0142ej.<\/p>\n<p>Odmiana \u015brednio wczesna, plenna, bardzo smaczna, typowo sa\u0142atkowa, doskona\u0142a na sa\u0142atki i mro\u017conki. Odmiana \u015brednio wczesna, plenna, bardzo smaczna, typowo sa\u0142atkowa, doskona\u0142a na sa\u0142atki i mro\u017conki. Wysiew w II-III dekadzie maja w rz\u0119dy co 80-100 cm. sia\u0107 w rz\u0119dach pojedynczo lub gniazdowo po 2-3 nasiona co 15 cm. wymaga gleby silnie nawo\u017conej, zasobnej w wod\u0119, przepuszczalnej, ciep\u0142ej.<\/p>\n","protected":false},"excerpt":{"rendered":"<p>Odmiana \u015brednio wczesna, plenna, bardzo smaczna, typowo sa\u0142atkowa, doskona\u0142a na sa\u0142atki i mro\u017conki. Odmiana \u015brednio wczesna, plenna, bardzo smaczna, typowo sa\u0142atkowa, doskona\u0142a na sa\u0142atki i mro\u017conki. Wysiew w II-III dekadzie maja w rz\u0119dy co 80-100 cm. sia\u0107 w rz\u0119dach pojedynczo lub gniazdowo po 2-3 nasiona co 15 cm. wymaga gleby silnie nawo\u017conej, zasobnej w wod\u0119, &#8230; <a title=\"Nasiona Og\u00f3rek gruntowy sa\u0142atkowy Delicius, 5g\" class=\"read-more\" href=\"https:\/\/selleetools.com\/pl\/product\/nasiona-ogorek-gruntowy-salatkowy-delicius-5g\/\">Read more<span class=\"screen-reader-text\">Nasiona Og\u00f3rek gruntowy sa\u0142atkowy Delicius, 5g<\/span><\/a><\/p>\n","protected":false},"featured_media":673530,"comment_status":"open","ping_status":"closed","template":"","meta":{"_links_to":"","_links_to_target":""},"yoast_head":"<!-- This site is optimized with the Yoast SEO plugin v19.4 - https:\/\/yoast.com\/wordpress\/plugins\/seo\/ -->\n<title>Nasiona Og\u00f3rek gruntowy sa\u0142atkowy Delicius, 5g - Selleetools.com<\/title>\n<meta name=\"robots\" content=\"index, follow, max-snippet:-1, max-image-preview:large, max-video-preview:-1\" \/>\n<link rel=\"canonical\" href=\"https:\/\/selleetools.com\/pl\/product\/nasiona-ogorek-gruntowy-salatkowy-delicius-5g\/\" \/>\n<meta property=\"og:locale\" content=\"pl_PL\" \/>\n<meta property=\"og:type\" content=\"article\" \/>\n<meta property=\"og:title\" content=\"Nasiona Og\u00f3rek gruntowy sa\u0142atkowy Delicius, 5g - Selleetools.com\" \/>\n<meta property=\"og:description\" content=\"Odmiana \u015brednio wczesna, plenna, bardzo smaczna, typowo sa\u0142atkowa, doskona\u0142a na sa\u0142atki i mro\u017conki. Odmiana \u015brednio wczesna, plenna, bardzo smaczna, typowo sa\u0142atkowa, doskona\u0142a na sa\u0142atki i mro\u017conki. Wysiew w II-III dekadzie maja w rz\u0119dy co 80-100 cm. sia\u0107 w rz\u0119dach pojedynczo lub gniazdowo po 2-3 nasiona co 15 cm. wymaga gleby silnie nawo\u017conej, zasobnej w wod\u0119, ... Read moreNasiona Og\u00f3rek gruntowy sa\u0142atkowy Delicius, 5g\" \/>\n<meta property=\"og:url\" content=\"https:\/\/selleetools.com\/pl\/product\/nasiona-ogorek-gruntowy-salatkowy-delicius-5g\/\" \/>\n<meta property=\"og:site_name\" content=\"Selleetools.com\" \/>\n<meta property=\"article:modified_time\" content=\"2026-04-15T15:16:58+00:00\" \/>\n<meta property=\"og:image\" content=\"https:\/\/selleetools.com\/wp-content\/uploads\/2026\/02\/e23de306a1b0ad6ddf05974760c2a561.png\" \/>\n\t<meta property=\"og:image:width\" content=\"431\" \/>\n\t<meta property=\"og:image:height\" content=\"798\" \/>\n\t<meta property=\"og:image:type\" content=\"image\/png\" \/>\n<meta name=\"twitter:card\" content=\"summary_large_image\" \/>\n<meta name=\"twitter:label1\" content=\"Est. reading time\" \/>\n\t<meta name=\"twitter:data1\" content=\"1 minuta\" \/>\n<!-- \/ Yoast SEO plugin. -->","yoast_head_json":{"title":"Nasiona Og\u00f3rek gruntowy sa\u0142atkowy Delicius, 5g - Selleetools.com","robots":{"index":"index","follow":"follow","max-snippet":"max-snippet:-1","max-image-preview":"max-image-preview:large","max-video-preview":"max-video-preview:-1"},"canonical":"https:\/\/selleetools.com\/pl\/product\/nasiona-ogorek-gruntowy-salatkowy-delicius-5g\/","og_locale":"pl_PL","og_type":"article","og_title":"Nasiona Og\u00f3rek gruntowy sa\u0142atkowy Delicius, 5g - Selleetools.com","og_description":"Odmiana \u015brednio wczesna, plenna, bardzo smaczna, typowo sa\u0142atkowa, doskona\u0142a na sa\u0142atki i mro\u017conki. Odmiana \u015brednio wczesna, plenna, bardzo smaczna, typowo sa\u0142atkowa, doskona\u0142a na sa\u0142atki i mro\u017conki. Wysiew w II-III dekadzie maja w rz\u0119dy co 80-100 cm. sia\u0107 w rz\u0119dach pojedynczo lub gniazdowo po 2-3 nasiona co 15 cm. wymaga gleby silnie nawo\u017conej, zasobnej w wod\u0119, ... Read moreNasiona Og\u00f3rek gruntowy sa\u0142atkowy Delicius, 5g","og_url":"https:\/\/selleetools.com\/pl\/product\/nasiona-ogorek-gruntowy-salatkowy-delicius-5g\/","og_site_name":"Selleetools.com","article_modified_time":"2026-04-15T15:16:58+00:00","og_image":[{"width":431,"height":798,"url":"https:\/\/selleetools.com\/wp-content\/uploads\/2026\/02\/e23de306a1b0ad6ddf05974760c2a561.png","type":"image\/png"}],"twitter_card":"summary_large_image","twitter_misc":{"Est. reading time":"1 minuta"},"schema":{"@context":"https:\/\/schema.org","@graph":[{"@type":"Organization","@id":"https:\/\/selleetools.com\/#organization","name":"Selleetools","url":"https:\/\/selleetools.com\/","sameAs":[],"logo":{"@type":"ImageObject","inLanguage":"pl-PL","@id":"https:\/\/selleetools.com\/#\/schema\/logo\/image\/","url":"https:\/\/selleetools.com\/wp-content\/uploads\/2021\/10\/logo-dark.png","contentUrl":"https:\/\/selleetools.com\/wp-content\/uploads\/2021\/10\/logo-dark.png","width":320,"height":76,"caption":"Selleetools"},"image":{"@id":"https:\/\/selleetools.com\/#\/schema\/logo\/image\/"}},{"@type":"WebSite","@id":"https:\/\/selleetools.com\/#website","url":"https:\/\/selleetools.com\/","name":"Selleetools.com","description":"","publisher":{"@id":"https:\/\/selleetools.com\/#organization"},"potentialAction":[{"@type":"SearchAction","target":{"@type":"EntryPoint","urlTemplate":"https:\/\/selleetools.com\/?s={search_term_string}"},"query-input":"required name=search_term_string"}],"inLanguage":"pl-PL"},{"@type":"WebPage","@id":"https:\/\/selleetools.com\/pl\/product\/nasiona-ogorek-gruntowy-salatkowy-delicius-5g\/","url":"https:\/\/selleetools.com\/pl\/product\/nasiona-ogorek-gruntowy-salatkowy-delicius-5g\/","name":"Nasiona Og\u00f3rek gruntowy sa\u0142atkowy Delicius, 5g - Selleetools.com","isPartOf":{"@id":"https:\/\/selleetools.com\/#website"},"datePublished":"2026-02-19T15:09:39+00:00","dateModified":"2026-04-15T15:16:58+00:00","breadcrumb":{"@id":"https:\/\/selleetools.com\/pl\/product\/nasiona-ogorek-gruntowy-salatkowy-delicius-5g\/#breadcrumb"},"inLanguage":"pl-PL","potentialAction":[{"@type":"ReadAction","target":["https:\/\/selleetools.com\/pl\/product\/nasiona-ogorek-gruntowy-salatkowy-delicius-5g\/"]}]},{"@type":"BreadcrumbList","@id":"https:\/\/selleetools.com\/pl\/product\/nasiona-ogorek-gruntowy-salatkowy-delicius-5g\/#breadcrumb","itemListElement":[{"@type":"ListItem","position":1,"name":"Home","item":"https:\/\/selleetools.com\/pl\/"},{"@type":"ListItem","position":2,"name":"Katalog","item":"https:\/\/selleetools.com\/pl\/katalog\/"},{"@type":"ListItem","position":3,"name":"Nasiona Og\u00f3rek gruntowy sa\u0142atkowy Delicius, 5g"}]}]}},"_links":{"self":[{"href":"https:\/\/selleetools.com\/pl\/wp-json\/wp\/v2\/product\/673532"}],"collection":[{"href":"https:\/\/selleetools.com\/pl\/wp-json\/wp\/v2\/product"}],"about":[{"href":"https:\/\/selleetools.com\/pl\/wp-json\/wp\/v2\/types\/product"}],"replies":[{"embeddable":true,"href":"https:\/\/selleetools.com\/pl\/wp-json\/wp\/v2\/comments?post=673532"}],"wp:featuredmedia":[{"embeddable":true,"href":"https:\/\/selleetools.com\/pl\/wp-json\/wp\/v2\/media\/673530"}],"wp:attachment":[{"href":"https:\/\/selleetools.com\/pl\/wp-json\/wp\/v2\/media?parent=673532"}],"curies":[{"name":"wp","href":"https:\/\/api.w.org\/{rel}","templated":true}]}}