{"id":673529,"date":"2026-02-19T16:09:37","date_gmt":"2026-02-19T15:09:37","guid":{"rendered":"https:\/\/selleetools.com\/?post_type=product&#038;p=673529"},"modified":"2026-04-15T17:16:58","modified_gmt":"2026-04-15T15:16:58","slug":"nasiona-dynia-olbrzymia-bambino-pomaranczowa-4g","status":"publish","type":"product","link":"https:\/\/selleetools.com\/pl\/product\/nasiona-dynia-olbrzymia-bambino-pomaranczowa-4g\/","title":{"rendered":"Nasiona Dynia olbrzymia Bambino, pomara\u0144czowa, 4g"},"content":{"rendered":"<p>Odmiana bardzo plenna, \u015brednio wczesna, p\u0142o\u017c\u0105ca. Owoce kuliste, lekko sp\u0142aszczone o masie do 15 kg. Mi\u0105\u017csz ciemnopomara\u0144czowy, kruchy zawieraj\u0105cy du\u017co witaminy A i C. Sk\u00f3rka pomara\u0144czowa i delikatna z obecno\u015bci\u0105 szarej siateczki.<\/p>\n<p>Opakowanie zawiera 4 gramy nasion.<\/p>\n<p>Odmiana bardzo plenna, \u015brednio wczesna, p\u0142o\u017c\u0105ca. Owoce kuliste, lekko sp\u0142aszczone o masie do 15 kg. Mi\u0105\u017csz ciemnopomara\u0144czowy, kruchy zawieraj\u0105cy du\u017co witaminy A i C. Sk\u00f3rka pomara\u0144czowa i delikatna z obecno\u015bci\u0105 szarej siateczki.<\/p>\n<p>Opakowanie zawiera 4 gramy nasion.<\/p>\n","protected":false},"excerpt":{"rendered":"<p>Odmiana bardzo plenna, \u015brednio wczesna, p\u0142o\u017c\u0105ca. Owoce kuliste, lekko sp\u0142aszczone o masie do 15 kg. Mi\u0105\u017csz ciemnopomara\u0144czowy, kruchy zawieraj\u0105cy du\u017co witaminy A i C. Sk\u00f3rka pomara\u0144czowa i delikatna z obecno\u015bci\u0105 szarej siateczki. Opakowanie zawiera 4 gramy nasion. Odmiana bardzo plenna, \u015brednio wczesna, p\u0142o\u017c\u0105ca. Owoce kuliste, lekko sp\u0142aszczone o masie do 15 kg. Mi\u0105\u017csz ciemnopomara\u0144czowy, kruchy &#8230; <a title=\"Nasiona Dynia olbrzymia Bambino, pomara\u0144czowa, 4g\" class=\"read-more\" href=\"https:\/\/selleetools.com\/pl\/product\/nasiona-dynia-olbrzymia-bambino-pomaranczowa-4g\/\">Read more<span class=\"screen-reader-text\">Nasiona Dynia olbrzymia Bambino, pomara\u0144czowa, 4g<\/span><\/a><\/p>\n","protected":false},"featured_media":673527,"comment_status":"open","ping_status":"closed","template":"","meta":{"_links_to":"","_links_to_target":""},"yoast_head":"<!-- This site is optimized with the Yoast SEO plugin v19.4 - https:\/\/yoast.com\/wordpress\/plugins\/seo\/ -->\n<title>Nasiona Dynia olbrzymia Bambino, pomara\u0144czowa, 4g - Selleetools.com<\/title>\n<meta name=\"robots\" content=\"index, follow, max-snippet:-1, max-image-preview:large, max-video-preview:-1\" \/>\n<link rel=\"canonical\" href=\"https:\/\/selleetools.com\/pl\/product\/nasiona-dynia-olbrzymia-bambino-pomaranczowa-4g\/\" \/>\n<meta property=\"og:locale\" content=\"pl_PL\" \/>\n<meta property=\"og:type\" content=\"article\" \/>\n<meta property=\"og:title\" content=\"Nasiona Dynia olbrzymia Bambino, pomara\u0144czowa, 4g - Selleetools.com\" \/>\n<meta property=\"og:description\" content=\"Odmiana bardzo plenna, \u015brednio wczesna, p\u0142o\u017c\u0105ca. Owoce kuliste, lekko sp\u0142aszczone o masie do 15 kg. Mi\u0105\u017csz ciemnopomara\u0144czowy, kruchy zawieraj\u0105cy du\u017co witaminy A i C. Sk\u00f3rka pomara\u0144czowa i delikatna z obecno\u015bci\u0105 szarej siateczki. Opakowanie zawiera 4 gramy nasion. Odmiana bardzo plenna, \u015brednio wczesna, p\u0142o\u017c\u0105ca. Owoce kuliste, lekko sp\u0142aszczone o masie do 15 kg. Mi\u0105\u017csz ciemnopomara\u0144czowy, kruchy ... Read moreNasiona Dynia olbrzymia Bambino, pomara\u0144czowa, 4g\" \/>\n<meta property=\"og:url\" content=\"https:\/\/selleetools.com\/pl\/product\/nasiona-dynia-olbrzymia-bambino-pomaranczowa-4g\/\" \/>\n<meta property=\"og:site_name\" content=\"Selleetools.com\" \/>\n<meta property=\"article:modified_time\" content=\"2026-04-15T15:16:58+00:00\" \/>\n<meta property=\"og:image\" content=\"https:\/\/selleetools.com\/wp-content\/uploads\/2026\/02\/67dbd416f35ac488cc783561a2858826.jpg\" \/>\n\t<meta property=\"og:image:width\" content=\"1011\" \/>\n\t<meta property=\"og:image:height\" content=\"1814\" \/>\n\t<meta property=\"og:image:type\" content=\"image\/jpeg\" \/>\n<meta name=\"twitter:card\" content=\"summary_large_image\" \/>\n<!-- \/ Yoast SEO plugin. -->","yoast_head_json":{"title":"Nasiona Dynia olbrzymia Bambino, pomara\u0144czowa, 4g - Selleetools.com","robots":{"index":"index","follow":"follow","max-snippet":"max-snippet:-1","max-image-preview":"max-image-preview:large","max-video-preview":"max-video-preview:-1"},"canonical":"https:\/\/selleetools.com\/pl\/product\/nasiona-dynia-olbrzymia-bambino-pomaranczowa-4g\/","og_locale":"pl_PL","og_type":"article","og_title":"Nasiona Dynia olbrzymia Bambino, pomara\u0144czowa, 4g - Selleetools.com","og_description":"Odmiana bardzo plenna, \u015brednio wczesna, p\u0142o\u017c\u0105ca. Owoce kuliste, lekko sp\u0142aszczone o masie do 15 kg. Mi\u0105\u017csz ciemnopomara\u0144czowy, kruchy zawieraj\u0105cy du\u017co witaminy A i C. Sk\u00f3rka pomara\u0144czowa i delikatna z obecno\u015bci\u0105 szarej siateczki. Opakowanie zawiera 4 gramy nasion. Odmiana bardzo plenna, \u015brednio wczesna, p\u0142o\u017c\u0105ca. Owoce kuliste, lekko sp\u0142aszczone o masie do 15 kg. Mi\u0105\u017csz ciemnopomara\u0144czowy, kruchy ... Read moreNasiona Dynia olbrzymia Bambino, pomara\u0144czowa, 4g","og_url":"https:\/\/selleetools.com\/pl\/product\/nasiona-dynia-olbrzymia-bambino-pomaranczowa-4g\/","og_site_name":"Selleetools.com","article_modified_time":"2026-04-15T15:16:58+00:00","og_image":[{"width":1011,"height":1814,"url":"https:\/\/selleetools.com\/wp-content\/uploads\/2026\/02\/67dbd416f35ac488cc783561a2858826.jpg","type":"image\/jpeg"}],"twitter_card":"summary_large_image","schema":{"@context":"https:\/\/schema.org","@graph":[{"@type":"Organization","@id":"https:\/\/selleetools.com\/#organization","name":"Selleetools","url":"https:\/\/selleetools.com\/","sameAs":[],"logo":{"@type":"ImageObject","inLanguage":"pl-PL","@id":"https:\/\/selleetools.com\/#\/schema\/logo\/image\/","url":"https:\/\/selleetools.com\/wp-content\/uploads\/2021\/10\/logo-dark.png","contentUrl":"https:\/\/selleetools.com\/wp-content\/uploads\/2021\/10\/logo-dark.png","width":320,"height":76,"caption":"Selleetools"},"image":{"@id":"https:\/\/selleetools.com\/#\/schema\/logo\/image\/"}},{"@type":"WebSite","@id":"https:\/\/selleetools.com\/#website","url":"https:\/\/selleetools.com\/","name":"Selleetools.com","description":"","publisher":{"@id":"https:\/\/selleetools.com\/#organization"},"potentialAction":[{"@type":"SearchAction","target":{"@type":"EntryPoint","urlTemplate":"https:\/\/selleetools.com\/?s={search_term_string}"},"query-input":"required name=search_term_string"}],"inLanguage":"pl-PL"},{"@type":"WebPage","@id":"https:\/\/selleetools.com\/pl\/product\/nasiona-dynia-olbrzymia-bambino-pomaranczowa-4g\/","url":"https:\/\/selleetools.com\/pl\/product\/nasiona-dynia-olbrzymia-bambino-pomaranczowa-4g\/","name":"Nasiona Dynia olbrzymia Bambino, pomara\u0144czowa, 4g - Selleetools.com","isPartOf":{"@id":"https:\/\/selleetools.com\/#website"},"datePublished":"2026-02-19T15:09:37+00:00","dateModified":"2026-04-15T15:16:58+00:00","breadcrumb":{"@id":"https:\/\/selleetools.com\/pl\/product\/nasiona-dynia-olbrzymia-bambino-pomaranczowa-4g\/#breadcrumb"},"inLanguage":"pl-PL","potentialAction":[{"@type":"ReadAction","target":["https:\/\/selleetools.com\/pl\/product\/nasiona-dynia-olbrzymia-bambino-pomaranczowa-4g\/"]}]},{"@type":"BreadcrumbList","@id":"https:\/\/selleetools.com\/pl\/product\/nasiona-dynia-olbrzymia-bambino-pomaranczowa-4g\/#breadcrumb","itemListElement":[{"@type":"ListItem","position":1,"name":"Home","item":"https:\/\/selleetools.com\/pl\/"},{"@type":"ListItem","position":2,"name":"Katalog","item":"https:\/\/selleetools.com\/pl\/katalog\/"},{"@type":"ListItem","position":3,"name":"Nasiona Dynia olbrzymia Bambino, pomara\u0144czowa, 4g"}]}]}},"_links":{"self":[{"href":"https:\/\/selleetools.com\/pl\/wp-json\/wp\/v2\/product\/673529"}],"collection":[{"href":"https:\/\/selleetools.com\/pl\/wp-json\/wp\/v2\/product"}],"about":[{"href":"https:\/\/selleetools.com\/pl\/wp-json\/wp\/v2\/types\/product"}],"replies":[{"embeddable":true,"href":"https:\/\/selleetools.com\/pl\/wp-json\/wp\/v2\/comments?post=673529"}],"wp:featuredmedia":[{"embeddable":true,"href":"https:\/\/selleetools.com\/pl\/wp-json\/wp\/v2\/media\/673527"}],"wp:attachment":[{"href":"https:\/\/selleetools.com\/pl\/wp-json\/wp\/v2\/media?parent=673529"}],"curies":[{"name":"wp","href":"https:\/\/api.w.org\/{rel}","templated":true}]}}