{"id":673526,"date":"2026-02-19T16:09:34","date_gmt":"2026-02-19T15:09:34","guid":{"rendered":"https:\/\/selleetools.com\/?post_type=product&#038;p=673526"},"modified":"2026-04-15T17:16:58","modified_gmt":"2026-04-15T15:16:58","slug":"nasiona-fasola-szparagowa-karlowa-purple-fioletowa","status":"publish","type":"product","link":"https:\/\/selleetools.com\/pl\/product\/nasiona-fasola-szparagowa-karlowa-purple-fioletowa\/","title":{"rendered":"Nasiona Fasola szparagowa kar\u0142owa Purple fioletowa"},"content":{"rendered":"<p>Odmiana wcze\u015bnie i obficie plonuj\u0105ca. Str\u0105ki d\u0142ugie, bezw\u0142\u00f3kniste , lekko wygi\u0119te barwy fioletowej. Str\u0105ki po ugotowaniu zmieniaj\u0105 barw\u0119 na zielon\u0105. Polecana do uprawy amatorskiej. Doskona\u0142a do bezpo\u015bredniego spo\u017cycia, mro\u017cenia i konserwowania.<\/p>\n<p>Fasola szparagowa kar\u0142owa<br \/>\nOdmiana: Purple Teepe<br \/>\nLiczba dni od siewu do zbioru: 55-60<br \/>\nStr\u0105k d\u0142ugo\u015b\u0107\/ szeroko\u015b\u0107 [cm\/mm] 14\/10<br \/>\nBarwa: fioletowa<br \/>\nPrzydatno\u015b\u0107: bezpo\u015brednie spo\u017cycie &#8211; bardzo dobra, konserwowanie &#8211; dobra, mro\u017cenie \u2013 dobra<br \/>\nOdporno\u015b\u0107 na choroby: Wirus mozaiki fasoli, Antraknoza fasoli, Bakterioza fasoli<br \/>\nUwagi: str\u0105ki po ugotowaniu zmieniaj\u0105 barw\u0119 na zielon\u0105<\/p>\n<p>Uprawa:<br \/>\nWysiew od pocz\u0105tku maja do po\u0142owy lipca, w rozstawie 35-40 x 7-10 cm, na g\u0142\u0119boko\u015b\u0107 2-3 cm. Najlepiej plonuje w drugim roku po oborniku<br \/>\nOpakowanie: 30g + gratis 10g = 40g nasion<\/p>\n<p>Odmiana wcze\u015bnie i obficie plonuj\u0105ca. Str\u0105ki d\u0142ugie, bezw\u0142\u00f3kniste , lekko wygi\u0119te barwy fioletowej. Str\u0105ki po ugotowaniu zmieniaj\u0105 barw\u0119 na zielon\u0105. Polecana do uprawy amatorskiej. Doskona\u0142a do bezpo\u015bredniego spo\u017cycia, mro\u017cenia i konserwowania.<\/p>\n<p>Fasola szparagowa kar\u0142owa<br \/>\nOdmiana: Purple Teepe<br \/>\nLiczba dni od siewu do zbioru: 55-60<br \/>\nStr\u0105k d\u0142ugo\u015b\u0107\/ szeroko\u015b\u0107 [cm\/mm] 14\/10<br \/>\nBarwa: fioletowa<br \/>\nPrzydatno\u015b\u0107: bezpo\u015brednie spo\u017cycie &#8211; bardzo dobra, konserwowanie &#8211; dobra, mro\u017cenie \u2013 dobra<br \/>\nOdporno\u015b\u0107 na choroby: Wirus mozaiki fasoli, Antraknoza fasoli, Bakterioza fasoli<br \/>\nUwagi: str\u0105ki po ugotowaniu zmieniaj\u0105 barw\u0119 na zielon\u0105<\/p>\n<p>Uprawa:<br \/>\nWysiew od pocz\u0105tku maja do po\u0142owy lipca, w rozstawie 35-40 x 7-10 cm, na g\u0142\u0119boko\u015b\u0107 2-3 cm. Najlepiej plonuje w drugim roku po oborniku<br \/>\nOpakowanie: 30g + gratis 10g = 40g nasion<\/p>\n","protected":false},"excerpt":{"rendered":"<p>Odmiana wcze\u015bnie i obficie plonuj\u0105ca. Str\u0105ki d\u0142ugie, bezw\u0142\u00f3kniste , lekko wygi\u0119te barwy fioletowej. Str\u0105ki po ugotowaniu zmieniaj\u0105 barw\u0119 na zielon\u0105. Polecana do uprawy amatorskiej. Doskona\u0142a do bezpo\u015bredniego spo\u017cycia, mro\u017cenia i konserwowania. Fasola szparagowa kar\u0142owa Odmiana: Purple Teepe Liczba dni od siewu do zbioru: 55-60 Str\u0105k d\u0142ugo\u015b\u0107\/ szeroko\u015b\u0107 [cm\/mm] 14\/10 Barwa: fioletowa Przydatno\u015b\u0107: bezpo\u015brednie spo\u017cycie &#8211; &#8230; <a title=\"Nasiona Fasola szparagowa kar\u0142owa Purple fioletowa\" class=\"read-more\" href=\"https:\/\/selleetools.com\/pl\/product\/nasiona-fasola-szparagowa-karlowa-purple-fioletowa\/\">Read more<span class=\"screen-reader-text\">Nasiona Fasola szparagowa kar\u0142owa Purple fioletowa<\/span><\/a><\/p>\n","protected":false},"featured_media":673524,"comment_status":"open","ping_status":"closed","template":"","meta":{"_links_to":"","_links_to_target":""},"yoast_head":"<!-- This site is optimized with the Yoast SEO plugin v19.4 - https:\/\/yoast.com\/wordpress\/plugins\/seo\/ -->\n<title>Nasiona Fasola szparagowa kar\u0142owa Purple fioletowa - Selleetools.com<\/title>\n<meta name=\"robots\" content=\"index, follow, max-snippet:-1, max-image-preview:large, max-video-preview:-1\" \/>\n<link rel=\"canonical\" href=\"https:\/\/selleetools.com\/pl\/product\/nasiona-fasola-szparagowa-karlowa-purple-fioletowa\/\" \/>\n<meta property=\"og:locale\" content=\"pl_PL\" \/>\n<meta property=\"og:type\" content=\"article\" \/>\n<meta property=\"og:title\" content=\"Nasiona Fasola szparagowa kar\u0142owa Purple fioletowa - Selleetools.com\" \/>\n<meta property=\"og:description\" content=\"Odmiana wcze\u015bnie i obficie plonuj\u0105ca. Str\u0105ki d\u0142ugie, bezw\u0142\u00f3kniste , lekko wygi\u0119te barwy fioletowej. Str\u0105ki po ugotowaniu zmieniaj\u0105 barw\u0119 na zielon\u0105. Polecana do uprawy amatorskiej. Doskona\u0142a do bezpo\u015bredniego spo\u017cycia, mro\u017cenia i konserwowania. Fasola szparagowa kar\u0142owa Odmiana: Purple Teepe Liczba dni od siewu do zbioru: 55-60 Str\u0105k d\u0142ugo\u015b\u0107\/ szeroko\u015b\u0107 [cm\/mm] 14\/10 Barwa: fioletowa Przydatno\u015b\u0107: bezpo\u015brednie spo\u017cycie &#8211; ... Read moreNasiona Fasola szparagowa kar\u0142owa Purple fioletowa\" \/>\n<meta property=\"og:url\" content=\"https:\/\/selleetools.com\/pl\/product\/nasiona-fasola-szparagowa-karlowa-purple-fioletowa\/\" \/>\n<meta property=\"og:site_name\" content=\"Selleetools.com\" \/>\n<meta property=\"article:modified_time\" content=\"2026-04-15T15:16:58+00:00\" \/>\n<meta property=\"og:image\" content=\"https:\/\/selleetools.com\/wp-content\/uploads\/2026\/02\/fbd4ddd5153dc885911a7a223fd37ac8.jpg\" \/>\n\t<meta property=\"og:image:width\" content=\"1340\" \/>\n\t<meta property=\"og:image:height\" content=\"1869\" \/>\n\t<meta property=\"og:image:type\" content=\"image\/jpeg\" \/>\n<meta name=\"twitter:card\" content=\"summary_large_image\" \/>\n<meta name=\"twitter:label1\" content=\"Est. reading time\" \/>\n\t<meta name=\"twitter:data1\" content=\"1 minuta\" \/>\n<!-- \/ Yoast SEO plugin. -->","yoast_head_json":{"title":"Nasiona Fasola szparagowa kar\u0142owa Purple fioletowa - Selleetools.com","robots":{"index":"index","follow":"follow","max-snippet":"max-snippet:-1","max-image-preview":"max-image-preview:large","max-video-preview":"max-video-preview:-1"},"canonical":"https:\/\/selleetools.com\/pl\/product\/nasiona-fasola-szparagowa-karlowa-purple-fioletowa\/","og_locale":"pl_PL","og_type":"article","og_title":"Nasiona Fasola szparagowa kar\u0142owa Purple fioletowa - Selleetools.com","og_description":"Odmiana wcze\u015bnie i obficie plonuj\u0105ca. Str\u0105ki d\u0142ugie, bezw\u0142\u00f3kniste , lekko wygi\u0119te barwy fioletowej. Str\u0105ki po ugotowaniu zmieniaj\u0105 barw\u0119 na zielon\u0105. Polecana do uprawy amatorskiej. Doskona\u0142a do bezpo\u015bredniego spo\u017cycia, mro\u017cenia i konserwowania. Fasola szparagowa kar\u0142owa Odmiana: Purple Teepe Liczba dni od siewu do zbioru: 55-60 Str\u0105k d\u0142ugo\u015b\u0107\/ szeroko\u015b\u0107 [cm\/mm] 14\/10 Barwa: fioletowa Przydatno\u015b\u0107: bezpo\u015brednie spo\u017cycie &#8211; ... Read moreNasiona Fasola szparagowa kar\u0142owa Purple fioletowa","og_url":"https:\/\/selleetools.com\/pl\/product\/nasiona-fasola-szparagowa-karlowa-purple-fioletowa\/","og_site_name":"Selleetools.com","article_modified_time":"2026-04-15T15:16:58+00:00","og_image":[{"width":1340,"height":1869,"url":"https:\/\/selleetools.com\/wp-content\/uploads\/2026\/02\/fbd4ddd5153dc885911a7a223fd37ac8.jpg","type":"image\/jpeg"}],"twitter_card":"summary_large_image","twitter_misc":{"Est. reading time":"1 minuta"},"schema":{"@context":"https:\/\/schema.org","@graph":[{"@type":"Organization","@id":"https:\/\/selleetools.com\/#organization","name":"Selleetools","url":"https:\/\/selleetools.com\/","sameAs":[],"logo":{"@type":"ImageObject","inLanguage":"pl-PL","@id":"https:\/\/selleetools.com\/#\/schema\/logo\/image\/","url":"https:\/\/selleetools.com\/wp-content\/uploads\/2021\/10\/logo-dark.png","contentUrl":"https:\/\/selleetools.com\/wp-content\/uploads\/2021\/10\/logo-dark.png","width":320,"height":76,"caption":"Selleetools"},"image":{"@id":"https:\/\/selleetools.com\/#\/schema\/logo\/image\/"}},{"@type":"WebSite","@id":"https:\/\/selleetools.com\/#website","url":"https:\/\/selleetools.com\/","name":"Selleetools.com","description":"","publisher":{"@id":"https:\/\/selleetools.com\/#organization"},"potentialAction":[{"@type":"SearchAction","target":{"@type":"EntryPoint","urlTemplate":"https:\/\/selleetools.com\/?s={search_term_string}"},"query-input":"required name=search_term_string"}],"inLanguage":"pl-PL"},{"@type":"WebPage","@id":"https:\/\/selleetools.com\/pl\/product\/nasiona-fasola-szparagowa-karlowa-purple-fioletowa\/","url":"https:\/\/selleetools.com\/pl\/product\/nasiona-fasola-szparagowa-karlowa-purple-fioletowa\/","name":"Nasiona Fasola szparagowa kar\u0142owa Purple fioletowa - Selleetools.com","isPartOf":{"@id":"https:\/\/selleetools.com\/#website"},"datePublished":"2026-02-19T15:09:34+00:00","dateModified":"2026-04-15T15:16:58+00:00","breadcrumb":{"@id":"https:\/\/selleetools.com\/pl\/product\/nasiona-fasola-szparagowa-karlowa-purple-fioletowa\/#breadcrumb"},"inLanguage":"pl-PL","potentialAction":[{"@type":"ReadAction","target":["https:\/\/selleetools.com\/pl\/product\/nasiona-fasola-szparagowa-karlowa-purple-fioletowa\/"]}]},{"@type":"BreadcrumbList","@id":"https:\/\/selleetools.com\/pl\/product\/nasiona-fasola-szparagowa-karlowa-purple-fioletowa\/#breadcrumb","itemListElement":[{"@type":"ListItem","position":1,"name":"Home","item":"https:\/\/selleetools.com\/pl\/"},{"@type":"ListItem","position":2,"name":"Katalog","item":"https:\/\/selleetools.com\/pl\/katalog\/"},{"@type":"ListItem","position":3,"name":"Nasiona Fasola szparagowa kar\u0142owa Purple fioletowa"}]}]}},"_links":{"self":[{"href":"https:\/\/selleetools.com\/pl\/wp-json\/wp\/v2\/product\/673526"}],"collection":[{"href":"https:\/\/selleetools.com\/pl\/wp-json\/wp\/v2\/product"}],"about":[{"href":"https:\/\/selleetools.com\/pl\/wp-json\/wp\/v2\/types\/product"}],"replies":[{"embeddable":true,"href":"https:\/\/selleetools.com\/pl\/wp-json\/wp\/v2\/comments?post=673526"}],"wp:featuredmedia":[{"embeddable":true,"href":"https:\/\/selleetools.com\/pl\/wp-json\/wp\/v2\/media\/673524"}],"wp:attachment":[{"href":"https:\/\/selleetools.com\/pl\/wp-json\/wp\/v2\/media?parent=673526"}],"curies":[{"name":"wp","href":"https:\/\/api.w.org\/{rel}","templated":true}]}}