{"id":673514,"date":"2026-02-19T16:09:19","date_gmt":"2026-02-19T15:09:19","guid":{"rendered":"https:\/\/selleetools.com\/?post_type=product&#038;p=673514"},"modified":"2026-04-15T17:17:00","modified_gmt":"2026-04-15T15:17:00","slug":"nasiona-rzodkiewka-carmen-okragla-czerwona-10g","status":"publish","type":"product","link":"https:\/\/selleetools.com\/pl\/product\/nasiona-rzodkiewka-carmen-okragla-czerwona-10g\/","title":{"rendered":"Nasiona Rzodkiewka Carmen &#8211; okr\u0105g\u0142a, czerwona, 10g"},"content":{"rendered":"<p>worzy grube kuliste zgrubienia barwy czerwonej. Przeznaczona do upraw w gruncie i pod os\u0142onami. Mi\u0105\u017csz \u0142agodny.<\/p>\n<p>Odmiana: Carmen<br \/>\nWczesno\u015b\u0107: \u015brednio wczesna<br \/>\nZgrubienie: kuliste<br \/>\nBarwa sk\u00f3rki: karminowoczerwona<br \/>\nSmak: \u0142agodny<br \/>\nOdporno\u015b\u0107 na parcenie: du\u017ca<br \/>\nPrzydatno\u015b\u0107 grunt\/os\u0142ony: bardzo dobra\/dobra<br \/>\nUwagi: d\u0142ugo utrzymuje warto\u015b\u0107 konsumpcyjn\u0105, du\u017ce rozmiary zgrubie\u0144<\/p>\n<p>Uprawa:<br \/>\nWysiew rozpocz\u0105\u0107 wczesn\u0105 wiosn\u0105 jak tylko ziemia obeschnie i powtarza\u0107 co 2 tygodnie do ko\u0144ca maja dla uzyskania ci\u0105g\u0142o\u015bci zbior\u00f3w. Na jesienny zbi\u00f3r wysiew w sierpniu. Rozstaw rz\u0119d\u00f3w 10-20cm. Unika\u0107 \u015bwie\u017cego obornika. Mo\u017ce by\u0107 uprawiana jako przed, \u015br\u00f3d- i poplon<br \/>\nOpakowanie: 10g nasion<\/p>\n<p>worzy grube kuliste zgrubienia barwy czerwonej. Przeznaczona do upraw w gruncie i pod os\u0142onami. Mi\u0105\u017csz \u0142agodny.<\/p>\n<p>Odmiana: Carmen<br \/>\nWczesno\u015b\u0107: \u015brednio wczesna<br \/>\nZgrubienie: kuliste<br \/>\nBarwa sk\u00f3rki: karminowoczerwona<br \/>\nSmak: \u0142agodny<br \/>\nOdporno\u015b\u0107 na parcenie: du\u017ca<br \/>\nPrzydatno\u015b\u0107 grunt\/os\u0142ony: bardzo dobra\/dobra<br \/>\nUwagi: d\u0142ugo utrzymuje warto\u015b\u0107 konsumpcyjn\u0105, du\u017ce rozmiary zgrubie\u0144<\/p>\n<p>Uprawa:<br \/>\nWysiew rozpocz\u0105\u0107 wczesn\u0105 wiosn\u0105 jak tylko ziemia obeschnie i powtarza\u0107 co 2 tygodnie do ko\u0144ca maja dla uzyskania ci\u0105g\u0142o\u015bci zbior\u00f3w. Na jesienny zbi\u00f3r wysiew w sierpniu. Rozstaw rz\u0119d\u00f3w 10-20cm. Unika\u0107 \u015bwie\u017cego obornika. Mo\u017ce by\u0107 uprawiana jako przed, \u015br\u00f3d- i poplon<br \/>\nOpakowanie: 10g nasion<\/p>\n","protected":false},"excerpt":{"rendered":"<p>worzy grube kuliste zgrubienia barwy czerwonej. Przeznaczona do upraw w gruncie i pod os\u0142onami. Mi\u0105\u017csz \u0142agodny. Odmiana: Carmen Wczesno\u015b\u0107: \u015brednio wczesna Zgrubienie: kuliste Barwa sk\u00f3rki: karminowoczerwona Smak: \u0142agodny Odporno\u015b\u0107 na parcenie: du\u017ca Przydatno\u015b\u0107 grunt\/os\u0142ony: bardzo dobra\/dobra Uwagi: d\u0142ugo utrzymuje warto\u015b\u0107 konsumpcyjn\u0105, du\u017ce rozmiary zgrubie\u0144 Uprawa: Wysiew rozpocz\u0105\u0107 wczesn\u0105 wiosn\u0105 jak tylko ziemia obeschnie i powtarza\u0107 &#8230; <a title=\"Nasiona Rzodkiewka Carmen &#8211; okr\u0105g\u0142a, czerwona, 10g\" class=\"read-more\" href=\"https:\/\/selleetools.com\/pl\/product\/nasiona-rzodkiewka-carmen-okragla-czerwona-10g\/\">Read more<span class=\"screen-reader-text\">Nasiona Rzodkiewka Carmen &#8211; okr\u0105g\u0142a, czerwona, 10g<\/span><\/a><\/p>\n","protected":false},"featured_media":673512,"comment_status":"open","ping_status":"closed","template":"","meta":{"_links_to":"","_links_to_target":""},"yoast_head":"<!-- This site is optimized with the Yoast SEO plugin v19.4 - https:\/\/yoast.com\/wordpress\/plugins\/seo\/ -->\n<title>Nasiona Rzodkiewka Carmen - okr\u0105g\u0142a, czerwona, 10g - Selleetools.com<\/title>\n<meta name=\"robots\" content=\"index, follow, max-snippet:-1, max-image-preview:large, max-video-preview:-1\" \/>\n<link rel=\"canonical\" href=\"https:\/\/selleetools.com\/pl\/product\/nasiona-rzodkiewka-carmen-okragla-czerwona-10g\/\" \/>\n<meta property=\"og:locale\" content=\"pl_PL\" \/>\n<meta property=\"og:type\" content=\"article\" \/>\n<meta property=\"og:title\" content=\"Nasiona Rzodkiewka Carmen - okr\u0105g\u0142a, czerwona, 10g - Selleetools.com\" \/>\n<meta property=\"og:description\" content=\"worzy grube kuliste zgrubienia barwy czerwonej. Przeznaczona do upraw w gruncie i pod os\u0142onami. Mi\u0105\u017csz \u0142agodny. Odmiana: Carmen Wczesno\u015b\u0107: \u015brednio wczesna Zgrubienie: kuliste Barwa sk\u00f3rki: karminowoczerwona Smak: \u0142agodny Odporno\u015b\u0107 na parcenie: du\u017ca Przydatno\u015b\u0107 grunt\/os\u0142ony: bardzo dobra\/dobra Uwagi: d\u0142ugo utrzymuje warto\u015b\u0107 konsumpcyjn\u0105, du\u017ce rozmiary zgrubie\u0144 Uprawa: Wysiew rozpocz\u0105\u0107 wczesn\u0105 wiosn\u0105 jak tylko ziemia obeschnie i powtarza\u0107 ... Read moreNasiona Rzodkiewka Carmen &#8211; okr\u0105g\u0142a, czerwona, 10g\" \/>\n<meta property=\"og:url\" content=\"https:\/\/selleetools.com\/pl\/product\/nasiona-rzodkiewka-carmen-okragla-czerwona-10g\/\" \/>\n<meta property=\"og:site_name\" content=\"Selleetools.com\" \/>\n<meta property=\"article:modified_time\" content=\"2026-04-15T15:17:00+00:00\" \/>\n<meta property=\"og:image\" content=\"https:\/\/selleetools.com\/wp-content\/uploads\/2026\/02\/b077ffa94bd11167f7f2cf005d1b2c01.png\" \/>\n\t<meta property=\"og:image:width\" content=\"422\" \/>\n\t<meta property=\"og:image:height\" content=\"796\" \/>\n\t<meta property=\"og:image:type\" content=\"image\/png\" \/>\n<meta name=\"twitter:card\" content=\"summary_large_image\" \/>\n<meta name=\"twitter:label1\" content=\"Est. reading time\" \/>\n\t<meta name=\"twitter:data1\" content=\"1 minuta\" \/>\n<!-- \/ Yoast SEO plugin. -->","yoast_head_json":{"title":"Nasiona Rzodkiewka Carmen - okr\u0105g\u0142a, czerwona, 10g - Selleetools.com","robots":{"index":"index","follow":"follow","max-snippet":"max-snippet:-1","max-image-preview":"max-image-preview:large","max-video-preview":"max-video-preview:-1"},"canonical":"https:\/\/selleetools.com\/pl\/product\/nasiona-rzodkiewka-carmen-okragla-czerwona-10g\/","og_locale":"pl_PL","og_type":"article","og_title":"Nasiona Rzodkiewka Carmen - okr\u0105g\u0142a, czerwona, 10g - Selleetools.com","og_description":"worzy grube kuliste zgrubienia barwy czerwonej. Przeznaczona do upraw w gruncie i pod os\u0142onami. Mi\u0105\u017csz \u0142agodny. Odmiana: Carmen Wczesno\u015b\u0107: \u015brednio wczesna Zgrubienie: kuliste Barwa sk\u00f3rki: karminowoczerwona Smak: \u0142agodny Odporno\u015b\u0107 na parcenie: du\u017ca Przydatno\u015b\u0107 grunt\/os\u0142ony: bardzo dobra\/dobra Uwagi: d\u0142ugo utrzymuje warto\u015b\u0107 konsumpcyjn\u0105, du\u017ce rozmiary zgrubie\u0144 Uprawa: Wysiew rozpocz\u0105\u0107 wczesn\u0105 wiosn\u0105 jak tylko ziemia obeschnie i powtarza\u0107 ... Read moreNasiona Rzodkiewka Carmen &#8211; okr\u0105g\u0142a, czerwona, 10g","og_url":"https:\/\/selleetools.com\/pl\/product\/nasiona-rzodkiewka-carmen-okragla-czerwona-10g\/","og_site_name":"Selleetools.com","article_modified_time":"2026-04-15T15:17:00+00:00","og_image":[{"width":422,"height":796,"url":"https:\/\/selleetools.com\/wp-content\/uploads\/2026\/02\/b077ffa94bd11167f7f2cf005d1b2c01.png","type":"image\/png"}],"twitter_card":"summary_large_image","twitter_misc":{"Est. reading time":"1 minuta"},"schema":{"@context":"https:\/\/schema.org","@graph":[{"@type":"Organization","@id":"https:\/\/selleetools.com\/#organization","name":"Selleetools","url":"https:\/\/selleetools.com\/","sameAs":[],"logo":{"@type":"ImageObject","inLanguage":"pl-PL","@id":"https:\/\/selleetools.com\/#\/schema\/logo\/image\/","url":"https:\/\/selleetools.com\/wp-content\/uploads\/2021\/10\/logo-dark.png","contentUrl":"https:\/\/selleetools.com\/wp-content\/uploads\/2021\/10\/logo-dark.png","width":320,"height":76,"caption":"Selleetools"},"image":{"@id":"https:\/\/selleetools.com\/#\/schema\/logo\/image\/"}},{"@type":"WebSite","@id":"https:\/\/selleetools.com\/#website","url":"https:\/\/selleetools.com\/","name":"Selleetools.com","description":"","publisher":{"@id":"https:\/\/selleetools.com\/#organization"},"potentialAction":[{"@type":"SearchAction","target":{"@type":"EntryPoint","urlTemplate":"https:\/\/selleetools.com\/?s={search_term_string}"},"query-input":"required name=search_term_string"}],"inLanguage":"pl-PL"},{"@type":"WebPage","@id":"https:\/\/selleetools.com\/pl\/product\/nasiona-rzodkiewka-carmen-okragla-czerwona-10g\/","url":"https:\/\/selleetools.com\/pl\/product\/nasiona-rzodkiewka-carmen-okragla-czerwona-10g\/","name":"Nasiona Rzodkiewka Carmen - okr\u0105g\u0142a, czerwona, 10g - Selleetools.com","isPartOf":{"@id":"https:\/\/selleetools.com\/#website"},"datePublished":"2026-02-19T15:09:19+00:00","dateModified":"2026-04-15T15:17:00+00:00","breadcrumb":{"@id":"https:\/\/selleetools.com\/pl\/product\/nasiona-rzodkiewka-carmen-okragla-czerwona-10g\/#breadcrumb"},"inLanguage":"pl-PL","potentialAction":[{"@type":"ReadAction","target":["https:\/\/selleetools.com\/pl\/product\/nasiona-rzodkiewka-carmen-okragla-czerwona-10g\/"]}]},{"@type":"BreadcrumbList","@id":"https:\/\/selleetools.com\/pl\/product\/nasiona-rzodkiewka-carmen-okragla-czerwona-10g\/#breadcrumb","itemListElement":[{"@type":"ListItem","position":1,"name":"Home","item":"https:\/\/selleetools.com\/pl\/"},{"@type":"ListItem","position":2,"name":"Katalog","item":"https:\/\/selleetools.com\/pl\/katalog\/"},{"@type":"ListItem","position":3,"name":"Nasiona Rzodkiewka Carmen &#8211; okr\u0105g\u0142a, czerwona, 10g"}]}]}},"_links":{"self":[{"href":"https:\/\/selleetools.com\/pl\/wp-json\/wp\/v2\/product\/673514"}],"collection":[{"href":"https:\/\/selleetools.com\/pl\/wp-json\/wp\/v2\/product"}],"about":[{"href":"https:\/\/selleetools.com\/pl\/wp-json\/wp\/v2\/types\/product"}],"replies":[{"embeddable":true,"href":"https:\/\/selleetools.com\/pl\/wp-json\/wp\/v2\/comments?post=673514"}],"wp:featuredmedia":[{"embeddable":true,"href":"https:\/\/selleetools.com\/pl\/wp-json\/wp\/v2\/media\/673512"}],"wp:attachment":[{"href":"https:\/\/selleetools.com\/pl\/wp-json\/wp\/v2\/media?parent=673514"}],"curies":[{"name":"wp","href":"https:\/\/api.w.org\/{rel}","templated":true}]}}