{"id":673511,"date":"2026-02-19T16:09:16","date_gmt":"2026-02-19T15:09:16","guid":{"rendered":"https:\/\/selleetools.com\/?post_type=product&#038;p=673511"},"modified":"2026-04-15T17:17:01","modified_gmt":"2026-04-15T15:17:01","slug":"nasiona-rzodkiewka-opolanka-czerwona-biala-10g","status":"publish","type":"product","link":"https:\/\/selleetools.com\/pl\/product\/nasiona-rzodkiewka-opolanka-czerwona-biala-10g\/","title":{"rendered":"Nasiona Rzodkiewka Opolanka, czerwona-bia\u0142a, 10g"},"content":{"rendered":"<p>Odmiana do uprawy pod os\u0142onami i w gruncie. Tworzy cylindryczne, szkar\u0142atnoczerwone zgrubienia z niewielk\u0105 bia\u0142\u0105 plamk\u0105 na ko\u0144cu, o bia\u0142ym, soczystym mi\u0105\u017cszu.<\/p>\n<p>Wysiew rozpocz\u0105\u0107 wczesn\u0105 wiosn\u0105 jak tylko ziemia obeschnie i powtarza\u0107 co dwa tygodnie do ko\u0144ca maja dla uzyskania ci\u0105g\u0142o\u015bci zbior\u00f3w.<\/p>\n<p>Odmiana do uprawy pod os\u0142onami i w gruncie. Tworzy cylindryczne, szkar\u0142atnoczerwone zgrubienia z niewielk\u0105 bia\u0142\u0105 plamk\u0105 na ko\u0144cu, o bia\u0142ym, soczystym mi\u0105\u017cszu.<\/p>\n<p>Wysiew rozpocz\u0105\u0107 wczesn\u0105 wiosn\u0105 jak tylko ziemia obeschnie i powtarza\u0107 co dwa tygodnie do ko\u0144ca maja dla uzyskania ci\u0105g\u0142o\u015bci zbior\u00f3w.<\/p>\n","protected":false},"excerpt":{"rendered":"<p>Odmiana do uprawy pod os\u0142onami i w gruncie. Tworzy cylindryczne, szkar\u0142atnoczerwone zgrubienia z niewielk\u0105 bia\u0142\u0105 plamk\u0105 na ko\u0144cu, o bia\u0142ym, soczystym mi\u0105\u017cszu. Wysiew rozpocz\u0105\u0107 wczesn\u0105 wiosn\u0105 jak tylko ziemia obeschnie i powtarza\u0107 co dwa tygodnie do ko\u0144ca maja dla uzyskania ci\u0105g\u0142o\u015bci zbior\u00f3w. Odmiana do uprawy pod os\u0142onami i w gruncie. Tworzy cylindryczne, szkar\u0142atnoczerwone zgrubienia z &#8230; <a title=\"Nasiona Rzodkiewka Opolanka, czerwona-bia\u0142a, 10g\" class=\"read-more\" href=\"https:\/\/selleetools.com\/pl\/product\/nasiona-rzodkiewka-opolanka-czerwona-biala-10g\/\">Read more<span class=\"screen-reader-text\">Nasiona Rzodkiewka Opolanka, czerwona-bia\u0142a, 10g<\/span><\/a><\/p>\n","protected":false},"featured_media":673509,"comment_status":"open","ping_status":"closed","template":"","meta":{"_links_to":"","_links_to_target":""},"yoast_head":"<!-- This site is optimized with the Yoast SEO plugin v19.4 - https:\/\/yoast.com\/wordpress\/plugins\/seo\/ -->\n<title>Nasiona Rzodkiewka Opolanka, czerwona-bia\u0142a, 10g - Selleetools.com<\/title>\n<meta name=\"robots\" content=\"index, follow, max-snippet:-1, max-image-preview:large, max-video-preview:-1\" \/>\n<link rel=\"canonical\" href=\"https:\/\/selleetools.com\/pl\/product\/nasiona-rzodkiewka-opolanka-czerwona-biala-10g\/\" \/>\n<meta property=\"og:locale\" content=\"pl_PL\" \/>\n<meta property=\"og:type\" content=\"article\" \/>\n<meta property=\"og:title\" content=\"Nasiona Rzodkiewka Opolanka, czerwona-bia\u0142a, 10g - Selleetools.com\" \/>\n<meta property=\"og:description\" content=\"Odmiana do uprawy pod os\u0142onami i w gruncie. Tworzy cylindryczne, szkar\u0142atnoczerwone zgrubienia z niewielk\u0105 bia\u0142\u0105 plamk\u0105 na ko\u0144cu, o bia\u0142ym, soczystym mi\u0105\u017cszu. Wysiew rozpocz\u0105\u0107 wczesn\u0105 wiosn\u0105 jak tylko ziemia obeschnie i powtarza\u0107 co dwa tygodnie do ko\u0144ca maja dla uzyskania ci\u0105g\u0142o\u015bci zbior\u00f3w. Odmiana do uprawy pod os\u0142onami i w gruncie. Tworzy cylindryczne, szkar\u0142atnoczerwone zgrubienia z ... Read moreNasiona Rzodkiewka Opolanka, czerwona-bia\u0142a, 10g\" \/>\n<meta property=\"og:url\" content=\"https:\/\/selleetools.com\/pl\/product\/nasiona-rzodkiewka-opolanka-czerwona-biala-10g\/\" \/>\n<meta property=\"og:site_name\" content=\"Selleetools.com\" \/>\n<meta property=\"article:modified_time\" content=\"2026-04-15T15:17:01+00:00\" \/>\n<meta property=\"og:image\" content=\"https:\/\/selleetools.com\/wp-content\/uploads\/2026\/02\/b40bca2621da44bb717cc3933b380549.jpg\" \/>\n\t<meta property=\"og:image:width\" content=\"941\" \/>\n\t<meta property=\"og:image:height\" content=\"1767\" \/>\n\t<meta property=\"og:image:type\" content=\"image\/jpeg\" \/>\n<meta name=\"twitter:card\" content=\"summary_large_image\" \/>\n<meta name=\"twitter:label1\" content=\"Est. reading time\" \/>\n\t<meta name=\"twitter:data1\" content=\"1 minuta\" \/>\n<!-- \/ Yoast SEO plugin. -->","yoast_head_json":{"title":"Nasiona Rzodkiewka Opolanka, czerwona-bia\u0142a, 10g - Selleetools.com","robots":{"index":"index","follow":"follow","max-snippet":"max-snippet:-1","max-image-preview":"max-image-preview:large","max-video-preview":"max-video-preview:-1"},"canonical":"https:\/\/selleetools.com\/pl\/product\/nasiona-rzodkiewka-opolanka-czerwona-biala-10g\/","og_locale":"pl_PL","og_type":"article","og_title":"Nasiona Rzodkiewka Opolanka, czerwona-bia\u0142a, 10g - Selleetools.com","og_description":"Odmiana do uprawy pod os\u0142onami i w gruncie. Tworzy cylindryczne, szkar\u0142atnoczerwone zgrubienia z niewielk\u0105 bia\u0142\u0105 plamk\u0105 na ko\u0144cu, o bia\u0142ym, soczystym mi\u0105\u017cszu. Wysiew rozpocz\u0105\u0107 wczesn\u0105 wiosn\u0105 jak tylko ziemia obeschnie i powtarza\u0107 co dwa tygodnie do ko\u0144ca maja dla uzyskania ci\u0105g\u0142o\u015bci zbior\u00f3w. Odmiana do uprawy pod os\u0142onami i w gruncie. Tworzy cylindryczne, szkar\u0142atnoczerwone zgrubienia z ... Read moreNasiona Rzodkiewka Opolanka, czerwona-bia\u0142a, 10g","og_url":"https:\/\/selleetools.com\/pl\/product\/nasiona-rzodkiewka-opolanka-czerwona-biala-10g\/","og_site_name":"Selleetools.com","article_modified_time":"2026-04-15T15:17:01+00:00","og_image":[{"width":941,"height":1767,"url":"https:\/\/selleetools.com\/wp-content\/uploads\/2026\/02\/b40bca2621da44bb717cc3933b380549.jpg","type":"image\/jpeg"}],"twitter_card":"summary_large_image","twitter_misc":{"Est. reading time":"1 minuta"},"schema":{"@context":"https:\/\/schema.org","@graph":[{"@type":"Organization","@id":"https:\/\/selleetools.com\/#organization","name":"Selleetools","url":"https:\/\/selleetools.com\/","sameAs":[],"logo":{"@type":"ImageObject","inLanguage":"pl-PL","@id":"https:\/\/selleetools.com\/#\/schema\/logo\/image\/","url":"https:\/\/selleetools.com\/wp-content\/uploads\/2021\/10\/logo-dark.png","contentUrl":"https:\/\/selleetools.com\/wp-content\/uploads\/2021\/10\/logo-dark.png","width":320,"height":76,"caption":"Selleetools"},"image":{"@id":"https:\/\/selleetools.com\/#\/schema\/logo\/image\/"}},{"@type":"WebSite","@id":"https:\/\/selleetools.com\/#website","url":"https:\/\/selleetools.com\/","name":"Selleetools.com","description":"","publisher":{"@id":"https:\/\/selleetools.com\/#organization"},"potentialAction":[{"@type":"SearchAction","target":{"@type":"EntryPoint","urlTemplate":"https:\/\/selleetools.com\/?s={search_term_string}"},"query-input":"required name=search_term_string"}],"inLanguage":"pl-PL"},{"@type":"WebPage","@id":"https:\/\/selleetools.com\/pl\/product\/nasiona-rzodkiewka-opolanka-czerwona-biala-10g\/","url":"https:\/\/selleetools.com\/pl\/product\/nasiona-rzodkiewka-opolanka-czerwona-biala-10g\/","name":"Nasiona Rzodkiewka Opolanka, czerwona-bia\u0142a, 10g - Selleetools.com","isPartOf":{"@id":"https:\/\/selleetools.com\/#website"},"datePublished":"2026-02-19T15:09:16+00:00","dateModified":"2026-04-15T15:17:01+00:00","breadcrumb":{"@id":"https:\/\/selleetools.com\/pl\/product\/nasiona-rzodkiewka-opolanka-czerwona-biala-10g\/#breadcrumb"},"inLanguage":"pl-PL","potentialAction":[{"@type":"ReadAction","target":["https:\/\/selleetools.com\/pl\/product\/nasiona-rzodkiewka-opolanka-czerwona-biala-10g\/"]}]},{"@type":"BreadcrumbList","@id":"https:\/\/selleetools.com\/pl\/product\/nasiona-rzodkiewka-opolanka-czerwona-biala-10g\/#breadcrumb","itemListElement":[{"@type":"ListItem","position":1,"name":"Home","item":"https:\/\/selleetools.com\/pl\/"},{"@type":"ListItem","position":2,"name":"Katalog","item":"https:\/\/selleetools.com\/pl\/katalog\/"},{"@type":"ListItem","position":3,"name":"Nasiona Rzodkiewka Opolanka, czerwona-bia\u0142a, 10g"}]}]}},"_links":{"self":[{"href":"https:\/\/selleetools.com\/pl\/wp-json\/wp\/v2\/product\/673511"}],"collection":[{"href":"https:\/\/selleetools.com\/pl\/wp-json\/wp\/v2\/product"}],"about":[{"href":"https:\/\/selleetools.com\/pl\/wp-json\/wp\/v2\/types\/product"}],"replies":[{"embeddable":true,"href":"https:\/\/selleetools.com\/pl\/wp-json\/wp\/v2\/comments?post=673511"}],"wp:featuredmedia":[{"embeddable":true,"href":"https:\/\/selleetools.com\/pl\/wp-json\/wp\/v2\/media\/673509"}],"wp:attachment":[{"href":"https:\/\/selleetools.com\/pl\/wp-json\/wp\/v2\/media?parent=673511"}],"curies":[{"name":"wp","href":"https:\/\/api.w.org\/{rel}","templated":true}]}}