{"id":673508,"date":"2026-02-19T16:09:13","date_gmt":"2026-02-19T15:09:13","guid":{"rendered":"https:\/\/selleetools.com\/?post_type=product&#038;p=673508"},"modified":"2026-04-15T17:17:01","modified_gmt":"2026-04-15T15:17:01","slug":"nasiona-rokietta-siewna-rukola-jednoroczna-05g","status":"publish","type":"product","link":"https:\/\/selleetools.com\/pl\/product\/nasiona-rokietta-siewna-rukola-jednoroczna-05g\/","title":{"rendered":"Nasiona Rokietta siewna, Rukola jednoroczna, 0,5g"},"content":{"rendered":"<p>Rokietta siewna, rukola roczna &#8211; Eruca sativa<br \/>\nRo\u015blina jednoroczna wys.30-60cm. Cz\u0119\u015bci\u0105 jadaln\u0105 jest rozeta pierzastosiecznych li\u015bci, kt\u00f3re spo\u017cywa si\u0119 na surowo, lub gotowane. Zawieraj\u0105 one du\u017co potasu, witaminy C, soli mineralnych i kwas\u00f3w organicznych oraz olejk\u00f3w eterycznych.<\/p>\n<p>Uprawa:<br \/>\nNasiona wysiewa\u0107 co 2-3tygodnie od pocz\u0105tku wiosny do drugiej po\u0142owy wrze\u015bnia na g\u0142\u0119boko\u015b\u0107 1-1,5cm w rz\u0119dy co 15-25cm. Przy zbyt g\u0119stych wschodach ro\u015bliny nale\u017cy przerwa\u0107. Zbi\u00f3r li\u015bci prowadzi si\u0119 ju\u017c po 4-6tygodniach od siewu i zbiera si\u0119 je do momentu, kiedy zaczynaj\u0105 wytwarza\u0107 p\u0119dy kwiatostanowe. Rokietta wymaga gleby zasobnej w sk\u0142adniki pokarmowe i utrzymuj\u0105cej wilgo\u0107 oraz stanowiska s\u0142onecznego lub lekko zacienionego.<\/p>\n<p>Opakowanie: 0,5g nasion<\/p>\n<p>Rokietta siewna, rukola roczna &#8211; Eruca sativa<br \/>\nRo\u015blina jednoroczna wys.30-60cm. Cz\u0119\u015bci\u0105 jadaln\u0105 jest rozeta pierzastosiecznych li\u015bci, kt\u00f3re spo\u017cywa si\u0119 na surowo, lub gotowane. Zawieraj\u0105 one du\u017co potasu, witaminy C, soli mineralnych i kwas\u00f3w organicznych oraz olejk\u00f3w eterycznych.<\/p>\n<p>Uprawa:<br \/>\nNasiona wysiewa\u0107 co 2-3tygodnie od pocz\u0105tku wiosny do drugiej po\u0142owy wrze\u015bnia na g\u0142\u0119boko\u015b\u0107 1-1,5cm w rz\u0119dy co 15-25cm. Przy zbyt g\u0119stych wschodach ro\u015bliny nale\u017cy przerwa\u0107. Zbi\u00f3r li\u015bci prowadzi si\u0119 ju\u017c po 4-6tygodniach od siewu i zbiera si\u0119 je do momentu, kiedy zaczynaj\u0105 wytwarza\u0107 p\u0119dy kwiatostanowe. Rokietta wymaga gleby zasobnej w sk\u0142adniki pokarmowe i utrzymuj\u0105cej wilgo\u0107 oraz stanowiska s\u0142onecznego lub lekko zacienionego.<\/p>\n<p>Opakowanie: 0,5g nasion<\/p>\n","protected":false},"excerpt":{"rendered":"<p>Rokietta siewna, rukola roczna &#8211; Eruca sativa Ro\u015blina jednoroczna wys.30-60cm. Cz\u0119\u015bci\u0105 jadaln\u0105 jest rozeta pierzastosiecznych li\u015bci, kt\u00f3re spo\u017cywa si\u0119 na surowo, lub gotowane. Zawieraj\u0105 one du\u017co potasu, witaminy C, soli mineralnych i kwas\u00f3w organicznych oraz olejk\u00f3w eterycznych. Uprawa: Nasiona wysiewa\u0107 co 2-3tygodnie od pocz\u0105tku wiosny do drugiej po\u0142owy wrze\u015bnia na g\u0142\u0119boko\u015b\u0107 1-1,5cm w rz\u0119dy co &#8230; <a title=\"Nasiona Rokietta siewna, Rukola jednoroczna, 0,5g\" class=\"read-more\" href=\"https:\/\/selleetools.com\/pl\/product\/nasiona-rokietta-siewna-rukola-jednoroczna-05g\/\">Read more<span class=\"screen-reader-text\">Nasiona Rokietta siewna, Rukola jednoroczna, 0,5g<\/span><\/a><\/p>\n","protected":false},"featured_media":673506,"comment_status":"open","ping_status":"closed","template":"","meta":{"_links_to":"","_links_to_target":""},"yoast_head":"<!-- This site is optimized with the Yoast SEO plugin v19.4 - https:\/\/yoast.com\/wordpress\/plugins\/seo\/ -->\n<title>Nasiona Rokietta siewna, Rukola jednoroczna, 0,5g - Selleetools.com<\/title>\n<meta name=\"robots\" content=\"index, follow, max-snippet:-1, max-image-preview:large, max-video-preview:-1\" \/>\n<link rel=\"canonical\" href=\"https:\/\/selleetools.com\/pl\/product\/nasiona-rokietta-siewna-rukola-jednoroczna-05g\/\" \/>\n<meta property=\"og:locale\" content=\"pl_PL\" \/>\n<meta property=\"og:type\" content=\"article\" \/>\n<meta property=\"og:title\" content=\"Nasiona Rokietta siewna, Rukola jednoroczna, 0,5g - Selleetools.com\" \/>\n<meta property=\"og:description\" content=\"Rokietta siewna, rukola roczna &#8211; Eruca sativa Ro\u015blina jednoroczna wys.30-60cm. Cz\u0119\u015bci\u0105 jadaln\u0105 jest rozeta pierzastosiecznych li\u015bci, kt\u00f3re spo\u017cywa si\u0119 na surowo, lub gotowane. Zawieraj\u0105 one du\u017co potasu, witaminy C, soli mineralnych i kwas\u00f3w organicznych oraz olejk\u00f3w eterycznych. Uprawa: Nasiona wysiewa\u0107 co 2-3tygodnie od pocz\u0105tku wiosny do drugiej po\u0142owy wrze\u015bnia na g\u0142\u0119boko\u015b\u0107 1-1,5cm w rz\u0119dy co ... Read moreNasiona Rokietta siewna, Rukola jednoroczna, 0,5g\" \/>\n<meta property=\"og:url\" content=\"https:\/\/selleetools.com\/pl\/product\/nasiona-rokietta-siewna-rukola-jednoroczna-05g\/\" \/>\n<meta property=\"og:site_name\" content=\"Selleetools.com\" \/>\n<meta property=\"article:modified_time\" content=\"2026-04-15T15:17:01+00:00\" \/>\n<meta property=\"og:image\" content=\"https:\/\/selleetools.com\/wp-content\/uploads\/2026\/02\/de64f02bc13a44aa61c9f27a45b1edb8.jpg\" \/>\n\t<meta property=\"og:image:width\" content=\"921\" \/>\n\t<meta property=\"og:image:height\" content=\"1754\" \/>\n\t<meta property=\"og:image:type\" content=\"image\/jpeg\" \/>\n<meta name=\"twitter:card\" content=\"summary_large_image\" \/>\n<meta name=\"twitter:label1\" content=\"Est. reading time\" \/>\n\t<meta name=\"twitter:data1\" content=\"1 minuta\" \/>\n<!-- \/ Yoast SEO plugin. -->","yoast_head_json":{"title":"Nasiona Rokietta siewna, Rukola jednoroczna, 0,5g - Selleetools.com","robots":{"index":"index","follow":"follow","max-snippet":"max-snippet:-1","max-image-preview":"max-image-preview:large","max-video-preview":"max-video-preview:-1"},"canonical":"https:\/\/selleetools.com\/pl\/product\/nasiona-rokietta-siewna-rukola-jednoroczna-05g\/","og_locale":"pl_PL","og_type":"article","og_title":"Nasiona Rokietta siewna, Rukola jednoroczna, 0,5g - Selleetools.com","og_description":"Rokietta siewna, rukola roczna &#8211; Eruca sativa Ro\u015blina jednoroczna wys.30-60cm. Cz\u0119\u015bci\u0105 jadaln\u0105 jest rozeta pierzastosiecznych li\u015bci, kt\u00f3re spo\u017cywa si\u0119 na surowo, lub gotowane. Zawieraj\u0105 one du\u017co potasu, witaminy C, soli mineralnych i kwas\u00f3w organicznych oraz olejk\u00f3w eterycznych. Uprawa: Nasiona wysiewa\u0107 co 2-3tygodnie od pocz\u0105tku wiosny do drugiej po\u0142owy wrze\u015bnia na g\u0142\u0119boko\u015b\u0107 1-1,5cm w rz\u0119dy co ... Read moreNasiona Rokietta siewna, Rukola jednoroczna, 0,5g","og_url":"https:\/\/selleetools.com\/pl\/product\/nasiona-rokietta-siewna-rukola-jednoroczna-05g\/","og_site_name":"Selleetools.com","article_modified_time":"2026-04-15T15:17:01+00:00","og_image":[{"width":921,"height":1754,"url":"https:\/\/selleetools.com\/wp-content\/uploads\/2026\/02\/de64f02bc13a44aa61c9f27a45b1edb8.jpg","type":"image\/jpeg"}],"twitter_card":"summary_large_image","twitter_misc":{"Est. reading time":"1 minuta"},"schema":{"@context":"https:\/\/schema.org","@graph":[{"@type":"Organization","@id":"https:\/\/selleetools.com\/#organization","name":"Selleetools","url":"https:\/\/selleetools.com\/","sameAs":[],"logo":{"@type":"ImageObject","inLanguage":"pl-PL","@id":"https:\/\/selleetools.com\/#\/schema\/logo\/image\/","url":"https:\/\/selleetools.com\/wp-content\/uploads\/2021\/10\/logo-dark.png","contentUrl":"https:\/\/selleetools.com\/wp-content\/uploads\/2021\/10\/logo-dark.png","width":320,"height":76,"caption":"Selleetools"},"image":{"@id":"https:\/\/selleetools.com\/#\/schema\/logo\/image\/"}},{"@type":"WebSite","@id":"https:\/\/selleetools.com\/#website","url":"https:\/\/selleetools.com\/","name":"Selleetools.com","description":"","publisher":{"@id":"https:\/\/selleetools.com\/#organization"},"potentialAction":[{"@type":"SearchAction","target":{"@type":"EntryPoint","urlTemplate":"https:\/\/selleetools.com\/?s={search_term_string}"},"query-input":"required name=search_term_string"}],"inLanguage":"pl-PL"},{"@type":"WebPage","@id":"https:\/\/selleetools.com\/pl\/product\/nasiona-rokietta-siewna-rukola-jednoroczna-05g\/","url":"https:\/\/selleetools.com\/pl\/product\/nasiona-rokietta-siewna-rukola-jednoroczna-05g\/","name":"Nasiona Rokietta siewna, Rukola jednoroczna, 0,5g - Selleetools.com","isPartOf":{"@id":"https:\/\/selleetools.com\/#website"},"datePublished":"2026-02-19T15:09:13+00:00","dateModified":"2026-04-15T15:17:01+00:00","breadcrumb":{"@id":"https:\/\/selleetools.com\/pl\/product\/nasiona-rokietta-siewna-rukola-jednoroczna-05g\/#breadcrumb"},"inLanguage":"pl-PL","potentialAction":[{"@type":"ReadAction","target":["https:\/\/selleetools.com\/pl\/product\/nasiona-rokietta-siewna-rukola-jednoroczna-05g\/"]}]},{"@type":"BreadcrumbList","@id":"https:\/\/selleetools.com\/pl\/product\/nasiona-rokietta-siewna-rukola-jednoroczna-05g\/#breadcrumb","itemListElement":[{"@type":"ListItem","position":1,"name":"Home","item":"https:\/\/selleetools.com\/pl\/"},{"@type":"ListItem","position":2,"name":"Katalog","item":"https:\/\/selleetools.com\/pl\/katalog\/"},{"@type":"ListItem","position":3,"name":"Nasiona Rokietta siewna, Rukola jednoroczna, 0,5g"}]}]}},"_links":{"self":[{"href":"https:\/\/selleetools.com\/pl\/wp-json\/wp\/v2\/product\/673508"}],"collection":[{"href":"https:\/\/selleetools.com\/pl\/wp-json\/wp\/v2\/product"}],"about":[{"href":"https:\/\/selleetools.com\/pl\/wp-json\/wp\/v2\/types\/product"}],"replies":[{"embeddable":true,"href":"https:\/\/selleetools.com\/pl\/wp-json\/wp\/v2\/comments?post=673508"}],"wp:featuredmedia":[{"embeddable":true,"href":"https:\/\/selleetools.com\/pl\/wp-json\/wp\/v2\/media\/673506"}],"wp:attachment":[{"href":"https:\/\/selleetools.com\/pl\/wp-json\/wp\/v2\/media?parent=673508"}],"curies":[{"name":"wp","href":"https:\/\/api.w.org\/{rel}","templated":true}]}}