{"id":673502,"date":"2026-02-19T16:09:07","date_gmt":"2026-02-19T15:09:07","guid":{"rendered":"https:\/\/selleetools.com\/?post_type=product&#038;p=673502"},"modified":"2026-04-15T17:17:02","modified_gmt":"2026-04-15T15:17:02","slug":"nasiona-rzodkiewka-cherry-belle-okragla-czerwona","status":"publish","type":"product","link":"https:\/\/selleetools.com\/pl\/product\/nasiona-rzodkiewka-cherry-belle-okragla-czerwona\/","title":{"rendered":"Nasiona Rzodkiewka Cherry Belle, okr\u0105g\u0142a, czerwona"},"content":{"rendered":"<p>Odmiana wczesna do wiosennej i jesiennej uprawy w gruncie i pod os\u0142onami. Tworzy du\u017ce okr\u0105g\u0142e zgrubienia koloru szkar\u0142atnoczerwonego. Mi\u0105\u017csz szklistobia\u0142y nie wykazuje sk\u0142onno\u015bci do parcenia.<\/p>\n<p>Odmiana: Cherry Belle<br \/>\nWczesno\u015b\u0107: wczesna<br \/>\nZgrubienie: kuliste<br \/>\nBarwa sk\u00f3rki: ognistoczerwona<br \/>\nSmak: \u0142agodny<br \/>\nOdporno\u015b\u0107 na parcenie: \u015brednia<br \/>\nPrzydatno\u015b\u0107 grunt\/os\u0142ony: bardzo dobra\/dobra<br \/>\nUwagi: do upraw w gruncie wiosn\u0105 i jesieni\u0105<\/p>\n<p>Uprawa:<br \/>\nNa zbi\u00f3r wiosenny, nasiona wysiewa\u0107 od pocz\u0105tku marca do ko\u0144ca kwietnia, na zbi\u00f3r jesienny w sierpniu. Rozstawa rz\u0119d\u00f3w 10-20 cm. Unika\u0107 \u015bwie\u017cego obornika. Mo\u017ce by\u0107 uprawiana jako przed-, \u015br\u00f3d- i poplon.<br \/>\nOpakowanie: 10g nasion<\/p>\n<p>Odmiana wczesna do wiosennej i jesiennej uprawy w gruncie i pod os\u0142onami. Tworzy du\u017ce okr\u0105g\u0142e zgrubienia koloru szkar\u0142atnoczerwonego. Mi\u0105\u017csz szklistobia\u0142y nie wykazuje sk\u0142onno\u015bci do parcenia.<\/p>\n<p>Odmiana: Cherry Belle<br \/>\nWczesno\u015b\u0107: wczesna<br \/>\nZgrubienie: kuliste<br \/>\nBarwa sk\u00f3rki: ognistoczerwona<br \/>\nSmak: \u0142agodny<br \/>\nOdporno\u015b\u0107 na parcenie: \u015brednia<br \/>\nPrzydatno\u015b\u0107 grunt\/os\u0142ony: bardzo dobra\/dobra<br \/>\nUwagi: do upraw w gruncie wiosn\u0105 i jesieni\u0105<\/p>\n<p>Uprawa:<br \/>\nNa zbi\u00f3r wiosenny, nasiona wysiewa\u0107 od pocz\u0105tku marca do ko\u0144ca kwietnia, na zbi\u00f3r jesienny w sierpniu. Rozstawa rz\u0119d\u00f3w 10-20 cm. Unika\u0107 \u015bwie\u017cego obornika. Mo\u017ce by\u0107 uprawiana jako przed-, \u015br\u00f3d- i poplon.<br \/>\nOpakowanie: 10g nasion<\/p>\n","protected":false},"excerpt":{"rendered":"<p>Odmiana wczesna do wiosennej i jesiennej uprawy w gruncie i pod os\u0142onami. Tworzy du\u017ce okr\u0105g\u0142e zgrubienia koloru szkar\u0142atnoczerwonego. Mi\u0105\u017csz szklistobia\u0142y nie wykazuje sk\u0142onno\u015bci do parcenia. Odmiana: Cherry Belle Wczesno\u015b\u0107: wczesna Zgrubienie: kuliste Barwa sk\u00f3rki: ognistoczerwona Smak: \u0142agodny Odporno\u015b\u0107 na parcenie: \u015brednia Przydatno\u015b\u0107 grunt\/os\u0142ony: bardzo dobra\/dobra Uwagi: do upraw w gruncie wiosn\u0105 i jesieni\u0105 Uprawa: Na &#8230; <a title=\"Nasiona Rzodkiewka Cherry Belle, okr\u0105g\u0142a, czerwona\" class=\"read-more\" href=\"https:\/\/selleetools.com\/pl\/product\/nasiona-rzodkiewka-cherry-belle-okragla-czerwona\/\">Read more<span class=\"screen-reader-text\">Nasiona Rzodkiewka Cherry Belle, okr\u0105g\u0142a, czerwona<\/span><\/a><\/p>\n","protected":false},"featured_media":673500,"comment_status":"open","ping_status":"closed","template":"","meta":{"_links_to":"","_links_to_target":""},"yoast_head":"<!-- This site is optimized with the Yoast SEO plugin v19.4 - https:\/\/yoast.com\/wordpress\/plugins\/seo\/ -->\n<title>Nasiona Rzodkiewka Cherry Belle, okr\u0105g\u0142a, czerwona - Selleetools.com<\/title>\n<meta name=\"robots\" content=\"index, follow, max-snippet:-1, max-image-preview:large, max-video-preview:-1\" \/>\n<link rel=\"canonical\" href=\"https:\/\/selleetools.com\/pl\/product\/nasiona-rzodkiewka-cherry-belle-okragla-czerwona\/\" \/>\n<meta property=\"og:locale\" content=\"pl_PL\" \/>\n<meta property=\"og:type\" content=\"article\" \/>\n<meta property=\"og:title\" content=\"Nasiona Rzodkiewka Cherry Belle, okr\u0105g\u0142a, czerwona - Selleetools.com\" \/>\n<meta property=\"og:description\" content=\"Odmiana wczesna do wiosennej i jesiennej uprawy w gruncie i pod os\u0142onami. Tworzy du\u017ce okr\u0105g\u0142e zgrubienia koloru szkar\u0142atnoczerwonego. Mi\u0105\u017csz szklistobia\u0142y nie wykazuje sk\u0142onno\u015bci do parcenia. Odmiana: Cherry Belle Wczesno\u015b\u0107: wczesna Zgrubienie: kuliste Barwa sk\u00f3rki: ognistoczerwona Smak: \u0142agodny Odporno\u015b\u0107 na parcenie: \u015brednia Przydatno\u015b\u0107 grunt\/os\u0142ony: bardzo dobra\/dobra Uwagi: do upraw w gruncie wiosn\u0105 i jesieni\u0105 Uprawa: Na ... Read moreNasiona Rzodkiewka Cherry Belle, okr\u0105g\u0142a, czerwona\" \/>\n<meta property=\"og:url\" content=\"https:\/\/selleetools.com\/pl\/product\/nasiona-rzodkiewka-cherry-belle-okragla-czerwona\/\" \/>\n<meta property=\"og:site_name\" content=\"Selleetools.com\" \/>\n<meta property=\"article:modified_time\" content=\"2026-04-15T15:17:02+00:00\" \/>\n<meta property=\"og:image\" content=\"https:\/\/selleetools.com\/wp-content\/uploads\/2026\/02\/f70f88f65d7d823f4249f46a785fcc75.jpg\" \/>\n\t<meta property=\"og:image:width\" content=\"2500\" \/>\n\t<meta property=\"og:image:height\" content=\"2500\" \/>\n\t<meta property=\"og:image:type\" content=\"image\/jpeg\" \/>\n<meta name=\"twitter:card\" content=\"summary_large_image\" \/>\n<meta name=\"twitter:label1\" content=\"Est. reading time\" \/>\n\t<meta name=\"twitter:data1\" content=\"1 minuta\" \/>\n<!-- \/ Yoast SEO plugin. -->","yoast_head_json":{"title":"Nasiona Rzodkiewka Cherry Belle, okr\u0105g\u0142a, czerwona - Selleetools.com","robots":{"index":"index","follow":"follow","max-snippet":"max-snippet:-1","max-image-preview":"max-image-preview:large","max-video-preview":"max-video-preview:-1"},"canonical":"https:\/\/selleetools.com\/pl\/product\/nasiona-rzodkiewka-cherry-belle-okragla-czerwona\/","og_locale":"pl_PL","og_type":"article","og_title":"Nasiona Rzodkiewka Cherry Belle, okr\u0105g\u0142a, czerwona - Selleetools.com","og_description":"Odmiana wczesna do wiosennej i jesiennej uprawy w gruncie i pod os\u0142onami. Tworzy du\u017ce okr\u0105g\u0142e zgrubienia koloru szkar\u0142atnoczerwonego. Mi\u0105\u017csz szklistobia\u0142y nie wykazuje sk\u0142onno\u015bci do parcenia. Odmiana: Cherry Belle Wczesno\u015b\u0107: wczesna Zgrubienie: kuliste Barwa sk\u00f3rki: ognistoczerwona Smak: \u0142agodny Odporno\u015b\u0107 na parcenie: \u015brednia Przydatno\u015b\u0107 grunt\/os\u0142ony: bardzo dobra\/dobra Uwagi: do upraw w gruncie wiosn\u0105 i jesieni\u0105 Uprawa: Na ... Read moreNasiona Rzodkiewka Cherry Belle, okr\u0105g\u0142a, czerwona","og_url":"https:\/\/selleetools.com\/pl\/product\/nasiona-rzodkiewka-cherry-belle-okragla-czerwona\/","og_site_name":"Selleetools.com","article_modified_time":"2026-04-15T15:17:02+00:00","og_image":[{"width":2500,"height":2500,"url":"https:\/\/selleetools.com\/wp-content\/uploads\/2026\/02\/f70f88f65d7d823f4249f46a785fcc75.jpg","type":"image\/jpeg"}],"twitter_card":"summary_large_image","twitter_misc":{"Est. reading time":"1 minuta"},"schema":{"@context":"https:\/\/schema.org","@graph":[{"@type":"Organization","@id":"https:\/\/selleetools.com\/#organization","name":"Selleetools","url":"https:\/\/selleetools.com\/","sameAs":[],"logo":{"@type":"ImageObject","inLanguage":"pl-PL","@id":"https:\/\/selleetools.com\/#\/schema\/logo\/image\/","url":"https:\/\/selleetools.com\/wp-content\/uploads\/2021\/10\/logo-dark.png","contentUrl":"https:\/\/selleetools.com\/wp-content\/uploads\/2021\/10\/logo-dark.png","width":320,"height":76,"caption":"Selleetools"},"image":{"@id":"https:\/\/selleetools.com\/#\/schema\/logo\/image\/"}},{"@type":"WebSite","@id":"https:\/\/selleetools.com\/#website","url":"https:\/\/selleetools.com\/","name":"Selleetools.com","description":"","publisher":{"@id":"https:\/\/selleetools.com\/#organization"},"potentialAction":[{"@type":"SearchAction","target":{"@type":"EntryPoint","urlTemplate":"https:\/\/selleetools.com\/?s={search_term_string}"},"query-input":"required name=search_term_string"}],"inLanguage":"pl-PL"},{"@type":"WebPage","@id":"https:\/\/selleetools.com\/pl\/product\/nasiona-rzodkiewka-cherry-belle-okragla-czerwona\/","url":"https:\/\/selleetools.com\/pl\/product\/nasiona-rzodkiewka-cherry-belle-okragla-czerwona\/","name":"Nasiona Rzodkiewka Cherry Belle, okr\u0105g\u0142a, czerwona - Selleetools.com","isPartOf":{"@id":"https:\/\/selleetools.com\/#website"},"datePublished":"2026-02-19T15:09:07+00:00","dateModified":"2026-04-15T15:17:02+00:00","breadcrumb":{"@id":"https:\/\/selleetools.com\/pl\/product\/nasiona-rzodkiewka-cherry-belle-okragla-czerwona\/#breadcrumb"},"inLanguage":"pl-PL","potentialAction":[{"@type":"ReadAction","target":["https:\/\/selleetools.com\/pl\/product\/nasiona-rzodkiewka-cherry-belle-okragla-czerwona\/"]}]},{"@type":"BreadcrumbList","@id":"https:\/\/selleetools.com\/pl\/product\/nasiona-rzodkiewka-cherry-belle-okragla-czerwona\/#breadcrumb","itemListElement":[{"@type":"ListItem","position":1,"name":"Home","item":"https:\/\/selleetools.com\/pl\/"},{"@type":"ListItem","position":2,"name":"Katalog","item":"https:\/\/selleetools.com\/pl\/katalog\/"},{"@type":"ListItem","position":3,"name":"Nasiona Rzodkiewka Cherry Belle, okr\u0105g\u0142a, czerwona"}]}]}},"_links":{"self":[{"href":"https:\/\/selleetools.com\/pl\/wp-json\/wp\/v2\/product\/673502"}],"collection":[{"href":"https:\/\/selleetools.com\/pl\/wp-json\/wp\/v2\/product"}],"about":[{"href":"https:\/\/selleetools.com\/pl\/wp-json\/wp\/v2\/types\/product"}],"replies":[{"embeddable":true,"href":"https:\/\/selleetools.com\/pl\/wp-json\/wp\/v2\/comments?post=673502"}],"wp:featuredmedia":[{"embeddable":true,"href":"https:\/\/selleetools.com\/pl\/wp-json\/wp\/v2\/media\/673500"}],"wp:attachment":[{"href":"https:\/\/selleetools.com\/pl\/wp-json\/wp\/v2\/media?parent=673502"}],"curies":[{"name":"wp","href":"https:\/\/api.w.org\/{rel}","templated":true}]}}