{"id":673490,"date":"2026-02-19T16:08:53","date_gmt":"2026-02-19T15:08:53","guid":{"rendered":"https:\/\/selleetools.com\/?post_type=product&#038;p=673490"},"modified":"2026-04-15T17:17:03","modified_gmt":"2026-04-15T15:17:03","slug":"nasiona-aksamitka-rozpierzchla-zolta-1g","status":"publish","type":"product","link":"https:\/\/selleetools.com\/pl\/product\/nasiona-aksamitka-rozpierzchla-zolta-1g\/","title":{"rendered":"Nasiona Aksamitka rozpierzch\u0142a \u017c\u00f3\u0142ta, 1g"},"content":{"rendered":"<p>Roslina jednoroczna wys. 20-30 cm, silnie krzewiaca si\u0119 o \u017c\u00f3\u0142tych, pe\u0142nych kwiatach. Kwitnie od czerwca do p\u00f3\u017anej jesieni. Doskona\u0142y na rabaty, obw\u00f3dki i kwietniki. Nasiona wysiewa\u0107 w kwietniu do skrzynek, na palety pod so\u0142onami lub na pocz\u0105tku maja wprost do gruntu. W temp. oko\u0142o 18\u00b0C wschody nast\u0119puj\u0105 po 7-14 dniach. Rozsad\u0119 sadzi\u0107 na miejsce sta\u0142e w drugiej po\u0142owie maja w rozstawie 20-30 cm. Ro\u015bnie na ka\u017cdej glebie w miejscu s\u0142onecznym lub lekko ocienionym.<\/p>\n<p>Roslina jednoroczna wys. 20-30 cm, silnie krzewiaca si\u0119 o \u017c\u00f3\u0142tych, pe\u0142nych kwiatach. Kwitnie od czerwca do p\u00f3\u017anej jesieni. Doskona\u0142y na rabaty, obw\u00f3dki i kwietniki. Nasiona wysiewa\u0107 w kwietniu do skrzynek, na palety pod so\u0142onami lub na pocz\u0105tku maja wprost do gruntu. W temp. oko\u0142o 18\u00b0C wschody nast\u0119puj\u0105 po 7-14 dniach. Rozsad\u0119 sadzi\u0107 na miejsce sta\u0142e w drugiej po\u0142owie maja w rozstawie 20-30 cm. Ro\u015bnie na ka\u017cdej glebie w miejscu s\u0142onecznym lub lekko ocienionym.<\/p>\n","protected":false},"excerpt":{"rendered":"<p>Roslina jednoroczna wys. 20-30 cm, silnie krzewiaca si\u0119 o \u017c\u00f3\u0142tych, pe\u0142nych kwiatach. Kwitnie od czerwca do p\u00f3\u017anej jesieni. Doskona\u0142y na rabaty, obw\u00f3dki i kwietniki. Nasiona wysiewa\u0107 w kwietniu do skrzynek, na palety pod so\u0142onami lub na pocz\u0105tku maja wprost do gruntu. W temp. oko\u0142o 18\u00b0C wschody nast\u0119puj\u0105 po 7-14 dniach. Rozsad\u0119 sadzi\u0107 na miejsce sta\u0142e &#8230; <a title=\"Nasiona Aksamitka rozpierzch\u0142a \u017c\u00f3\u0142ta, 1g\" class=\"read-more\" href=\"https:\/\/selleetools.com\/pl\/product\/nasiona-aksamitka-rozpierzchla-zolta-1g\/\">Read more<span class=\"screen-reader-text\">Nasiona Aksamitka rozpierzch\u0142a \u017c\u00f3\u0142ta, 1g<\/span><\/a><\/p>\n","protected":false},"featured_media":673488,"comment_status":"open","ping_status":"closed","template":"","meta":{"_links_to":"","_links_to_target":""},"yoast_head":"<!-- This site is optimized with the Yoast SEO plugin v19.4 - https:\/\/yoast.com\/wordpress\/plugins\/seo\/ -->\n<title>Nasiona Aksamitka rozpierzch\u0142a \u017c\u00f3\u0142ta, 1g - Selleetools.com<\/title>\n<meta name=\"robots\" content=\"index, follow, max-snippet:-1, max-image-preview:large, max-video-preview:-1\" \/>\n<link rel=\"canonical\" href=\"https:\/\/selleetools.com\/pl\/product\/nasiona-aksamitka-rozpierzchla-zolta-1g\/\" \/>\n<meta property=\"og:locale\" content=\"pl_PL\" \/>\n<meta property=\"og:type\" content=\"article\" \/>\n<meta property=\"og:title\" content=\"Nasiona Aksamitka rozpierzch\u0142a \u017c\u00f3\u0142ta, 1g - Selleetools.com\" \/>\n<meta property=\"og:description\" content=\"Roslina jednoroczna wys. 20-30 cm, silnie krzewiaca si\u0119 o \u017c\u00f3\u0142tych, pe\u0142nych kwiatach. Kwitnie od czerwca do p\u00f3\u017anej jesieni. Doskona\u0142y na rabaty, obw\u00f3dki i kwietniki. Nasiona wysiewa\u0107 w kwietniu do skrzynek, na palety pod so\u0142onami lub na pocz\u0105tku maja wprost do gruntu. W temp. oko\u0142o 18\u00b0C wschody nast\u0119puj\u0105 po 7-14 dniach. Rozsad\u0119 sadzi\u0107 na miejsce sta\u0142e ... Read moreNasiona Aksamitka rozpierzch\u0142a \u017c\u00f3\u0142ta, 1g\" \/>\n<meta property=\"og:url\" content=\"https:\/\/selleetools.com\/pl\/product\/nasiona-aksamitka-rozpierzchla-zolta-1g\/\" \/>\n<meta property=\"og:site_name\" content=\"Selleetools.com\" \/>\n<meta property=\"article:modified_time\" content=\"2026-04-15T15:17:03+00:00\" \/>\n<meta property=\"og:image\" content=\"https:\/\/selleetools.com\/wp-content\/uploads\/2026\/02\/33fc023240a55fe69238f8fcefb0789f.jpg\" \/>\n\t<meta property=\"og:image:width\" content=\"1039\" \/>\n\t<meta property=\"og:image:height\" content=\"1811\" \/>\n\t<meta property=\"og:image:type\" content=\"image\/jpeg\" \/>\n<meta name=\"twitter:card\" content=\"summary_large_image\" \/>\n<meta name=\"twitter:label1\" content=\"Est. reading time\" \/>\n\t<meta name=\"twitter:data1\" content=\"1 minuta\" \/>\n<!-- \/ Yoast SEO plugin. -->","yoast_head_json":{"title":"Nasiona Aksamitka rozpierzch\u0142a \u017c\u00f3\u0142ta, 1g - Selleetools.com","robots":{"index":"index","follow":"follow","max-snippet":"max-snippet:-1","max-image-preview":"max-image-preview:large","max-video-preview":"max-video-preview:-1"},"canonical":"https:\/\/selleetools.com\/pl\/product\/nasiona-aksamitka-rozpierzchla-zolta-1g\/","og_locale":"pl_PL","og_type":"article","og_title":"Nasiona Aksamitka rozpierzch\u0142a \u017c\u00f3\u0142ta, 1g - Selleetools.com","og_description":"Roslina jednoroczna wys. 20-30 cm, silnie krzewiaca si\u0119 o \u017c\u00f3\u0142tych, pe\u0142nych kwiatach. Kwitnie od czerwca do p\u00f3\u017anej jesieni. Doskona\u0142y na rabaty, obw\u00f3dki i kwietniki. Nasiona wysiewa\u0107 w kwietniu do skrzynek, na palety pod so\u0142onami lub na pocz\u0105tku maja wprost do gruntu. W temp. oko\u0142o 18\u00b0C wschody nast\u0119puj\u0105 po 7-14 dniach. Rozsad\u0119 sadzi\u0107 na miejsce sta\u0142e ... Read moreNasiona Aksamitka rozpierzch\u0142a \u017c\u00f3\u0142ta, 1g","og_url":"https:\/\/selleetools.com\/pl\/product\/nasiona-aksamitka-rozpierzchla-zolta-1g\/","og_site_name":"Selleetools.com","article_modified_time":"2026-04-15T15:17:03+00:00","og_image":[{"width":1039,"height":1811,"url":"https:\/\/selleetools.com\/wp-content\/uploads\/2026\/02\/33fc023240a55fe69238f8fcefb0789f.jpg","type":"image\/jpeg"}],"twitter_card":"summary_large_image","twitter_misc":{"Est. reading time":"1 minuta"},"schema":{"@context":"https:\/\/schema.org","@graph":[{"@type":"Organization","@id":"https:\/\/selleetools.com\/#organization","name":"Selleetools","url":"https:\/\/selleetools.com\/","sameAs":[],"logo":{"@type":"ImageObject","inLanguage":"pl-PL","@id":"https:\/\/selleetools.com\/#\/schema\/logo\/image\/","url":"https:\/\/selleetools.com\/wp-content\/uploads\/2021\/10\/logo-dark.png","contentUrl":"https:\/\/selleetools.com\/wp-content\/uploads\/2021\/10\/logo-dark.png","width":320,"height":76,"caption":"Selleetools"},"image":{"@id":"https:\/\/selleetools.com\/#\/schema\/logo\/image\/"}},{"@type":"WebSite","@id":"https:\/\/selleetools.com\/#website","url":"https:\/\/selleetools.com\/","name":"Selleetools.com","description":"","publisher":{"@id":"https:\/\/selleetools.com\/#organization"},"potentialAction":[{"@type":"SearchAction","target":{"@type":"EntryPoint","urlTemplate":"https:\/\/selleetools.com\/?s={search_term_string}"},"query-input":"required name=search_term_string"}],"inLanguage":"pl-PL"},{"@type":"WebPage","@id":"https:\/\/selleetools.com\/pl\/product\/nasiona-aksamitka-rozpierzchla-zolta-1g\/","url":"https:\/\/selleetools.com\/pl\/product\/nasiona-aksamitka-rozpierzchla-zolta-1g\/","name":"Nasiona Aksamitka rozpierzch\u0142a \u017c\u00f3\u0142ta, 1g - Selleetools.com","isPartOf":{"@id":"https:\/\/selleetools.com\/#website"},"datePublished":"2026-02-19T15:08:53+00:00","dateModified":"2026-04-15T15:17:03+00:00","breadcrumb":{"@id":"https:\/\/selleetools.com\/pl\/product\/nasiona-aksamitka-rozpierzchla-zolta-1g\/#breadcrumb"},"inLanguage":"pl-PL","potentialAction":[{"@type":"ReadAction","target":["https:\/\/selleetools.com\/pl\/product\/nasiona-aksamitka-rozpierzchla-zolta-1g\/"]}]},{"@type":"BreadcrumbList","@id":"https:\/\/selleetools.com\/pl\/product\/nasiona-aksamitka-rozpierzchla-zolta-1g\/#breadcrumb","itemListElement":[{"@type":"ListItem","position":1,"name":"Home","item":"https:\/\/selleetools.com\/pl\/"},{"@type":"ListItem","position":2,"name":"Katalog","item":"https:\/\/selleetools.com\/pl\/katalog\/"},{"@type":"ListItem","position":3,"name":"Nasiona Aksamitka rozpierzch\u0142a \u017c\u00f3\u0142ta, 1g"}]}]}},"_links":{"self":[{"href":"https:\/\/selleetools.com\/pl\/wp-json\/wp\/v2\/product\/673490"}],"collection":[{"href":"https:\/\/selleetools.com\/pl\/wp-json\/wp\/v2\/product"}],"about":[{"href":"https:\/\/selleetools.com\/pl\/wp-json\/wp\/v2\/types\/product"}],"replies":[{"embeddable":true,"href":"https:\/\/selleetools.com\/pl\/wp-json\/wp\/v2\/comments?post=673490"}],"wp:featuredmedia":[{"embeddable":true,"href":"https:\/\/selleetools.com\/pl\/wp-json\/wp\/v2\/media\/673488"}],"wp:attachment":[{"href":"https:\/\/selleetools.com\/pl\/wp-json\/wp\/v2\/media?parent=673490"}],"curies":[{"name":"wp","href":"https:\/\/api.w.org\/{rel}","templated":true}]}}