{"id":673479,"date":"2026-02-19T16:08:43","date_gmt":"2026-02-19T15:08:43","guid":{"rendered":"https:\/\/selleetools.com\/?post_type=product&#038;p=673479"},"modified":"2026-04-15T17:17:05","modified_gmt":"2026-04-15T15:17:05","slug":"nasiona-kobea-pnaca-fioletowa-6-nasion","status":"publish","type":"product","link":"https:\/\/selleetools.com\/pl\/product\/nasiona-kobea-pnaca-fioletowa-6-nasion\/","title":{"rendered":"Nasiona Kobea pn\u0105ca fioletowa, 6 nasion"},"content":{"rendered":"<p>Ro\u015bliny pn\u0105ce o kwiatach fioletowych do okrywania \u015bcian, altan, balkon\u00f3w itp. Wysiew nasion w lutym &#8211; marcu do doniczek pod os\u0142onami. W temp. 18-22\u00b0C wschody nast\u0119puj\u0105 po oko\u0142o 3 tygodniach. na miejsce sta\u0142e wysadza\u0107 w ko\u0144cu maja w odleg\u0142o\u015bci 40cm. Wymaga gleby \u017cyznej, gliniasto -pr\u00f3chniczej, dostatecznie wilgotnej. Wymaga stanowiska s\u0142onecznego lub p\u00f3\u0142cienistego.<\/p>\n<p>Ro\u015bliny pn\u0105ce o kwiatach fioletowych do okrywania \u015bcian, altan, balkon\u00f3w itp. Wysiew nasion w lutym &#8211; marcu do doniczek pod os\u0142onami. W temp. 18-22\u00b0C wschody nast\u0119puj\u0105 po oko\u0142o 3 tygodniach. na miejsce sta\u0142e wysadza\u0107 w ko\u0144cu maja w odleg\u0142o\u015bci 40cm. Wymaga gleby \u017cyznej, gliniasto -pr\u00f3chniczej, dostatecznie wilgotnej. Wymaga stanowiska s\u0142onecznego lub p\u00f3\u0142cienistego.<\/p>\n","protected":false},"excerpt":{"rendered":"<p>Ro\u015bliny pn\u0105ce o kwiatach fioletowych do okrywania \u015bcian, altan, balkon\u00f3w itp. Wysiew nasion w lutym &#8211; marcu do doniczek pod os\u0142onami. W temp. 18-22\u00b0C wschody nast\u0119puj\u0105 po oko\u0142o 3 tygodniach. na miejsce sta\u0142e wysadza\u0107 w ko\u0144cu maja w odleg\u0142o\u015bci 40cm. Wymaga gleby \u017cyznej, gliniasto -pr\u00f3chniczej, dostatecznie wilgotnej. Wymaga stanowiska s\u0142onecznego lub p\u00f3\u0142cienistego. Ro\u015bliny pn\u0105ce o &#8230; <a title=\"Nasiona Kobea pn\u0105ca fioletowa, 6 nasion\" class=\"read-more\" href=\"https:\/\/selleetools.com\/pl\/product\/nasiona-kobea-pnaca-fioletowa-6-nasion\/\">Read more<span class=\"screen-reader-text\">Nasiona Kobea pn\u0105ca fioletowa, 6 nasion<\/span><\/a><\/p>\n","protected":false},"featured_media":673477,"comment_status":"open","ping_status":"closed","template":"","meta":{"_links_to":"","_links_to_target":""},"yoast_head":"<!-- This site is optimized with the Yoast SEO plugin v19.4 - https:\/\/yoast.com\/wordpress\/plugins\/seo\/ -->\n<title>Nasiona Kobea pn\u0105ca fioletowa, 6 nasion - Selleetools.com<\/title>\n<meta name=\"robots\" content=\"index, follow, max-snippet:-1, max-image-preview:large, max-video-preview:-1\" \/>\n<link rel=\"canonical\" href=\"https:\/\/selleetools.com\/pl\/product\/nasiona-kobea-pnaca-fioletowa-6-nasion\/\" \/>\n<meta property=\"og:locale\" content=\"pl_PL\" \/>\n<meta property=\"og:type\" content=\"article\" \/>\n<meta property=\"og:title\" content=\"Nasiona Kobea pn\u0105ca fioletowa, 6 nasion - Selleetools.com\" \/>\n<meta property=\"og:description\" content=\"Ro\u015bliny pn\u0105ce o kwiatach fioletowych do okrywania \u015bcian, altan, balkon\u00f3w itp. Wysiew nasion w lutym &#8211; marcu do doniczek pod os\u0142onami. W temp. 18-22\u00b0C wschody nast\u0119puj\u0105 po oko\u0142o 3 tygodniach. na miejsce sta\u0142e wysadza\u0107 w ko\u0144cu maja w odleg\u0142o\u015bci 40cm. Wymaga gleby \u017cyznej, gliniasto -pr\u00f3chniczej, dostatecznie wilgotnej. Wymaga stanowiska s\u0142onecznego lub p\u00f3\u0142cienistego. Ro\u015bliny pn\u0105ce o ... Read moreNasiona Kobea pn\u0105ca fioletowa, 6 nasion\" \/>\n<meta property=\"og:url\" content=\"https:\/\/selleetools.com\/pl\/product\/nasiona-kobea-pnaca-fioletowa-6-nasion\/\" \/>\n<meta property=\"og:site_name\" content=\"Selleetools.com\" \/>\n<meta property=\"article:modified_time\" content=\"2026-04-15T15:17:05+00:00\" \/>\n<meta property=\"og:image\" content=\"https:\/\/selleetools.com\/wp-content\/uploads\/2026\/02\/6e5eb2cfe2ace95459e0cf493cc5c369.jpg\" \/>\n\t<meta property=\"og:image:width\" content=\"921\" \/>\n\t<meta property=\"og:image:height\" content=\"1759\" \/>\n\t<meta property=\"og:image:type\" content=\"image\/jpeg\" \/>\n<meta name=\"twitter:card\" content=\"summary_large_image\" \/>\n<meta name=\"twitter:label1\" content=\"Est. reading time\" \/>\n\t<meta name=\"twitter:data1\" content=\"1 minuta\" \/>\n<!-- \/ Yoast SEO plugin. -->","yoast_head_json":{"title":"Nasiona Kobea pn\u0105ca fioletowa, 6 nasion - Selleetools.com","robots":{"index":"index","follow":"follow","max-snippet":"max-snippet:-1","max-image-preview":"max-image-preview:large","max-video-preview":"max-video-preview:-1"},"canonical":"https:\/\/selleetools.com\/pl\/product\/nasiona-kobea-pnaca-fioletowa-6-nasion\/","og_locale":"pl_PL","og_type":"article","og_title":"Nasiona Kobea pn\u0105ca fioletowa, 6 nasion - Selleetools.com","og_description":"Ro\u015bliny pn\u0105ce o kwiatach fioletowych do okrywania \u015bcian, altan, balkon\u00f3w itp. Wysiew nasion w lutym &#8211; marcu do doniczek pod os\u0142onami. W temp. 18-22\u00b0C wschody nast\u0119puj\u0105 po oko\u0142o 3 tygodniach. na miejsce sta\u0142e wysadza\u0107 w ko\u0144cu maja w odleg\u0142o\u015bci 40cm. Wymaga gleby \u017cyznej, gliniasto -pr\u00f3chniczej, dostatecznie wilgotnej. Wymaga stanowiska s\u0142onecznego lub p\u00f3\u0142cienistego. Ro\u015bliny pn\u0105ce o ... Read moreNasiona Kobea pn\u0105ca fioletowa, 6 nasion","og_url":"https:\/\/selleetools.com\/pl\/product\/nasiona-kobea-pnaca-fioletowa-6-nasion\/","og_site_name":"Selleetools.com","article_modified_time":"2026-04-15T15:17:05+00:00","og_image":[{"width":921,"height":1759,"url":"https:\/\/selleetools.com\/wp-content\/uploads\/2026\/02\/6e5eb2cfe2ace95459e0cf493cc5c369.jpg","type":"image\/jpeg"}],"twitter_card":"summary_large_image","twitter_misc":{"Est. reading time":"1 minuta"},"schema":{"@context":"https:\/\/schema.org","@graph":[{"@type":"Organization","@id":"https:\/\/selleetools.com\/#organization","name":"Selleetools","url":"https:\/\/selleetools.com\/","sameAs":[],"logo":{"@type":"ImageObject","inLanguage":"pl-PL","@id":"https:\/\/selleetools.com\/#\/schema\/logo\/image\/","url":"https:\/\/selleetools.com\/wp-content\/uploads\/2021\/10\/logo-dark.png","contentUrl":"https:\/\/selleetools.com\/wp-content\/uploads\/2021\/10\/logo-dark.png","width":320,"height":76,"caption":"Selleetools"},"image":{"@id":"https:\/\/selleetools.com\/#\/schema\/logo\/image\/"}},{"@type":"WebSite","@id":"https:\/\/selleetools.com\/#website","url":"https:\/\/selleetools.com\/","name":"Selleetools.com","description":"","publisher":{"@id":"https:\/\/selleetools.com\/#organization"},"potentialAction":[{"@type":"SearchAction","target":{"@type":"EntryPoint","urlTemplate":"https:\/\/selleetools.com\/?s={search_term_string}"},"query-input":"required name=search_term_string"}],"inLanguage":"pl-PL"},{"@type":"WebPage","@id":"https:\/\/selleetools.com\/pl\/product\/nasiona-kobea-pnaca-fioletowa-6-nasion\/","url":"https:\/\/selleetools.com\/pl\/product\/nasiona-kobea-pnaca-fioletowa-6-nasion\/","name":"Nasiona Kobea pn\u0105ca fioletowa, 6 nasion - Selleetools.com","isPartOf":{"@id":"https:\/\/selleetools.com\/#website"},"datePublished":"2026-02-19T15:08:43+00:00","dateModified":"2026-04-15T15:17:05+00:00","breadcrumb":{"@id":"https:\/\/selleetools.com\/pl\/product\/nasiona-kobea-pnaca-fioletowa-6-nasion\/#breadcrumb"},"inLanguage":"pl-PL","potentialAction":[{"@type":"ReadAction","target":["https:\/\/selleetools.com\/pl\/product\/nasiona-kobea-pnaca-fioletowa-6-nasion\/"]}]},{"@type":"BreadcrumbList","@id":"https:\/\/selleetools.com\/pl\/product\/nasiona-kobea-pnaca-fioletowa-6-nasion\/#breadcrumb","itemListElement":[{"@type":"ListItem","position":1,"name":"Home","item":"https:\/\/selleetools.com\/pl\/"},{"@type":"ListItem","position":2,"name":"Katalog","item":"https:\/\/selleetools.com\/pl\/katalog\/"},{"@type":"ListItem","position":3,"name":"Nasiona Kobea pn\u0105ca fioletowa, 6 nasion"}]}]}},"_links":{"self":[{"href":"https:\/\/selleetools.com\/pl\/wp-json\/wp\/v2\/product\/673479"}],"collection":[{"href":"https:\/\/selleetools.com\/pl\/wp-json\/wp\/v2\/product"}],"about":[{"href":"https:\/\/selleetools.com\/pl\/wp-json\/wp\/v2\/types\/product"}],"replies":[{"embeddable":true,"href":"https:\/\/selleetools.com\/pl\/wp-json\/wp\/v2\/comments?post=673479"}],"wp:featuredmedia":[{"embeddable":true,"href":"https:\/\/selleetools.com\/pl\/wp-json\/wp\/v2\/media\/673477"}],"wp:attachment":[{"href":"https:\/\/selleetools.com\/pl\/wp-json\/wp\/v2\/media?parent=673479"}],"curies":[{"name":"wp","href":"https:\/\/api.w.org\/{rel}","templated":true}]}}