{"id":673473,"date":"2026-02-19T16:08:37","date_gmt":"2026-02-19T15:08:37","guid":{"rendered":"https:\/\/selleetools.com\/?post_type=product&#038;p=673473"},"modified":"2026-04-15T17:17:06","modified_gmt":"2026-04-15T15:17:06","slug":"nasiona-szczypiorek-czosnkowy-1g","status":"publish","type":"product","link":"https:\/\/selleetools.com\/pl\/product\/nasiona-szczypiorek-czosnkowy-1g\/","title":{"rendered":"Nasiona Szczypiorek czosnkowy, 1g"},"content":{"rendered":"<p>Rosina wieloletnia wysoko\u015bci oko\u0142o 30-35cm rozrastaj\u0105ca si\u0119 szybko w zwarte k\u0119pki. Od lipca do ko\u0144ca wrze\u015bnia po\u015br\u00f3d wzniesionych li\u015bci ukazuj\u0105 si\u0119 p\u0119dy kwiatostanowe zako\u0144czone baldachami bia\u0142ych, gwia\u017adzistych, pi\u0119knie pachn\u0105cych kwiat\u00f3w. Li\u015bcie o wyra\u017anym aromacie i smaku czosnku s\u0105 bogatym \u017ar\u00f3d\u0142em mikro i makro element\u00f3w.<\/p>\n<p>Zastosowanie:<br \/>\nRo\u015blina ma potr\u00f3jne zastosowanie:<br \/>\nJako warzywo stanowi doskona\u0142y dodatek do sa\u0142atek, sur\u00f3wek<br \/>\nJako ro\u015blina lecznicza dzia\u0142aj\u0105ca przeciwzapalnie, antyseptycznie i wiatrop\u0119dnie<br \/>\nJako ro\u015blina ozdobna \u2013 dekoracyjna ozdobna ro\u015blina dywanowa<\/p>\n<p>Uprawa:<br \/>\nNasiona wysiewa\u0107 w kwietniu &#8211; maju wprost do gruntu, w rz\u0119dy co 30 cm. Po wschodach pozostawi\u0107 kilka ro\u015blin w punktach odleg\u0142ych od siebie o 30 cm. Ro\u015bliny mo\u017cna uprawia\u0107 na tym samym miejscu 3-4 lata. Zimuje w postaci cebulek. Najlepiej ro\u015bnie na \u017cyznych umiarkowanie wilgotnych glebach.<br \/>\nOpakowanie: 1g nasion<\/p>\n<p>Rosina wieloletnia wysoko\u015bci oko\u0142o 30-35cm rozrastaj\u0105ca si\u0119 szybko w zwarte k\u0119pki. Od lipca do ko\u0144ca wrze\u015bnia po\u015br\u00f3d wzniesionych li\u015bci ukazuj\u0105 si\u0119 p\u0119dy kwiatostanowe zako\u0144czone baldachami bia\u0142ych, gwia\u017adzistych, pi\u0119knie pachn\u0105cych kwiat\u00f3w. Li\u015bcie o wyra\u017anym aromacie i smaku czosnku s\u0105 bogatym \u017ar\u00f3d\u0142em mikro i makro element\u00f3w.<\/p>\n<p>Zastosowanie:<br \/>\nRo\u015blina ma potr\u00f3jne zastosowanie:<br \/>\nJako warzywo stanowi doskona\u0142y dodatek do sa\u0142atek, sur\u00f3wek<br \/>\nJako ro\u015blina lecznicza dzia\u0142aj\u0105ca przeciwzapalnie, antyseptycznie i wiatrop\u0119dnie<br \/>\nJako ro\u015blina ozdobna \u2013 dekoracyjna ozdobna ro\u015blina dywanowa<\/p>\n<p>Uprawa:<br \/>\nNasiona wysiewa\u0107 w kwietniu &#8211; maju wprost do gruntu, w rz\u0119dy co 30 cm. Po wschodach pozostawi\u0107 kilka ro\u015blin w punktach odleg\u0142ych od siebie o 30 cm. Ro\u015bliny mo\u017cna uprawia\u0107 na tym samym miejscu 3-4 lata. Zimuje w postaci cebulek. Najlepiej ro\u015bnie na \u017cyznych umiarkowanie wilgotnych glebach.<br \/>\nOpakowanie: 1g nasion<\/p>\n","protected":false},"excerpt":{"rendered":"<p>Rosina wieloletnia wysoko\u015bci oko\u0142o 30-35cm rozrastaj\u0105ca si\u0119 szybko w zwarte k\u0119pki. Od lipca do ko\u0144ca wrze\u015bnia po\u015br\u00f3d wzniesionych li\u015bci ukazuj\u0105 si\u0119 p\u0119dy kwiatostanowe zako\u0144czone baldachami bia\u0142ych, gwia\u017adzistych, pi\u0119knie pachn\u0105cych kwiat\u00f3w. Li\u015bcie o wyra\u017anym aromacie i smaku czosnku s\u0105 bogatym \u017ar\u00f3d\u0142em mikro i makro element\u00f3w. Zastosowanie: Ro\u015blina ma potr\u00f3jne zastosowanie: Jako warzywo stanowi doskona\u0142y dodatek do &#8230; <a title=\"Nasiona Szczypiorek czosnkowy, 1g\" class=\"read-more\" href=\"https:\/\/selleetools.com\/pl\/product\/nasiona-szczypiorek-czosnkowy-1g\/\">Read more<span class=\"screen-reader-text\">Nasiona Szczypiorek czosnkowy, 1g<\/span><\/a><\/p>\n","protected":false},"featured_media":673471,"comment_status":"open","ping_status":"closed","template":"","meta":{"_links_to":"","_links_to_target":""},"yoast_head":"<!-- This site is optimized with the Yoast SEO plugin v19.4 - https:\/\/yoast.com\/wordpress\/plugins\/seo\/ -->\n<title>Nasiona Szczypiorek czosnkowy, 1g - Selleetools.com<\/title>\n<meta name=\"robots\" content=\"index, follow, max-snippet:-1, max-image-preview:large, max-video-preview:-1\" \/>\n<link rel=\"canonical\" href=\"https:\/\/selleetools.com\/pl\/product\/nasiona-szczypiorek-czosnkowy-1g\/\" \/>\n<meta property=\"og:locale\" content=\"pl_PL\" \/>\n<meta property=\"og:type\" content=\"article\" \/>\n<meta property=\"og:title\" content=\"Nasiona Szczypiorek czosnkowy, 1g - Selleetools.com\" \/>\n<meta property=\"og:description\" content=\"Rosina wieloletnia wysoko\u015bci oko\u0142o 30-35cm rozrastaj\u0105ca si\u0119 szybko w zwarte k\u0119pki. Od lipca do ko\u0144ca wrze\u015bnia po\u015br\u00f3d wzniesionych li\u015bci ukazuj\u0105 si\u0119 p\u0119dy kwiatostanowe zako\u0144czone baldachami bia\u0142ych, gwia\u017adzistych, pi\u0119knie pachn\u0105cych kwiat\u00f3w. Li\u015bcie o wyra\u017anym aromacie i smaku czosnku s\u0105 bogatym \u017ar\u00f3d\u0142em mikro i makro element\u00f3w. Zastosowanie: Ro\u015blina ma potr\u00f3jne zastosowanie: Jako warzywo stanowi doskona\u0142y dodatek do ... Read moreNasiona Szczypiorek czosnkowy, 1g\" \/>\n<meta property=\"og:url\" content=\"https:\/\/selleetools.com\/pl\/product\/nasiona-szczypiorek-czosnkowy-1g\/\" \/>\n<meta property=\"og:site_name\" content=\"Selleetools.com\" \/>\n<meta property=\"article:modified_time\" content=\"2026-04-15T15:17:06+00:00\" \/>\n<meta property=\"og:image\" content=\"https:\/\/selleetools.com\/wp-content\/uploads\/2026\/02\/bef0e03b04955d96dc55c7847a7f551d.png\" \/>\n\t<meta property=\"og:image:width\" content=\"423\" \/>\n\t<meta property=\"og:image:height\" content=\"788\" \/>\n\t<meta property=\"og:image:type\" content=\"image\/png\" \/>\n<meta name=\"twitter:card\" content=\"summary_large_image\" \/>\n<meta name=\"twitter:label1\" content=\"Est. reading time\" \/>\n\t<meta name=\"twitter:data1\" content=\"2 minuty\" \/>\n<!-- \/ Yoast SEO plugin. -->","yoast_head_json":{"title":"Nasiona Szczypiorek czosnkowy, 1g - Selleetools.com","robots":{"index":"index","follow":"follow","max-snippet":"max-snippet:-1","max-image-preview":"max-image-preview:large","max-video-preview":"max-video-preview:-1"},"canonical":"https:\/\/selleetools.com\/pl\/product\/nasiona-szczypiorek-czosnkowy-1g\/","og_locale":"pl_PL","og_type":"article","og_title":"Nasiona Szczypiorek czosnkowy, 1g - Selleetools.com","og_description":"Rosina wieloletnia wysoko\u015bci oko\u0142o 30-35cm rozrastaj\u0105ca si\u0119 szybko w zwarte k\u0119pki. Od lipca do ko\u0144ca wrze\u015bnia po\u015br\u00f3d wzniesionych li\u015bci ukazuj\u0105 si\u0119 p\u0119dy kwiatostanowe zako\u0144czone baldachami bia\u0142ych, gwia\u017adzistych, pi\u0119knie pachn\u0105cych kwiat\u00f3w. Li\u015bcie o wyra\u017anym aromacie i smaku czosnku s\u0105 bogatym \u017ar\u00f3d\u0142em mikro i makro element\u00f3w. Zastosowanie: Ro\u015blina ma potr\u00f3jne zastosowanie: Jako warzywo stanowi doskona\u0142y dodatek do ... Read moreNasiona Szczypiorek czosnkowy, 1g","og_url":"https:\/\/selleetools.com\/pl\/product\/nasiona-szczypiorek-czosnkowy-1g\/","og_site_name":"Selleetools.com","article_modified_time":"2026-04-15T15:17:06+00:00","og_image":[{"width":423,"height":788,"url":"https:\/\/selleetools.com\/wp-content\/uploads\/2026\/02\/bef0e03b04955d96dc55c7847a7f551d.png","type":"image\/png"}],"twitter_card":"summary_large_image","twitter_misc":{"Est. reading time":"2 minuty"},"schema":{"@context":"https:\/\/schema.org","@graph":[{"@type":"Organization","@id":"https:\/\/selleetools.com\/#organization","name":"Selleetools","url":"https:\/\/selleetools.com\/","sameAs":[],"logo":{"@type":"ImageObject","inLanguage":"pl-PL","@id":"https:\/\/selleetools.com\/#\/schema\/logo\/image\/","url":"https:\/\/selleetools.com\/wp-content\/uploads\/2021\/10\/logo-dark.png","contentUrl":"https:\/\/selleetools.com\/wp-content\/uploads\/2021\/10\/logo-dark.png","width":320,"height":76,"caption":"Selleetools"},"image":{"@id":"https:\/\/selleetools.com\/#\/schema\/logo\/image\/"}},{"@type":"WebSite","@id":"https:\/\/selleetools.com\/#website","url":"https:\/\/selleetools.com\/","name":"Selleetools.com","description":"","publisher":{"@id":"https:\/\/selleetools.com\/#organization"},"potentialAction":[{"@type":"SearchAction","target":{"@type":"EntryPoint","urlTemplate":"https:\/\/selleetools.com\/?s={search_term_string}"},"query-input":"required name=search_term_string"}],"inLanguage":"pl-PL"},{"@type":"WebPage","@id":"https:\/\/selleetools.com\/pl\/product\/nasiona-szczypiorek-czosnkowy-1g\/","url":"https:\/\/selleetools.com\/pl\/product\/nasiona-szczypiorek-czosnkowy-1g\/","name":"Nasiona Szczypiorek czosnkowy, 1g - Selleetools.com","isPartOf":{"@id":"https:\/\/selleetools.com\/#website"},"datePublished":"2026-02-19T15:08:37+00:00","dateModified":"2026-04-15T15:17:06+00:00","breadcrumb":{"@id":"https:\/\/selleetools.com\/pl\/product\/nasiona-szczypiorek-czosnkowy-1g\/#breadcrumb"},"inLanguage":"pl-PL","potentialAction":[{"@type":"ReadAction","target":["https:\/\/selleetools.com\/pl\/product\/nasiona-szczypiorek-czosnkowy-1g\/"]}]},{"@type":"BreadcrumbList","@id":"https:\/\/selleetools.com\/pl\/product\/nasiona-szczypiorek-czosnkowy-1g\/#breadcrumb","itemListElement":[{"@type":"ListItem","position":1,"name":"Home","item":"https:\/\/selleetools.com\/pl\/"},{"@type":"ListItem","position":2,"name":"Katalog","item":"https:\/\/selleetools.com\/pl\/katalog\/"},{"@type":"ListItem","position":3,"name":"Nasiona Szczypiorek czosnkowy, 1g"}]}]}},"_links":{"self":[{"href":"https:\/\/selleetools.com\/pl\/wp-json\/wp\/v2\/product\/673473"}],"collection":[{"href":"https:\/\/selleetools.com\/pl\/wp-json\/wp\/v2\/product"}],"about":[{"href":"https:\/\/selleetools.com\/pl\/wp-json\/wp\/v2\/types\/product"}],"replies":[{"embeddable":true,"href":"https:\/\/selleetools.com\/pl\/wp-json\/wp\/v2\/comments?post=673473"}],"wp:featuredmedia":[{"embeddable":true,"href":"https:\/\/selleetools.com\/pl\/wp-json\/wp\/v2\/media\/673471"}],"wp:attachment":[{"href":"https:\/\/selleetools.com\/pl\/wp-json\/wp\/v2\/media?parent=673473"}],"curies":[{"name":"wp","href":"https:\/\/api.w.org\/{rel}","templated":true}]}}